{"id":1946,"date":"2024-07-16T12:49:46","date_gmt":"2024-07-16T12:49:46","guid":{"rendered":"https:\/\/www.yongjianceramic.com\/?page_id=1946"},"modified":"2024-08-30T15:53:30","modified_gmt":"2024-08-30T15:53:30","slug":"contact","status":"publish","type":"page","link":"https:\/\/www.yongjianceramic.com\/de\/contact\/","title":{"rendered":"Kontakt"},"content":{"rendered":"<div data-elementor-type=\"wp-page\" data-elementor-id=\"1946\" class=\"elementor elementor-1946\" data-elementor-post-type=\"page\">\n\t\t\t\t<div class=\"elementor-element elementor-element-673f4443 e-flex e-con-boxed e-con e-parent\" data-id=\"673f4443\" data-element_type=\"container\" data-settings=\"{&quot;background_background&quot;:&quot;classic&quot;}\">\n\t\t\t\t\t<div class=\"e-con-inner\">\n\t\t\t\t<div class=\"elementor-element elementor-element-64e6c068 elementor-widget elementor-widget-woocommerce-breadcrumb\" data-id=\"64e6c068\" data-element_type=\"widget\" data-widget_type=\"woocommerce-breadcrumb.default\">\n\t\t\t\t<div class=\"elementor-widget-container\">\n\t\t\t\t\t<nav class=\"woocommerce-breadcrumb\" aria-label=\"Brotkr\u00fcmel\">Start<\/nav>\t\t\t\t<\/div>\n\t\t\t\t<\/div>\n\t\t\t\t<div class=\"elementor-element elementor-element-7854d64b elementor-widget elementor-widget-text-editor\" data-id=\"7854d64b\" data-element_type=\"widget\" data-widget_type=\"text-editor.default\">\n\t\t\t\t<div class=\"elementor-widget-container\">\n\t\t\t\t\t\t\t\t\t<p>Vielen Dank, dass Sie sich f\u00fcr Yongjian als Ihren Lieferanten f\u00fcr Keramikgeschirr entschieden haben. Wir sind bestrebt, unseren Kunden hochwertiges, sch\u00f6n gestaltetes Gro\u00dfhandelsgeschirr zu liefern und konzentrieren uns dabei immer auf die Bed\u00fcrfnisse unserer Kunden. Egal, ob es sich um ein individuelles Design oder eine Massenproduktion handelt, wir haben ein professionelles Team, um die perfekte Pr\u00e4sentation jedes Details zu gew\u00e4hrleisten. Bitte z\u00f6gern Sie nicht, uns zu kontaktieren, wir werden Sie mit ganzem Herzen mit professioneller Beratung und Unterst\u00fctzung, und werden Sie Ihre beste Keramik Geschirr Hersteller Partner.<\/p>\t\t\t\t\t\t\t\t<\/div>\n\t\t\t\t<\/div>\n\t\t\t\t\t<\/div>\n\t\t\t\t<\/div>\n\t\t<div class=\"elementor-element elementor-element-3e731d6 e-flex e-con-boxed e-con e-parent\" data-id=\"3e731d6\" data-element_type=\"container\">\n\t\t\t\t\t<div class=\"e-con-inner\">\n\t\t\t\t<div class=\"elementor-element elementor-element-76cd144 elementor-widget elementor-widget-template\" data-id=\"76cd144\" data-element_type=\"widget\" data-widget_type=\"template.default\">\n\t\t\t\t<div class=\"elementor-widget-container\">\n\t\t\t\t\t\t\t<div class=\"elementor-template\">\n\t\t\t\t\t<div data-elementor-type=\"container\" data-elementor-id=\"1862\" class=\"elementor elementor-1862\" data-elementor-post-type=\"elementor_library\">\n\t\t\t\t<div class=\"elementor-element elementor-element-4b91f36c e-con-full e-flex e-con e-parent\" data-id=\"4b91f36c\" data-element_type=\"container\">\n\t\t<div class=\"elementor-element elementor-element-28ec60ab e-con-full e-flex e-con e-child\" data-id=\"28ec60ab\" data-element_type=\"container\">\n\t\t\t\t<div class=\"elementor-element elementor-element-2d72439 elementor-widget elementor-widget-spacer\" data-id=\"2d72439\" data-element_type=\"widget\" data-widget_type=\"spacer.default\">\n\t\t\t\t<div class=\"elementor-widget-container\">\n\t\t\t\t\t\t\t<div class=\"elementor-spacer\">\n\t\t\t<div class=\"elementor-spacer-inner\"><\/div>\n\t\t<\/div>\n\t\t\t\t\t\t<\/div>\n\t\t\t\t<\/div>\n\t\t\t\t<div class=\"elementor-element elementor-element-1a70ed8f elementor-widget elementor-widget-heading\" data-id=\"1a70ed8f\" data-element_type=\"widget\" data-widget_type=\"heading.default\">\n\t\t\t\t<div class=\"elementor-widget-container\">\n\t\t\t\t\t<div class=\"elementor-heading-title elementor-size-default elementor-heading-title\">Nehmen Sie Kontakt mit Yongjian auf<\/div>\t\t\t\t<\/div>\n\t\t\t\t<\/div>\n\t\t\t\t<div class=\"elementor-element elementor-element-2bc5bc09 elementor-widget elementor-widget-text-editor\" data-id=\"2bc5bc09\" data-element_type=\"widget\" data-widget_type=\"text-editor.default\">\n\t\t\t\t<div class=\"elementor-widget-container\">\n\t\t\t\t\t\t\t\t\t<p>Als Hersteller von Keramikgeschirr mit mehr als 30 Jahren Erfahrung widmet sich Yongjian Ceramics der Bereitstellung von hochwertigem Keramikgeschirr f\u00fcr den Gro\u00dfhandel.<\/p>\t\t\t\t\t\t\t\t<\/div>\n\t\t\t\t<\/div>\n\t\t\t\t<div class=\"elementor-element elementor-element-58c03252 elementor-widget elementor-widget-heading\" data-id=\"58c03252\" data-element_type=\"widget\" data-widget_type=\"heading.default\">\n\t\t\t\t<div class=\"elementor-widget-container\">\n\t\t\t\t\t<span class=\"elementor-heading-title elementor-size-default elementor-heading-title\"><i class=\"ti-mobile\"><\/i><span><a href=\"Tel:+86-13829071851\">+86-13829071851(WeChat)<\/a><\/span><\/span>\t\t\t\t<\/div>\n\t\t\t\t<\/div>\n\t\t\t\t<div class=\"elementor-element elementor-element-261850e elementor-widget elementor-widget-heading\" data-id=\"261850e\" data-element_type=\"widget\" data-widget_type=\"heading.default\">\n\t\t\t\t<div class=\"elementor-widget-container\">\n\t\t\t\t\t<span class=\"elementor-heading-title elementor-size-default elementor-heading-title\"><i class=\"ti-email\"><\/i><span><a href=\"mailto:Vincentliu@jinhuaceramic.com\">Vincentliu@jinhuaceramic.com<\/a><\/span><\/span>\t\t\t\t<\/div>\n\t\t\t\t<\/div>\n\t\t\t\t<div class=\"elementor-element elementor-element-11af453d elementor-widget elementor-widget-heading\" data-id=\"11af453d\" data-element_type=\"widget\" data-widget_type=\"heading.default\">\n\t\t\t\t<div class=\"elementor-widget-container\">\n\t\t\t\t\t<span class=\"elementor-heading-title elementor-size-default elementor-heading-title\"><i class=\"ti-location-pin\"><\/i><span>\u00c4u\u00dferes St\u00fcck des Tangbian-Tors, Dorf Shuanggang, Stadt Fengtang, Bezirk Chao'an, Stadt Chaozhou, Provinz Guangdong, China<\/span><\/span>\t\t\t\t<\/div>\n\t\t\t\t<\/div>\n\t\t\t\t<\/div>\n\t\t<div class=\"elementor-element elementor-element-2a9b7a4a e-con-full e-flex e-con e-child\" data-id=\"2a9b7a4a\" data-element_type=\"container\">\n\t\t\t\t<div class=\"elementor-element elementor-element-398e72d elementor-widget elementor-widget-wpforms\" data-id=\"398e72d\" data-element_type=\"widget\" id=\"contact-form\" data-widget_type=\"wpforms.default\">\n\t\t\t\t<div class=\"elementor-widget-container\">\n\t\t\t\t\t<div class=\"wpforms-container wpforms-container-full wpforms-render-modern\" id=\"wpforms-1999\"><form id=\"wpforms-form-1999\" class=\"wpforms-validate wpforms-form wpforms-ajax-form\" data-formid=\"1999\" method=\"post\" enctype=\"multipart\/form-data\" action=\"\/de\/wp-json\/wp\/v2\/pages\/1946\" data-token=\"b90bc4392c1d7447db2ccbf56679aa51\" data-token-time=\"1777469953\" data-trp-original-action=\"\/de\/wp-json\/wp\/v2\/pages\/1946\"><noscript class=\"wpforms-error-noscript\">Bitte aktivieren Sie JavaScript in Ihrem Browser, um dieses Formular fertigzustellen.<\/noscript><div id=\"wpforms-error-noscript\" style=\"display: none;\">Bitte aktivieren Sie JavaScript in Ihrem Browser, um dieses Formular fertigzustellen.<\/div><div class=\"wpforms-field-container\"><div id=\"wpforms-1999-field_2-container\" class=\"wpforms-field wpforms-field-name wpforms-one-half wpforms-first\" data-field-id=\"2\"><label class=\"wpforms-field-label wpforms-label-hide\" for=\"wpforms-1999-field_2\" aria-hidden=\"false\">Name <span class=\"wpforms-required-label\" aria-hidden=\"true\">*<\/span><\/label><input type=\"text\" id=\"wpforms-1999-field_2\" class=\"wpforms-field-large wpforms-field-required\" name=\"wpforms[fields][2]\" placeholder=\"Name\" aria-errormessage=\"wpforms-1999-field_2-error\" required><\/div><div id=\"wpforms-1999-field_3-container\" class=\"wpforms-field wpforms-field-text wpforms-one-half\" data-field-id=\"3\"><label class=\"wpforms-field-label wpforms-label-hide\" for=\"wpforms-1999-field_3\" aria-hidden=\"false\">Unternehmen<\/label><input type=\"text\" id=\"wpforms-1999-field_3\" class=\"wpforms-field-large\" name=\"wpforms[fields][3]\" placeholder=\"Unternehmen\" aria-errormessage=\"wpforms-1999-field_3-error\" ><\/div><div id=\"wpforms-1999-field_4-container\" class=\"wpforms-field wpforms-field-email wpforms-one-half wpforms-first\" data-field-id=\"4\"><label class=\"wpforms-field-label wpforms-label-hide\" for=\"wpforms-1999-field_4\" aria-hidden=\"false\">E-Mail <span class=\"wpforms-required-label\" aria-hidden=\"true\">*<\/span><\/label><input type=\"email\" id=\"wpforms-1999-field_4\" class=\"wpforms-field-large wpforms-field-required\" name=\"wpforms[fields][4]\" placeholder=\"E-Mail\" spellcheck=\"false\" aria-errormessage=\"wpforms-1999-field_4-error\" required><\/div><div id=\"wpforms-1999-field_5-container\" class=\"wpforms-field wpforms-field-text wpforms-one-half\" data-field-id=\"5\"><label class=\"wpforms-field-label wpforms-label-hide\" for=\"wpforms-1999-field_5\" aria-hidden=\"false\">Telefon<\/label><input type=\"text\" id=\"wpforms-1999-field_5\" class=\"wpforms-field-large\" name=\"wpforms[fields][5]\" placeholder=\"Telefon\" aria-errormessage=\"wpforms-1999-field_5-error\" ><\/div><div id=\"wpforms-1999-field_6-container\" class=\"wpforms-field wpforms-field-textarea\" data-field-id=\"6\"><label class=\"wpforms-field-label wpforms-label-hide\" for=\"wpforms-1999-field_6\" aria-hidden=\"false\">Nachricht <span class=\"wpforms-required-label\" aria-hidden=\"true\">*<\/span><\/label><textarea id=\"wpforms-1999-field_6\" class=\"wpforms-field-large wpforms-field-required\" name=\"wpforms[fields][6]\" placeholder=\"Wie k\u00f6nnen wir Ihnen helfen?\" aria-errormessage=\"wpforms-1999-field_6-error\" required><\/textarea><\/div><\/div><!-- .wpforms-field-container --><div class=\"wpforms-recaptcha-container wpforms-is-turnstile\" ><div class=\"cf-turnstile\" data-sitekey=\"0x4AAAAAAAfRKq8XBdJkCSuy\" data-action=\"FormID-1999\"><\/div><input type=\"text\" name=\"g-recaptcha-hidden\" class=\"wpforms-recaptcha-hidden\" style=\"position:absolute!important;clip:rect(0,0,0,0)!important;height:1px!important;width:1px!important;border:0!important;overflow:hidden!important;padding:0!important;margin:0!important;\" data-rule-turnstile=\"1\"><\/div><div class=\"wpforms-submit-container\" ><input type=\"hidden\" name=\"wpforms[id]\" value=\"1999\"><input type=\"hidden\" name=\"page_title\" value=\"\"><input type=\"hidden\" name=\"page_url\" value=\"https:\/\/www.yongjianceramic.com\/de\/wp-json\/wp\/v2\/pages\/1946\"><input type=\"hidden\" name=\"url_referer\" value=\"\"><button type=\"submit\" name=\"wpforms[submit]\" id=\"wpforms-submit-1999\" class=\"wpforms-submit\" data-alt-text=\"Sending...\" data-submit-text=\"Submit\" aria-live=\"assertive\" value=\"wpforms-submit\">Einreichen<\/button><img decoding=\"async\" src=\"https:\/\/www.yongjianceramic.com\/wp-content\/plugins\/wpforms\/assets\/images\/submit-spin.svg\" class=\"wpforms-submit-spinner\" style=\"display: none;\" width=\"26\" height=\"26\" alt=\"Wird geladen\"><\/div><input type=\"hidden\" name=\"trp-form-language\" value=\"de\"\/><\/form><\/div>  <!-- .wpforms-container -->\t\t\t\t<\/div>\n\t\t\t\t<\/div>\n\t\t\t\t<\/div>\n\t\t\t\t<\/div>\n\t\t\t\t<\/div>\n\t\t\t\t<\/div>\n\t\t\t\t\t\t<\/div>\n\t\t\t\t<\/div>\n\t\t\t\t\t<\/div>\n\t\t\t\t<\/div>\n\t\t\t\t<\/div>","protected":false},"excerpt":{"rendered":"<p>Vielen Dank, dass Sie Yongjian als Ihren Lieferanten f\u00fcr Keramikgeschirr gew\u00e4hlt haben. Wir verpflichten uns, unseren Kunden...<\/p>","protected":false},"author":1,"featured_media":0,"parent":0,"menu_order":0,"comment_status":"closed","ping_status":"closed","template":"","meta":{"_acf_changed":false,"footnotes":""},"class_list":["post-1946","page","type-page","status-publish","hentry"],"acf":[],"_links":{"self":[{"href":"https:\/\/www.yongjianceramic.com\/de\/wp-json\/wp\/v2\/pages\/1946","targetHints":{"allow":["GET"]}}],"collection":[{"href":"https:\/\/www.yongjianceramic.com\/de\/wp-json\/wp\/v2\/pages"}],"about":[{"href":"https:\/\/www.yongjianceramic.com\/de\/wp-json\/wp\/v2\/types\/page"}],"author":[{"embeddable":true,"href":"https:\/\/www.yongjianceramic.com\/de\/wp-json\/wp\/v2\/users\/1"}],"replies":[{"embeddable":true,"href":"https:\/\/www.yongjianceramic.com\/de\/wp-json\/wp\/v2\/comments?post=1946"}],"version-history":[{"count":0,"href":"https:\/\/www.yongjianceramic.com\/de\/wp-json\/wp\/v2\/pages\/1946\/revisions"}],"wp:attachment":[{"href":"https:\/\/www.yongjianceramic.com\/de\/wp-json\/wp\/v2\/media?parent=1946"}],"curies":[{"name":"wp","href":"https:\/\/api.w.org\/{rel}","templated":true}]}}