{"id":2412,"date":"2024-08-28T07:21:14","date_gmt":"2024-08-28T07:21:14","guid":{"rendered":"https:\/\/www.yongjianceramic.com\/?post_type=product&#038;p=2412"},"modified":"2025-11-04T15:29:38","modified_gmt":"2025-11-04T07:29:38","slug":"chinese-rice-bowls-bulk","status":"publish","type":"product","link":"https:\/\/www.yongjianceramic.com\/de\/produkt\/chinese-rice-bowls-bulk\/","title":{"rendered":"4,5-Zoll-China-Reis-Schalen Bulk, benutzerdefinierte Keramik-Schalen"},"content":{"rendered":"<div class=\"wp-block-columns is-layout-flex wp-container-core-columns-is-layout-9d6595d7 wp-block-columns-is-layout-flex\">\n<div class=\"wp-block-column is-layout-flow wp-block-column-is-layout-flow\">\n<h2 class=\"wp-block-heading\">Premium Chinese Rice Bowls Bulk Eigenschaften:<\/h2>\n\n\n\n<ul class=\"wp-block-list\">\n<li><strong>Hochwertiges Porzellan: <\/strong>Ausgew\u00e4hltes hochwertiges Porzellan sorgt f\u00fcr die Langlebigkeit und Sicherheit unserer chinesischen Reisschalen lose, blei- und cadmiumfrei, Gew\u00e4hrleistung der Lebensmittelsicherheit und Gesundheit, geeignet f\u00fcr den langfristigen Einsatz in Haushalten und Catering-Industrie.<\/li>\n\n\n\n<li><strong>Exquisites Design: <\/strong>Unsere gro\u00dfen Keramikschalen haben ein optimiertes, dekoratives und elegantes Spitzendesign. Die reinen wei\u00dfen und schwarzen Farben verleihen dem Esstisch einen Hauch von moderner Mode und exquisiten Details.<\/li>\n\n\n\n<li><strong>Praktikabilit\u00e4t: <\/strong>Diese chinesischen Reisschalen eignen sich nicht nur zum Aufbewahren von Reis, sondern auch von Suppe, Nudeln, Joghurt und anderen Lebensmitteln, und sie k\u00f6nnen in Mikrowellen und \u00d6fen verwendet werden, um verschiedene t\u00e4gliche Ern\u00e4hrungsbed\u00fcrfnisse zu erf\u00fcllen.<\/li>\n\n\n\n<li><strong>Leicht zu reinigen: <\/strong>Die glatte Keramikoberfl\u00e4che unserer gro\u00dfen Keramiksch\u00fcsseln erleichtert die Reinigung, unterst\u00fctzt die Handw\u00e4sche und die Reinigung in der Sp\u00fclmaschine, spart Zeit und Energie und h\u00e4lt sie lange sauber und gl\u00e4nzend.<\/li>\n<\/ul>\n<\/div>\n\n\n\n<div class=\"wp-block-column is-vertically-aligned-center is-layout-flow wp-block-column-is-layout-flow\"><div class=\"wp-block-image\">\n<figure class=\"aligncenter size-full\"><img fetchpriority=\"high\" decoding=\"async\" width=\"750\" height=\"750\" src=\"https:\/\/www.yongjianceramic.com\/wp-content\/uploads\/2024\/08\/4.5-Inch-Chinese-Rice-Bowls-Bulk-Wholesale-Ceramic-Bowls-3.webp\" alt=\"4,5-Zoll-China Reis Schalen Bulk, Gro\u00dfhandel Keramikschalen-3\" class=\"wp-image-2994\" srcset=\"https:\/\/www.yongjianceramic.com\/wp-content\/uploads\/2024\/08\/4.5-Inch-Chinese-Rice-Bowls-Bulk-Wholesale-Ceramic-Bowls-3.webp 750w, https:\/\/www.yongjianceramic.com\/wp-content\/uploads\/2024\/08\/4.5-Inch-Chinese-Rice-Bowls-Bulk-Wholesale-Ceramic-Bowls-3-300x300.webp 300w, https:\/\/www.yongjianceramic.com\/wp-content\/uploads\/2024\/08\/4.5-Inch-Chinese-Rice-Bowls-Bulk-Wholesale-Ceramic-Bowls-3-150x150.webp 150w, https:\/\/www.yongjianceramic.com\/wp-content\/uploads\/2024\/08\/4.5-Inch-Chinese-Rice-Bowls-Bulk-Wholesale-Ceramic-Bowls-3-12x12.webp 12w, https:\/\/www.yongjianceramic.com\/wp-content\/uploads\/2024\/08\/4.5-Inch-Chinese-Rice-Bowls-Bulk-Wholesale-Ceramic-Bowls-3-285x285.webp 285w, https:\/\/www.yongjianceramic.com\/wp-content\/uploads\/2024\/08\/4.5-Inch-Chinese-Rice-Bowls-Bulk-Wholesale-Ceramic-Bowls-3-270x270.webp 270w, https:\/\/www.yongjianceramic.com\/wp-content\/uploads\/2024\/08\/4.5-Inch-Chinese-Rice-Bowls-Bulk-Wholesale-Ceramic-Bowls-3-540x540.webp 540w, https:\/\/www.yongjianceramic.com\/wp-content\/uploads\/2024\/08\/4.5-Inch-Chinese-Rice-Bowls-Bulk-Wholesale-Ceramic-Bowls-3-660x660.webp 660w\" sizes=\"(max-width: 750px) 100vw, 750px\" \/><\/figure>\n<\/div><\/div>\n<\/div>","protected":false},"excerpt":{"rendered":"<p>Willkommen im Gro\u00dfhandel Keramikschalen zu kaufen. Unsere chinesischen Reissch\u00fcsseln Bulk-Serie sind ber\u00fchmt f\u00fcr ihre hohe Qualit\u00e4t und Funktionalit\u00e4t. Diese wundersch\u00f6n gestalteten Keramiksch\u00fcsseln sind nicht nur langlebig und leicht zu reinigen, sie k\u00f6nnen auch eine Vielzahl von Essensbed\u00fcrfnissen erf\u00fcllen, was sie ideal f\u00fcr den Haushalt und die Gastronomie macht.<\/p>\n<table style=\"border-collapse: collapse; width: 275.02pt;\" border=\"0\" width=\"275\" cellspacing=\"0\" cellpadding=\"0\">\n<tbody>\n<tr style=\"height: 17.60pt;\">\n<td class=\"et3\" style=\"height: 17.60pt; width: 108.35pt;\" width=\"108\" height=\"17\">Hersteller<\/td>\n<td class=\"et3\" style=\"width: 167.10pt;\" width=\"167\">Yongjian<\/td>\n<\/tr>\n<tr style=\"height: 17.60pt;\">\n<td class=\"et3\" style=\"height: 17.60pt;\" height=\"17\">Modell Nr.<\/td>\n<td class=\"et4\">YJ-015<\/td>\n<\/tr>\n<tr style=\"height: 17.60pt;\">\n<td class=\"et3\" style=\"height: 17.60pt;\" height=\"17\">Produkttyp<\/td>\n<td class=\"et3\">Reissch\u00fcssel<\/td>\n<\/tr>\n<tr style=\"height: 17.60pt;\">\n<td class=\"et3\" style=\"height: 17.60pt;\" height=\"17\">Material<\/td>\n<td class=\"et3\">Porzellan<\/td>\n<\/tr>\n<tr style=\"height: 17.60pt;\">\n<td class=\"et4\" style=\"height: 17.60pt;\" height=\"17\">Farbe<\/td>\n<td class=\"et3\">Wei\u00df\/ Schwarz<\/td>\n<\/tr>\n<tr style=\"height: 18.00pt;\">\n<td class=\"et3\" style=\"height: 18.00pt;\" height=\"18\">Dimension<\/td>\n<td class=\"et5\" style=\"width: 167.10pt;\" width=\"167\">4,5-Zoll-Schale, 12*12*6<\/td>\n<\/tr>\n<tr style=\"height: 17.60pt;\">\n<td class=\"et3\" style=\"height: 17.60pt;\" height=\"17\">MOQ<\/td>\n<td class=\"et3\">500St\u00fcck<\/td>\n<\/tr>\n<tr style=\"height: 17.60pt;\">\n<td class=\"et3\" style=\"height: 17.60pt;\" height=\"17\">Benutzerdefiniert<\/td>\n<td class=\"et3\">Farbe\/Gr\u00f6\u00dfe\/Logo\/Verpackung<\/td>\n<\/tr>\n<\/tbody>\n<\/table>","protected":false},"featured_media":2992,"comment_status":"closed","ping_status":"closed","template":"","meta":{"_acf_changed":false},"product_brand":[],"product_cat":[72,63],"product_tag":[96],"class_list":{"0":"post-2412","1":"product","2":"type-product","3":"status-publish","4":"has-post-thumbnail","6":"product_cat-rice-bowls-bulk","7":"product_cat-wholesale-bowls","8":"product_tag-black-white-dinnerware-wholesale","10":"first","11":"instock","12":"shipping-taxable","13":"product-type-simple"},"acf":[],"_links":{"self":[{"href":"https:\/\/www.yongjianceramic.com\/de\/wp-json\/wp\/v2\/product\/2412","targetHints":{"allow":["GET"]}}],"collection":[{"href":"https:\/\/www.yongjianceramic.com\/de\/wp-json\/wp\/v2\/product"}],"about":[{"href":"https:\/\/www.yongjianceramic.com\/de\/wp-json\/wp\/v2\/types\/product"}],"replies":[{"embeddable":true,"href":"https:\/\/www.yongjianceramic.com\/de\/wp-json\/wp\/v2\/comments?post=2412"}],"wp:featuredmedia":[{"embeddable":true,"href":"https:\/\/www.yongjianceramic.com\/de\/wp-json\/wp\/v2\/media\/2992"}],"wp:attachment":[{"href":"https:\/\/www.yongjianceramic.com\/de\/wp-json\/wp\/v2\/media?parent=2412"}],"wp:term":[{"taxonomy":"product_brand","embeddable":true,"href":"https:\/\/www.yongjianceramic.com\/de\/wp-json\/wp\/v2\/product_brand?post=2412"},{"taxonomy":"product_cat","embeddable":true,"href":"https:\/\/www.yongjianceramic.com\/de\/wp-json\/wp\/v2\/product_cat?post=2412"},{"taxonomy":"product_tag","embeddable":true,"href":"https:\/\/www.yongjianceramic.com\/de\/wp-json\/wp\/v2\/product_tag?post=2412"}],"curies":[{"name":"wp","href":"https:\/\/api.w.org\/{rel}","templated":true}]}}