{"id":2443,"date":"2024-08-28T08:54:02","date_gmt":"2024-08-28T08:54:02","guid":{"rendered":"https:\/\/www.yongjianceramic.com\/?post_type=product&#038;p=2443"},"modified":"2024-12-04T11:19:21","modified_gmt":"2024-12-04T03:19:21","slug":"soup-bowls-with-handles-bulk","status":"publish","type":"product","link":"https:\/\/www.yongjianceramic.com\/de\/produkt\/soup-bowls-with-handles-bulk\/","title":{"rendered":"10-Zoll-Suppenschalen mit Griffen Bulk, Gro\u00dfhandel servieren Schalen"},"content":{"rendered":"<div class=\"wp-block-columns is-layout-flex wp-container-core-columns-is-layout-9d6595d7 wp-block-columns-is-layout-flex\">\n<div class=\"wp-block-column is-layout-flow wp-block-column-is-layout-flow\">\n<h2 class=\"wp-block-heading\">Premium Suppenschalen mit Griffen Bulk Features:<\/h2>\n\n\n\n<ul class=\"wp-block-list\">\n<li><strong>Design des Griffs: <\/strong>Diese Suppensch\u00fcsseln mit Griffen sind leicht zu transportieren und zu bewegen. Sie verringern das Risiko, dass hei\u00dfe Suppe versch\u00fcttet wird und sich verbr\u00fcht, und eignen sich hervorragend zum Servieren von hei\u00dfen Speisen wie hei\u00dfen Suppen und Eint\u00f6pfen.<\/li>\n\n\n\n<li><strong>Robust und langlebig: <\/strong>Der Sch\u00fcsselk\u00f6rper unserer Servierschalen f\u00fcr den Gro\u00dfhandel besteht aus hochwertiger Keramik, die robust und langlebig ist, hohen Temperaturen und Rissen widersteht und auch nach langem Gebrauch noch ein gl\u00e4nzendes Aussehen und strukturelle Integrit\u00e4t aufweist.<\/li>\n\n\n\n<li><strong>Gro\u00dfe Kapazit\u00e4t:<\/strong> Diese Suppenschalen mit Griffen und gro\u00dfem Fassungsverm\u00f6gen eignen sich f\u00fcr eine Vielzahl von Speisen, wie Suppen, Eint\u00f6pfe, Brei usw. Es ist eine ideale Wahl f\u00fcr Familien Tische, Restaurants und Caf\u00e9s, und kann die Bed\u00fcrfnisse der verschiedenen Gelegenheiten zu essen.<\/li>\n\n\n\n<li><strong>Leicht zu reinigendes Design: <\/strong>Dank der glatten Keramikoberfl\u00e4che sind unsere Servierschalen f\u00fcr den Gro\u00dfhandel leicht zu reinigen. Sie k\u00f6nnen mit der Hand oder in der Sp\u00fclmaschine gereinigt werden. Das spart Zeit und Energie und h\u00e4lt die Schalen hygienisch und sauber.<\/li>\n<\/ul>\n<\/div>\n\n\n\n<div class=\"wp-block-column is-vertically-aligned-center is-layout-flow wp-block-column-is-layout-flow\"><div class=\"wp-block-image\">\n<figure class=\"aligncenter size-full\"><img fetchpriority=\"high\" decoding=\"async\" width=\"750\" height=\"750\" src=\"https:\/\/www.yongjianceramic.com\/wp-content\/uploads\/2024\/08\/Soup-Bowls-With-Handles-Bulk-Wholesale-Serving-Bowls-5.webp\" alt=\"Suppenschalen mit Griffen Bulk, Gro\u00dfhandel Servierschalen-5\" class=\"wp-image-3016\" srcset=\"https:\/\/www.yongjianceramic.com\/wp-content\/uploads\/2024\/08\/Soup-Bowls-With-Handles-Bulk-Wholesale-Serving-Bowls-5.webp 750w, https:\/\/www.yongjianceramic.com\/wp-content\/uploads\/2024\/08\/Soup-Bowls-With-Handles-Bulk-Wholesale-Serving-Bowls-5-300x300.webp 300w, https:\/\/www.yongjianceramic.com\/wp-content\/uploads\/2024\/08\/Soup-Bowls-With-Handles-Bulk-Wholesale-Serving-Bowls-5-150x150.webp 150w, https:\/\/www.yongjianceramic.com\/wp-content\/uploads\/2024\/08\/Soup-Bowls-With-Handles-Bulk-Wholesale-Serving-Bowls-5-12x12.webp 12w, https:\/\/www.yongjianceramic.com\/wp-content\/uploads\/2024\/08\/Soup-Bowls-With-Handles-Bulk-Wholesale-Serving-Bowls-5-285x285.webp 285w, https:\/\/www.yongjianceramic.com\/wp-content\/uploads\/2024\/08\/Soup-Bowls-With-Handles-Bulk-Wholesale-Serving-Bowls-5-270x270.webp 270w, https:\/\/www.yongjianceramic.com\/wp-content\/uploads\/2024\/08\/Soup-Bowls-With-Handles-Bulk-Wholesale-Serving-Bowls-5-540x540.webp 540w, https:\/\/www.yongjianceramic.com\/wp-content\/uploads\/2024\/08\/Soup-Bowls-With-Handles-Bulk-Wholesale-Serving-Bowls-5-660x660.webp 660w\" sizes=\"(max-width: 750px) 100vw, 750px\" \/><\/figure>\n<\/div><\/div>\n<\/div>","protected":false},"excerpt":{"rendered":"<p>Willkommen zu kaufen behandelt Schalen in der Masse. Diese 10-Zoll-Keramik-Suppenschalen mit Griffen sind eine ideale Wahl zum Servieren einer Vielzahl von Suppen und Eint\u00f6pfen, bequem zu bedienen und leicht zu reinigen. Sie kombinieren Funktionalit\u00e4t und elegantes Aussehen.<\/p>\n<table style=\"border-collapse: collapse; width: 365.02pt;\" border=\"0\" width=\"365\" cellspacing=\"0\" cellpadding=\"0\">\n<tbody>\n<tr style=\"height: 17.60pt;\">\n<td class=\"et3\" style=\"height: 17.60pt; width: 120.25pt;\" width=\"120\" height=\"17\">Hersteller<\/td>\n<td class=\"et3\" style=\"width: 245.25pt;\" width=\"245\">Yongjian<\/td>\n<\/tr>\n<tr style=\"height: 18.00pt;\">\n<td class=\"et3\" style=\"height: 18.00pt;\" height=\"18\">Modell Nr.<\/td>\n<td class=\"et4\" style=\"width: 245.25pt;\" width=\"245\">YJ-002<\/td>\n<\/tr>\n<tr style=\"height: 18.00pt;\">\n<td class=\"et3\" style=\"height: 18.00pt;\" height=\"18\">Produkttyp<\/td>\n<td class=\"et4\" style=\"width: 245.25pt;\" width=\"245\">Schalen mit Henkel, Servier- und Salatsch\u00fcsseln<\/td>\n<\/tr>\n<tr style=\"height: 17.60pt;\">\n<td class=\"et3\" style=\"height: 17.60pt;\" height=\"17\">Material<\/td>\n<td class=\"et3\">Porzellan<\/td>\n<\/tr>\n<tr style=\"height: 17.60pt;\">\n<td class=\"et5\" style=\"height: 17.60pt;\" height=\"17\">Farbe<\/td>\n<td class=\"et3\">Wei\u00df\/ Schwarz<\/td>\n<\/tr>\n<tr style=\"height: 18.00pt;\">\n<td class=\"et3\" style=\"height: 18.00pt;\" height=\"18\">Dimension<\/td>\n<td class=\"et4\" style=\"width: 245.25pt;\" width=\"245\">24.7*21*6.5<\/td>\n<\/tr>\n<tr style=\"height: 17.60pt;\">\n<td class=\"et3\" style=\"height: 17.60pt;\" height=\"17\">MOQ<\/td>\n<td class=\"et3\">500St\u00fcck<\/td>\n<\/tr>\n<tr style=\"height: 17.60pt;\">\n<td class=\"et3\" style=\"height: 17.60pt;\" height=\"17\">Benutzerdefiniert<\/td>\n<td class=\"et3\">Farbe\/Gr\u00f6\u00dfe\/Logo\/Verpackung<\/td>\n<\/tr>\n<\/tbody>\n<\/table>","protected":false},"featured_media":3017,"comment_status":"closed","ping_status":"closed","template":"","meta":{"_acf_changed":false},"product_brand":[],"product_cat":[75,63,74],"product_tag":[96],"class_list":{"0":"post-2443","1":"product","2":"type-product","3":"status-publish","4":"has-post-thumbnail","6":"product_cat-handled-bowls-wholesale","7":"product_cat-wholesale-bowls","8":"product_cat-bulk-serving-bowls","9":"product_tag-black-white-dinnerware-wholesale","11":"first","12":"instock","13":"shipping-taxable","14":"product-type-simple"},"acf":[],"_links":{"self":[{"href":"https:\/\/www.yongjianceramic.com\/de\/wp-json\/wp\/v2\/product\/2443","targetHints":{"allow":["GET"]}}],"collection":[{"href":"https:\/\/www.yongjianceramic.com\/de\/wp-json\/wp\/v2\/product"}],"about":[{"href":"https:\/\/www.yongjianceramic.com\/de\/wp-json\/wp\/v2\/types\/product"}],"replies":[{"embeddable":true,"href":"https:\/\/www.yongjianceramic.com\/de\/wp-json\/wp\/v2\/comments?post=2443"}],"wp:featuredmedia":[{"embeddable":true,"href":"https:\/\/www.yongjianceramic.com\/de\/wp-json\/wp\/v2\/media\/3017"}],"wp:attachment":[{"href":"https:\/\/www.yongjianceramic.com\/de\/wp-json\/wp\/v2\/media?parent=2443"}],"wp:term":[{"taxonomy":"product_brand","embeddable":true,"href":"https:\/\/www.yongjianceramic.com\/de\/wp-json\/wp\/v2\/product_brand?post=2443"},{"taxonomy":"product_cat","embeddable":true,"href":"https:\/\/www.yongjianceramic.com\/de\/wp-json\/wp\/v2\/product_cat?post=2443"},{"taxonomy":"product_tag","embeddable":true,"href":"https:\/\/www.yongjianceramic.com\/de\/wp-json\/wp\/v2\/product_tag?post=2443"}],"curies":[{"name":"wp","href":"https:\/\/api.w.org\/{rel}","templated":true}]}}