{"id":2464,"date":"2024-08-28T09:57:30","date_gmt":"2024-08-28T09:57:30","guid":{"rendered":"https:\/\/www.yongjianceramic.com\/?post_type=product&#038;p=2464"},"modified":"2025-11-04T16:02:56","modified_gmt":"2025-11-04T08:02:56","slug":"deep-serving-platters-wholesale","status":"publish","type":"product","link":"https:\/\/www.yongjianceramic.com\/de\/produkt\/deep-serving-platters-wholesale\/","title":{"rendered":"8 Zoll tief Servierplatten Gro\u00dfhandel, Keramik-Platten Bulk"},"content":{"rendered":"<div class=\"wp-block-columns is-layout-flex wp-container-core-columns-is-layout-9d6595d7 wp-block-columns-is-layout-flex\">\n<div class=\"wp-block-column is-layout-flow wp-block-column-is-layout-flow\">\n<h2 class=\"wp-block-heading\">Premium Servierplatten Gro\u00dfhandel Merkmale:<\/h2>\n\n\n\n<ul class=\"wp-block-list\">\n<li><strong>Geeignet f\u00fcr eine Vielzahl von Gerichten: <\/strong>Unsere Servierplatten im Gro\u00dfhandelsdesign bieten ausreichend Platz f\u00fcr eine Reihe von Suppengerichten wie Eint\u00f6pfe, Nudeln, Suppen usw., um den unterschiedlichen Anforderungen in der Gastronomie und im privaten Bereich gerecht zu werden.<\/li>\n\n\n\n<li><strong>Einfaches und stilvolles Aussehen:<\/strong> Einfaches und raffiniertes Aussehen: Das klassische tiefe Tellerdesign dieser gro\u00dfen Keramikteller eignet sich f\u00fcr eine Reihe anderer Formen des Tischgedecks, vom Familienessen zu Hause bis zum Restaurant, und kann zum Genuss des Essens beitragen und Sch\u00f6nheit schaffen.<\/li>\n\n\n\n<li><strong>Leicht zu reinigen: <\/strong>Unsere Servierplatten im Gro\u00dfhandel haben eine glatte Keramikoberfl\u00e4che, die sich leicht mit der Hand und in der Sp\u00fclmaschine reinigen l\u00e4sst, was Zeit spart und die strengen Hygienevorschriften erf\u00fcllt.<\/li>\n\n\n\n<li><strong>Hitzebest\u00e4ndig und verschlei\u00dffest: <\/strong>Diese Keramikplatten werden aus hochwertiger Keramik hergestellt, die verschlei\u00dffest, hitzebest\u00e4ndig und rissfest ist. Sie k\u00f6nnen lange verwendet werden und sehen gut aus und sind f\u00fcr den harten Einsatz in der Gastronomie geeignet.<\/li>\n<\/ul>\n<\/div>\n\n\n\n<div class=\"wp-block-column is-vertically-aligned-center is-layout-flow wp-block-column-is-layout-flow\"><div class=\"wp-block-image\">\n<figure class=\"aligncenter size-full\"><img fetchpriority=\"high\" decoding=\"async\" width=\"750\" height=\"750\" src=\"https:\/\/www.yongjianceramic.com\/wp-content\/uploads\/2024\/08\/Catering-Deep-Serving-Platters-Wholesale-Bulk-Ceramic-Plates-6.webp\" alt=\"Catering tiefe Servierplatten Gro\u00dfhandel, Bulk-Keramik-Platten-6\" class=\"wp-image-3048\" srcset=\"https:\/\/www.yongjianceramic.com\/wp-content\/uploads\/2024\/08\/Catering-Deep-Serving-Platters-Wholesale-Bulk-Ceramic-Plates-6.webp 750w, https:\/\/www.yongjianceramic.com\/wp-content\/uploads\/2024\/08\/Catering-Deep-Serving-Platters-Wholesale-Bulk-Ceramic-Plates-6-300x300.webp 300w, https:\/\/www.yongjianceramic.com\/wp-content\/uploads\/2024\/08\/Catering-Deep-Serving-Platters-Wholesale-Bulk-Ceramic-Plates-6-150x150.webp 150w, https:\/\/www.yongjianceramic.com\/wp-content\/uploads\/2024\/08\/Catering-Deep-Serving-Platters-Wholesale-Bulk-Ceramic-Plates-6-12x12.webp 12w, https:\/\/www.yongjianceramic.com\/wp-content\/uploads\/2024\/08\/Catering-Deep-Serving-Platters-Wholesale-Bulk-Ceramic-Plates-6-285x285.webp 285w, https:\/\/www.yongjianceramic.com\/wp-content\/uploads\/2024\/08\/Catering-Deep-Serving-Platters-Wholesale-Bulk-Ceramic-Plates-6-270x270.webp 270w, https:\/\/www.yongjianceramic.com\/wp-content\/uploads\/2024\/08\/Catering-Deep-Serving-Platters-Wholesale-Bulk-Ceramic-Plates-6-540x540.webp 540w, https:\/\/www.yongjianceramic.com\/wp-content\/uploads\/2024\/08\/Catering-Deep-Serving-Platters-Wholesale-Bulk-Ceramic-Plates-6-660x660.webp 660w\" sizes=\"(max-width: 750px) 100vw, 750px\" \/><\/figure>\n<\/div><\/div>\n<\/div>","protected":false},"excerpt":{"rendered":"<p>Willkommen zu kaufen bulk Keramikplatten. Unsere Servierplatten Gro\u00dfhandel sind eine ideale Wahl f\u00fcr Haushalt oder Gesch\u00e4ft Essgeschirr, sie sind in der Lage, verschiedene Arten von suppigen Speisen zu dienen. Seine leicht zu reinigende Funktion und sch\u00f6nen und unkomplizierten Stil versichern Funktionalit\u00e4t und Glamour.<\/p>\n<table style=\"border-collapse: collapse; width: 365.02pt;\" border=\"0\" width=\"365\" cellspacing=\"0\" cellpadding=\"0\">\n<tbody>\n<tr style=\"height: 17.60pt;\">\n<td class=\"et3\" style=\"height: 17.60pt; width: 120.25pt;\" width=\"120\" height=\"17\">Hersteller<\/td>\n<td class=\"et3\" style=\"width: 245.25pt;\" width=\"245\">Yongjian<\/td>\n<\/tr>\n<tr style=\"height: 18.00pt;\">\n<td class=\"et3\" style=\"height: 18.00pt;\" height=\"18\">Modell Nr.<\/td>\n<td class=\"et4\" style=\"width: 245.25pt;\" width=\"245\">YJ-005<\/td>\n<\/tr>\n<tr style=\"height: 18.00pt;\">\n<td class=\"et3\" style=\"height: 18.00pt;\" height=\"18\">Produkttyp<\/td>\n<td class=\"et4\" style=\"width: 245.25pt;\" width=\"245\">Servierplatte, tiefer Teller<\/td>\n<\/tr>\n<tr style=\"height: 17.60pt;\">\n<td class=\"et3\" style=\"height: 17.60pt;\" height=\"17\">Material<\/td>\n<td class=\"et3\">Porzellan<\/td>\n<\/tr>\n<tr style=\"height: 17.60pt;\">\n<td class=\"et5\" style=\"height: 17.60pt;\" height=\"17\">Farbe<\/td>\n<td class=\"et3\">Wei\u00df\/ Schwarz<\/td>\n<\/tr>\n<tr style=\"height: 18.00pt;\">\n<td class=\"et3\" style=\"height: 18.00pt;\" height=\"18\">Dimension<\/td>\n<td class=\"et4\" style=\"width: 245.25pt;\" width=\"245\">20*20*3.8<\/td>\n<\/tr>\n<tr style=\"height: 17.60pt;\">\n<td class=\"et3\" style=\"height: 17.60pt;\" height=\"17\">MOQ<\/td>\n<td class=\"et3\">500St\u00fcck<\/td>\n<\/tr>\n<tr style=\"height: 17.60pt;\">\n<td class=\"et3\" style=\"height: 17.60pt;\" height=\"17\">Benutzerdefiniert<\/td>\n<td class=\"et3\">Farbe\/Gr\u00f6\u00dfe\/Logo\/Verpackung<\/td>\n<\/tr>\n<\/tbody>\n<\/table>","protected":false},"featured_media":3051,"comment_status":"closed","ping_status":"closed","template":"","meta":{"_acf_changed":false},"product_brand":[],"product_cat":[77,62,76],"product_tag":[96],"class_list":{"0":"post-2464","1":"product","2":"type-product","3":"status-publish","4":"has-post-thumbnail","6":"product_cat-deep-plates-wholesale","7":"product_cat-ceramic-plates-wholesale","8":"product_cat-wholesale-serving-platters","9":"product_tag-black-white-dinnerware-wholesale","11":"first","12":"instock","13":"shipping-taxable","14":"product-type-simple"},"acf":[],"_links":{"self":[{"href":"https:\/\/www.yongjianceramic.com\/de\/wp-json\/wp\/v2\/product\/2464","targetHints":{"allow":["GET"]}}],"collection":[{"href":"https:\/\/www.yongjianceramic.com\/de\/wp-json\/wp\/v2\/product"}],"about":[{"href":"https:\/\/www.yongjianceramic.com\/de\/wp-json\/wp\/v2\/types\/product"}],"replies":[{"embeddable":true,"href":"https:\/\/www.yongjianceramic.com\/de\/wp-json\/wp\/v2\/comments?post=2464"}],"wp:featuredmedia":[{"embeddable":true,"href":"https:\/\/www.yongjianceramic.com\/de\/wp-json\/wp\/v2\/media\/3051"}],"wp:attachment":[{"href":"https:\/\/www.yongjianceramic.com\/de\/wp-json\/wp\/v2\/media?parent=2464"}],"wp:term":[{"taxonomy":"product_brand","embeddable":true,"href":"https:\/\/www.yongjianceramic.com\/de\/wp-json\/wp\/v2\/product_brand?post=2464"},{"taxonomy":"product_cat","embeddable":true,"href":"https:\/\/www.yongjianceramic.com\/de\/wp-json\/wp\/v2\/product_cat?post=2464"},{"taxonomy":"product_tag","embeddable":true,"href":"https:\/\/www.yongjianceramic.com\/de\/wp-json\/wp\/v2\/product_tag?post=2464"}],"curies":[{"name":"wp","href":"https:\/\/api.w.org\/{rel}","templated":true}]}}