{"id":2518,"date":"2024-08-28T12:39:05","date_gmt":"2024-08-28T12:39:05","guid":{"rendered":"https:\/\/www.yongjianceramic.com\/?post_type=product&#038;p=2518"},"modified":"2025-11-04T16:15:56","modified_gmt":"2025-11-04T08:15:56","slug":"tea-cups-with-saucers-wholesale","status":"publish","type":"product","link":"https:\/\/www.yongjianceramic.com\/de\/produkt\/tea-cups-with-saucers-wholesale\/","title":{"rendered":"Porzellan Tee Tassen mit Untertassen Gro\u00dfhandel in bunten Glasur"},"content":{"rendered":"<div class=\"wp-block-columns is-layout-flex wp-container-core-columns-is-layout-9d6595d7 wp-block-columns-is-layout-flex\">\n<div class=\"wp-block-column is-layout-flow wp-block-column-is-layout-flow\">\n<h2 class=\"wp-block-heading\">Premium Tee Tassen mit Untertassen Gro\u00dfhandel Features:<\/h2>\n\n\n\n<ul class=\"wp-block-list\">\n<li><strong>Vielf\u00e4ltige Farboptionen: <\/strong>Unsere Teetassen mit Untertassen Gro\u00dfhandel geben 10 verschiedene Farboptionen f\u00fcr die Anpassung an verschiedene Arten von Kunden und Hinzuf\u00fcgen von Farbe und Pers\u00f6nlichkeit auf den Tisch mit einer beliebigen Anzahl von Thema Dekorationen und Parteien.<\/li>\n\n\n\n<li><strong>Ausgezeichnete Haltbarkeit: <\/strong>Diese Gro\u00dfhandel Kaffeetassen bulk sind aus feiner Keramik, mit gro\u00dfer Hitzebest\u00e4ndigkeit und Haltbarkeit, weiche und glatte Oberfl\u00e4che, die nicht leicht zu kratzen oder zu verblassen ist, so dass sie so neu wie vor nach Jahren der Nutzung bleiben.<\/li>\n\n\n\n<li><strong>Exquisites Design: <\/strong>Unsere Teetassen mit Untertassen im Gro\u00dfhandel zeichnen sich durch ein wundersch\u00f6nes Design und schlanke Formen aus. Sie erf\u00fcllen den Bedarf von formellen Banketten und Kaffeeh\u00e4usern, w\u00e4hrend sie dennoch f\u00fcr die Teezeit in der Familie und die morgendliche Kaffeezeit zu Hause geeignet sind, um das Essen zu einer Praxis zu machen.<\/li>\n\n\n\n<li><strong>Leicht zu reinigen und zu pflegen: <\/strong>Die Oberfl\u00e4che dieser Gro\u00dfhandels-Kaffeebecher ist nicht leicht an Flecken haften, leicht zu reinigen, kann mit der Hand gewaschen oder in die Sp\u00fclmaschine gestellt werden, und die Wartung ist einfach und zeitsparend.<\/li>\n<\/ul>\n<\/div>\n\n\n\n<div class=\"wp-block-column is-vertically-aligned-center is-layout-flow wp-block-column-is-layout-flow\"><div class=\"wp-block-image\">\n<figure class=\"aligncenter size-full\"><img fetchpriority=\"high\" decoding=\"async\" width=\"800\" height=\"800\" src=\"https:\/\/www.yongjianceramic.com\/wp-content\/uploads\/2024\/08\/Porcelain-Tea-Cups-With-Saucers-Wholesale-Coffee-Cups-Bulk-4.webp\" alt=\"Porzellan-Tee-Tassen mit Untertassen Gro\u00dfhandel, Kaffee-Tassen Bulk-4\" class=\"wp-image-3063\" srcset=\"https:\/\/www.yongjianceramic.com\/wp-content\/uploads\/2024\/08\/Porcelain-Tea-Cups-With-Saucers-Wholesale-Coffee-Cups-Bulk-4.webp 800w, https:\/\/www.yongjianceramic.com\/wp-content\/uploads\/2024\/08\/Porcelain-Tea-Cups-With-Saucers-Wholesale-Coffee-Cups-Bulk-4-300x300.webp 300w, https:\/\/www.yongjianceramic.com\/wp-content\/uploads\/2024\/08\/Porcelain-Tea-Cups-With-Saucers-Wholesale-Coffee-Cups-Bulk-4-150x150.webp 150w, https:\/\/www.yongjianceramic.com\/wp-content\/uploads\/2024\/08\/Porcelain-Tea-Cups-With-Saucers-Wholesale-Coffee-Cups-Bulk-4-768x768.webp 768w, https:\/\/www.yongjianceramic.com\/wp-content\/uploads\/2024\/08\/Porcelain-Tea-Cups-With-Saucers-Wholesale-Coffee-Cups-Bulk-4-12x12.webp 12w, https:\/\/www.yongjianceramic.com\/wp-content\/uploads\/2024\/08\/Porcelain-Tea-Cups-With-Saucers-Wholesale-Coffee-Cups-Bulk-4-285x285.webp 285w, https:\/\/www.yongjianceramic.com\/wp-content\/uploads\/2024\/08\/Porcelain-Tea-Cups-With-Saucers-Wholesale-Coffee-Cups-Bulk-4-270x270.webp 270w, https:\/\/www.yongjianceramic.com\/wp-content\/uploads\/2024\/08\/Porcelain-Tea-Cups-With-Saucers-Wholesale-Coffee-Cups-Bulk-4-540x540.webp 540w, https:\/\/www.yongjianceramic.com\/wp-content\/uploads\/2024\/08\/Porcelain-Tea-Cups-With-Saucers-Wholesale-Coffee-Cups-Bulk-4-660x660.webp 660w\" sizes=\"(max-width: 800px) 100vw, 800px\" \/><\/figure>\n<\/div><\/div>\n<\/div>","protected":false},"excerpt":{"rendered":"<p>Willkommen zu kaufen Keramik Kaffeetassen in der Masse. Unsere Teetassen mit Untertassen Gro\u00dfhandel sind bunt, und das elegante Design macht das Esszimmer glamour\u00f6s und anspruchsvoll aussehen. Sowohl f\u00fcr den t\u00e4glichen Gebrauch oder f\u00fcr den professionellen Einsatz, k\u00f6nnen die Teetassen und Untertassen von einer wunderbaren Erfahrung sein.<\/p>\n<table style=\"border-collapse: collapse; width: 275.02pt;\" border=\"0\" width=\"275\" cellspacing=\"0\" cellpadding=\"0\">\n<tbody>\n<tr style=\"height: 17.60pt;\">\n<td class=\"et3\" style=\"height: 17.60pt; width: 108.35pt;\" width=\"108\" height=\"17\">Hersteller<\/td>\n<td class=\"et3\" style=\"width: 167.10pt;\" width=\"167\">Yongjian<\/td>\n<\/tr>\n<tr style=\"height: 18.00pt;\">\n<td class=\"et3\" style=\"height: 18.00pt;\" height=\"18\">Modell Nr.<\/td>\n<td class=\"et4\" style=\"width: 167.10pt;\" width=\"167\">YJ-048<\/td>\n<\/tr>\n<tr style=\"height: 17.60pt;\">\n<td class=\"et3\" style=\"height: 17.60pt;\" height=\"17\">Produkttyp<\/td>\n<td class=\"et3\">Tassen und Untertassen<\/td>\n<\/tr>\n<tr style=\"height: 17.60pt;\">\n<td class=\"et3\" style=\"height: 17.60pt;\" height=\"17\">Material<\/td>\n<td class=\"et3\">Porzellan<\/td>\n<\/tr>\n<tr style=\"height: 17.60pt;\">\n<td class=\"et6\" style=\"height: 17.60pt;\" height=\"17\">Farbe<\/td>\n<td class=\"et3\">Als Bild<\/td>\n<\/tr>\n<tr style=\"height: 36.00pt;\">\n<td class=\"et3\" style=\"height: 36.00pt;\" height=\"36\">Dimension<\/td>\n<td class=\"et7\" style=\"width: 167.10pt;\" width=\"167\">Becher:10.3*7<br \/>Untertasse:15*15<\/td>\n<\/tr>\n<tr style=\"height: 17.60pt;\">\n<td class=\"et3\" style=\"height: 17.60pt;\" height=\"17\">MOQ<\/td>\n<td class=\"et3\">500St\u00fcck<\/td>\n<\/tr>\n<tr style=\"height: 17.60pt;\">\n<td class=\"et3\" style=\"height: 17.60pt;\" height=\"17\">Benutzerdefiniert<\/td>\n<td class=\"et3\">Farbe\/Gr\u00f6\u00dfe\/Logo\/Verpackung<\/td>\n<\/tr>\n<\/tbody>\n<\/table>","protected":false},"featured_media":3062,"comment_status":"closed","ping_status":"closed","template":"","meta":{"_acf_changed":false},"product_brand":[],"product_cat":[78,65],"product_tag":[81],"class_list":{"0":"post-2518","1":"product","2":"type-product","3":"status-publish","4":"has-post-thumbnail","6":"product_cat-tea-cups-with-saucers-wholesale","7":"product_cat-wholesale-cups-and-mugs","8":"product_tag-modern-design-dinnerware-set-wholesale","10":"first","11":"instock","12":"shipping-taxable","13":"product-type-simple"},"acf":[],"_links":{"self":[{"href":"https:\/\/www.yongjianceramic.com\/de\/wp-json\/wp\/v2\/product\/2518","targetHints":{"allow":["GET"]}}],"collection":[{"href":"https:\/\/www.yongjianceramic.com\/de\/wp-json\/wp\/v2\/product"}],"about":[{"href":"https:\/\/www.yongjianceramic.com\/de\/wp-json\/wp\/v2\/types\/product"}],"replies":[{"embeddable":true,"href":"https:\/\/www.yongjianceramic.com\/de\/wp-json\/wp\/v2\/comments?post=2518"}],"wp:featuredmedia":[{"embeddable":true,"href":"https:\/\/www.yongjianceramic.com\/de\/wp-json\/wp\/v2\/media\/3062"}],"wp:attachment":[{"href":"https:\/\/www.yongjianceramic.com\/de\/wp-json\/wp\/v2\/media?parent=2518"}],"wp:term":[{"taxonomy":"product_brand","embeddable":true,"href":"https:\/\/www.yongjianceramic.com\/de\/wp-json\/wp\/v2\/product_brand?post=2518"},{"taxonomy":"product_cat","embeddable":true,"href":"https:\/\/www.yongjianceramic.com\/de\/wp-json\/wp\/v2\/product_cat?post=2518"},{"taxonomy":"product_tag","embeddable":true,"href":"https:\/\/www.yongjianceramic.com\/de\/wp-json\/wp\/v2\/product_tag?post=2518"}],"curies":[{"name":"wp","href":"https:\/\/api.w.org\/{rel}","templated":true}]}}