{"id":2525,"date":"2024-08-28T13:03:30","date_gmt":"2024-08-28T13:03:30","guid":{"rendered":"https:\/\/www.yongjianceramic.com\/?post_type=product&#038;p=2525"},"modified":"2024-11-01T11:43:57","modified_gmt":"2024-11-01T03:43:57","slug":"beautiful-bulk-spoons","status":"publish","type":"product","link":"https:\/\/www.yongjianceramic.com\/de\/produkt\/beautiful-bulk-spoons\/","title":{"rendered":"Kaufen Sie sch\u00f6ne Bulk L\u00f6ffel, keramische Servierl\u00f6ffel Gro\u00dfhandel"},"content":{"rendered":"<div class=\"wp-block-columns is-layout-flex wp-container-core-columns-is-layout-9d6595d7 wp-block-columns-is-layout-flex\">\n<div class=\"wp-block-column is-layout-flow wp-block-column-is-layout-flow\">\n<h2 class=\"wp-block-heading\">Premium Bulk L\u00f6ffel Merkmale:<\/h2>\n\n\n\n<ul class=\"wp-block-list\">\n<li><strong>Exquisites Design: <\/strong>Unsere gro\u00dfen L\u00f6ffel haben ein exquisites Design und eine elegante Form und eignen sich f\u00fcr alle Arten von Tischen, vom t\u00e4glichen Familienessen bis hin zum gehobenen Restaurantservice, die das Esserlebnis verbessern und optische Sch\u00f6nheit verleihen.<\/li>\n\n\n\n<li><strong>Multifunktional einsetzbar:<\/strong> Diese keramischen Servierl\u00f6ffel sind nicht nur f\u00fcr den t\u00e4glichen Gebrauch geeignet, sondern k\u00f6nnen auch f\u00fcr Suppen, Reis, Salate, Dressings usw. verwendet werden, die f\u00fcr verschiedene Essensszenen geeignet sind und eine vielf\u00e4ltige Nutzungserfahrung bieten.<\/li>\n\n\n\n<li><strong>Hochwertiges Keramikmaterial:<\/strong> Unsere L\u00f6ffel sind aus hochwertiger Keramik gefertigt, die temperaturbest\u00e4ndig und verschlei\u00dffest ist. Die Oberfl\u00e4che ist glatt und l\u00e4sst sich nicht so leicht zerkratzen oder verblassen, so dass Langlebigkeit und Sch\u00f6nheit des Gebrauchs gew\u00e4hrleistet sind.<\/li>\n\n\n\n<li><strong>Leicht zu reinigen: <\/strong>Die Oberfl\u00e4che dieser Keramik-Servierl\u00f6ffel aus dem Gro\u00dfhandel ist schmutzabweisend und leicht zu reinigen. Sie kann mit der Hand gewaschen oder in die Sp\u00fclmaschine gegeben werden. Er ist einfach zu pflegen und gew\u00e4hrleistet Sauberkeit und Hygiene nach jedem Gebrauch.<\/li>\n<\/ul>\n<\/div>\n\n\n\n<div class=\"wp-block-column is-vertically-aligned-center is-layout-flow wp-block-column-is-layout-flow\"><div class=\"wp-block-image\">\n<figure class=\"aligncenter size-full\"><img fetchpriority=\"high\" decoding=\"async\" width=\"800\" height=\"800\" src=\"https:\/\/www.yongjianceramic.com\/wp-content\/uploads\/2024\/08\/Buy-Beautiful-Bulk-Spoons-Ceramic-Serving-Spoons-Wholesale-5.webp\" alt=\"Kaufen Sie sch\u00f6ne Bulk-L\u00f6ffel, keramische Servierl\u00f6ffel Gro\u00dfhandel-5\" class=\"wp-image-3070\" srcset=\"https:\/\/www.yongjianceramic.com\/wp-content\/uploads\/2024\/08\/Buy-Beautiful-Bulk-Spoons-Ceramic-Serving-Spoons-Wholesale-5.webp 800w, https:\/\/www.yongjianceramic.com\/wp-content\/uploads\/2024\/08\/Buy-Beautiful-Bulk-Spoons-Ceramic-Serving-Spoons-Wholesale-5-300x300.webp 300w, https:\/\/www.yongjianceramic.com\/wp-content\/uploads\/2024\/08\/Buy-Beautiful-Bulk-Spoons-Ceramic-Serving-Spoons-Wholesale-5-150x150.webp 150w, https:\/\/www.yongjianceramic.com\/wp-content\/uploads\/2024\/08\/Buy-Beautiful-Bulk-Spoons-Ceramic-Serving-Spoons-Wholesale-5-768x768.webp 768w, https:\/\/www.yongjianceramic.com\/wp-content\/uploads\/2024\/08\/Buy-Beautiful-Bulk-Spoons-Ceramic-Serving-Spoons-Wholesale-5-12x12.webp 12w, https:\/\/www.yongjianceramic.com\/wp-content\/uploads\/2024\/08\/Buy-Beautiful-Bulk-Spoons-Ceramic-Serving-Spoons-Wholesale-5-285x285.webp 285w, https:\/\/www.yongjianceramic.com\/wp-content\/uploads\/2024\/08\/Buy-Beautiful-Bulk-Spoons-Ceramic-Serving-Spoons-Wholesale-5-270x270.webp 270w, https:\/\/www.yongjianceramic.com\/wp-content\/uploads\/2024\/08\/Buy-Beautiful-Bulk-Spoons-Ceramic-Serving-Spoons-Wholesale-5-540x540.webp 540w, https:\/\/www.yongjianceramic.com\/wp-content\/uploads\/2024\/08\/Buy-Beautiful-Bulk-Spoons-Ceramic-Serving-Spoons-Wholesale-5-660x660.webp 660w\" sizes=\"(max-width: 800px) 100vw, 800px\" \/><\/figure>\n<\/div><\/div>\n<\/div>","protected":false},"excerpt":{"rendered":"<p>Willkommen zum Kauf von L\u00f6ffeln in gro\u00dfen Mengen. Diese Keramik L\u00f6ffel Gro\u00dfhandel kombinieren die Eigenschaften von hochwertigen Materialien, exquisite Design, multifunktionale Nutzung und einfache Reinigung, so dass sie eine ideale Wahl f\u00fcr Familien und Catering-Unternehmen.<\/p>\n<table style=\"border-collapse: collapse; width: 275.02pt;\" border=\"0\" width=\"275\" cellspacing=\"0\" cellpadding=\"0\">\n<tbody>\n<tr style=\"height: 17.60pt;\">\n<td class=\"et3\" style=\"height: 17.60pt; width: 108.35pt;\" width=\"108\" height=\"17\">Hersteller<\/td>\n<td class=\"et3\" style=\"width: 167.10pt;\" width=\"167\">Yongjian<\/td>\n<\/tr>\n<tr style=\"height: 18.00pt;\">\n<td class=\"et3\" style=\"height: 18.00pt;\" height=\"18\">Modell Nr.<\/td>\n<td class=\"et4\" style=\"width: 167.10pt;\" width=\"167\">YJ-049<\/td>\n<\/tr>\n<tr style=\"height: 17.60pt;\">\n<td class=\"et3\" style=\"height: 17.60pt;\" height=\"17\">Produkttyp<\/td>\n<td class=\"et3\">Servierl\u00f6ffel<\/td>\n<\/tr>\n<tr style=\"height: 17.60pt;\">\n<td class=\"et3\" style=\"height: 17.60pt;\" height=\"17\">Material<\/td>\n<td class=\"et3\">Porzellan<\/td>\n<\/tr>\n<tr style=\"height: 17.60pt;\">\n<td class=\"et6\" style=\"height: 17.60pt;\" height=\"17\">Farbe<\/td>\n<td class=\"et3\">Wei\u00df\/ Schwarz<\/td>\n<\/tr>\n<tr style=\"height: 17.60pt;\">\n<td class=\"et3\" style=\"height: 17.60pt;\" height=\"17\">Dimension<\/td>\n<td class=\"et3\">22*8.5<\/td>\n<\/tr>\n<tr style=\"height: 17.60pt;\">\n<td class=\"et3\" style=\"height: 17.60pt;\" height=\"17\">MOQ<\/td>\n<td class=\"et3\">500St\u00fcck<\/td>\n<\/tr>\n<tr style=\"height: 17.60pt;\">\n<td class=\"et3\" style=\"height: 17.60pt;\" height=\"17\">Benutzerdefiniert<\/td>\n<td class=\"et3\">Farbe\/Gr\u00f6\u00dfe\/Logo\/Verpackung<\/td>\n<\/tr>\n<\/tbody>\n<\/table>","protected":false},"featured_media":3066,"comment_status":"closed","ping_status":"closed","template":"","meta":{"_acf_changed":false},"product_brand":[],"product_cat":[80,89],"product_tag":[96],"class_list":{"0":"post-2525","1":"product","2":"type-product","3":"status-publish","4":"has-post-thumbnail","6":"product_cat-wholesale-ceramic-cutlery","7":"product_cat-ceramic-bulk-spoons","8":"product_tag-black-white-dinnerware-wholesale","10":"first","11":"instock","12":"shipping-taxable","13":"product-type-simple"},"acf":[],"_links":{"self":[{"href":"https:\/\/www.yongjianceramic.com\/de\/wp-json\/wp\/v2\/product\/2525","targetHints":{"allow":["GET"]}}],"collection":[{"href":"https:\/\/www.yongjianceramic.com\/de\/wp-json\/wp\/v2\/product"}],"about":[{"href":"https:\/\/www.yongjianceramic.com\/de\/wp-json\/wp\/v2\/types\/product"}],"replies":[{"embeddable":true,"href":"https:\/\/www.yongjianceramic.com\/de\/wp-json\/wp\/v2\/comments?post=2525"}],"wp:featuredmedia":[{"embeddable":true,"href":"https:\/\/www.yongjianceramic.com\/de\/wp-json\/wp\/v2\/media\/3066"}],"wp:attachment":[{"href":"https:\/\/www.yongjianceramic.com\/de\/wp-json\/wp\/v2\/media?parent=2525"}],"wp:term":[{"taxonomy":"product_brand","embeddable":true,"href":"https:\/\/www.yongjianceramic.com\/de\/wp-json\/wp\/v2\/product_brand?post=2525"},{"taxonomy":"product_cat","embeddable":true,"href":"https:\/\/www.yongjianceramic.com\/de\/wp-json\/wp\/v2\/product_cat?post=2525"},{"taxonomy":"product_tag","embeddable":true,"href":"https:\/\/www.yongjianceramic.com\/de\/wp-json\/wp\/v2\/product_tag?post=2525"}],"curies":[{"name":"wp","href":"https:\/\/api.w.org\/{rel}","templated":true}]}}