{"id":2540,"date":"2024-08-28T14:04:50","date_gmt":"2024-08-28T14:04:50","guid":{"rendered":"https:\/\/www.yongjianceramic.com\/?post_type=product&#038;p=2540"},"modified":"2024-11-01T11:43:42","modified_gmt":"2024-11-01T03:43:42","slug":"ceramic-mini-spoons-bulk","status":"publish","type":"product","link":"https:\/\/www.yongjianceramic.com\/de\/produkt\/ceramic-mini-spoons-bulk\/","title":{"rendered":"Keramische Mini-L\u00f6ffel Bulk, Gro\u00dfhandel Catering kleine L\u00f6ffel"},"content":{"rendered":"<div class=\"wp-block-columns is-layout-flex wp-container-core-columns-is-layout-9d6595d7 wp-block-columns-is-layout-flex\">\n<div class=\"wp-block-column is-layout-flow wp-block-column-is-layout-flow\">\n<h2 class=\"wp-block-heading\">Premium Mini L\u00f6ffel Bulk Eigenschaften:<\/h2>\n\n\n\n<ul class=\"wp-block-list\">\n<li><strong>Hochwertige Rohstoffe:<\/strong> Diese Mini-L\u00f6ffel sind aus hochwertiger Keramik mit guter Hitzebest\u00e4ndigkeit und Rissfestigkeit hergestellt. Die Oberfl\u00e4che ist glatt und zart, so dass sie auch nach langem Gebrauch sch\u00f6n und praktisch bleiben.<\/li>\n\n\n\n<li><strong>Vielseitig einsetzbar:<\/strong> Diese kleinen L\u00f6ffel aus dem Gro\u00dfhandel f\u00fcr die Gastronomie eignen sich f\u00fcr eine Vielzahl von Gelegenheiten, z. B. zum Sch\u00f6pfen von Gew\u00fcrzen, zum Probieren von Snacks, zum Servieren von Tee und Kaffee oder zum Dekorieren von Desserts. Sie sind wesentliche Mehrzweck-Geschirr in der Gastronomie.<\/li>\n\n\n\n<li><strong>Exquisit und kompakt: <\/strong>Das exquisite Design und die geringe Gr\u00f6\u00dfe unserer Mini-L\u00f6ffel machen sie leicht zu transportieren und geeignet f\u00fcr die Pr\u00e4sentation auf dem Esstisch. Sie sind perfekt mit allen Arten von Geschirr, ein Gef\u00fchl der Raffinesse zu Banketten, Caf\u00e9s oder Familientreffen hinzuzuf\u00fcgen.<\/li>\n\n\n\n<li><strong>Einfache Wartung: <\/strong>Diese kleinen Keramikl\u00f6ffel im Gro\u00dfhandel sind leicht zu reinigen und haben eine glatte Oberfl\u00e4che, die nicht so leicht Speisereste hinterl\u00e4sst. Sie k\u00f6nnen von Hand und in der Sp\u00fclmaschine gereinigt werden, sind leicht zu pflegen und erf\u00fcllen hohe Hygieneanforderungen.<\/li>\n<\/ul>\n<\/div>\n\n\n\n<div class=\"wp-block-column is-vertically-aligned-center is-layout-flow wp-block-column-is-layout-flow\"><div class=\"wp-block-image\">\n<figure class=\"aligncenter size-full\"><img fetchpriority=\"high\" decoding=\"async\" width=\"750\" height=\"750\" src=\"https:\/\/www.yongjianceramic.com\/wp-content\/uploads\/2024\/08\/Ceramic-Mini-Spoons-Bulk-Wholesale-Catering-Small-Spoons-6.webp\" alt=\"Keramische Mini-L\u00f6ffel Bulk, Gro\u00dfhandel Catering kleine L\u00f6ffel-6\" class=\"wp-image-3086\" srcset=\"https:\/\/www.yongjianceramic.com\/wp-content\/uploads\/2024\/08\/Ceramic-Mini-Spoons-Bulk-Wholesale-Catering-Small-Spoons-6.webp 750w, https:\/\/www.yongjianceramic.com\/wp-content\/uploads\/2024\/08\/Ceramic-Mini-Spoons-Bulk-Wholesale-Catering-Small-Spoons-6-300x300.webp 300w, https:\/\/www.yongjianceramic.com\/wp-content\/uploads\/2024\/08\/Ceramic-Mini-Spoons-Bulk-Wholesale-Catering-Small-Spoons-6-150x150.webp 150w, https:\/\/www.yongjianceramic.com\/wp-content\/uploads\/2024\/08\/Ceramic-Mini-Spoons-Bulk-Wholesale-Catering-Small-Spoons-6-12x12.webp 12w, https:\/\/www.yongjianceramic.com\/wp-content\/uploads\/2024\/08\/Ceramic-Mini-Spoons-Bulk-Wholesale-Catering-Small-Spoons-6-285x285.webp 285w, https:\/\/www.yongjianceramic.com\/wp-content\/uploads\/2024\/08\/Ceramic-Mini-Spoons-Bulk-Wholesale-Catering-Small-Spoons-6-270x270.webp 270w, https:\/\/www.yongjianceramic.com\/wp-content\/uploads\/2024\/08\/Ceramic-Mini-Spoons-Bulk-Wholesale-Catering-Small-Spoons-6-540x540.webp 540w, https:\/\/www.yongjianceramic.com\/wp-content\/uploads\/2024\/08\/Ceramic-Mini-Spoons-Bulk-Wholesale-Catering-Small-Spoons-6-660x660.webp 660w\" sizes=\"(max-width: 750px) 100vw, 750px\" \/><\/figure>\n<\/div><\/div>\n<\/div>","protected":false},"excerpt":{"rendered":"<p>Willkommen zum Kauf von L\u00f6ffeln in gro\u00dfen Mengen. Diese keramischen Mini-L\u00f6ffel bulk sind ideal f\u00fcr die Gastronomie und den Hausgebrauch mit ihren hochwertigen Materialien, multifunktionale Anwendungen und exquisite und kompakte Design. Sie sind ausgezeichnete Geschirr Produkte im Gro\u00dfhandel zu kaufen.<\/p>\n<table style=\"border-collapse: collapse; width: 275.02pt;\" border=\"0\" width=\"275\" cellspacing=\"0\" cellpadding=\"0\">\n<tbody>\n<tr style=\"height: 17.60pt;\">\n<td class=\"et3\" style=\"height: 17.60pt; width: 108.35pt;\" width=\"108\" height=\"17\">Hersteller<\/td>\n<td class=\"et3\" style=\"width: 167.10pt;\" width=\"167\">Yongjian<\/td>\n<\/tr>\n<tr style=\"height: 18.00pt;\">\n<td class=\"et3\" style=\"height: 18.00pt;\" height=\"18\">Modell Nr.<\/td>\n<td class=\"et4\" style=\"width: 167.10pt;\" width=\"167\">YJ-051<\/td>\n<\/tr>\n<tr style=\"height: 17.60pt;\">\n<td class=\"et3\" style=\"height: 17.60pt;\" height=\"17\">Produkttyp<\/td>\n<td class=\"et3\">Mini-L\u00f6ffel<\/td>\n<\/tr>\n<tr style=\"height: 17.60pt;\">\n<td class=\"et3\" style=\"height: 17.60pt;\" height=\"17\">Material<\/td>\n<td class=\"et3\">Porzellan<\/td>\n<\/tr>\n<tr style=\"height: 17.60pt;\">\n<td class=\"et6\" style=\"height: 17.60pt;\" height=\"17\">Farbe<\/td>\n<td class=\"et3\">Wei\u00df\/ Schwarz<\/td>\n<\/tr>\n<tr style=\"height: 17.60pt;\">\n<td class=\"et3\" style=\"height: 17.60pt;\" height=\"17\">Dimension<\/td>\n<td class=\"et3\">17*5<\/td>\n<\/tr>\n<tr style=\"height: 17.60pt;\">\n<td class=\"et3\" style=\"height: 17.60pt;\" height=\"17\">MOQ<\/td>\n<td class=\"et3\">500St\u00fcck<\/td>\n<\/tr>\n<tr style=\"height: 17.60pt;\">\n<td class=\"et3\" style=\"height: 17.60pt;\" height=\"17\">Benutzerdefiniert<\/td>\n<td class=\"et3\">Farbe\/Gr\u00f6\u00dfe\/Logo\/Verpackung<\/td>\n<\/tr>\n<\/tbody>\n<\/table>","protected":false},"featured_media":3083,"comment_status":"closed","ping_status":"closed","template":"","meta":{"_acf_changed":false},"product_brand":[],"product_cat":[80,89],"product_tag":[96],"class_list":{"0":"post-2540","1":"product","2":"type-product","3":"status-publish","4":"has-post-thumbnail","6":"product_cat-wholesale-ceramic-cutlery","7":"product_cat-ceramic-bulk-spoons","8":"product_tag-black-white-dinnerware-wholesale","10":"first","11":"instock","12":"shipping-taxable","13":"product-type-simple"},"acf":[],"_links":{"self":[{"href":"https:\/\/www.yongjianceramic.com\/de\/wp-json\/wp\/v2\/product\/2540","targetHints":{"allow":["GET"]}}],"collection":[{"href":"https:\/\/www.yongjianceramic.com\/de\/wp-json\/wp\/v2\/product"}],"about":[{"href":"https:\/\/www.yongjianceramic.com\/de\/wp-json\/wp\/v2\/types\/product"}],"replies":[{"embeddable":true,"href":"https:\/\/www.yongjianceramic.com\/de\/wp-json\/wp\/v2\/comments?post=2540"}],"wp:featuredmedia":[{"embeddable":true,"href":"https:\/\/www.yongjianceramic.com\/de\/wp-json\/wp\/v2\/media\/3083"}],"wp:attachment":[{"href":"https:\/\/www.yongjianceramic.com\/de\/wp-json\/wp\/v2\/media?parent=2540"}],"wp:term":[{"taxonomy":"product_brand","embeddable":true,"href":"https:\/\/www.yongjianceramic.com\/de\/wp-json\/wp\/v2\/product_brand?post=2540"},{"taxonomy":"product_cat","embeddable":true,"href":"https:\/\/www.yongjianceramic.com\/de\/wp-json\/wp\/v2\/product_cat?post=2540"},{"taxonomy":"product_tag","embeddable":true,"href":"https:\/\/www.yongjianceramic.com\/de\/wp-json\/wp\/v2\/product_tag?post=2540"}],"curies":[{"name":"wp","href":"https:\/\/api.w.org\/{rel}","templated":true}]}}