{"id":2653,"date":"2024-08-29T02:36:26","date_gmt":"2024-08-29T02:36:26","guid":{"rendered":"https:\/\/www.yongjianceramic.com\/?post_type=product&#038;p=2653"},"modified":"2025-03-01T17:45:10","modified_gmt":"2025-03-01T09:45:10","slug":"retro-dinnerware-plates-wholesale","status":"publish","type":"product","link":"https:\/\/www.yongjianceramic.com\/de\/produkt\/retro-dinnerware-plates-wholesale\/","title":{"rendered":"Retro-Geschirrteller Gro\u00dfhandel, blaue Keramikschale &amp; Teller"},"content":{"rendered":"<div class=\"wp-block-columns is-layout-flex wp-container-core-columns-is-layout-9d6595d7 wp-block-columns-is-layout-flex\">\n<div class=\"wp-block-column is-layout-flow wp-block-column-is-layout-flow\">\n<h2 class=\"wp-block-heading\">Premium Retro-Geschirr Teller Gro\u00dfhandel Merkmale:<\/h2>\n\n\n\n<ul class=\"wp-block-list\">\n<li><strong>Retro-Stil:<\/strong> Diese Retro-Geschirrteller haben ein zartes Muster mit klassischem blau-wei\u00dfem Farbschema und Vintage-Designs, die ein traditionelles und luxuri\u00f6ses Ambiente auf dem Esstisch schaffen und sich damit hervorragend f\u00fcr Dinnerpartys bei vielen Gelegenheiten eignen.<\/li>\n\n\n\n<li><strong>Lange Nutzungsdauer: <\/strong>Unsere Gro\u00dfhandelsgeschirrsets werden aus hochwertiger Keramik hergestellt, die eine gewisse Hitzebest\u00e4ndigkeit und H\u00e4rte aufweist, so dass das Geschirr bei regelm\u00e4\u00dfigem Gebrauch kaum zerkratzt und zerbricht und eine lange Lebensdauer hat, insbesondere bei h\u00e4ufigem Gebrauch in der Gastronomie.<\/li>\n\n\n\n<li><strong>Vollst\u00e4ndige Geschirrkategorien: <\/strong>Innerhalb dieser Sammlung von Gro\u00dfhandel Geschirr-Sets, Teller und Schalen wurden in diesem Gro\u00dfhandel setzt Sammlung von Geschirr, die verwendet werden k\u00f6nnen, um zu setzen und dienen verschiedenen Lebensmitteln enthalten.<\/li>\n\n\n\n<li><strong>Leicht zu reinigen:<\/strong> Die glatte Keramikoberfl\u00e4che unserer Retro-Geschirrteller Gro\u00dfhandel macht das Geschirr leicht zu reinigen, ist einfach zu Handw\u00e4sche und Sp\u00fclmaschine Reinigung, und ist nicht leicht zu verschmutzen und Geruch, die f\u00fcr die t\u00e4gliche Wartung bequem ist und h\u00e4lt das Geschirr hygienisch und sch\u00f6n.<\/li>\n<\/ul>\n<\/div>\n\n\n\n<div class=\"wp-block-column is-vertically-aligned-center is-layout-flow wp-block-column-is-layout-flow\"><div class=\"wp-block-image\">\n<figure class=\"aligncenter size-full\"><img fetchpriority=\"high\" decoding=\"async\" width=\"800\" height=\"800\" src=\"https:\/\/www.yongjianceramic.com\/wp-content\/uploads\/2024\/08\/Retro-Dinnerware-Plates-Wholesale-Blue-Ceramic-Bowl-Plate-4.webp\" alt=\"Retro-Geschirrteller Gro\u00dfhandel, blaue Keramikschale &amp; Teller-4\" class=\"wp-image-3101\" srcset=\"https:\/\/www.yongjianceramic.com\/wp-content\/uploads\/2024\/08\/Retro-Dinnerware-Plates-Wholesale-Blue-Ceramic-Bowl-Plate-4.webp 800w, https:\/\/www.yongjianceramic.com\/wp-content\/uploads\/2024\/08\/Retro-Dinnerware-Plates-Wholesale-Blue-Ceramic-Bowl-Plate-4-300x300.webp 300w, https:\/\/www.yongjianceramic.com\/wp-content\/uploads\/2024\/08\/Retro-Dinnerware-Plates-Wholesale-Blue-Ceramic-Bowl-Plate-4-150x150.webp 150w, https:\/\/www.yongjianceramic.com\/wp-content\/uploads\/2024\/08\/Retro-Dinnerware-Plates-Wholesale-Blue-Ceramic-Bowl-Plate-4-768x768.webp 768w, https:\/\/www.yongjianceramic.com\/wp-content\/uploads\/2024\/08\/Retro-Dinnerware-Plates-Wholesale-Blue-Ceramic-Bowl-Plate-4-12x12.webp 12w, https:\/\/www.yongjianceramic.com\/wp-content\/uploads\/2024\/08\/Retro-Dinnerware-Plates-Wholesale-Blue-Ceramic-Bowl-Plate-4-285x285.webp 285w, https:\/\/www.yongjianceramic.com\/wp-content\/uploads\/2024\/08\/Retro-Dinnerware-Plates-Wholesale-Blue-Ceramic-Bowl-Plate-4-270x270.webp 270w, https:\/\/www.yongjianceramic.com\/wp-content\/uploads\/2024\/08\/Retro-Dinnerware-Plates-Wholesale-Blue-Ceramic-Bowl-Plate-4-540x540.webp 540w, https:\/\/www.yongjianceramic.com\/wp-content\/uploads\/2024\/08\/Retro-Dinnerware-Plates-Wholesale-Blue-Ceramic-Bowl-Plate-4-660x660.webp 660w\" sizes=\"(max-width: 800px) 100vw, 800px\" \/><\/figure>\n<\/div><\/div>\n<\/div>","protected":false},"excerpt":{"rendered":"<p>Willkommen im Gro\u00dfhandel Geschirr-Sets zu kaufen. Diese Retro-Geschirr Teller Gro\u00dfhandel und Sch\u00fcssel in loser Sch\u00fcttung bieten sowohl sch\u00f6ne und funktionale Optionen f\u00fcr verschiedene Gelegenheiten zu essen. Leicht zu reinigen und langlebig, sind sie ideal f\u00fcr Restaurants und Haushalt verwenden.<\/p>\n<table style=\"border-collapse: collapse; width: 309.02pt;\" border=\"0\" width=\"309\" cellspacing=\"0\" cellpadding=\"0\">\n<tbody>\n<tr style=\"height: 17.60pt;\">\n<td class=\"et3\" style=\"height: 17.60pt; width: 120.25pt;\" width=\"120\" height=\"17\">Hersteller<\/td>\n<td class=\"et3\" style=\"width: 189.25pt;\" width=\"189\">Yongjian<\/td>\n<\/tr>\n<tr style=\"height: 18.00pt;\">\n<td class=\"et3\" style=\"height: 18.00pt;\" height=\"18\">Modell Nr.<\/td>\n<td class=\"et4\" style=\"width: 189.25pt;\" width=\"189\">YJ-053<\/td>\n<\/tr>\n<tr style=\"height: 18.00pt;\">\n<td class=\"et5\" style=\"height: 18.00pt; width: 120.25pt;\" width=\"120\" height=\"18\">Essgeschirr Typ<\/td>\n<td class=\"et5\" style=\"width: 189.25pt;\" width=\"189\">Teller, Platten, Schalen<\/td>\n<\/tr>\n<tr style=\"height: 17.60pt;\">\n<td class=\"et3\" style=\"height: 17.60pt;\" height=\"17\">Technik<\/td>\n<td class=\"et3\">Ofenglasur-Effekt<\/td>\n<\/tr>\n<tr style=\"height: 17.60pt;\">\n<td class=\"et3\" style=\"height: 17.60pt;\" height=\"17\">Material<\/td>\n<td class=\"et3\">Porzellan<\/td>\n<\/tr>\n<tr style=\"height: 36.00pt;\">\n<td class=\"et6\" style=\"height: 36.00pt;\" height=\"36\">Anwendbar<\/td>\n<td class=\"et5\" style=\"width: 189.25pt;\" width=\"189\">Sterilisator, Geschirrsp\u00fcler, Backofen, Mikrowelle<\/td>\n<\/tr>\n<tr style=\"height: 17.60pt;\">\n<td class=\"et3\" style=\"height: 17.60pt;\" height=\"17\">Dimension<\/td>\n<td class=\"et3\">Als Bild<\/td>\n<\/tr>\n<tr style=\"height: 17.60pt;\">\n<td class=\"et3\" style=\"height: 17.60pt;\" height=\"17\">MOQ<\/td>\n<td class=\"et3\">500St\u00fcck<\/td>\n<\/tr>\n<tr style=\"height: 17.60pt;\">\n<td class=\"et3\" style=\"height: 17.60pt;\" height=\"17\">Benutzerdefiniert<\/td>\n<td class=\"et3\">Farbe\/Gr\u00f6\u00dfe\/Logo\/Verpackung<\/td>\n<\/tr>\n<\/tbody>\n<\/table>","protected":false},"featured_media":3099,"comment_status":"closed","ping_status":"closed","template":"","meta":{"_acf_changed":false},"product_brand":[],"product_cat":[64,83],"product_tag":[84],"class_list":{"0":"post-2653","1":"product","2":"type-product","3":"status-publish","4":"has-post-thumbnail","6":"product_cat-dinnerware-sets","7":"product_cat-dinner-sets-wholesale","8":"product_tag-retro-design-dinnerware-wholesale","10":"first","11":"instock","12":"shipping-taxable","13":"product-type-simple"},"acf":[],"_links":{"self":[{"href":"https:\/\/www.yongjianceramic.com\/de\/wp-json\/wp\/v2\/product\/2653","targetHints":{"allow":["GET"]}}],"collection":[{"href":"https:\/\/www.yongjianceramic.com\/de\/wp-json\/wp\/v2\/product"}],"about":[{"href":"https:\/\/www.yongjianceramic.com\/de\/wp-json\/wp\/v2\/types\/product"}],"replies":[{"embeddable":true,"href":"https:\/\/www.yongjianceramic.com\/de\/wp-json\/wp\/v2\/comments?post=2653"}],"wp:featuredmedia":[{"embeddable":true,"href":"https:\/\/www.yongjianceramic.com\/de\/wp-json\/wp\/v2\/media\/3099"}],"wp:attachment":[{"href":"https:\/\/www.yongjianceramic.com\/de\/wp-json\/wp\/v2\/media?parent=2653"}],"wp:term":[{"taxonomy":"product_brand","embeddable":true,"href":"https:\/\/www.yongjianceramic.com\/de\/wp-json\/wp\/v2\/product_brand?post=2653"},{"taxonomy":"product_cat","embeddable":true,"href":"https:\/\/www.yongjianceramic.com\/de\/wp-json\/wp\/v2\/product_cat?post=2653"},{"taxonomy":"product_tag","embeddable":true,"href":"https:\/\/www.yongjianceramic.com\/de\/wp-json\/wp\/v2\/product_tag?post=2653"}],"curies":[{"name":"wp","href":"https:\/\/api.w.org\/{rel}","templated":true}]}}