{"id":2666,"date":"2024-08-29T02:55:48","date_gmt":"2024-08-29T02:55:48","guid":{"rendered":"https:\/\/www.yongjianceramic.com\/?post_type=product&#038;p=2666"},"modified":"2025-03-01T17:55:21","modified_gmt":"2025-03-01T09:55:21","slug":"oriental-wholesale-dinnerware-set","status":"publish","type":"product","link":"https:\/\/www.yongjianceramic.com\/de\/produkt\/oriental-wholesale-dinnerware-set\/","title":{"rendered":"Orientalische Gro\u00dfhandel Geschirr Set, Lotus Blatt Form Sch\u00fcssel &amp; Teller"},"content":{"rendered":"<div class=\"wp-block-columns is-layout-flex wp-container-core-columns-is-layout-9d6595d7 wp-block-columns-is-layout-flex\">\n<div class=\"wp-block-column is-layout-flow wp-block-column-is-layout-flow\">\n<h2 class=\"wp-block-heading\">Premium Oriental Gro\u00dfhandel Essgeschirr Set Eigenschaften:<\/h2>\n\n\n\n<ul class=\"wp-block-list\">\n<li><strong>Orientalisches Design: <\/strong>Dieses orientalische Gro\u00dfhandelsgeschirr hat ein neues Design in Form eines Lotusblatts, das von der nat\u00fcrlichen Welt der orientalischen Kultur inspiriert ist und ein elegantes und modisches Aussehen hat.<\/li>\n\n\n\n<li><strong>Sorgf\u00e4ltig gearbeitet: <\/strong>Jeder Teller und jede Sch\u00fcssel unseres Geschirrsets Gro\u00dfhandel ist fein durch die Verwendung von hochwertigen Keramik, die verschlei\u00dffest und hart ist, besitzt feine Kratzfestigkeit und Hitze, und daher kann langlebig sein und behalten Sch\u00f6nheit und Nutzbarkeit w\u00e4hrend der langfristigen Nutzung.<\/li>\n\n\n\n<li><strong>Perfekte Geschirrkombination:<\/strong> Unser orientalisches Gro\u00dfhandelsgeschirr umfasst Schalen und Teller in Form von Lotusbl\u00e4ttern, die sich bestens zum Servieren zahlreicher verschiedener Gerichte eignen, von Suppen \u00fcber Salate bis hin zu Gerichten. Weil es so vielseitig ist, ist es am besten geeignet f\u00fcr Bankette, Restaurant Mahlzeiten und Familienessen.<\/li>\n\n\n\n<li><strong>Leicht zu reinigen: <\/strong>Die glatte Keramikoberfl\u00e4che dieses Geschirrsets ist leicht zu reinigen, hinterl\u00e4sst keine Essensreste und kann von Hand oder in der Sp\u00fclmaschine gereinigt werden, was Zeit und Energie spart und die Sauberkeit und Sch\u00f6nheit des Geschirrs erh\u00e4lt.<\/li>\n<\/ul>\n<\/div>\n\n\n\n<div class=\"wp-block-column is-vertically-aligned-center is-layout-flow wp-block-column-is-layout-flow\"><div class=\"wp-block-image\">\n<figure class=\"aligncenter size-full\"><img fetchpriority=\"high\" decoding=\"async\" width=\"800\" height=\"800\" src=\"https:\/\/www.yongjianceramic.com\/wp-content\/uploads\/2024\/08\/Oriental-Wholesale-Dinnerware-Set-Lotus-Leaf-Shape-Bowl-Plate-5.webp\" alt=\"Orientalische Gro\u00dfhandel Geschirr Set, Lotus Blatt Form Sch\u00fcssel &amp; Teller-5\" class=\"wp-image-3108\" srcset=\"https:\/\/www.yongjianceramic.com\/wp-content\/uploads\/2024\/08\/Oriental-Wholesale-Dinnerware-Set-Lotus-Leaf-Shape-Bowl-Plate-5.webp 800w, https:\/\/www.yongjianceramic.com\/wp-content\/uploads\/2024\/08\/Oriental-Wholesale-Dinnerware-Set-Lotus-Leaf-Shape-Bowl-Plate-5-300x300.webp 300w, https:\/\/www.yongjianceramic.com\/wp-content\/uploads\/2024\/08\/Oriental-Wholesale-Dinnerware-Set-Lotus-Leaf-Shape-Bowl-Plate-5-150x150.webp 150w, https:\/\/www.yongjianceramic.com\/wp-content\/uploads\/2024\/08\/Oriental-Wholesale-Dinnerware-Set-Lotus-Leaf-Shape-Bowl-Plate-5-768x768.webp 768w, https:\/\/www.yongjianceramic.com\/wp-content\/uploads\/2024\/08\/Oriental-Wholesale-Dinnerware-Set-Lotus-Leaf-Shape-Bowl-Plate-5-12x12.webp 12w, https:\/\/www.yongjianceramic.com\/wp-content\/uploads\/2024\/08\/Oriental-Wholesale-Dinnerware-Set-Lotus-Leaf-Shape-Bowl-Plate-5-285x285.webp 285w, https:\/\/www.yongjianceramic.com\/wp-content\/uploads\/2024\/08\/Oriental-Wholesale-Dinnerware-Set-Lotus-Leaf-Shape-Bowl-Plate-5-270x270.webp 270w, https:\/\/www.yongjianceramic.com\/wp-content\/uploads\/2024\/08\/Oriental-Wholesale-Dinnerware-Set-Lotus-Leaf-Shape-Bowl-Plate-5-540x540.webp 540w, https:\/\/www.yongjianceramic.com\/wp-content\/uploads\/2024\/08\/Oriental-Wholesale-Dinnerware-Set-Lotus-Leaf-Shape-Bowl-Plate-5-660x660.webp 660w\" sizes=\"(max-width: 800px) 100vw, 800px\" \/><\/figure>\n<\/div><\/div>\n<\/div>","protected":false},"excerpt":{"rendered":"<p>Willkommen zum Kauf von Essgeschirr im Gro\u00dfhandel. Diese orientalische Gro\u00dfhandel Geschirr-Set gilt ein Lotusblatt Form Design, verschmelzen nat\u00fcrliche Elemente mit zeitgen\u00f6ssischen Handwerkskunst, bietet eine Ess-Erlebnis, das sowohl funktional und sch\u00f6n ist.<\/p>\n<table style=\"border-collapse: collapse; width: 309.02pt;\" border=\"0\" width=\"309\" cellspacing=\"0\" cellpadding=\"0\">\n<tbody>\n<tr style=\"height: 17.60pt;\">\n<td class=\"et3\" style=\"height: 17.60pt; width: 120.25pt;\" width=\"120\" height=\"17\">Hersteller<\/td>\n<td class=\"et3\" style=\"width: 189.25pt;\" width=\"189\">Yongjian<\/td>\n<\/tr>\n<tr style=\"height: 18.00pt;\">\n<td class=\"et3\" style=\"height: 18.00pt;\" height=\"18\">Modell Nr.<\/td>\n<td class=\"et4\" style=\"width: 189.25pt;\" width=\"189\">YJ-054<\/td>\n<\/tr>\n<tr style=\"height: 18.00pt;\">\n<td class=\"et5\" style=\"height: 18.00pt; width: 120.25pt;\" width=\"120\" height=\"18\">Essgeschirr Typ<\/td>\n<td class=\"et5\" style=\"width: 189.25pt;\" width=\"189\">Teller, Platten, Schalen<\/td>\n<\/tr>\n<tr style=\"height: 17.60pt;\">\n<td class=\"et3\" style=\"height: 17.60pt;\" height=\"17\">Technik<\/td>\n<td class=\"et3\">Ofenglasur-Effekt<\/td>\n<\/tr>\n<tr style=\"height: 17.60pt;\">\n<td class=\"et3\" style=\"height: 17.60pt;\" height=\"17\">Material<\/td>\n<td class=\"et3\">Porzellan<\/td>\n<\/tr>\n<tr style=\"height: 36.00pt;\">\n<td class=\"et6\" style=\"height: 36.00pt;\" height=\"36\">Anwendbar<\/td>\n<td class=\"et5\" style=\"width: 189.25pt;\" width=\"189\">Sterilisator, Geschirrsp\u00fcler, Backofen, Mikrowelle<\/td>\n<\/tr>\n<tr style=\"height: 17.60pt;\">\n<td class=\"et3\" style=\"height: 17.60pt;\" height=\"17\">Dimension<\/td>\n<td class=\"et3\">Als Bild<\/td>\n<\/tr>\n<tr style=\"height: 17.60pt;\">\n<td class=\"et3\" style=\"height: 17.60pt;\" height=\"17\">MOQ<\/td>\n<td class=\"et3\">500St\u00fcck<\/td>\n<\/tr>\n<tr style=\"height: 17.60pt;\">\n<td class=\"et3\" style=\"height: 17.60pt;\" height=\"17\">Benutzerdefiniert<\/td>\n<td class=\"et3\">Farbe\/Gr\u00f6\u00dfe\/Logo\/Verpackung<\/td>\n<\/tr>\n<\/tbody>\n<\/table>","protected":false},"featured_media":3104,"comment_status":"closed","ping_status":"closed","template":"","meta":{"_acf_changed":false},"product_brand":[],"product_cat":[64,85],"product_tag":[86],"class_list":{"0":"post-2666","1":"product","2":"type-product","3":"status-publish","4":"has-post-thumbnail","6":"product_cat-dinnerware-sets","7":"product_cat-wholesale-dinnerware-sets","8":"product_tag-oriental-style-dinnerware-wholesale","10":"first","11":"instock","12":"shipping-taxable","13":"product-type-simple"},"acf":[],"_links":{"self":[{"href":"https:\/\/www.yongjianceramic.com\/de\/wp-json\/wp\/v2\/product\/2666","targetHints":{"allow":["GET"]}}],"collection":[{"href":"https:\/\/www.yongjianceramic.com\/de\/wp-json\/wp\/v2\/product"}],"about":[{"href":"https:\/\/www.yongjianceramic.com\/de\/wp-json\/wp\/v2\/types\/product"}],"replies":[{"embeddable":true,"href":"https:\/\/www.yongjianceramic.com\/de\/wp-json\/wp\/v2\/comments?post=2666"}],"wp:featuredmedia":[{"embeddable":true,"href":"https:\/\/www.yongjianceramic.com\/de\/wp-json\/wp\/v2\/media\/3104"}],"wp:attachment":[{"href":"https:\/\/www.yongjianceramic.com\/de\/wp-json\/wp\/v2\/media?parent=2666"}],"wp:term":[{"taxonomy":"product_brand","embeddable":true,"href":"https:\/\/www.yongjianceramic.com\/de\/wp-json\/wp\/v2\/product_brand?post=2666"},{"taxonomy":"product_cat","embeddable":true,"href":"https:\/\/www.yongjianceramic.com\/de\/wp-json\/wp\/v2\/product_cat?post=2666"},{"taxonomy":"product_tag","embeddable":true,"href":"https:\/\/www.yongjianceramic.com\/de\/wp-json\/wp\/v2\/product_tag?post=2666"}],"curies":[{"name":"wp","href":"https:\/\/api.w.org\/{rel}","templated":true}]}}