{"id":2675,"date":"2024-08-29T03:14:52","date_gmt":"2024-08-29T03:14:52","guid":{"rendered":"https:\/\/www.yongjianceramic.com\/?post_type=product&#038;p=2675"},"modified":"2024-08-30T02:11:59","modified_gmt":"2024-08-30T02:11:59","slug":"bulk-dinnerware-sets","status":"publish","type":"product","link":"https:\/\/www.yongjianceramic.com\/de\/produkt\/bulk-dinnerware-sets\/","title":{"rendered":"Bulk-Geschirr-Sets, Diner-Sets im japanischen Stil f\u00fcr Izakayas"},"content":{"rendered":"<div class=\"wp-block-columns is-layout-flex wp-container-core-columns-is-layout-9d6595d7 wp-block-columns-is-layout-flex\">\n<div class=\"wp-block-column is-layout-flow wp-block-column-is-layout-flow\">\n<h2 class=\"wp-block-heading\">Premium Bulk-Geschirrsets Merkmale:<\/h2>\n\n\n\n<ul class=\"wp-block-list\">\n<li><strong>Japanischer Stil: <\/strong>Diese gro\u00dfvolumigen Geschirrsets sind von japanischen Izakayas inspiriert und spiegeln mit ihrem schlichten und eleganten Design und den weichen Linien die Essenz der traditionellen japanischen \u00c4sthetik wider.<\/li>\n\n\n\n<li><strong>Robuste Textur: <\/strong>Unsere Gro\u00dfhandelsgeschirre sind aus hochwertiger Keramik gefertigt, mit einer robusten Textur, hitzebest\u00e4ndig und langlebig. Die glatte Oberfl\u00e4che des Geschirrs ist nicht nur sch\u00f6n, sondern auch resistent gegen Kratzer und Abnutzung, so dass es auch nach langem Gebrauch noch wie neu aussieht.<\/li>\n\n\n\n<li><strong>Komplettes Tafelgeschirr: <\/strong>Diese gro\u00dfen Geschirrsets umfassen eine Vielzahl von h\u00e4ufig verwendeten Geschirren wie Sch\u00fcsseln, Teller, So\u00dfenteller usw., die den verschiedenen Bed\u00fcrfnissen von Izakayas und t\u00e4glichen Familienessen gerecht werden, egal ob es sich um Sushi, Ramen oder japanische Beilagen handelt.<\/li>\n\n\n\n<li><strong>Leicht zu reinigen:<\/strong> Die glatte Keramikoberfl\u00e4che unserer Gro\u00dfhandelssets ist leicht zu reinigen und kann Essensreste schnell entfernen. Es ist sehr bequem, ob es von Hand oder in der Sp\u00fclmaschine gewaschen wird.<\/li>\n<\/ul>\n<\/div>\n\n\n\n<div class=\"wp-block-column is-vertically-aligned-center is-layout-flow wp-block-column-is-layout-flow\"><div class=\"wp-block-image\">\n<figure class=\"aligncenter size-full\"><img fetchpriority=\"high\" decoding=\"async\" width=\"708\" height=\"708\" src=\"https:\/\/www.yongjianceramic.com\/wp-content\/uploads\/2024\/08\/Bulk-Dinnerware-Sets-Japanese-Style-Diner-Sets-For-Izakayas-4.webp\" alt=\"Bulk-Geschirr-Sets, Diner-Sets im japanischen Stil f\u00fcr Izakayas-4\" class=\"wp-image-3116\" srcset=\"https:\/\/www.yongjianceramic.com\/wp-content\/uploads\/2024\/08\/Bulk-Dinnerware-Sets-Japanese-Style-Diner-Sets-For-Izakayas-4.webp 708w, https:\/\/www.yongjianceramic.com\/wp-content\/uploads\/2024\/08\/Bulk-Dinnerware-Sets-Japanese-Style-Diner-Sets-For-Izakayas-4-300x300.webp 300w, https:\/\/www.yongjianceramic.com\/wp-content\/uploads\/2024\/08\/Bulk-Dinnerware-Sets-Japanese-Style-Diner-Sets-For-Izakayas-4-150x150.webp 150w, https:\/\/www.yongjianceramic.com\/wp-content\/uploads\/2024\/08\/Bulk-Dinnerware-Sets-Japanese-Style-Diner-Sets-For-Izakayas-4-12x12.webp 12w, https:\/\/www.yongjianceramic.com\/wp-content\/uploads\/2024\/08\/Bulk-Dinnerware-Sets-Japanese-Style-Diner-Sets-For-Izakayas-4-285x285.webp 285w, https:\/\/www.yongjianceramic.com\/wp-content\/uploads\/2024\/08\/Bulk-Dinnerware-Sets-Japanese-Style-Diner-Sets-For-Izakayas-4-270x270.webp 270w, https:\/\/www.yongjianceramic.com\/wp-content\/uploads\/2024\/08\/Bulk-Dinnerware-Sets-Japanese-Style-Diner-Sets-For-Izakayas-4-540x540.webp 540w, https:\/\/www.yongjianceramic.com\/wp-content\/uploads\/2024\/08\/Bulk-Dinnerware-Sets-Japanese-Style-Diner-Sets-For-Izakayas-4-660x660.webp 660w\" sizes=\"(max-width: 708px) 100vw, 708px\" \/><\/figure>\n<\/div><\/div>\n<\/div>","protected":false},"excerpt":{"rendered":"<p>Willkommen zum Kauf von Tafelsets im Gro\u00dfhandel. Unsere japanischen Geschirrsets haben ein elegantes Aussehen, hohe Haltbarkeit und Vielseitigkeit. Ob es f\u00fcr Izakayas, Restaurants oder Familienessen verwendet wird, kann es praktische und sch\u00f6ne L\u00f6sungen bieten, um das gesamte Esserlebnis zu verbessern.<\/p>\n<table style=\"border-collapse: collapse; width: 309.02pt;\" border=\"0\" width=\"309\" cellspacing=\"0\" cellpadding=\"0\">\n<tbody>\n<tr style=\"height: 17.60pt;\">\n<td class=\"et3\" style=\"height: 17.60pt; width: 120.25pt;\" width=\"120\" height=\"17\">Hersteller<\/td>\n<td class=\"et3\" style=\"width: 189.25pt;\" width=\"189\">Yongjian<\/td>\n<\/tr>\n<tr style=\"height: 18.00pt;\">\n<td class=\"et3\" style=\"height: 18.00pt;\" height=\"18\">Modell Nr.<\/td>\n<td class=\"et4\" style=\"width: 189.25pt;\" width=\"189\">YJ-054<\/td>\n<\/tr>\n<tr style=\"height: 18.00pt;\">\n<td class=\"et5\" style=\"height: 18.00pt; width: 120.25pt;\" width=\"120\" height=\"18\">Essgeschirr Typ<\/td>\n<td class=\"et5\" style=\"width: 189.25pt;\" width=\"189\">Teller, Platten, Schalen<\/td>\n<\/tr>\n<tr style=\"height: 17.60pt;\">\n<td class=\"et3\" style=\"height: 17.60pt;\" height=\"17\">Technik<\/td>\n<td class=\"et3\">Ofenglasur-Effekt<\/td>\n<\/tr>\n<tr style=\"height: 17.60pt;\">\n<td class=\"et3\" style=\"height: 17.60pt;\" height=\"17\">Material<\/td>\n<td class=\"et3\">Porzellan<\/td>\n<\/tr>\n<tr style=\"height: 36.00pt;\">\n<td class=\"et6\" style=\"height: 36.00pt;\" height=\"36\">Anwendbar<\/td>\n<td class=\"et5\" style=\"width: 189.25pt;\" width=\"189\">Sterilisator, Geschirrsp\u00fcler, Backofen, Mikrowelle<\/td>\n<\/tr>\n<tr style=\"height: 17.60pt;\">\n<td class=\"et3\" style=\"height: 17.60pt;\" height=\"17\">Dimension<\/td>\n<td class=\"et3\">Als Bild<\/td>\n<\/tr>\n<tr style=\"height: 17.60pt;\">\n<td class=\"et3\" style=\"height: 17.60pt;\" height=\"17\">MOQ<\/td>\n<td class=\"et3\">500St\u00fcck<\/td>\n<\/tr>\n<tr style=\"height: 17.60pt;\">\n<td class=\"et3\" style=\"height: 17.60pt;\" height=\"17\">Benutzerdefiniert<\/td>\n<td class=\"et3\">Farbe\/Gr\u00f6\u00dfe\/Logo\/Verpackung<\/td>\n<\/tr>\n<\/tbody>\n<\/table>","protected":false},"featured_media":3117,"comment_status":"closed","ping_status":"closed","template":"","meta":{"_acf_changed":false},"product_brand":[],"product_cat":[64,87],"product_tag":[88],"class_list":{"0":"post-2675","1":"product","2":"type-product","3":"status-publish","4":"has-post-thumbnail","6":"product_cat-dinnerware-sets","7":"product_cat-tableware-wholesale","8":"product_tag-japanese-style-dinnerware-set-wholesale","10":"first","11":"instock","12":"shipping-taxable","13":"product-type-simple"},"acf":[],"_links":{"self":[{"href":"https:\/\/www.yongjianceramic.com\/de\/wp-json\/wp\/v2\/product\/2675","targetHints":{"allow":["GET"]}}],"collection":[{"href":"https:\/\/www.yongjianceramic.com\/de\/wp-json\/wp\/v2\/product"}],"about":[{"href":"https:\/\/www.yongjianceramic.com\/de\/wp-json\/wp\/v2\/types\/product"}],"replies":[{"embeddable":true,"href":"https:\/\/www.yongjianceramic.com\/de\/wp-json\/wp\/v2\/comments?post=2675"}],"wp:featuredmedia":[{"embeddable":true,"href":"https:\/\/www.yongjianceramic.com\/de\/wp-json\/wp\/v2\/media\/3117"}],"wp:attachment":[{"href":"https:\/\/www.yongjianceramic.com\/de\/wp-json\/wp\/v2\/media?parent=2675"}],"wp:term":[{"taxonomy":"product_brand","embeddable":true,"href":"https:\/\/www.yongjianceramic.com\/de\/wp-json\/wp\/v2\/product_brand?post=2675"},{"taxonomy":"product_cat","embeddable":true,"href":"https:\/\/www.yongjianceramic.com\/de\/wp-json\/wp\/v2\/product_cat?post=2675"},{"taxonomy":"product_tag","embeddable":true,"href":"https:\/\/www.yongjianceramic.com\/de\/wp-json\/wp\/v2\/product_tag?post=2675"}],"curies":[{"name":"wp","href":"https:\/\/api.w.org\/{rel}","templated":true}]}}