{"id":3215,"date":"2024-09-07T01:24:01","date_gmt":"2024-09-07T01:24:01","guid":{"rendered":"https:\/\/www.yongjianceramic.com\/?post_type=product&#038;p=3215"},"modified":"2025-11-04T16:38:40","modified_gmt":"2025-11-04T08:38:40","slug":"rice-bowls-wholesale","status":"publish","type":"product","link":"https:\/\/www.yongjianceramic.com\/de\/produkt\/rice-bowls-wholesale\/","title":{"rendered":"4,75-Zoll-Restaurant-Reis-Schalen Gro\u00dfhandel, benutzerdefinierte Suppenschalen"},"content":{"rendered":"<div class=\"wp-block-columns is-layout-flex wp-container-core-columns-is-layout-9d6595d7 wp-block-columns-is-layout-flex\">\n<div class=\"wp-block-column is-layout-flow wp-block-column-is-layout-flow\">\n<h2 class=\"wp-block-heading\">Premium-Reisschalen Gro\u00dfhandel Merkmale:<\/h2>\n\n\n\n<ul class=\"wp-block-list\">\n<li><strong>Einzigartiges Design: <\/strong>Das Design unserer Reisschalen im Gro\u00dfhandel ist vom Lotusblatt in der Natur inspiriert. Die Form ist klar und anspruchsvoll, und die Komplexit\u00e4t der Handwerkskunst hebt die sorgf\u00e4ltigen Details hervor, die ein Gef\u00fchl von Kunst auf dem Tisch schaffen.<\/li>\n\n\n\n<li><strong>M\u00e4\u00dfige Gr\u00f6\u00dfe: <\/strong>Die 4,75-Zoll-Sch\u00fcssel K\u00f6rper Design dieser Restaurant Suppe Schalen bulk ist moderat in der Gr\u00f6\u00dfe, geeignet f\u00fcr Reis, Suppen, Beilagen und andere Lebensmittel. Es ist geeignet f\u00fcr den t\u00e4glichen Gebrauch in der Familie und ist auch sehr geeignet f\u00fcr den Einsatz als Geschirr in Restaurants oder Hotels.<\/li>\n\n\n\n<li><strong>Sicher und langlebig: <\/strong>Unsere Reisschalen Gro\u00dfhandel sind bei hohen Temperaturen gebrannt, sie sind hitzebest\u00e4ndig und verschlei\u00dffest, nicht leicht zu zerkratzen oder absorbieren Ger\u00fcche, die Gew\u00e4hrleistung der sicheren Gebrauch, und leicht zu reinigen, halten sie wie neu f\u00fcr eine lange Zeit.<\/li>\n\n\n\n<li><strong>Kosteng\u00fcnstig und erschwinglich:<\/strong> Yongjian bietet Gro\u00dfh\u00e4ndlern und Catering-Unternehmen wettbewerbsf\u00e4hige Gro\u00dfhandelspreise f\u00fcr Restaurant-Suppenschalen in gro\u00dfen Mengen zu einem g\u00fcnstigen Preis. Es ist eine ideale Wahl f\u00fcr diejenigen, die eine hohe Kosteneffizienz anstreben und verschiedene Einkaufsanforderungen erf\u00fcllen.<\/li>\n<\/ul>\n<\/div>\n\n\n\n<div class=\"wp-block-column is-vertically-aligned-center is-layout-flow wp-block-column-is-layout-flow\"><div class=\"wp-block-image\">\n<figure class=\"aligncenter size-full\"><img fetchpriority=\"high\" decoding=\"async\" width=\"800\" height=\"800\" src=\"https:\/\/www.yongjianceramic.com\/wp-content\/uploads\/2024\/09\/4.75-Inch-Ceramic-Rice-Bowls-Wholesale-with-Lotus-Leaf-Shape-5.webp\" alt=\"4,75-Zoll-Keramik-Reisschalen Gro\u00dfhandel mit Lotusblatt Form-5\" class=\"wp-image-3220\" srcset=\"https:\/\/www.yongjianceramic.com\/wp-content\/uploads\/2024\/09\/4.75-Inch-Ceramic-Rice-Bowls-Wholesale-with-Lotus-Leaf-Shape-5.webp 800w, https:\/\/www.yongjianceramic.com\/wp-content\/uploads\/2024\/09\/4.75-Inch-Ceramic-Rice-Bowls-Wholesale-with-Lotus-Leaf-Shape-5-300x300.webp 300w, https:\/\/www.yongjianceramic.com\/wp-content\/uploads\/2024\/09\/4.75-Inch-Ceramic-Rice-Bowls-Wholesale-with-Lotus-Leaf-Shape-5-150x150.webp 150w, https:\/\/www.yongjianceramic.com\/wp-content\/uploads\/2024\/09\/4.75-Inch-Ceramic-Rice-Bowls-Wholesale-with-Lotus-Leaf-Shape-5-768x768.webp 768w, https:\/\/www.yongjianceramic.com\/wp-content\/uploads\/2024\/09\/4.75-Inch-Ceramic-Rice-Bowls-Wholesale-with-Lotus-Leaf-Shape-5-12x12.webp 12w, https:\/\/www.yongjianceramic.com\/wp-content\/uploads\/2024\/09\/4.75-Inch-Ceramic-Rice-Bowls-Wholesale-with-Lotus-Leaf-Shape-5-285x285.webp 285w, https:\/\/www.yongjianceramic.com\/wp-content\/uploads\/2024\/09\/4.75-Inch-Ceramic-Rice-Bowls-Wholesale-with-Lotus-Leaf-Shape-5-270x270.webp 270w, https:\/\/www.yongjianceramic.com\/wp-content\/uploads\/2024\/09\/4.75-Inch-Ceramic-Rice-Bowls-Wholesale-with-Lotus-Leaf-Shape-5-540x540.webp 540w, https:\/\/www.yongjianceramic.com\/wp-content\/uploads\/2024\/09\/4.75-Inch-Ceramic-Rice-Bowls-Wholesale-with-Lotus-Leaf-Shape-5-660x660.webp 660w\" sizes=\"(max-width: 800px) 100vw, 800px\" \/><\/figure>\n<\/div><\/div>\n<\/div>","protected":false},"excerpt":{"rendered":"<p>Willkommen im Restaurant Suppenschalen bulk kaufen. Unsere 4,75-Zoll-Keramik-Reisschalen Gro\u00dfhandel nimmt eine einzigartige Lotusblatt Form Design, das nicht nur zeigt die nat\u00fcrliche Sch\u00f6nheit, sondern hat auch eine breite Palette von Praktikabilit\u00e4t. Es ist geeignet f\u00fcr eine Vielzahl von Lebensmitteln wie Reis und Suppen, die eine ideale Gro\u00dfhandel Wahl f\u00fcr die Gastronomie und Einzelh\u00e4ndler, die Kosteneffizienz zu verfolgen ist.<\/p>\n<table style=\"border-collapse: collapse; width: 309.02pt;\" border=\"0\" width=\"309\" cellspacing=\"0\" cellpadding=\"0\">\n<tbody>\n<tr style=\"height: 17.60pt;\">\n<td class=\"et3\" style=\"height: 17.60pt; width: 120.25pt;\" width=\"120\" height=\"17\">Hersteller<\/td>\n<td class=\"et3\" style=\"width: 189.25pt;\" width=\"189\">Yongjian<\/td>\n<\/tr>\n<tr style=\"height: 18.00pt;\">\n<td class=\"et3\" style=\"height: 18.00pt;\" height=\"18\">Modell Nr.<\/td>\n<td class=\"et4\" style=\"width: 189.25pt;\" width=\"189\">YJ-007<\/td>\n<\/tr>\n<tr style=\"height: 17.60pt;\">\n<td class=\"et3\" style=\"height: 17.60pt;\" height=\"17\">Produkttyp<\/td>\n<td class=\"et3\">Reissch\u00fcssel<\/td>\n<\/tr>\n<tr style=\"height: 17.60pt;\">\n<td class=\"et3\" style=\"height: 17.60pt;\" height=\"17\">Material<\/td>\n<td class=\"et3\">Porzellan<\/td>\n<\/tr>\n<tr style=\"height: 17.60pt;\">\n<td class=\"et5\" style=\"height: 17.60pt;\" height=\"17\">Farbe<\/td>\n<td class=\"et3\">Wei\u00df\/ Schwarz<\/td>\n<\/tr>\n<tr style=\"height: 17.60pt;\">\n<td class=\"et3\" style=\"height: 17.60pt;\" height=\"17\">Dimension<\/td>\n<td class=\"et3\">12,5*12,5*6\uff0c400ml<\/td>\n<\/tr>\n<tr style=\"height: 17.60pt;\">\n<td class=\"et3\" style=\"height: 17.60pt;\" height=\"17\">MOQ<\/td>\n<td class=\"et3\">500St\u00fcck<\/td>\n<\/tr>\n<tr style=\"height: 17.60pt;\">\n<td class=\"et3\" style=\"height: 17.60pt;\" height=\"17\">Benutzerdefiniert<\/td>\n<td class=\"et3\">Farbe\/Gr\u00f6\u00dfe\/Logo\/Verpackung<\/td>\n<\/tr>\n<\/tbody>\n<\/table>","protected":false},"featured_media":3217,"comment_status":"closed","ping_status":"closed","template":"","meta":{"_acf_changed":false},"product_brand":[],"product_cat":[72,63],"product_tag":[96],"class_list":{"0":"post-3215","1":"product","2":"type-product","3":"status-publish","4":"has-post-thumbnail","6":"product_cat-rice-bowls-bulk","7":"product_cat-wholesale-bowls","8":"product_tag-black-white-dinnerware-wholesale","10":"first","11":"instock","12":"shipping-taxable","13":"product-type-simple"},"acf":[],"_links":{"self":[{"href":"https:\/\/www.yongjianceramic.com\/de\/wp-json\/wp\/v2\/product\/3215","targetHints":{"allow":["GET"]}}],"collection":[{"href":"https:\/\/www.yongjianceramic.com\/de\/wp-json\/wp\/v2\/product"}],"about":[{"href":"https:\/\/www.yongjianceramic.com\/de\/wp-json\/wp\/v2\/types\/product"}],"replies":[{"embeddable":true,"href":"https:\/\/www.yongjianceramic.com\/de\/wp-json\/wp\/v2\/comments?post=3215"}],"wp:featuredmedia":[{"embeddable":true,"href":"https:\/\/www.yongjianceramic.com\/de\/wp-json\/wp\/v2\/media\/3217"}],"wp:attachment":[{"href":"https:\/\/www.yongjianceramic.com\/de\/wp-json\/wp\/v2\/media?parent=3215"}],"wp:term":[{"taxonomy":"product_brand","embeddable":true,"href":"https:\/\/www.yongjianceramic.com\/de\/wp-json\/wp\/v2\/product_brand?post=3215"},{"taxonomy":"product_cat","embeddable":true,"href":"https:\/\/www.yongjianceramic.com\/de\/wp-json\/wp\/v2\/product_cat?post=3215"},{"taxonomy":"product_tag","embeddable":true,"href":"https:\/\/www.yongjianceramic.com\/de\/wp-json\/wp\/v2\/product_tag?post=3215"}],"curies":[{"name":"wp","href":"https:\/\/api.w.org\/{rel}","templated":true}]}}