{"id":3223,"date":"2024-09-07T01:43:56","date_gmt":"2024-09-07T01:43:56","guid":{"rendered":"https:\/\/www.yongjianceramic.com\/?post_type=product&#038;p=3223"},"modified":"2024-09-20T09:13:32","modified_gmt":"2024-09-20T09:13:32","slug":"ceramic-rice-bowls-bulk","status":"publish","type":"product","link":"https:\/\/www.yongjianceramic.com\/de\/produkt\/ceramic-rice-bowls-bulk\/","title":{"rendered":"6-Zoll-Keramik-Reisschalen Bulk mit Lotusblatt Form Design"},"content":{"rendered":"<div class=\"wp-block-columns is-layout-flex wp-container-core-columns-is-layout-9d6595d7 wp-block-columns-is-layout-flex\">\n<div class=\"wp-block-column is-layout-flow wp-block-column-is-layout-flow\">\n<h2 class=\"wp-block-heading\">Premium-Keramik-Reisschalen Bulk Eigenschaften:<\/h2>\n\n\n\n<ul class=\"wp-block-list\">\n<li><strong>Lotusblatt-Design: <\/strong>Der Rand dieser Keramik-Reisschalen nimmt eine einzigartige Form an, die Lotosbl\u00e4tter imitiert, voller nat\u00fcrlicher Sch\u00f6nheit, die dem Geschirr eine k\u00fcnstlerische Atmosph\u00e4re verleiht und sich f\u00fcr Anl\u00e4sse eignet, bei denen ein raffiniertes Esserlebnis angestrebt wird.<\/li>\n\n\n\n<li><strong>Vielseitig und praktisch: <\/strong>Im Vergleich zu herk\u00f6mmlichen Reissch\u00fcsseln haben unsere 6-Zoll-Sch\u00fcsseln ein gr\u00f6\u00dferes Fassungsverm\u00f6gen und eignen sich f\u00fcr eine Vielzahl von Speisen wie Reis, Nudeln, Suppen usw., die den Bed\u00fcrfnissen verschiedener Anl\u00e4sse gerecht werden.<\/li>\n\n\n\n<li><strong>Langlebig und gesund:<\/strong> Ausgew\u00e4hlte hochwertige Keramik, bei hohen Temperaturen gebrannt, unsere Keramik-Reisschalen bulk gew\u00e4hrleisten die Haltbarkeit und Sicherheit des Produkts, hitzebest\u00e4ndig, kratzfest, geeignet f\u00fcr den h\u00e4ufigen Gebrauch und leicht zu reinigen.<\/li>\n\n\n\n<li><strong>Preisvorteil: <\/strong>Geeignet f\u00fcr Gro\u00dfbestellungen von Catering-Unternehmen und Einzelh\u00e4ndlern, die attraktive Gro\u00dfhandelspreise f\u00fcr Reisschalen in gro\u00dfen Mengen anbieten, um die Nachfrage nach kosteng\u00fcnstigen Produkten zu decken.<\/li>\n<\/ul>\n<\/div>\n\n\n\n<div class=\"wp-block-column is-vertically-aligned-center is-layout-flow wp-block-column-is-layout-flow\"><div class=\"wp-block-image\">\n<figure class=\"aligncenter size-full\"><img fetchpriority=\"high\" decoding=\"async\" width=\"1200\" height=\"1200\" src=\"https:\/\/www.yongjianceramic.com\/wp-content\/uploads\/2024\/09\/6-Inch-Ceramic-Rice-Bowls-Bulk-With-Lotus-Leaf-Shape-Design-5.webp\" alt=\"6-Zoll-Keramik-Reis-Schalen Bulk mit Lotusblatt Form Design-5\" class=\"wp-image-3227\" srcset=\"https:\/\/www.yongjianceramic.com\/wp-content\/uploads\/2024\/09\/6-Inch-Ceramic-Rice-Bowls-Bulk-With-Lotus-Leaf-Shape-Design-5.webp 1200w, https:\/\/www.yongjianceramic.com\/wp-content\/uploads\/2024\/09\/6-Inch-Ceramic-Rice-Bowls-Bulk-With-Lotus-Leaf-Shape-Design-5-300x300.webp 300w, https:\/\/www.yongjianceramic.com\/wp-content\/uploads\/2024\/09\/6-Inch-Ceramic-Rice-Bowls-Bulk-With-Lotus-Leaf-Shape-Design-5-150x150.webp 150w, https:\/\/www.yongjianceramic.com\/wp-content\/uploads\/2024\/09\/6-Inch-Ceramic-Rice-Bowls-Bulk-With-Lotus-Leaf-Shape-Design-5-768x768.webp 768w, https:\/\/www.yongjianceramic.com\/wp-content\/uploads\/2024\/09\/6-Inch-Ceramic-Rice-Bowls-Bulk-With-Lotus-Leaf-Shape-Design-5-12x12.webp 12w, https:\/\/www.yongjianceramic.com\/wp-content\/uploads\/2024\/09\/6-Inch-Ceramic-Rice-Bowls-Bulk-With-Lotus-Leaf-Shape-Design-5-285x285.webp 285w, https:\/\/www.yongjianceramic.com\/wp-content\/uploads\/2024\/09\/6-Inch-Ceramic-Rice-Bowls-Bulk-With-Lotus-Leaf-Shape-Design-5-270x270.webp 270w, https:\/\/www.yongjianceramic.com\/wp-content\/uploads\/2024\/09\/6-Inch-Ceramic-Rice-Bowls-Bulk-With-Lotus-Leaf-Shape-Design-5-540x540.webp 540w, https:\/\/www.yongjianceramic.com\/wp-content\/uploads\/2024\/09\/6-Inch-Ceramic-Rice-Bowls-Bulk-With-Lotus-Leaf-Shape-Design-5-660x660.webp 660w\" sizes=\"(max-width: 1200px) 100vw, 1200px\" \/><\/figure>\n<\/div><\/div>\n<\/div>","protected":false},"excerpt":{"rendered":"<p>Willkommen bei Keramik Reisschalen bulk kaufen. Diese 6-Zoll-Keramik-Reissch\u00fcssel Gro\u00dfhandel hat ein einzigartiges Design und verf\u00fcgt \u00fcber eine Lotusblattform. Es ist nicht nur sch\u00f6n und gro\u00dfz\u00fcgig, sondern hat auch die praktischen Vorteile der gro\u00dfen Kapazit\u00e4t und Haltbarkeit. Es ist f\u00fcr eine Vielzahl von Catering-Anl\u00e4ssen geeignet und ist eine ideale Wahl f\u00fcr Gro\u00dfeink\u00e4ufe.<\/p>\n<table style=\"border-collapse: collapse; width: 309.02pt;\" border=\"0\" width=\"309\" cellspacing=\"0\" cellpadding=\"0\">\n<tbody>\n<tr style=\"height: 17.60pt;\">\n<td class=\"et3\" style=\"height: 17.60pt; width: 120.25pt;\" width=\"120\" height=\"17\">Hersteller<\/td>\n<td class=\"et3\" style=\"width: 189.25pt;\" width=\"189\">Yongjian<\/td>\n<\/tr>\n<tr style=\"height: 18.00pt;\">\n<td class=\"et3\" style=\"height: 18.00pt;\" height=\"18\">Modell Nr.<\/td>\n<td class=\"et4\" style=\"width: 189.25pt;\" width=\"189\">YJ-008<\/td>\n<\/tr>\n<tr style=\"height: 17.60pt;\">\n<td class=\"et3\" style=\"height: 17.60pt;\" height=\"17\">Produkttyp<\/td>\n<td class=\"et3\">Reissch\u00fcssel<\/td>\n<\/tr>\n<tr style=\"height: 17.60pt;\">\n<td class=\"et3\" style=\"height: 17.60pt;\" height=\"17\">Material<\/td>\n<td class=\"et3\">Porzellan<\/td>\n<\/tr>\n<tr style=\"height: 17.60pt;\">\n<td class=\"et5\" style=\"height: 17.60pt;\" height=\"17\">Farbe<\/td>\n<td class=\"et3\">Wei\u00df\/ Schwarz<\/td>\n<\/tr>\n<tr style=\"height: 17.60pt;\">\n<td class=\"et3\" style=\"height: 17.60pt;\" height=\"17\">Dimension<\/td>\n<td class=\"et3\">14.7*14.7*6.8\uff0c600ml<\/td>\n<\/tr>\n<tr style=\"height: 17.60pt;\">\n<td class=\"et3\" style=\"height: 17.60pt;\" height=\"17\">MOQ<\/td>\n<td class=\"et3\">500St\u00fcck<\/td>\n<\/tr>\n<tr style=\"height: 17.60pt;\">\n<td class=\"et3\" style=\"height: 17.60pt;\" height=\"17\">Benutzerdefiniert<\/td>\n<td class=\"et3\">Farbe\/Gr\u00f6\u00dfe\/Logo\/Verpackung<\/td>\n<\/tr>\n<\/tbody>\n<\/table>","protected":false},"featured_media":3226,"comment_status":"closed","ping_status":"closed","template":"","meta":{"_acf_changed":false},"product_brand":[],"product_cat":[72,63],"product_tag":[96],"class_list":{"0":"post-3223","1":"product","2":"type-product","3":"status-publish","4":"has-post-thumbnail","6":"product_cat-rice-bowls-bulk","7":"product_cat-wholesale-bowls","8":"product_tag-black-white-dinnerware-wholesale","10":"first","11":"instock","12":"shipping-taxable","13":"product-type-simple"},"acf":[],"_links":{"self":[{"href":"https:\/\/www.yongjianceramic.com\/de\/wp-json\/wp\/v2\/product\/3223","targetHints":{"allow":["GET"]}}],"collection":[{"href":"https:\/\/www.yongjianceramic.com\/de\/wp-json\/wp\/v2\/product"}],"about":[{"href":"https:\/\/www.yongjianceramic.com\/de\/wp-json\/wp\/v2\/types\/product"}],"replies":[{"embeddable":true,"href":"https:\/\/www.yongjianceramic.com\/de\/wp-json\/wp\/v2\/comments?post=3223"}],"wp:featuredmedia":[{"embeddable":true,"href":"https:\/\/www.yongjianceramic.com\/de\/wp-json\/wp\/v2\/media\/3226"}],"wp:attachment":[{"href":"https:\/\/www.yongjianceramic.com\/de\/wp-json\/wp\/v2\/media?parent=3223"}],"wp:term":[{"taxonomy":"product_brand","embeddable":true,"href":"https:\/\/www.yongjianceramic.com\/de\/wp-json\/wp\/v2\/product_brand?post=3223"},{"taxonomy":"product_cat","embeddable":true,"href":"https:\/\/www.yongjianceramic.com\/de\/wp-json\/wp\/v2\/product_cat?post=3223"},{"taxonomy":"product_tag","embeddable":true,"href":"https:\/\/www.yongjianceramic.com\/de\/wp-json\/wp\/v2\/product_tag?post=3223"}],"curies":[{"name":"wp","href":"https:\/\/api.w.org\/{rel}","templated":true}]}}