{"id":3239,"date":"2024-09-07T02:30:48","date_gmt":"2024-09-07T02:30:48","guid":{"rendered":"https:\/\/www.yongjianceramic.com\/?post_type=product&#038;p=3239"},"modified":"2025-11-04T16:49:28","modified_gmt":"2025-11-04T08:49:28","slug":"wholesale-ceramic-rice-bowls","status":"publish","type":"product","link":"https:\/\/www.yongjianceramic.com\/de\/produkt\/wholesale-ceramic-rice-bowls\/","title":{"rendered":"Gro\u00dfhandel Keramik Reis Schalen in 3 Gr\u00f6\u00dfen, Bulk Ramen Schalen"},"content":{"rendered":"<div class=\"wp-block-columns is-layout-flex wp-container-core-columns-is-layout-9d6595d7 wp-block-columns-is-layout-flex\">\n<div class=\"wp-block-column is-layout-flow wp-block-column-is-layout-flow\">\n<h2 class=\"wp-block-heading\">Premium Gro\u00dfhandel keramische Reisschalen Eigenschaften:<\/h2>\n\n\n\n<ul class=\"wp-block-list\">\n<li><strong>Besondere Textur:<\/strong> Unsere Gro\u00dfhandel Keramik Reisschalen \"au\u00dfen hat eine Rock-Textur-Design, das voll von nat\u00fcrlichen rauen Sch\u00f6nheit und ein besonderes Gef\u00fchl, Hinzuf\u00fcgen pers\u00f6nlichen Stil auf den Tisch, sch\u00f6n und einzigartig ist.<\/li>\n\n\n\n<li><strong>Langlebig: <\/strong>Unsere Ramen-Schalen aus ausgew\u00e4hlter, hochwertiger Keramik sind verschlei\u00dffest und hitzebest\u00e4ndig, halten hohen Temperaturen stand und gew\u00e4hrleisten eine lange Lebensdauer der Schale.<\/li>\n\n\n\n<li><strong>\u00dcblicherweise angewendet: <\/strong>Ob Reis, Salat oder Suppe, unsere Gro\u00dfhandels-Keramik-Reissch\u00fcsseln haben die perfekte Gr\u00f6\u00dfe, die sich anpasst, um viele Male verwendet zu werden, und die die unterschiedlichen Bed\u00fcrfnisse von Familien oder Catering-Unternehmen erf\u00fcllt.<\/li>\n\n\n\n<li><strong>Wirtschaftlich: <\/strong>Gro\u00dfhandelspreisvorteile f\u00fcr Ramen- und Reissch\u00fcsseln aus Keramik f\u00fcr Gastronomen und Einzelh\u00e4ndler, die ihnen eine hohe Kosteneffizienz beim Einkauf erm\u00f6glichen und somit Kosten f\u00fcr Unternehmen sparen.<\/li>\n<\/ul>\n<\/div>\n\n\n\n<div class=\"wp-block-column is-vertically-aligned-center is-layout-flow wp-block-column-is-layout-flow\"><div class=\"wp-block-image\">\n<figure class=\"aligncenter size-full\"><img fetchpriority=\"high\" decoding=\"async\" width=\"750\" height=\"750\" src=\"https:\/\/www.yongjianceramic.com\/wp-content\/uploads\/2024\/09\/Wholesale-Ceramic-Rice-Bowls-With-Rock-Texture-Design-3.webp\" alt=\"Gro\u00dfhandel keramischen Reis Schalen mit Rock Textur Design-3\" class=\"wp-image-3242\" srcset=\"https:\/\/www.yongjianceramic.com\/wp-content\/uploads\/2024\/09\/Wholesale-Ceramic-Rice-Bowls-With-Rock-Texture-Design-3.webp 750w, https:\/\/www.yongjianceramic.com\/wp-content\/uploads\/2024\/09\/Wholesale-Ceramic-Rice-Bowls-With-Rock-Texture-Design-3-300x300.webp 300w, https:\/\/www.yongjianceramic.com\/wp-content\/uploads\/2024\/09\/Wholesale-Ceramic-Rice-Bowls-With-Rock-Texture-Design-3-150x150.webp 150w, https:\/\/www.yongjianceramic.com\/wp-content\/uploads\/2024\/09\/Wholesale-Ceramic-Rice-Bowls-With-Rock-Texture-Design-3-12x12.webp 12w, https:\/\/www.yongjianceramic.com\/wp-content\/uploads\/2024\/09\/Wholesale-Ceramic-Rice-Bowls-With-Rock-Texture-Design-3-285x285.webp 285w, https:\/\/www.yongjianceramic.com\/wp-content\/uploads\/2024\/09\/Wholesale-Ceramic-Rice-Bowls-With-Rock-Texture-Design-3-270x270.webp 270w, https:\/\/www.yongjianceramic.com\/wp-content\/uploads\/2024\/09\/Wholesale-Ceramic-Rice-Bowls-With-Rock-Texture-Design-3-540x540.webp 540w, https:\/\/www.yongjianceramic.com\/wp-content\/uploads\/2024\/09\/Wholesale-Ceramic-Rice-Bowls-With-Rock-Texture-Design-3-660x660.webp 660w\" sizes=\"(max-width: 750px) 100vw, 750px\" \/><\/figure>\n<\/div><\/div>\n<\/div>","protected":false},"excerpt":{"rendered":"<p>Willkommen zu kaufen Bulk Ramen Schalen. Unsere Gro\u00dfhandel Keramik Reisschalen Feature Rock Textur Muster, kombiniert nat\u00fcrliche Sch\u00f6nheit und Benutzerfreundlichkeit, die anpassungsf\u00e4hig an verschiedene Anwendungen ist. Hochwertige langlebige Materialien sorgen f\u00fcr seine Haltbarkeit, so dass es Ihre erste Wahl f\u00fcr Gro\u00dfeinkauf mit super hohen Kosten-Leistung.<\/p>\n<table width=\"309\">\n<tbody>\n<tr>\n<td width=\"120\">Hersteller<\/td>\n<td width=\"189\">Yongjian<\/td>\n<\/tr>\n<tr>\n<td>Modell Nr.<\/td>\n<td width=\"189\">YJ-031, 4,5 Zoll <br \/>YJ-032, 5 Zoll <br \/>YJ-033, 6 Zoll\u00a0<\/td>\n<\/tr>\n<tr>\n<td>Produkttyp<\/td>\n<td>Reissch\u00fcssel<\/td>\n<\/tr>\n<tr>\n<td>Material<\/td>\n<td>Porzellan<\/td>\n<\/tr>\n<tr>\n<td>Farbe<\/td>\n<td>Wei\u00df\/ Schwarz<\/td>\n<\/tr>\n<tr>\n<td>Dimension<\/td>\n<td width=\"189\">11,5*11,5*5,5\uff0c200ml<br \/>12.8*12.8*6\uff0c400ml<br \/>15*15*7.5\uff0c650ml<\/td>\n<\/tr>\n<tr>\n<td>MOQ<\/td>\n<td>500St\u00fcck<\/td>\n<\/tr>\n<tr>\n<td>Benutzerdefiniert<\/td>\n<td>Farbe\/Gr\u00f6\u00dfe\/Logo\/Verpackung<\/td>\n<\/tr>\n<\/tbody>\n<\/table>","protected":false},"featured_media":3244,"comment_status":"closed","ping_status":"closed","template":"","meta":{"_acf_changed":false},"product_brand":[],"product_cat":[72,63],"product_tag":[96],"class_list":{"0":"post-3239","1":"product","2":"type-product","3":"status-publish","4":"has-post-thumbnail","6":"product_cat-rice-bowls-bulk","7":"product_cat-wholesale-bowls","8":"product_tag-black-white-dinnerware-wholesale","10":"first","11":"instock","12":"shipping-taxable","13":"product-type-simple"},"acf":[],"_links":{"self":[{"href":"https:\/\/www.yongjianceramic.com\/de\/wp-json\/wp\/v2\/product\/3239","targetHints":{"allow":["GET"]}}],"collection":[{"href":"https:\/\/www.yongjianceramic.com\/de\/wp-json\/wp\/v2\/product"}],"about":[{"href":"https:\/\/www.yongjianceramic.com\/de\/wp-json\/wp\/v2\/types\/product"}],"replies":[{"embeddable":true,"href":"https:\/\/www.yongjianceramic.com\/de\/wp-json\/wp\/v2\/comments?post=3239"}],"wp:featuredmedia":[{"embeddable":true,"href":"https:\/\/www.yongjianceramic.com\/de\/wp-json\/wp\/v2\/media\/3244"}],"wp:attachment":[{"href":"https:\/\/www.yongjianceramic.com\/de\/wp-json\/wp\/v2\/media?parent=3239"}],"wp:term":[{"taxonomy":"product_brand","embeddable":true,"href":"https:\/\/www.yongjianceramic.com\/de\/wp-json\/wp\/v2\/product_brand?post=3239"},{"taxonomy":"product_cat","embeddable":true,"href":"https:\/\/www.yongjianceramic.com\/de\/wp-json\/wp\/v2\/product_cat?post=3239"},{"taxonomy":"product_tag","embeddable":true,"href":"https:\/\/www.yongjianceramic.com\/de\/wp-json\/wp\/v2\/product_tag?post=3239"}],"curies":[{"name":"wp","href":"https:\/\/api.w.org\/{rel}","templated":true}]}}