{"id":3250,"date":"2024-09-07T02:53:33","date_gmt":"2024-09-07T02:53:33","guid":{"rendered":"https:\/\/www.yongjianceramic.com\/?post_type=product&#038;p=3250"},"modified":"2025-11-04T17:19:45","modified_gmt":"2025-11-04T09:19:45","slug":"porcelain-rice-bowls-wholesale","status":"publish","type":"product","link":"https:\/\/www.yongjianceramic.com\/de\/produkt\/porcelain-rice-bowls-wholesale\/","title":{"rendered":"Fabrik Versorgung 4,5-Zoll-Porzellan-Reis-Schalen Gro\u00dfhandel"},"content":{"rendered":"<div class=\"wp-block-columns is-layout-flex wp-container-core-columns-is-layout-9d6595d7 wp-block-columns-is-layout-flex\">\n<div class=\"wp-block-column is-layout-flow wp-block-column-is-layout-flow\">\n<h2 class=\"wp-block-heading\">Premium Porzellan-Reisschalen Gro\u00dfhandel Merkmale:<\/h2>\n\n\n\n<ul class=\"wp-block-list\">\n<li><strong>Textur des Gesteins: <\/strong>Diese Porzellan-Reisschalen Gro\u00dfhandel nehmen die Nachahmung Rock Textur Design, das eine zarte Note hat, zeigt die Kombination von nat\u00fcrlichen und modernen Stilen, das Hinzuf\u00fcgen einer einzigartigen visuellen Effekt auf den Esstisch.<\/li>\n\n\n\n<li><strong>4,5-Zoll-Gr\u00f6\u00dfe: <\/strong>Diese kleinen runden Schalen haben einen Durchmesser von 4,5 Zoll, was eine moderate Gr\u00f6\u00dfe ist, die sich f\u00fcr Reis, Salate, Desserts und andere Lebensmittel eignet und sich an die verschiedenen Bed\u00fcrfnisse des t\u00e4glichen Gebrauchs zu Hause und im Restaurant anpasst.<\/li>\n\n\n\n<li><strong>Hochwertiges Porzellan:<\/strong> Ausgew\u00e4hlte hochwertige Porzellan-Materialien, unsere Porzellan-Reisschalen Gro\u00dfhandel sind bei hohen Temperaturen gebrannt, haben eine ausgezeichnete Hitzebest\u00e4ndigkeit und Kratzfestigkeit, nicht leicht absorbieren Ger\u00fcche und Flecken, und sorgen f\u00fcr eine sichere und gesunde Ess-Erlebnis.<\/li>\n\n\n\n<li><strong>Hervorragendes Kosten-Nutzen-Verh\u00e4ltnis: <\/strong>Bieten Anpassung Dienstleistungen f\u00fcr diese kleinen runden Schalen Gro\u00dfhandel mit gro\u00dfen Mengen und erschwinglichen Preisen, und sind eine wirtschaftliche Wahl f\u00fcr diejenigen, die hochwertige Geschirr zu verfolgen.<\/li>\n<\/ul>\n<\/div>\n\n\n\n<div class=\"wp-block-column is-vertically-aligned-center is-layout-flow wp-block-column-is-layout-flow\"><div class=\"wp-block-image\">\n<figure class=\"aligncenter size-full\"><img fetchpriority=\"high\" decoding=\"async\" width=\"800\" height=\"800\" src=\"https:\/\/www.yongjianceramic.com\/wp-content\/uploads\/2024\/09\/4.5-Inch-Porcelain-Rice-Bowls-Wholesale-With-Rock-Texture-4.webp\" alt=\"4,5-Zoll-Porzellan-Reisschalen Gro\u00dfhandel mit Rock Textur-4\" class=\"wp-image-3254\" srcset=\"https:\/\/www.yongjianceramic.com\/wp-content\/uploads\/2024\/09\/4.5-Inch-Porcelain-Rice-Bowls-Wholesale-With-Rock-Texture-4.webp 800w, https:\/\/www.yongjianceramic.com\/wp-content\/uploads\/2024\/09\/4.5-Inch-Porcelain-Rice-Bowls-Wholesale-With-Rock-Texture-4-300x300.webp 300w, https:\/\/www.yongjianceramic.com\/wp-content\/uploads\/2024\/09\/4.5-Inch-Porcelain-Rice-Bowls-Wholesale-With-Rock-Texture-4-150x150.webp 150w, https:\/\/www.yongjianceramic.com\/wp-content\/uploads\/2024\/09\/4.5-Inch-Porcelain-Rice-Bowls-Wholesale-With-Rock-Texture-4-768x768.webp 768w, https:\/\/www.yongjianceramic.com\/wp-content\/uploads\/2024\/09\/4.5-Inch-Porcelain-Rice-Bowls-Wholesale-With-Rock-Texture-4-12x12.webp 12w, https:\/\/www.yongjianceramic.com\/wp-content\/uploads\/2024\/09\/4.5-Inch-Porcelain-Rice-Bowls-Wholesale-With-Rock-Texture-4-285x285.webp 285w, https:\/\/www.yongjianceramic.com\/wp-content\/uploads\/2024\/09\/4.5-Inch-Porcelain-Rice-Bowls-Wholesale-With-Rock-Texture-4-270x270.webp 270w, https:\/\/www.yongjianceramic.com\/wp-content\/uploads\/2024\/09\/4.5-Inch-Porcelain-Rice-Bowls-Wholesale-With-Rock-Texture-4-540x540.webp 540w, https:\/\/www.yongjianceramic.com\/wp-content\/uploads\/2024\/09\/4.5-Inch-Porcelain-Rice-Bowls-Wholesale-With-Rock-Texture-4-660x660.webp 660w\" sizes=\"(max-width: 800px) 100vw, 800px\" \/><\/figure>\n<\/div><\/div>\n<\/div>","protected":false},"excerpt":{"rendered":"<p>Willkommen in kleinen runden Schalen in der Masse zu kaufen. Unsere 4,5-Zoll-Porzellan-Reisschalen Gro\u00dfhandel verf\u00fcgen \u00fcber eine Rock-Textur-Design, das sowohl stilvoll und langlebig, geeignet f\u00fcr eine Vielzahl von Catering-Bed\u00fcrfnisse ist, und ist eine ideale Wahl f\u00fcr Gro\u00dfhandel Eink\u00e4ufe mit hoher Wirtschaftlichkeit.<\/p>\n<table style=\"border-collapse: collapse; width: 309.02pt;\" border=\"0\" width=\"309\" cellspacing=\"0\" cellpadding=\"0\">\n<tbody>\n<tr style=\"height: 17.60pt;\">\n<td class=\"et3\" style=\"height: 17.60pt; width: 120.25pt;\" width=\"120\" height=\"17\">Hersteller<\/td>\n<td class=\"et3\" style=\"width: 189.25pt;\" width=\"189\">Yongjian<\/td>\n<\/tr>\n<tr style=\"height: 18.00pt;\">\n<td class=\"et3\" style=\"height: 18.00pt;\" height=\"18\">Modell Nr.<\/td>\n<td class=\"et4\" style=\"width: 189.25pt;\" width=\"189\">YJ-028<\/td>\n<\/tr>\n<tr style=\"height: 17.60pt;\">\n<td class=\"et3\" style=\"height: 17.60pt;\" height=\"17\">Produkttyp<\/td>\n<td class=\"et3\">Reissch\u00fcssel<\/td>\n<\/tr>\n<tr style=\"height: 17.60pt;\">\n<td class=\"et3\" style=\"height: 17.60pt;\" height=\"17\">Material<\/td>\n<td class=\"et3\">Porzellan<\/td>\n<\/tr>\n<tr style=\"height: 17.60pt;\">\n<td class=\"et5\" style=\"height: 17.60pt;\" height=\"17\">Farbe<\/td>\n<td class=\"et3\">Wei\u00df\/ Schwarz<\/td>\n<\/tr>\n<tr style=\"height: 18.00pt;\">\n<td class=\"et3\" style=\"height: 18.00pt;\" height=\"18\">Dimension<\/td>\n<td class=\"et6\" style=\"width: 189.25pt;\" width=\"189\">11,5*11,5*5,5\uff0c280ml<\/td>\n<\/tr>\n<tr style=\"height: 17.60pt;\">\n<td class=\"et3\" style=\"height: 17.60pt;\" height=\"17\">MOQ<\/td>\n<td class=\"et3\">500St\u00fcck<\/td>\n<\/tr>\n<tr style=\"height: 17.60pt;\">\n<td class=\"et3\" style=\"height: 17.60pt;\" height=\"17\">Benutzerdefiniert<\/td>\n<td class=\"et3\">Farbe\/Gr\u00f6\u00dfe\/Logo\/Verpackung<\/td>\n<\/tr>\n<\/tbody>\n<\/table>","protected":false},"featured_media":3256,"comment_status":"closed","ping_status":"closed","template":"","meta":{"_acf_changed":false},"product_brand":[],"product_cat":[72,63],"product_tag":[96],"class_list":{"0":"post-3250","1":"product","2":"type-product","3":"status-publish","4":"has-post-thumbnail","6":"product_cat-rice-bowls-bulk","7":"product_cat-wholesale-bowls","8":"product_tag-black-white-dinnerware-wholesale","10":"first","11":"instock","12":"shipping-taxable","13":"product-type-simple"},"acf":[],"_links":{"self":[{"href":"https:\/\/www.yongjianceramic.com\/de\/wp-json\/wp\/v2\/product\/3250","targetHints":{"allow":["GET"]}}],"collection":[{"href":"https:\/\/www.yongjianceramic.com\/de\/wp-json\/wp\/v2\/product"}],"about":[{"href":"https:\/\/www.yongjianceramic.com\/de\/wp-json\/wp\/v2\/types\/product"}],"replies":[{"embeddable":true,"href":"https:\/\/www.yongjianceramic.com\/de\/wp-json\/wp\/v2\/comments?post=3250"}],"wp:featuredmedia":[{"embeddable":true,"href":"https:\/\/www.yongjianceramic.com\/de\/wp-json\/wp\/v2\/media\/3256"}],"wp:attachment":[{"href":"https:\/\/www.yongjianceramic.com\/de\/wp-json\/wp\/v2\/media?parent=3250"}],"wp:term":[{"taxonomy":"product_brand","embeddable":true,"href":"https:\/\/www.yongjianceramic.com\/de\/wp-json\/wp\/v2\/product_brand?post=3250"},{"taxonomy":"product_cat","embeddable":true,"href":"https:\/\/www.yongjianceramic.com\/de\/wp-json\/wp\/v2\/product_cat?post=3250"},{"taxonomy":"product_tag","embeddable":true,"href":"https:\/\/www.yongjianceramic.com\/de\/wp-json\/wp\/v2\/product_tag?post=3250"}],"curies":[{"name":"wp","href":"https:\/\/api.w.org\/{rel}","templated":true}]}}