{"id":3264,"date":"2024-09-07T03:19:40","date_gmt":"2024-09-07T03:19:40","guid":{"rendered":"https:\/\/www.yongjianceramic.com\/?post_type=product&#038;p=3264"},"modified":"2024-09-20T09:13:21","modified_gmt":"2024-09-20T09:13:21","slug":"salad-bowls-wholesale","status":"publish","type":"product","link":"https:\/\/www.yongjianceramic.com\/de\/produkt\/salad-bowls-wholesale\/","title":{"rendered":"7-Zoll Salatsch\u00fcsseln Gro\u00dfhandel, elegante wellige Rand Keramikschale"},"content":{"rendered":"<div class=\"wp-block-columns is-layout-flex wp-container-core-columns-is-layout-9d6595d7 wp-block-columns-is-layout-flex\">\n<div class=\"wp-block-column is-layout-flow wp-block-column-is-layout-flow\">\n<h2 class=\"wp-block-heading\">Premium Salatsch\u00fcsseln Gro\u00dfhandel Merkmale:<\/h2>\n\n\n\n<ul class=\"wp-block-list\">\n<li><strong>Elegantes Design: <\/strong>Diese 7-Zoll-Salatschalen f\u00fcr den Gro\u00dfhandel verf\u00fcgen \u00fcber ein einzigartiges Wellenranddesign, das f\u00fcr optische Eleganz sorgt und das Esserlebnis verbessert.<\/li>\n\n\n\n<li><strong>Hohe Qualit\u00e4t: <\/strong>Unsere Servierschalen f\u00fcr den Gro\u00dfhandel sind aus hochwertiger Keramik gefertigt, widerstandsf\u00e4hig gegen hohe Temperaturen und Abnutzung, was eine langfristige Nutzung gew\u00e4hrleistet, und lassen sich nicht so leicht verformen.<\/li>\n\n\n\n<li><strong>Vielseitig einsetzbar:<\/strong> Unsere Salatsch\u00fcsseln aus Keramik eignen sich f\u00fcr verschiedene Anl\u00e4sse und k\u00f6nnen nicht nur f\u00fcr Salate, sondern auch als Obst-, Dessert- oder Snacksch\u00fcsseln verwendet werden, um unterschiedliche Bed\u00fcrfnisse zu erf\u00fcllen.<\/li>\n\n\n\n<li><strong>Leicht zu reinigen: <\/strong>Die glatte Glasur dieser Gro\u00dfhandelssalatsch\u00fcsseln macht die Reinigung bequemer und ist nicht leicht zu verschmutzen, was Sauberkeit und Hygiene nach jedem Gebrauch gew\u00e4hrleistet.<\/li>\n<\/ul>\n<\/div>\n\n\n\n<div class=\"wp-block-column is-vertically-aligned-center is-layout-flow wp-block-column-is-layout-flow\"><div class=\"wp-block-image\">\n<figure class=\"aligncenter size-full\"><img fetchpriority=\"high\" decoding=\"async\" width=\"750\" height=\"750\" src=\"https:\/\/www.yongjianceramic.com\/wp-content\/uploads\/2024\/09\/7-Inch-Salad-Bowls-Wholesale-Elegant-Wavy-Edge-Ceramic-Bowl-3.webp\" alt=\"7-Zoll Salatsch\u00fcsseln Gro\u00dfhandel, elegante wellige Rand Keramik Sch\u00fcssel-3\" class=\"wp-image-3267\" srcset=\"https:\/\/www.yongjianceramic.com\/wp-content\/uploads\/2024\/09\/7-Inch-Salad-Bowls-Wholesale-Elegant-Wavy-Edge-Ceramic-Bowl-3.webp 750w, https:\/\/www.yongjianceramic.com\/wp-content\/uploads\/2024\/09\/7-Inch-Salad-Bowls-Wholesale-Elegant-Wavy-Edge-Ceramic-Bowl-3-300x300.webp 300w, https:\/\/www.yongjianceramic.com\/wp-content\/uploads\/2024\/09\/7-Inch-Salad-Bowls-Wholesale-Elegant-Wavy-Edge-Ceramic-Bowl-3-150x150.webp 150w, https:\/\/www.yongjianceramic.com\/wp-content\/uploads\/2024\/09\/7-Inch-Salad-Bowls-Wholesale-Elegant-Wavy-Edge-Ceramic-Bowl-3-12x12.webp 12w, https:\/\/www.yongjianceramic.com\/wp-content\/uploads\/2024\/09\/7-Inch-Salad-Bowls-Wholesale-Elegant-Wavy-Edge-Ceramic-Bowl-3-285x285.webp 285w, https:\/\/www.yongjianceramic.com\/wp-content\/uploads\/2024\/09\/7-Inch-Salad-Bowls-Wholesale-Elegant-Wavy-Edge-Ceramic-Bowl-3-270x270.webp 270w, https:\/\/www.yongjianceramic.com\/wp-content\/uploads\/2024\/09\/7-Inch-Salad-Bowls-Wholesale-Elegant-Wavy-Edge-Ceramic-Bowl-3-540x540.webp 540w, https:\/\/www.yongjianceramic.com\/wp-content\/uploads\/2024\/09\/7-Inch-Salad-Bowls-Wholesale-Elegant-Wavy-Edge-Ceramic-Bowl-3-660x660.webp 660w\" sizes=\"(max-width: 750px) 100vw, 750px\" \/><\/figure>\n<\/div><\/div>\n<\/div>","protected":false},"excerpt":{"rendered":"<p>Willkommen in Keramik Salatsch\u00fcsseln in loser Sch\u00fcttung zu kaufen. Unsere 7-Zoll-Salatschalen Gro\u00dfhandel stehen mit thier elegante Welle Rand Design. Seine multifunktionale Nutzung ist nicht auf die Aufnahme von Salaten beschr\u00e4nkt, sondern kann auch als Obst und Snack Sch\u00fcssel verwendet werden, und die glatte Glasur ist leicht zu reinigen, geeignet f\u00fcr verschiedene Gelegenheiten zu essen<\/p>\n<table style=\"border-collapse: collapse; width: 309.02pt;\" border=\"0\" width=\"309\" cellspacing=\"0\" cellpadding=\"0\">\n<tbody>\n<tr style=\"height: 17.60pt;\">\n<td class=\"et3\" style=\"height: 17.60pt; width: 120.25pt;\" width=\"120\" height=\"17\">Hersteller<\/td>\n<td class=\"et3\" style=\"width: 189.25pt;\" width=\"189\">Yongjian<\/td>\n<\/tr>\n<tr style=\"height: 18.00pt;\">\n<td class=\"et3\" style=\"height: 18.00pt;\" height=\"18\">Modell Nr.<\/td>\n<td class=\"et4\" style=\"width: 189.25pt;\" width=\"189\">YJ-055<\/td>\n<\/tr>\n<tr style=\"height: 17.60pt;\">\n<td class=\"et3\" style=\"height: 17.60pt;\" height=\"17\">Produkttyp<\/td>\n<td class=\"et2\">Servier- und Salatsch\u00fcsseln<\/td>\n<\/tr>\n<tr style=\"height: 17.60pt;\">\n<td class=\"et3\" style=\"height: 17.60pt;\" height=\"17\">Material<\/td>\n<td class=\"et3\">Porzellan<\/td>\n<\/tr>\n<tr style=\"height: 17.60pt;\">\n<td class=\"et5\" style=\"height: 17.60pt;\" height=\"17\">Farbe<\/td>\n<td class=\"et3\">Wei\u00df\/ Schwarz<\/td>\n<\/tr>\n<tr style=\"height: 18.00pt;\">\n<td class=\"et3\" style=\"height: 18.00pt;\" height=\"18\">Dimension<\/td>\n<td class=\"et6\" style=\"width: 189.25pt;\" width=\"189\">17*17*4.5<\/td>\n<\/tr>\n<tr style=\"height: 17.60pt;\">\n<td class=\"et3\" style=\"height: 17.60pt;\" height=\"17\">MOQ<\/td>\n<td class=\"et3\">500St\u00fcck<\/td>\n<\/tr>\n<tr style=\"height: 17.60pt;\">\n<td class=\"et3\" style=\"height: 17.60pt;\" height=\"17\">Benutzerdefiniert<\/td>\n<td class=\"et3\">Farbe\/Gr\u00f6\u00dfe\/Logo\/Verpackung<\/td>\n<\/tr>\n<\/tbody>\n<\/table>","protected":false},"featured_media":3272,"comment_status":"closed","ping_status":"closed","template":"","meta":{"_acf_changed":false},"product_brand":[],"product_cat":[74,63],"product_tag":[96],"class_list":{"0":"post-3264","1":"product","2":"type-product","3":"status-publish","4":"has-post-thumbnail","6":"product_cat-bulk-serving-bowls","7":"product_cat-wholesale-bowls","8":"product_tag-black-white-dinnerware-wholesale","10":"first","11":"instock","12":"shipping-taxable","13":"product-type-simple"},"acf":[],"_links":{"self":[{"href":"https:\/\/www.yongjianceramic.com\/de\/wp-json\/wp\/v2\/product\/3264","targetHints":{"allow":["GET"]}}],"collection":[{"href":"https:\/\/www.yongjianceramic.com\/de\/wp-json\/wp\/v2\/product"}],"about":[{"href":"https:\/\/www.yongjianceramic.com\/de\/wp-json\/wp\/v2\/types\/product"}],"replies":[{"embeddable":true,"href":"https:\/\/www.yongjianceramic.com\/de\/wp-json\/wp\/v2\/comments?post=3264"}],"wp:featuredmedia":[{"embeddable":true,"href":"https:\/\/www.yongjianceramic.com\/de\/wp-json\/wp\/v2\/media\/3272"}],"wp:attachment":[{"href":"https:\/\/www.yongjianceramic.com\/de\/wp-json\/wp\/v2\/media?parent=3264"}],"wp:term":[{"taxonomy":"product_brand","embeddable":true,"href":"https:\/\/www.yongjianceramic.com\/de\/wp-json\/wp\/v2\/product_brand?post=3264"},{"taxonomy":"product_cat","embeddable":true,"href":"https:\/\/www.yongjianceramic.com\/de\/wp-json\/wp\/v2\/product_cat?post=3264"},{"taxonomy":"product_tag","embeddable":true,"href":"https:\/\/www.yongjianceramic.com\/de\/wp-json\/wp\/v2\/product_tag?post=3264"}],"curies":[{"name":"wp","href":"https:\/\/api.w.org\/{rel}","templated":true}]}}