{"id":3274,"date":"2024-09-07T03:44:26","date_gmt":"2024-09-07T03:44:26","guid":{"rendered":"https:\/\/www.yongjianceramic.com\/?post_type=product&#038;p=3274"},"modified":"2025-11-04T17:23:37","modified_gmt":"2025-11-04T09:23:37","slug":"bulk-soup-bowls-with-handles","status":"publish","type":"product","link":"https:\/\/www.yongjianceramic.com\/de\/produkt\/bulk-soup-bowls-with-handles\/","title":{"rendered":"Bulk Suppensch\u00fcsseln mit Griffen, gro\u00dfe Serviersch\u00fcsseln Versorgung"},"content":{"rendered":"<div class=\"wp-block-columns is-layout-flex wp-container-core-columns-is-layout-9d6595d7 wp-block-columns-is-layout-flex\">\n<div class=\"wp-block-column is-layout-flow wp-block-column-is-layout-flow\">\n<h2 class=\"wp-block-heading\">Premium Bulk Suppenschalen mit Griffen Eigenschaften:<\/h2>\n\n\n\n<ul class=\"wp-block-list\">\n<li><strong>Doppeltes Griffdesign:<\/strong> Die gro\u00dfe Suppensch\u00fcssel f\u00fcr den Gro\u00dfhandel ist mit zwei Griffen ausgestattet, die leicht zu halten sind und ein Verbr\u00fchen verhindern, wodurch sie sicherer und bequemer zu benutzen ist.<\/li>\n\n\n\n<li><strong>Gro\u00dfes Fassungsverm\u00f6gen: <\/strong>Diese gro\u00dfen Suppensch\u00fcsseln mit Griffen haben ein gro\u00dfes Fassungsverm\u00f6gen und eignen sich f\u00fcr eine gro\u00dfe Menge an Suppen, Eint\u00f6pfen, Nudeln usw. und sind sehr gut f\u00fcr Familienfeiern und Bankette geeignet.<\/li>\n\n\n\n<li><strong>Hochwertiges keramisches Material: <\/strong>Unsere Suppensch\u00fcsseln mit Henkel sind aus hochwertiger Keramik gefertigt und widerstandsf\u00e4hig gegen hohe Temperaturen und Kratzer, so dass die Sch\u00fcssel robust und langlebig ist und lange sch\u00f6n bleibt.<\/li>\n\n\n\n<li><strong>Rabatt bei Gro\u00dfeinkauf: <\/strong>Unsere gro\u00dfen Servierschalen sind f\u00fcr Gro\u00dfabnehmer wie Restaurants und Caf\u00e9s geeignet und bieten wettbewerbsf\u00e4hige Preise.<\/li>\n<\/ul>\n<\/div>\n\n\n\n<div class=\"wp-block-column is-vertically-aligned-center is-layout-flow wp-block-column-is-layout-flow\"><div class=\"wp-block-image\">\n<figure class=\"aligncenter size-full\"><img fetchpriority=\"high\" decoding=\"async\" width=\"800\" height=\"800\" src=\"https:\/\/www.yongjianceramic.com\/wp-content\/uploads\/2024\/09\/Bulk-Soup-Bowls-With-Handles-Large-Serving-Bowls-Wholesale-1.webp\" alt=\"Bulk Suppenschalen mit Griffen, gro\u00dfe Servierschalen Gro\u00dfhandel-1\" class=\"wp-image-3275\" srcset=\"https:\/\/www.yongjianceramic.com\/wp-content\/uploads\/2024\/09\/Bulk-Soup-Bowls-With-Handles-Large-Serving-Bowls-Wholesale-1.webp 800w, https:\/\/www.yongjianceramic.com\/wp-content\/uploads\/2024\/09\/Bulk-Soup-Bowls-With-Handles-Large-Serving-Bowls-Wholesale-1-300x300.webp 300w, https:\/\/www.yongjianceramic.com\/wp-content\/uploads\/2024\/09\/Bulk-Soup-Bowls-With-Handles-Large-Serving-Bowls-Wholesale-1-150x150.webp 150w, https:\/\/www.yongjianceramic.com\/wp-content\/uploads\/2024\/09\/Bulk-Soup-Bowls-With-Handles-Large-Serving-Bowls-Wholesale-1-768x768.webp 768w, https:\/\/www.yongjianceramic.com\/wp-content\/uploads\/2024\/09\/Bulk-Soup-Bowls-With-Handles-Large-Serving-Bowls-Wholesale-1-12x12.webp 12w, https:\/\/www.yongjianceramic.com\/wp-content\/uploads\/2024\/09\/Bulk-Soup-Bowls-With-Handles-Large-Serving-Bowls-Wholesale-1-285x285.webp 285w, https:\/\/www.yongjianceramic.com\/wp-content\/uploads\/2024\/09\/Bulk-Soup-Bowls-With-Handles-Large-Serving-Bowls-Wholesale-1-270x270.webp 270w, https:\/\/www.yongjianceramic.com\/wp-content\/uploads\/2024\/09\/Bulk-Soup-Bowls-With-Handles-Large-Serving-Bowls-Wholesale-1-540x540.webp 540w, https:\/\/www.yongjianceramic.com\/wp-content\/uploads\/2024\/09\/Bulk-Soup-Bowls-With-Handles-Large-Serving-Bowls-Wholesale-1-660x660.webp 660w\" sizes=\"(max-width: 800px) 100vw, 800px\" \/><\/figure>\n<\/div><\/div>\n<\/div>","protected":false},"excerpt":{"rendered":"<p>Willkommen beim Kauf von gro\u00dfen Serviersch\u00fcsseln in Gro\u00dfmengen. Diese Suppensch\u00fcsseln mit Henkeln sind gro\u00df, mit einem doppelten Henkel-Design versehen und praktisch und langlebig im Gebrauch. Ihr gro\u00dfes Fassungsverm\u00f6gen ist ideal f\u00fcr Suppen und Eint\u00f6pfe und eignet sich besonders f\u00fcr Familienfeiern oder den gewerblichen Gebrauch.<\/p>\n<table style=\"border-collapse: collapse; width: 309.02pt;\" border=\"0\" width=\"309\" cellspacing=\"0\" cellpadding=\"0\">\n<tbody>\n<tr style=\"height: 17.60pt;\">\n<td class=\"et3\" style=\"height: 17.60pt; width: 120.25pt;\" width=\"120\" height=\"17\">Hersteller<\/td>\n<td class=\"et3\" style=\"width: 189.25pt;\" width=\"189\">Yongjian<\/td>\n<\/tr>\n<tr style=\"height: 36.00pt;\">\n<td class=\"et3\" style=\"height: 36.00pt;\" height=\"36\">Modell Nr.<\/td>\n<td class=\"et4\" style=\"width: 189.25pt;\" width=\"189\">YJ-043, 10 Zoll<br \/>YJ-044, 12 Zoll<\/td>\n<\/tr>\n<tr style=\"height: 17.60pt;\">\n<td class=\"et3\" style=\"height: 17.60pt;\" height=\"17\">Produkttyp<\/td>\n<td class=\"et3\">Schalen mit Henkel<\/td>\n<\/tr>\n<tr style=\"height: 17.60pt;\">\n<td class=\"et3\" style=\"height: 17.60pt;\" height=\"17\">Material<\/td>\n<td class=\"et3\">Porzellan<\/td>\n<\/tr>\n<tr style=\"height: 17.60pt;\">\n<td class=\"et6\" style=\"height: 17.60pt;\" height=\"17\">Farbe<\/td>\n<td class=\"et3\">Wei\u00df\/ Schwarz<\/td>\n<\/tr>\n<tr style=\"height: 36.00pt;\">\n<td class=\"et3\" style=\"height: 36.00pt;\" height=\"36\">Dimension<\/td>\n<td class=\"et7\" style=\"width: 189.25pt;\" width=\"189\">25*21*6, 1200ml<br \/>31*25,5*7, 2000ml<\/td>\n<\/tr>\n<tr style=\"height: 17.60pt;\">\n<td class=\"et3\" style=\"height: 17.60pt;\" height=\"17\">MOQ<\/td>\n<td class=\"et3\">500St\u00fcck<\/td>\n<\/tr>\n<tr style=\"height: 17.60pt;\">\n<td class=\"et3\" style=\"height: 17.60pt;\" height=\"17\">Benutzerdefiniert<\/td>\n<td class=\"et3\">Farbe\/Gr\u00f6\u00dfe\/Logo\/Verpackung<\/td>\n<\/tr>\n<\/tbody>\n<\/table>","protected":false},"featured_media":3276,"comment_status":"closed","ping_status":"closed","template":"","meta":{"_acf_changed":false},"product_brand":[],"product_cat":[75,63,74],"product_tag":[96],"class_list":{"0":"post-3274","1":"product","2":"type-product","3":"status-publish","4":"has-post-thumbnail","6":"product_cat-handled-bowls-wholesale","7":"product_cat-wholesale-bowls","8":"product_cat-bulk-serving-bowls","9":"product_tag-black-white-dinnerware-wholesale","11":"first","12":"instock","13":"shipping-taxable","14":"product-type-simple"},"acf":[],"_links":{"self":[{"href":"https:\/\/www.yongjianceramic.com\/de\/wp-json\/wp\/v2\/product\/3274","targetHints":{"allow":["GET"]}}],"collection":[{"href":"https:\/\/www.yongjianceramic.com\/de\/wp-json\/wp\/v2\/product"}],"about":[{"href":"https:\/\/www.yongjianceramic.com\/de\/wp-json\/wp\/v2\/types\/product"}],"replies":[{"embeddable":true,"href":"https:\/\/www.yongjianceramic.com\/de\/wp-json\/wp\/v2\/comments?post=3274"}],"wp:featuredmedia":[{"embeddable":true,"href":"https:\/\/www.yongjianceramic.com\/de\/wp-json\/wp\/v2\/media\/3276"}],"wp:attachment":[{"href":"https:\/\/www.yongjianceramic.com\/de\/wp-json\/wp\/v2\/media?parent=3274"}],"wp:term":[{"taxonomy":"product_brand","embeddable":true,"href":"https:\/\/www.yongjianceramic.com\/de\/wp-json\/wp\/v2\/product_brand?post=3274"},{"taxonomy":"product_cat","embeddable":true,"href":"https:\/\/www.yongjianceramic.com\/de\/wp-json\/wp\/v2\/product_cat?post=3274"},{"taxonomy":"product_tag","embeddable":true,"href":"https:\/\/www.yongjianceramic.com\/de\/wp-json\/wp\/v2\/product_tag?post=3274"}],"curies":[{"name":"wp","href":"https:\/\/api.w.org\/{rel}","templated":true}]}}