{"id":3292,"date":"2024-09-07T05:11:20","date_gmt":"2024-09-07T05:11:20","guid":{"rendered":"https:\/\/www.yongjianceramic.com\/?post_type=product&#038;p=3292"},"modified":"2025-11-04T17:53:32","modified_gmt":"2025-11-04T09:53:32","slug":"ceramic-ramen-bowls-bulk","status":"publish","type":"product","link":"https:\/\/www.yongjianceramic.com\/de\/produkt\/ceramic-ramen-bowls-bulk\/","title":{"rendered":"8-Zoll-Keramik-Ramen-Sch\u00fcsseln Bulk, Factory Direct Suppensch\u00fcsseln"},"content":{"rendered":"<div class=\"wp-block-columns is-layout-flex wp-container-core-columns-is-layout-9d6595d7 wp-block-columns-is-layout-flex\">\n<div class=\"wp-block-column is-layout-flow wp-block-column-is-layout-flow\">\n<h2 class=\"wp-block-heading\">Premium Keramik Ramen Sch\u00fcsseln Bulk Eigenschaften:<\/h2>\n\n\n\n<ul class=\"wp-block-list\">\n<li><strong>Gestaltung der Wellenoberfl\u00e4che: <\/strong>Unsere Ramen-Schalen aus Keramik haben ein einzigartiges, gewelltes Oberfl\u00e4chendesign, das f\u00fcr optische Schichtung und Sch\u00f6nheit sorgt.<\/li>\n\n\n\n<li><strong>M\u00e4\u00dfige Gr\u00f6\u00dfe:<\/strong> Die 8-Zoll-Gr\u00f6\u00dfe dieser Gro\u00dfhandels-Ramenschalen eignet sich sehr gut f\u00fcr Grundnahrungsmittel wie Ramen und Suppennudeln, um den t\u00e4glichen Essensbedarf zu decken.<\/li>\n\n\n\n<li><strong>Lange Nutzungsdauer: <\/strong>Unsere Ramensch\u00fcsseln aus Keramik sind aus hochwertiger Keramik gefertigt, die hitzebest\u00e4ndig und verschlei\u00dffest ist, so dass der Sch\u00fcsselk\u00f6rper robust und langlebig ist.<\/li>\n\n\n\n<li><strong>Rabatt bei Gro\u00dfeinkauf: <\/strong>Zur Unterst\u00fctzung von Gro\u00dfeink\u00e4ufen, insbesondere f\u00fcr das Gastst\u00e4ttengewerbe oder f\u00fcr Verbraucher, die gro\u00dfe Mengen einkaufen m\u00fcssen, bieten wir wettbewerbsf\u00e4higere Preise f\u00fcr Ramen-Schalen im Gro\u00dfhandel.<\/li>\n<\/ul>\n<\/div>\n\n\n\n<div class=\"wp-block-column is-vertically-aligned-center is-layout-flow wp-block-column-is-layout-flow\"><div class=\"wp-block-image\">\n<figure class=\"aligncenter size-full\"><img fetchpriority=\"high\" decoding=\"async\" width=\"800\" height=\"800\" src=\"https:\/\/www.yongjianceramic.com\/wp-content\/uploads\/2024\/09\/8-Inch-Ceramic-Ramen-Bowls-Bulk-With-Wavy-Surface-Design-3.webp\" alt=\"8-Zoll-Keramik Ramen Schalen Bulk mit gewellter Oberfl\u00e4che Design-3\" class=\"wp-image-3295\" srcset=\"https:\/\/www.yongjianceramic.com\/wp-content\/uploads\/2024\/09\/8-Inch-Ceramic-Ramen-Bowls-Bulk-With-Wavy-Surface-Design-3.webp 800w, https:\/\/www.yongjianceramic.com\/wp-content\/uploads\/2024\/09\/8-Inch-Ceramic-Ramen-Bowls-Bulk-With-Wavy-Surface-Design-3-300x300.webp 300w, https:\/\/www.yongjianceramic.com\/wp-content\/uploads\/2024\/09\/8-Inch-Ceramic-Ramen-Bowls-Bulk-With-Wavy-Surface-Design-3-150x150.webp 150w, https:\/\/www.yongjianceramic.com\/wp-content\/uploads\/2024\/09\/8-Inch-Ceramic-Ramen-Bowls-Bulk-With-Wavy-Surface-Design-3-768x768.webp 768w, https:\/\/www.yongjianceramic.com\/wp-content\/uploads\/2024\/09\/8-Inch-Ceramic-Ramen-Bowls-Bulk-With-Wavy-Surface-Design-3-12x12.webp 12w, https:\/\/www.yongjianceramic.com\/wp-content\/uploads\/2024\/09\/8-Inch-Ceramic-Ramen-Bowls-Bulk-With-Wavy-Surface-Design-3-285x285.webp 285w, https:\/\/www.yongjianceramic.com\/wp-content\/uploads\/2024\/09\/8-Inch-Ceramic-Ramen-Bowls-Bulk-With-Wavy-Surface-Design-3-270x270.webp 270w, https:\/\/www.yongjianceramic.com\/wp-content\/uploads\/2024\/09\/8-Inch-Ceramic-Ramen-Bowls-Bulk-With-Wavy-Surface-Design-3-540x540.webp 540w, https:\/\/www.yongjianceramic.com\/wp-content\/uploads\/2024\/09\/8-Inch-Ceramic-Ramen-Bowls-Bulk-With-Wavy-Surface-Design-3-660x660.webp 660w\" sizes=\"(max-width: 800px) 100vw, 800px\" \/><\/figure>\n<\/div><\/div>\n<\/div>","protected":false},"excerpt":{"rendered":"<p>Willkommen im Gro\u00dfhandel Ramen Schalen in der Masse zu kaufen. Diese 8-Zoll-Keramik Ramen Schalen bulk geh\u00f6ren eine gewellte Oberfl\u00e4che Muster, mit langlebigen und sch\u00f6nen Keramikmaterial hergestellt. Die mittelgro\u00dfen Schalen sind f\u00fcr viele Arten von Grundnahrungsmitteln geeignet und sind eine gute Wahl f\u00fcr Restaurants und kommerzielle Nutzung.<\/p>\n<table style=\"border-collapse: collapse; width: 309.02pt;\" border=\"0\" width=\"309\" cellspacing=\"0\" cellpadding=\"0\">\n<tbody>\n<tr style=\"height: 17.60pt;\">\n<td class=\"et3\" style=\"height: 17.60pt; width: 120.25pt;\" width=\"120\" height=\"17\">Hersteller<\/td>\n<td class=\"et3\" style=\"width: 189.25pt;\" width=\"189\">Yongjian<\/td>\n<\/tr>\n<tr style=\"height: 18.00pt;\">\n<td class=\"et3\" style=\"height: 18.00pt;\" height=\"18\">Modell Nr.<\/td>\n<td class=\"et4\" style=\"width: 189.25pt;\" width=\"189\">YJ-016<\/td>\n<\/tr>\n<tr style=\"height: 17.60pt;\">\n<td class=\"et3\" style=\"height: 17.60pt;\" height=\"17\">Produkttyp<\/td>\n<td class=\"et3\">Suppen- und Ramenschalen<\/td>\n<\/tr>\n<tr style=\"height: 17.60pt;\">\n<td class=\"et3\" style=\"height: 17.60pt;\" height=\"17\">Material<\/td>\n<td class=\"et3\">Porzellan<\/td>\n<\/tr>\n<tr style=\"height: 17.60pt;\">\n<td class=\"et6\" style=\"height: 17.60pt;\" height=\"17\">Farbe<\/td>\n<td class=\"et3\">Wei\u00df\/ Schwarz<\/td>\n<\/tr>\n<tr style=\"height: 18.00pt;\">\n<td class=\"et3\" style=\"height: 18.00pt;\" height=\"18\">Dimension<\/td>\n<td class=\"et7\" style=\"width: 189.25pt;\" width=\"189\">19.8*19.8*8.4 1000ml<\/td>\n<\/tr>\n<tr style=\"height: 17.60pt;\">\n<td class=\"et3\" style=\"height: 17.60pt;\" height=\"17\">MOQ<\/td>\n<td class=\"et3\">500St\u00fcck<\/td>\n<\/tr>\n<tr style=\"height: 17.60pt;\">\n<td class=\"et3\" style=\"height: 17.60pt;\" height=\"17\">Benutzerdefiniert<\/td>\n<td class=\"et3\">Farbe\/Gr\u00f6\u00dfe\/Logo\/Verpackung<\/td>\n<\/tr>\n<\/tbody>\n<\/table>","protected":false},"featured_media":3299,"comment_status":"closed","ping_status":"closed","template":"","meta":{"_acf_changed":false},"product_brand":[],"product_cat":[73,63],"product_tag":[96],"class_list":{"0":"post-3292","1":"product","2":"type-product","3":"status-publish","4":"has-post-thumbnail","6":"product_cat-bulk-soup-bowls","7":"product_cat-wholesale-bowls","8":"product_tag-black-white-dinnerware-wholesale","10":"first","11":"instock","12":"shipping-taxable","13":"product-type-simple"},"acf":[],"_links":{"self":[{"href":"https:\/\/www.yongjianceramic.com\/de\/wp-json\/wp\/v2\/product\/3292","targetHints":{"allow":["GET"]}}],"collection":[{"href":"https:\/\/www.yongjianceramic.com\/de\/wp-json\/wp\/v2\/product"}],"about":[{"href":"https:\/\/www.yongjianceramic.com\/de\/wp-json\/wp\/v2\/types\/product"}],"replies":[{"embeddable":true,"href":"https:\/\/www.yongjianceramic.com\/de\/wp-json\/wp\/v2\/comments?post=3292"}],"wp:featuredmedia":[{"embeddable":true,"href":"https:\/\/www.yongjianceramic.com\/de\/wp-json\/wp\/v2\/media\/3299"}],"wp:attachment":[{"href":"https:\/\/www.yongjianceramic.com\/de\/wp-json\/wp\/v2\/media?parent=3292"}],"wp:term":[{"taxonomy":"product_brand","embeddable":true,"href":"https:\/\/www.yongjianceramic.com\/de\/wp-json\/wp\/v2\/product_brand?post=3292"},{"taxonomy":"product_cat","embeddable":true,"href":"https:\/\/www.yongjianceramic.com\/de\/wp-json\/wp\/v2\/product_cat?post=3292"},{"taxonomy":"product_tag","embeddable":true,"href":"https:\/\/www.yongjianceramic.com\/de\/wp-json\/wp\/v2\/product_tag?post=3292"}],"curies":[{"name":"wp","href":"https:\/\/api.w.org\/{rel}","templated":true}]}}