{"id":3300,"date":"2024-09-07T05:25:45","date_gmt":"2024-09-07T05:25:45","guid":{"rendered":"https:\/\/www.yongjianceramic.com\/?post_type=product&#038;p=3300"},"modified":"2025-11-04T18:01:49","modified_gmt":"2025-11-04T10:01:49","slug":"ceramic-ramen-bowls-wholesale-2","status":"publish","type":"product","link":"https:\/\/www.yongjianceramic.com\/de\/produkt\/ceramic-ramen-bowls-wholesale-2\/","title":{"rendered":"9-Zoll-Keramik Ramen Schalen Gro\u00dfhandel f\u00fcr Restaurant Supply"},"content":{"rendered":"<div class=\"wp-block-columns is-layout-flex wp-container-core-columns-is-layout-9d6595d7 wp-block-columns-is-layout-flex\">\n<div class=\"wp-block-column is-layout-flow wp-block-column-is-layout-flow\">\n<h2 class=\"wp-block-heading\">Premium Keramik Ramen Sch\u00fcsseln Gro\u00dfhandel Merkmale:<\/h2>\n\n\n\n<ul class=\"wp-block-list\">\n<li><strong>Unregelm\u00e4\u00dfige Sch\u00fcsselrandgestaltung:<\/strong> Diese Gro\u00dfhandels-Ramenschalen haben ein gro\u00dfes Fassungsverm\u00f6gen und eignen sich perfekt f\u00fcr verschiedene Ramen, Suppennudeln und andere Grundnahrungsmittel, um den Bedarf an einer nahrhaften Mahlzeit zu decken.<\/li>\n\n\n\n<li><strong>Gro\u00dfe Kapazit\u00e4t: <\/strong>Unsere Ramenschalen aus hochwertiger Keramik sind verschlei\u00dffest und hitzebest\u00e4ndig, so dass sie auch nach langem Gebrauch noch gut in Form bleiben.<\/li>\n\n\n\n<li><strong>Hochwertige keramische Materialien: <\/strong>Unsere Keramiksch\u00fcsseln aus hochwertigem Keramik sind verschlei\u00dffest und hitzebest\u00e4ndig, so dass sie auch nach langem Gebrauch in guter Form bleiben.<\/li>\n\n\n\n<li><strong>Vorteile des Gro\u00dfeinkaufs: <\/strong>Unterst\u00fctzt Gro\u00dfhandel K\u00e4ufe f\u00fcr diese Gro\u00dfhandel Ramen-Schalen, geeignet f\u00fcr Gro\u00dfeink\u00e4ufe in kommerziellen Orten wie Restaurants und Hotels, und der Preis ist g\u00fcnstiger.<\/li>\n<\/ul>\n<\/div>\n\n\n\n<div class=\"wp-block-column is-vertically-aligned-center is-layout-flow wp-block-column-is-layout-flow\"><div class=\"wp-block-image\">\n<figure class=\"aligncenter size-full\"><img fetchpriority=\"high\" decoding=\"async\" width=\"750\" height=\"750\" src=\"https:\/\/www.yongjianceramic.com\/wp-content\/uploads\/2024\/09\/9-Inch-Ceramic-Ramen-Bowls-Wholesale-With-Wavy-Surface-Design-2.webp\" alt=\"9-Zoll-Keramik Ramen Schalen Gro\u00dfhandel mit gewellten Oberfl\u00e4che Design-2\" class=\"wp-image-3302\" srcset=\"https:\/\/www.yongjianceramic.com\/wp-content\/uploads\/2024\/09\/9-Inch-Ceramic-Ramen-Bowls-Wholesale-With-Wavy-Surface-Design-2.webp 750w, https:\/\/www.yongjianceramic.com\/wp-content\/uploads\/2024\/09\/9-Inch-Ceramic-Ramen-Bowls-Wholesale-With-Wavy-Surface-Design-2-300x300.webp 300w, https:\/\/www.yongjianceramic.com\/wp-content\/uploads\/2024\/09\/9-Inch-Ceramic-Ramen-Bowls-Wholesale-With-Wavy-Surface-Design-2-150x150.webp 150w, https:\/\/www.yongjianceramic.com\/wp-content\/uploads\/2024\/09\/9-Inch-Ceramic-Ramen-Bowls-Wholesale-With-Wavy-Surface-Design-2-12x12.webp 12w, https:\/\/www.yongjianceramic.com\/wp-content\/uploads\/2024\/09\/9-Inch-Ceramic-Ramen-Bowls-Wholesale-With-Wavy-Surface-Design-2-285x285.webp 285w, https:\/\/www.yongjianceramic.com\/wp-content\/uploads\/2024\/09\/9-Inch-Ceramic-Ramen-Bowls-Wholesale-With-Wavy-Surface-Design-2-270x270.webp 270w, https:\/\/www.yongjianceramic.com\/wp-content\/uploads\/2024\/09\/9-Inch-Ceramic-Ramen-Bowls-Wholesale-With-Wavy-Surface-Design-2-540x540.webp 540w, https:\/\/www.yongjianceramic.com\/wp-content\/uploads\/2024\/09\/9-Inch-Ceramic-Ramen-Bowls-Wholesale-With-Wavy-Surface-Design-2-660x660.webp 660w\" sizes=\"(max-width: 750px) 100vw, 750px\" \/><\/figure>\n<\/div><\/div>\n<\/div>","protected":false},"excerpt":{"rendered":"<p>Willkommen zu kaufen Keramik Ramen Schalen in der Masse. Unsere 9-Zoll-Keramik-Ramen-Schalen Gro\u00dfhandel verf\u00fcgen \u00fcber ein Wellenmuster Sch\u00fcssel Rand Design, zusammen mit Premium-Keramik-Material, die Sch\u00f6nheit und Haltbarkeit. Seine gro\u00dfe Kapazit\u00e4t ist perfekt f\u00fcr die Aufnahme von verschiedenen Arten von Nudeln und ist eine sehr sch\u00f6ne Option f\u00fcr das Catering-Gesch\u00e4ft und den kommerziellen Einsatz.<\/p>\n<table style=\"border-collapse: collapse; width: 309.02pt;\" border=\"0\" width=\"309\" cellspacing=\"0\" cellpadding=\"0\">\n<tbody>\n<tr style=\"height: 17.60pt;\">\n<td class=\"et3\" style=\"height: 17.60pt; width: 120.25pt;\" width=\"120\" height=\"17\">Hersteller<\/td>\n<td class=\"et3\" style=\"width: 189.25pt;\" width=\"189\">Yongjian<\/td>\n<\/tr>\n<tr style=\"height: 18.00pt;\">\n<td class=\"et3\" style=\"height: 18.00pt;\" height=\"18\">Modell Nr.<\/td>\n<td class=\"et4\" style=\"width: 189.25pt;\" width=\"189\">YJ-017<\/td>\n<\/tr>\n<tr style=\"height: 17.60pt;\">\n<td class=\"et3\" style=\"height: 17.60pt;\" height=\"17\">Produkttyp<\/td>\n<td class=\"et3\">Suppen- und Ramenschalen<\/td>\n<\/tr>\n<tr style=\"height: 17.60pt;\">\n<td class=\"et3\" style=\"height: 17.60pt;\" height=\"17\">Material<\/td>\n<td class=\"et3\">Porzellan<\/td>\n<\/tr>\n<tr style=\"height: 17.60pt;\">\n<td class=\"et6\" style=\"height: 17.60pt;\" height=\"17\">Farbe<\/td>\n<td class=\"et3\">Wei\u00df\/ Schwarz<\/td>\n<\/tr>\n<tr style=\"height: 18.00pt;\">\n<td class=\"et3\" style=\"height: 18.00pt;\" height=\"18\">Dimension<\/td>\n<td class=\"et7\" style=\"width: 189.25pt;\" width=\"189\">22.4*22.4*9, 1600ml<\/td>\n<\/tr>\n<tr style=\"height: 17.60pt;\">\n<td class=\"et3\" style=\"height: 17.60pt;\" height=\"17\">MOQ<\/td>\n<td class=\"et3\">500St\u00fcck<\/td>\n<\/tr>\n<tr style=\"height: 17.60pt;\">\n<td class=\"et3\" style=\"height: 17.60pt;\" height=\"17\">Benutzerdefiniert<\/td>\n<td class=\"et3\">Farbe\/Gr\u00f6\u00dfe\/Logo\/Verpackung<\/td>\n<\/tr>\n<\/tbody>\n<\/table>","protected":false},"featured_media":3305,"comment_status":"closed","ping_status":"closed","template":"","meta":{"_acf_changed":false},"product_brand":[],"product_cat":[73,63],"product_tag":[96],"class_list":{"0":"post-3300","1":"product","2":"type-product","3":"status-publish","4":"has-post-thumbnail","6":"product_cat-bulk-soup-bowls","7":"product_cat-wholesale-bowls","8":"product_tag-black-white-dinnerware-wholesale","10":"first","11":"instock","12":"shipping-taxable","13":"product-type-simple"},"acf":[],"_links":{"self":[{"href":"https:\/\/www.yongjianceramic.com\/de\/wp-json\/wp\/v2\/product\/3300","targetHints":{"allow":["GET"]}}],"collection":[{"href":"https:\/\/www.yongjianceramic.com\/de\/wp-json\/wp\/v2\/product"}],"about":[{"href":"https:\/\/www.yongjianceramic.com\/de\/wp-json\/wp\/v2\/types\/product"}],"replies":[{"embeddable":true,"href":"https:\/\/www.yongjianceramic.com\/de\/wp-json\/wp\/v2\/comments?post=3300"}],"wp:featuredmedia":[{"embeddable":true,"href":"https:\/\/www.yongjianceramic.com\/de\/wp-json\/wp\/v2\/media\/3305"}],"wp:attachment":[{"href":"https:\/\/www.yongjianceramic.com\/de\/wp-json\/wp\/v2\/media?parent=3300"}],"wp:term":[{"taxonomy":"product_brand","embeddable":true,"href":"https:\/\/www.yongjianceramic.com\/de\/wp-json\/wp\/v2\/product_brand?post=3300"},{"taxonomy":"product_cat","embeddable":true,"href":"https:\/\/www.yongjianceramic.com\/de\/wp-json\/wp\/v2\/product_cat?post=3300"},{"taxonomy":"product_tag","embeddable":true,"href":"https:\/\/www.yongjianceramic.com\/de\/wp-json\/wp\/v2\/product_tag?post=3300"}],"curies":[{"name":"wp","href":"https:\/\/api.w.org\/{rel}","templated":true}]}}