{"id":3314,"date":"2024-09-07T05:58:49","date_gmt":"2024-09-07T05:58:49","guid":{"rendered":"https:\/\/www.yongjianceramic.com\/?post_type=product&#038;p=3314"},"modified":"2024-09-20T09:12:30","modified_gmt":"2024-09-20T09:12:30","slug":"large-ramen-bowls-bulk","status":"publish","type":"product","link":"https:\/\/www.yongjianceramic.com\/de\/produkt\/large-ramen-bowls-bulk\/","title":{"rendered":"10-Zoll gro\u00dfe Ramen-Sch\u00fcsseln Bulk, unregelm\u00e4\u00dfiger Rand Design Suppensch\u00fcsseln"},"content":{"rendered":"<div class=\"wp-block-columns is-layout-flex wp-container-core-columns-is-layout-9d6595d7 wp-block-columns-is-layout-flex\">\n<div class=\"wp-block-column is-layout-flow wp-block-column-is-layout-flow\">\n<h2 class=\"wp-block-heading\">Premium Large Ramen Bowls Bulk Eigenschaften:<\/h2>\n\n\n\n<ul class=\"wp-block-list\">\n<li><strong>Unregelm\u00e4\u00dfige Kantengestaltung: <\/strong>Unsere gro\u00dfen 10-Zoll-Ramenschalen haben ein einzigartiges, unregelm\u00e4\u00dfiges Randdesign, das ein modernes und individuelles Gef\u00fchl vermittelt und das Esserlebnis insgesamt verbessert.<\/li>\n\n\n\n<li><strong>Geeignet f\u00fcr den Mehrzweckgebrauch: <\/strong>Die gro\u00dfe Gr\u00f6\u00dfe Design dieser Gro\u00dfhandel gro\u00dfe Schalen ist sehr geeignet f\u00fcr die Aufnahme Ramen, Suppe Nudeln, Eint\u00f6pfe und andere Lebensmittel, geeignet f\u00fcr verschiedene Gelegenheiten wie zu Hause und Restaurant.<\/li>\n\n\n\n<li><strong>Hochwertiges keramisches Material: <\/strong>Diese gro\u00dfen Ramensch\u00fcsseln sind aus hochwertiger Keramik gefertigt, die gegen hohe Temperaturen und Abnutzung best\u00e4ndig ist. Dadurch ist die Sch\u00fcssel robust und langlebig und bleibt auch nach langem Gebrauch sch\u00f6n.<\/li>\n\n\n\n<li><strong>Rabatt bei Gro\u00dfeinkauf: <\/strong>Unsere Ramen-Sch\u00fcsseln f\u00fcr den Gro\u00dfhandel eignen sich f\u00fcr Gro\u00dfbestellungen, f\u00fcr das Gastst\u00e4ttengewerbe und f\u00fcr Gro\u00dfhandelskunden und bieten wettbewerbsf\u00e4hige Preise.<\/li>\n<\/ul>\n<\/div>\n\n\n\n<div class=\"wp-block-column is-vertically-aligned-center is-layout-flow wp-block-column-is-layout-flow\"><div class=\"wp-block-image\">\n<figure class=\"aligncenter size-full\"><img fetchpriority=\"high\" decoding=\"async\" width=\"800\" height=\"800\" src=\"https:\/\/www.yongjianceramic.com\/wp-content\/uploads\/2024\/09\/Large-Ramen-Bowls-Bulk-Irregular-Edge-Design-Soup-Bowls-5.webp\" alt=\"Gro\u00dfe Ramen-Schalen Bulk, unregelm\u00e4\u00dfiger Rand Design Suppenschalen-5\" class=\"wp-image-3319\" srcset=\"https:\/\/www.yongjianceramic.com\/wp-content\/uploads\/2024\/09\/Large-Ramen-Bowls-Bulk-Irregular-Edge-Design-Soup-Bowls-5.webp 800w, https:\/\/www.yongjianceramic.com\/wp-content\/uploads\/2024\/09\/Large-Ramen-Bowls-Bulk-Irregular-Edge-Design-Soup-Bowls-5-300x300.webp 300w, https:\/\/www.yongjianceramic.com\/wp-content\/uploads\/2024\/09\/Large-Ramen-Bowls-Bulk-Irregular-Edge-Design-Soup-Bowls-5-150x150.webp 150w, https:\/\/www.yongjianceramic.com\/wp-content\/uploads\/2024\/09\/Large-Ramen-Bowls-Bulk-Irregular-Edge-Design-Soup-Bowls-5-768x768.webp 768w, https:\/\/www.yongjianceramic.com\/wp-content\/uploads\/2024\/09\/Large-Ramen-Bowls-Bulk-Irregular-Edge-Design-Soup-Bowls-5-12x12.webp 12w, https:\/\/www.yongjianceramic.com\/wp-content\/uploads\/2024\/09\/Large-Ramen-Bowls-Bulk-Irregular-Edge-Design-Soup-Bowls-5-285x285.webp 285w, https:\/\/www.yongjianceramic.com\/wp-content\/uploads\/2024\/09\/Large-Ramen-Bowls-Bulk-Irregular-Edge-Design-Soup-Bowls-5-270x270.webp 270w, https:\/\/www.yongjianceramic.com\/wp-content\/uploads\/2024\/09\/Large-Ramen-Bowls-Bulk-Irregular-Edge-Design-Soup-Bowls-5-540x540.webp 540w, https:\/\/www.yongjianceramic.com\/wp-content\/uploads\/2024\/09\/Large-Ramen-Bowls-Bulk-Irregular-Edge-Design-Soup-Bowls-5-660x660.webp 660w\" sizes=\"(max-width: 800px) 100vw, 800px\" \/><\/figure>\n<\/div><\/div>\n<\/div>","protected":false},"excerpt":{"rendered":"<p>Willkommen zum Kauf von Keramik-Ramenschalen in gro\u00dfen Mengen. Diese gro\u00dfen Ramensch\u00fcsseln in loser Sch\u00fcttung haben ein unregelm\u00e4\u00dfiges Randdesign, das stilvoll und individuell ist und sich f\u00fcr die Aufbewahrung einer Vielzahl von Grundnahrungsmitteln eignet. Das hochwertige Keramikmaterial sorgt f\u00fcr Langlebigkeit und ist eine ideale Wahl f\u00fcr Superm\u00e4rkte und Gastronomiebetriebe.<\/p>\n<table style=\"border-collapse: collapse; width: 309.02pt;\" border=\"0\" width=\"309\" cellspacing=\"0\" cellpadding=\"0\">\n<tbody>\n<tr style=\"height: 17.60pt;\">\n<td class=\"et3\" style=\"height: 17.60pt; width: 120.25pt;\" width=\"120\" height=\"17\">Hersteller<\/td>\n<td class=\"et3\" style=\"width: 189.25pt;\" width=\"189\">Yongjian<\/td>\n<\/tr>\n<tr style=\"height: 18.00pt;\">\n<td class=\"et3\" style=\"height: 18.00pt;\" height=\"18\">Modell Nr.<\/td>\n<td class=\"et4\" style=\"width: 189.25pt;\" width=\"189\">YJ-025<\/td>\n<\/tr>\n<tr style=\"height: 17.60pt;\">\n<td class=\"et3\" style=\"height: 17.60pt;\" height=\"17\">Produkttyp<\/td>\n<td class=\"et3\">Suppen- und Ramenschalen<\/td>\n<\/tr>\n<tr style=\"height: 17.60pt;\">\n<td class=\"et3\" style=\"height: 17.60pt;\" height=\"17\">Material<\/td>\n<td class=\"et3\">Porzellan<\/td>\n<\/tr>\n<tr style=\"height: 17.60pt;\">\n<td class=\"et6\" style=\"height: 17.60pt;\" height=\"17\">Farbe<\/td>\n<td class=\"et3\">Wei\u00df\/ Schwarz<\/td>\n<\/tr>\n<tr style=\"height: 18.00pt;\">\n<td class=\"et3\" style=\"height: 18.00pt;\" height=\"18\">Dimension<\/td>\n<td class=\"et7\" style=\"width: 189.25pt;\" width=\"189\">25*25*6,5, 1400ml<\/td>\n<\/tr>\n<tr style=\"height: 17.60pt;\">\n<td class=\"et3\" style=\"height: 17.60pt;\" height=\"17\">MOQ<\/td>\n<td class=\"et3\">500St\u00fcck<\/td>\n<\/tr>\n<tr style=\"height: 17.60pt;\">\n<td class=\"et3\" style=\"height: 17.60pt;\" height=\"17\">Benutzerdefiniert<\/td>\n<td class=\"et3\">Farbe\/Gr\u00f6\u00dfe\/Logo\/Verpackung<\/td>\n<\/tr>\n<\/tbody>\n<\/table>","protected":false},"featured_media":3317,"comment_status":"closed","ping_status":"closed","template":"","meta":{"_acf_changed":false},"product_brand":[],"product_cat":[73,63],"product_tag":[96],"class_list":{"0":"post-3314","1":"product","2":"type-product","3":"status-publish","4":"has-post-thumbnail","6":"product_cat-bulk-soup-bowls","7":"product_cat-wholesale-bowls","8":"product_tag-black-white-dinnerware-wholesale","10":"first","11":"instock","12":"shipping-taxable","13":"product-type-simple"},"acf":[],"_links":{"self":[{"href":"https:\/\/www.yongjianceramic.com\/de\/wp-json\/wp\/v2\/product\/3314","targetHints":{"allow":["GET"]}}],"collection":[{"href":"https:\/\/www.yongjianceramic.com\/de\/wp-json\/wp\/v2\/product"}],"about":[{"href":"https:\/\/www.yongjianceramic.com\/de\/wp-json\/wp\/v2\/types\/product"}],"replies":[{"embeddable":true,"href":"https:\/\/www.yongjianceramic.com\/de\/wp-json\/wp\/v2\/comments?post=3314"}],"wp:featuredmedia":[{"embeddable":true,"href":"https:\/\/www.yongjianceramic.com\/de\/wp-json\/wp\/v2\/media\/3317"}],"wp:attachment":[{"href":"https:\/\/www.yongjianceramic.com\/de\/wp-json\/wp\/v2\/media?parent=3314"}],"wp:term":[{"taxonomy":"product_brand","embeddable":true,"href":"https:\/\/www.yongjianceramic.com\/de\/wp-json\/wp\/v2\/product_brand?post=3314"},{"taxonomy":"product_cat","embeddable":true,"href":"https:\/\/www.yongjianceramic.com\/de\/wp-json\/wp\/v2\/product_cat?post=3314"},{"taxonomy":"product_tag","embeddable":true,"href":"https:\/\/www.yongjianceramic.com\/de\/wp-json\/wp\/v2\/product_tag?post=3314"}],"curies":[{"name":"wp","href":"https:\/\/api.w.org\/{rel}","templated":true}]}}