{"id":3322,"date":"2024-09-09T02:58:47","date_gmt":"2024-09-09T02:58:47","guid":{"rendered":"https:\/\/www.yongjianceramic.com\/?post_type=product&#038;p=3322"},"modified":"2024-09-20T09:12:30","modified_gmt":"2024-09-20T09:12:30","slug":"ceramic-dipping-bowls-wholesale","status":"publish","type":"product","link":"https:\/\/www.yongjianceramic.com\/de\/produkt\/ceramic-dipping-bowls-wholesale\/","title":{"rendered":"Keramische Dipping-Schalen Gro\u00dfhandel, kleine Gerichte Bulk f\u00fcr Veranstaltung"},"content":{"rendered":"<div class=\"wp-block-columns is-layout-flex wp-container-core-columns-is-layout-9d6595d7 wp-block-columns-is-layout-flex\">\n<div class=\"wp-block-column is-layout-flow wp-block-column-is-layout-flow\">\n<h2 class=\"wp-block-heading\">Premium-Keramik Dipping Schalen Gro\u00dfhandel Merkmale:<\/h2>\n\n\n\n<ul class=\"wp-block-list\">\n<li><strong>Einfaches und stilvolles Design: <\/strong>Diese Keramik Tauchschalen Gro\u00dfhandel haben zwei klassischen Farben schwarz und wei\u00df, mit einem einfachen und modernen Design, geeignet f\u00fcr eine Vielzahl von Tisch Stile, und verbessert die allgemeine Sch\u00f6nheit der Tabelle.<\/li>\n\n\n\n<li><strong>Vielseitig einsetzbar: <\/strong>Unsere kleinen Schalen eignen sich f\u00fcr verschiedene Gew\u00fcrze, Dips, Vorspeisen, kleine Portionen von Desserts usw., um die verschiedenen Bed\u00fcrfnisse von Haus, Restaurant oder Bankett zu erf\u00fcllen.<\/li>\n\n\n\n<li><strong>Hochwertiges keramisches Material: <\/strong>Die aus hochwertiger Keramik gefertigten Keramik-Tauchschalen f\u00fcr den Gro\u00dfhandel haben glatte Oberfl\u00e4chen, sind langlebig und leicht zu reinigen, haben eine hohe Hitzebest\u00e4ndigkeit und sind f\u00fcr den t\u00e4glichen Gebrauch und die Reinigung in der Sp\u00fclmaschine geeignet.<\/li>\n\n\n\n<li><strong>Flexibilit\u00e4t beim Kauf von Gro\u00dfmengen: <\/strong>Unsere kleinen Gerichte in gro\u00dfen Mengen eignen sich f\u00fcr den Gro\u00dfhandel, f\u00fcr Gastronomen, Einzelh\u00e4ndler und Geschenkelieferanten und gew\u00e4hrleisten eine ausreichende Versorgung und g\u00fcnstige Preise.<\/li>\n<\/ul>\n<\/div>\n\n\n\n<div class=\"wp-block-column is-vertically-aligned-center is-layout-flow wp-block-column-is-layout-flow\"><div class=\"wp-block-image\">\n<figure class=\"aligncenter size-full\"><img fetchpriority=\"high\" decoding=\"async\" width=\"800\" height=\"800\" src=\"https:\/\/www.yongjianceramic.com\/wp-content\/uploads\/2024\/09\/Ceramic-Dipping-Bowls-Wholesale-Small-Ceramic-Dishes-Bulk-1.webp\" alt=\"Keramik Dipping Schalen Gro\u00dfhandel, kleine keramische Gerichte Bulk-1\" class=\"wp-image-3323\" srcset=\"https:\/\/www.yongjianceramic.com\/wp-content\/uploads\/2024\/09\/Ceramic-Dipping-Bowls-Wholesale-Small-Ceramic-Dishes-Bulk-1.webp 800w, https:\/\/www.yongjianceramic.com\/wp-content\/uploads\/2024\/09\/Ceramic-Dipping-Bowls-Wholesale-Small-Ceramic-Dishes-Bulk-1-300x300.webp 300w, https:\/\/www.yongjianceramic.com\/wp-content\/uploads\/2024\/09\/Ceramic-Dipping-Bowls-Wholesale-Small-Ceramic-Dishes-Bulk-1-150x150.webp 150w, https:\/\/www.yongjianceramic.com\/wp-content\/uploads\/2024\/09\/Ceramic-Dipping-Bowls-Wholesale-Small-Ceramic-Dishes-Bulk-1-768x768.webp 768w, https:\/\/www.yongjianceramic.com\/wp-content\/uploads\/2024\/09\/Ceramic-Dipping-Bowls-Wholesale-Small-Ceramic-Dishes-Bulk-1-12x12.webp 12w, https:\/\/www.yongjianceramic.com\/wp-content\/uploads\/2024\/09\/Ceramic-Dipping-Bowls-Wholesale-Small-Ceramic-Dishes-Bulk-1-285x285.webp 285w, https:\/\/www.yongjianceramic.com\/wp-content\/uploads\/2024\/09\/Ceramic-Dipping-Bowls-Wholesale-Small-Ceramic-Dishes-Bulk-1-270x270.webp 270w, https:\/\/www.yongjianceramic.com\/wp-content\/uploads\/2024\/09\/Ceramic-Dipping-Bowls-Wholesale-Small-Ceramic-Dishes-Bulk-1-540x540.webp 540w, https:\/\/www.yongjianceramic.com\/wp-content\/uploads\/2024\/09\/Ceramic-Dipping-Bowls-Wholesale-Small-Ceramic-Dishes-Bulk-1-660x660.webp 660w\" sizes=\"(max-width: 800px) 100vw, 800px\" \/><\/figure>\n<\/div><\/div>\n<\/div>","protected":false},"excerpt":{"rendered":"<p>Willkommen auf kleine Gerichte bulk kaufen. Unsere Keramik Dipping Schalen Gro\u00dfhandel haben zwei Farben schwarz und wei\u00df, mit einem einfachen und eleganten Design, geeignet f\u00fcr Dips, Saucen und kleine Portionen von Lebensmitteln. Hochwertiges Keramikmaterial sorgt daf\u00fcr, dass es langlebig und leicht zu reinigen ist, so dass es eine ideale Wahl f\u00fcr zu Hause und Catering-Pl\u00e4tze.<\/p>\n<table style=\"border-collapse: collapse; width: 309.02pt;\" border=\"0\" width=\"309\" cellspacing=\"0\" cellpadding=\"0\">\n<tbody>\n<tr style=\"height: 17.60pt;\">\n<td class=\"et3\" style=\"height: 17.60pt; width: 120.25pt;\" width=\"120\" height=\"17\">Hersteller<\/td>\n<td class=\"et3\" style=\"width: 189.25pt;\" width=\"189\">Yongjian<\/td>\n<\/tr>\n<tr style=\"height: 18.00pt;\">\n<td class=\"et3\" style=\"height: 18.00pt;\" height=\"18\">Modell Nr.<\/td>\n<td class=\"et4\" style=\"width: 189.25pt;\" width=\"189\">YJ-026<\/td>\n<\/tr>\n<tr style=\"height: 17.60pt;\">\n<td class=\"et3\" style=\"height: 17.60pt;\" height=\"17\">Produkttyp<\/td>\n<td class=\"et3\">Kleine Schale<\/td>\n<\/tr>\n<tr style=\"height: 17.60pt;\">\n<td class=\"et3\" style=\"height: 17.60pt;\" height=\"17\">Material<\/td>\n<td class=\"et3\">Porzellan<\/td>\n<\/tr>\n<tr style=\"height: 17.60pt;\">\n<td class=\"et5\" style=\"height: 17.60pt;\" height=\"17\">Farbe<\/td>\n<td class=\"et3\">Wei\u00df\/ Schwarz<\/td>\n<\/tr>\n<tr style=\"height: 17.60pt;\">\n<td class=\"et3\" style=\"height: 17.60pt;\" height=\"17\">Dimension<\/td>\n<td class=\"et3\">8*8*2.5<\/td>\n<\/tr>\n<tr style=\"height: 17.60pt;\">\n<td class=\"et3\" style=\"height: 17.60pt;\" height=\"17\">MOQ<\/td>\n<td class=\"et3\">500St\u00fcck<\/td>\n<\/tr>\n<tr style=\"height: 17.60pt;\">\n<td class=\"et3\" style=\"height: 17.60pt;\" height=\"17\">Benutzerdefiniert<\/td>\n<td class=\"et3\">Farbe\/Gr\u00f6\u00dfe\/Logo\/Verpackung<\/td>\n<\/tr>\n<\/tbody>\n<\/table>","protected":false},"featured_media":3324,"comment_status":"closed","ping_status":"closed","template":"","meta":{"_acf_changed":false},"product_brand":[],"product_cat":[92,62],"product_tag":[96],"class_list":{"0":"post-3322","1":"product","2":"type-product","3":"status-publish","4":"has-post-thumbnail","6":"product_cat-small-dishes-wholesale","7":"product_cat-ceramic-plates-wholesale","8":"product_tag-black-white-dinnerware-wholesale","10":"first","11":"instock","12":"shipping-taxable","13":"product-type-simple"},"acf":[],"_links":{"self":[{"href":"https:\/\/www.yongjianceramic.com\/de\/wp-json\/wp\/v2\/product\/3322","targetHints":{"allow":["GET"]}}],"collection":[{"href":"https:\/\/www.yongjianceramic.com\/de\/wp-json\/wp\/v2\/product"}],"about":[{"href":"https:\/\/www.yongjianceramic.com\/de\/wp-json\/wp\/v2\/types\/product"}],"replies":[{"embeddable":true,"href":"https:\/\/www.yongjianceramic.com\/de\/wp-json\/wp\/v2\/comments?post=3322"}],"wp:featuredmedia":[{"embeddable":true,"href":"https:\/\/www.yongjianceramic.com\/de\/wp-json\/wp\/v2\/media\/3324"}],"wp:attachment":[{"href":"https:\/\/www.yongjianceramic.com\/de\/wp-json\/wp\/v2\/media?parent=3322"}],"wp:term":[{"taxonomy":"product_brand","embeddable":true,"href":"https:\/\/www.yongjianceramic.com\/de\/wp-json\/wp\/v2\/product_brand?post=3322"},{"taxonomy":"product_cat","embeddable":true,"href":"https:\/\/www.yongjianceramic.com\/de\/wp-json\/wp\/v2\/product_cat?post=3322"},{"taxonomy":"product_tag","embeddable":true,"href":"https:\/\/www.yongjianceramic.com\/de\/wp-json\/wp\/v2\/product_tag?post=3322"}],"curies":[{"name":"wp","href":"https:\/\/api.w.org\/{rel}","templated":true}]}}