{"id":3329,"date":"2024-09-09T03:27:43","date_gmt":"2024-09-09T03:27:43","guid":{"rendered":"https:\/\/www.yongjianceramic.com\/?post_type=product&#038;p=3329"},"modified":"2025-11-05T17:28:14","modified_gmt":"2025-11-05T09:28:14","slug":"ceramic-dip-bowls-wholesale","status":"publish","type":"product","link":"https:\/\/www.yongjianceramic.com\/de\/produkt\/ceramic-dip-bowls-wholesale\/","title":{"rendered":"Keramische Dip-Schalen Gro\u00dfhandel, Bulk kleine Gerichte f\u00fcr Saucen"},"content":{"rendered":"<div class=\"wp-block-columns is-layout-flex wp-container-core-columns-is-layout-9d6595d7 wp-block-columns-is-layout-flex\">\n<div class=\"wp-block-column is-layout-flow wp-block-column-is-layout-flow\">\n<h2 class=\"wp-block-heading\">Premium-Keramik Dip Schalen Gro\u00dfhandel Merkmale:<\/h2>\n\n\n\n<ul class=\"wp-block-list\">\n<li><strong>Einzigartiges gewelltes Oberfl\u00e4chendesign: <\/strong>Das gewellte Oberfl\u00e4chendesign dieser Keramikschalen f\u00fcr den Gro\u00dfhandel schafft eine besondere Textur und einen visuellen Effekt f\u00fcr das Produkt und verst\u00e4rkt den Sinn f\u00fcr Mode f\u00fcr den Esstisch.<\/li>\n\n\n\n<li><strong>Klassische zweifarbige Wahl:<\/strong> Unsere kleinen Gerichte bulk bieten zwei klassische Farben, schwarz und wei\u00df, mit minimalistischen und modernen Design, passend zu einer Vielzahl von Esstisch Stile und Festlichkeiten, nicht nur die elegante Temperament zu zeigen, sondern auch mit einer Vielzahl von Kombination von Geschirr diversifiziert werden.<\/li>\n\n\n\n<li><strong>Geeignet f\u00fcr den Mehrzweckgebrauch:<\/strong> Unsere kleinen und feinen Dipschalen aus Keramik eignen sich hervorragend f\u00fcr die Aufbewahrung von Saucen, Gew\u00fcrzen, Dips oder winzigen Portionen von Lebensmitteln, passend f\u00fcr verschiedene Anl\u00e4sse wie Zuhause, Restaurants und Bankette, handlich und praktisch.<\/li>\n\n\n\n<li><strong>Hochwertiges keramisches Material: <\/strong>Das Geschirr besteht aus hochwertiger Keramik, die robust, glatt und leicht zu reinigen ist. Es ist hitzebest\u00e4ndig, mikrowellen- und sp\u00fclmaschinenfest und f\u00fcr den t\u00e4glichen Gebrauch geeignet.<\/li>\n<\/ul>\n<\/div>\n\n\n\n<div class=\"wp-block-column is-vertically-aligned-center is-layout-flow wp-block-column-is-layout-flow\"><div class=\"wp-block-image\">\n<figure class=\"aligncenter size-full\"><img fetchpriority=\"high\" decoding=\"async\" width=\"800\" height=\"800\" src=\"https:\/\/www.yongjianceramic.com\/wp-content\/uploads\/2024\/09\/Ceramic-Dip-Bowls-Wholesale-Small-Dishes-Bulk-For-Sauces-1.webp\" alt=\"Keramische Dip-Schalen Gro\u00dfhandel, kleine Gerichte Bulk f\u00fcr Saucen-1\" class=\"wp-image-3330\" srcset=\"https:\/\/www.yongjianceramic.com\/wp-content\/uploads\/2024\/09\/Ceramic-Dip-Bowls-Wholesale-Small-Dishes-Bulk-For-Sauces-1.webp 800w, https:\/\/www.yongjianceramic.com\/wp-content\/uploads\/2024\/09\/Ceramic-Dip-Bowls-Wholesale-Small-Dishes-Bulk-For-Sauces-1-300x300.webp 300w, https:\/\/www.yongjianceramic.com\/wp-content\/uploads\/2024\/09\/Ceramic-Dip-Bowls-Wholesale-Small-Dishes-Bulk-For-Sauces-1-150x150.webp 150w, https:\/\/www.yongjianceramic.com\/wp-content\/uploads\/2024\/09\/Ceramic-Dip-Bowls-Wholesale-Small-Dishes-Bulk-For-Sauces-1-768x768.webp 768w, https:\/\/www.yongjianceramic.com\/wp-content\/uploads\/2024\/09\/Ceramic-Dip-Bowls-Wholesale-Small-Dishes-Bulk-For-Sauces-1-12x12.webp 12w, https:\/\/www.yongjianceramic.com\/wp-content\/uploads\/2024\/09\/Ceramic-Dip-Bowls-Wholesale-Small-Dishes-Bulk-For-Sauces-1-285x285.webp 285w, https:\/\/www.yongjianceramic.com\/wp-content\/uploads\/2024\/09\/Ceramic-Dip-Bowls-Wholesale-Small-Dishes-Bulk-For-Sauces-1-270x270.webp 270w, https:\/\/www.yongjianceramic.com\/wp-content\/uploads\/2024\/09\/Ceramic-Dip-Bowls-Wholesale-Small-Dishes-Bulk-For-Sauces-1-540x540.webp 540w, https:\/\/www.yongjianceramic.com\/wp-content\/uploads\/2024\/09\/Ceramic-Dip-Bowls-Wholesale-Small-Dishes-Bulk-For-Sauces-1-660x660.webp 660w\" sizes=\"(max-width: 800px) 100vw, 800px\" \/><\/figure>\n<\/div><\/div>\n<\/div>","protected":false},"excerpt":{"rendered":"<p>Willkommen zum Kauf kleiner Keramikschalen in gro\u00dfen Mengen. Unsere Keramik Dip-Schalen Gro\u00dfhandel verf\u00fcgen \u00fcber eine gewellte Oberfl\u00e4che Design-Muster und bieten zwei klassische Farbkombinationen, schwarz und wei\u00df, die stilvoll und funktional sind. Es ist geeignet f\u00fcr alle Arten von Gew\u00fcrzen und Saucen, rutschfest und leicht zu reinigen, und ist eine ideale Wahl f\u00fcr Catering-Restaurants und Familienk\u00fcchen.<\/p>\n<table style=\"border-collapse: collapse; width: 309.02pt;\" border=\"0\" width=\"309\" cellspacing=\"0\" cellpadding=\"0\">\n<tbody>\n<tr style=\"height: 17.60pt;\">\n<td class=\"et3\" style=\"height: 17.60pt; width: 120.25pt;\" width=\"120\" height=\"17\">Hersteller<\/td>\n<td class=\"et3\" style=\"width: 189.25pt;\" width=\"189\">Yongjian<\/td>\n<\/tr>\n<tr style=\"height: 18.00pt;\">\n<td class=\"et3\" style=\"height: 18.00pt;\" height=\"18\">Modell Nr.<\/td>\n<td class=\"et4\" style=\"width: 189.25pt;\" width=\"189\">YJ-027<\/td>\n<\/tr>\n<tr style=\"height: 17.60pt;\">\n<td class=\"et3\" style=\"height: 17.60pt;\" height=\"17\">Produkttyp<\/td>\n<td class=\"et3\">Kleine Schale<\/td>\n<\/tr>\n<tr style=\"height: 17.60pt;\">\n<td class=\"et3\" style=\"height: 17.60pt;\" height=\"17\">Material<\/td>\n<td class=\"et3\">Porzellan<\/td>\n<\/tr>\n<tr style=\"height: 17.60pt;\">\n<td class=\"et5\" style=\"height: 17.60pt;\" height=\"17\">Farbe<\/td>\n<td class=\"et3\">Wei\u00df\/ Schwarz<\/td>\n<\/tr>\n<tr style=\"height: 17.60pt;\">\n<td class=\"et3\" style=\"height: 17.60pt;\" height=\"17\">Dimension<\/td>\n<td class=\"et3\">9.5*9.5*3<\/td>\n<\/tr>\n<tr style=\"height: 17.60pt;\">\n<td class=\"et3\" style=\"height: 17.60pt;\" height=\"17\">MOQ<\/td>\n<td class=\"et3\">500St\u00fcck<\/td>\n<\/tr>\n<tr style=\"height: 17.60pt;\">\n<td class=\"et3\" style=\"height: 17.60pt;\" height=\"17\">Benutzerdefiniert<\/td>\n<td class=\"et3\">Farbe\/Gr\u00f6\u00dfe\/Logo\/Verpackung<\/td>\n<\/tr>\n<\/tbody>\n<\/table>","protected":false},"featured_media":3331,"comment_status":"closed","ping_status":"closed","template":"","meta":{"_acf_changed":false},"product_brand":[],"product_cat":[92,62],"product_tag":[96],"class_list":{"0":"post-3329","1":"product","2":"type-product","3":"status-publish","4":"has-post-thumbnail","6":"product_cat-small-dishes-wholesale","7":"product_cat-ceramic-plates-wholesale","8":"product_tag-black-white-dinnerware-wholesale","10":"first","11":"instock","12":"shipping-taxable","13":"product-type-simple"},"acf":[],"_links":{"self":[{"href":"https:\/\/www.yongjianceramic.com\/de\/wp-json\/wp\/v2\/product\/3329","targetHints":{"allow":["GET"]}}],"collection":[{"href":"https:\/\/www.yongjianceramic.com\/de\/wp-json\/wp\/v2\/product"}],"about":[{"href":"https:\/\/www.yongjianceramic.com\/de\/wp-json\/wp\/v2\/types\/product"}],"replies":[{"embeddable":true,"href":"https:\/\/www.yongjianceramic.com\/de\/wp-json\/wp\/v2\/comments?post=3329"}],"wp:featuredmedia":[{"embeddable":true,"href":"https:\/\/www.yongjianceramic.com\/de\/wp-json\/wp\/v2\/media\/3331"}],"wp:attachment":[{"href":"https:\/\/www.yongjianceramic.com\/de\/wp-json\/wp\/v2\/media?parent=3329"}],"wp:term":[{"taxonomy":"product_brand","embeddable":true,"href":"https:\/\/www.yongjianceramic.com\/de\/wp-json\/wp\/v2\/product_brand?post=3329"},{"taxonomy":"product_cat","embeddable":true,"href":"https:\/\/www.yongjianceramic.com\/de\/wp-json\/wp\/v2\/product_cat?post=3329"},{"taxonomy":"product_tag","embeddable":true,"href":"https:\/\/www.yongjianceramic.com\/de\/wp-json\/wp\/v2\/product_tag?post=3329"}],"curies":[{"name":"wp","href":"https:\/\/api.w.org\/{rel}","templated":true}]}}