{"id":3335,"date":"2024-09-09T03:41:46","date_gmt":"2024-09-09T03:41:46","guid":{"rendered":"https:\/\/www.yongjianceramic.com\/?post_type=product&#038;p=3335"},"modified":"2025-11-19T11:53:56","modified_gmt":"2025-11-19T03:53:56","slug":"wholesale-small-plates","status":"publish","type":"product","link":"https:\/\/www.yongjianceramic.com\/de\/produkt\/wholesale-small-plates\/","title":{"rendered":"6-Zoll-Gro\u00dfhandel kleine Platten, runde keramische Gerichte Versorgung"},"content":{"rendered":"<div class=\"wp-block-columns is-layout-flex wp-container-core-columns-is-layout-9d6595d7 wp-block-columns-is-layout-flex\">\n<div class=\"wp-block-column is-layout-flow wp-block-column-is-layout-flow\">\n<h2 class=\"wp-block-heading\">Premium-Gro\u00dfhandel kleine Platten Merkmale:<\/h2>\n\n\n\n<ul class=\"wp-block-list\">\n<li><strong>Mattes Texturdesign:<\/strong> Diese kleinen 6-Zoll-Gro\u00dfhandelsteller haben eine mattierte, strukturierte Oberfl\u00e4che, die sich einzigartig anf\u00fchlt und nicht so leicht verrutscht, was die Hochwertigkeit und Praktikabilit\u00e4t des Produkts erh\u00f6ht.<\/li>\n\n\n\n<li><strong>Multifunktional einsetzbar: <\/strong>Der kleine Teller kann zum Aufspie\u00dfen von Knochen und Ablegen von Speiseresten verwendet werden. Man kann ihn auch als Beilage, Gew\u00fcrz oder Portion von Speisen verwenden. Es kann bei verschiedenen Anl\u00e4ssen wie zu Hause, in Restaurants und bei Banketten verwendet werden.<\/li>\n\n\n\n<li><strong>Hochwertiges keramisches Material: <\/strong>Unsere kleinen Teller f\u00fcr den Gro\u00dfhandel sind aus strapazierf\u00e4higer Keramik gefertigt und f\u00fcr lange Haltbarkeit und Hitze ausgelegt, sie sind mikrowellen- und sp\u00fclmaschinenfest. Sie sind extrem leicht zu reinigen und zu pflegen.<\/li>\n\n\n\n<li><strong>Klassische Gr\u00f6\u00dfe und Farbe: <\/strong>Die praktische 6-Zoll-Gr\u00f6\u00dfe und das schlichte und elegante Aussehen unseres kleinen Tellers Bulk machen ihn kompatibel mit Geschirrsets, und es sind verschiedene Farben erh\u00e4ltlich, die im t\u00e4glichen Leben und bei Festen eingesetzt werden k\u00f6nnen.<\/li>\n<\/ul>\n<\/div>\n\n\n\n<div class=\"wp-block-column is-vertically-aligned-center is-layout-flow wp-block-column-is-layout-flow\"><div class=\"wp-block-image\">\n<figure class=\"aligncenter size-full\"><img fetchpriority=\"high\" decoding=\"async\" width=\"800\" height=\"800\" src=\"https:\/\/www.yongjianceramic.com\/wp-content\/uploads\/2024\/09\/Premium-6-Inch-Wholesale-Small-Plates-For-Discarding-Bones-4.webp\" alt=\"Premium 6-Zoll-Gro\u00dfhandel kleine Platten f\u00fcr Discarding Bones-4\" class=\"wp-image-3339\" srcset=\"https:\/\/www.yongjianceramic.com\/wp-content\/uploads\/2024\/09\/Premium-6-Inch-Wholesale-Small-Plates-For-Discarding-Bones-4.webp 800w, https:\/\/www.yongjianceramic.com\/wp-content\/uploads\/2024\/09\/Premium-6-Inch-Wholesale-Small-Plates-For-Discarding-Bones-4-300x300.webp 300w, https:\/\/www.yongjianceramic.com\/wp-content\/uploads\/2024\/09\/Premium-6-Inch-Wholesale-Small-Plates-For-Discarding-Bones-4-150x150.webp 150w, https:\/\/www.yongjianceramic.com\/wp-content\/uploads\/2024\/09\/Premium-6-Inch-Wholesale-Small-Plates-For-Discarding-Bones-4-768x768.webp 768w, https:\/\/www.yongjianceramic.com\/wp-content\/uploads\/2024\/09\/Premium-6-Inch-Wholesale-Small-Plates-For-Discarding-Bones-4-12x12.webp 12w, https:\/\/www.yongjianceramic.com\/wp-content\/uploads\/2024\/09\/Premium-6-Inch-Wholesale-Small-Plates-For-Discarding-Bones-4-285x285.webp 285w, https:\/\/www.yongjianceramic.com\/wp-content\/uploads\/2024\/09\/Premium-6-Inch-Wholesale-Small-Plates-For-Discarding-Bones-4-270x270.webp 270w, https:\/\/www.yongjianceramic.com\/wp-content\/uploads\/2024\/09\/Premium-6-Inch-Wholesale-Small-Plates-For-Discarding-Bones-4-540x540.webp 540w, https:\/\/www.yongjianceramic.com\/wp-content\/uploads\/2024\/09\/Premium-6-Inch-Wholesale-Small-Plates-For-Discarding-Bones-4-660x660.webp 660w\" sizes=\"(max-width: 800px) 100vw, 800px\" \/><\/figure>\n<\/div><\/div>\n<\/div>","protected":false},"excerpt":{"rendered":"<p>Willkommen beim Kauf unserer kleinen Keramikteller in Gro\u00dfmengen. Unsere 6-Zoll-Gro\u00dfhandelsteller haben eine mattierte, strukturierte Oberfl\u00e4che, die sich zum Ausspucken von Knochen oder Speiseresten eignet, und sind vielseitig einsetzbar. Sie werden aus hochwertiger Keramik hergestellt, sind verschlei\u00dffest und leicht zu reinigen, sodass sie eine gute Wahl f\u00fcr Familien und Gastronomiebetriebe sind.<\/p>\n<table style=\"border-collapse: collapse; width: 309.02pt;\" border=\"0\" width=\"309\" cellspacing=\"0\" cellpadding=\"0\">\n<tbody>\n<tr style=\"height: 17.60pt;\">\n<td class=\"et3\" style=\"height: 17.60pt; width: 120.25pt;\" width=\"120\" height=\"17\">Hersteller<\/td>\n<td class=\"et3\" style=\"width: 189.25pt;\" width=\"189\">Yongjian<\/td>\n<\/tr>\n<tr style=\"height: 18.00pt;\">\n<td class=\"et3\" style=\"height: 18.00pt;\" height=\"18\">Modell Nr.<\/td>\n<td class=\"et4\" style=\"width: 189.25pt;\" width=\"189\">YJ-030<\/td>\n<\/tr>\n<tr style=\"height: 17.60pt;\">\n<td class=\"et3\" style=\"height: 17.60pt;\" height=\"17\">Produkttyp<\/td>\n<td class=\"et3\">Kleine Schale<\/td>\n<\/tr>\n<tr style=\"height: 17.60pt;\">\n<td class=\"et3\" style=\"height: 17.60pt;\" height=\"17\">Material<\/td>\n<td class=\"et3\">Porzellan<\/td>\n<\/tr>\n<tr style=\"height: 17.60pt;\">\n<td class=\"et5\" style=\"height: 17.60pt;\" height=\"17\">Farbe<\/td>\n<td class=\"et3\">Wei\u00df\/ Schwarz<\/td>\n<\/tr>\n<tr style=\"height: 17.60pt;\">\n<td class=\"et3\" style=\"height: 17.60pt;\" height=\"17\">Dimension<\/td>\n<td class=\"et3\">15.8*15.8*1.5<\/td>\n<\/tr>\n<tr style=\"height: 17.60pt;\">\n<td class=\"et3\" style=\"height: 17.60pt;\" height=\"17\">MOQ<\/td>\n<td class=\"et3\">500St\u00fcck<\/td>\n<\/tr>\n<tr style=\"height: 17.60pt;\">\n<td class=\"et3\" style=\"height: 17.60pt;\" height=\"17\">Benutzerdefiniert<\/td>\n<td class=\"et3\">Farbe\/Gr\u00f6\u00dfe\/Logo\/Verpackung<\/td>\n<\/tr>\n<\/tbody>\n<\/table>","protected":false},"featured_media":3337,"comment_status":"closed","ping_status":"closed","template":"","meta":{"_acf_changed":false},"product_brand":[],"product_cat":[92,93,62],"product_tag":[96],"class_list":{"0":"post-3335","1":"product","2":"type-product","3":"status-publish","4":"has-post-thumbnail","6":"product_cat-small-dishes-wholesale","7":"product_cat-bulk-dinner-plates","8":"product_cat-ceramic-plates-wholesale","9":"product_tag-black-white-dinnerware-wholesale","11":"first","12":"instock","13":"shipping-taxable","14":"product-type-simple"},"acf":[],"_links":{"self":[{"href":"https:\/\/www.yongjianceramic.com\/de\/wp-json\/wp\/v2\/product\/3335","targetHints":{"allow":["GET"]}}],"collection":[{"href":"https:\/\/www.yongjianceramic.com\/de\/wp-json\/wp\/v2\/product"}],"about":[{"href":"https:\/\/www.yongjianceramic.com\/de\/wp-json\/wp\/v2\/types\/product"}],"replies":[{"embeddable":true,"href":"https:\/\/www.yongjianceramic.com\/de\/wp-json\/wp\/v2\/comments?post=3335"}],"wp:featuredmedia":[{"embeddable":true,"href":"https:\/\/www.yongjianceramic.com\/de\/wp-json\/wp\/v2\/media\/3337"}],"wp:attachment":[{"href":"https:\/\/www.yongjianceramic.com\/de\/wp-json\/wp\/v2\/media?parent=3335"}],"wp:term":[{"taxonomy":"product_brand","embeddable":true,"href":"https:\/\/www.yongjianceramic.com\/de\/wp-json\/wp\/v2\/product_brand?post=3335"},{"taxonomy":"product_cat","embeddable":true,"href":"https:\/\/www.yongjianceramic.com\/de\/wp-json\/wp\/v2\/product_cat?post=3335"},{"taxonomy":"product_tag","embeddable":true,"href":"https:\/\/www.yongjianceramic.com\/de\/wp-json\/wp\/v2\/product_tag?post=3335"}],"curies":[{"name":"wp","href":"https:\/\/api.w.org\/{rel}","templated":true}]}}