{"id":3342,"date":"2024-09-09T03:56:52","date_gmt":"2024-09-09T03:56:52","guid":{"rendered":"https:\/\/www.yongjianceramic.com\/?post_type=product&#038;p=3342"},"modified":"2025-04-20T14:19:53","modified_gmt":"2025-04-20T06:19:53","slug":"olive-oil-dipping-dishes-wholesale","status":"publish","type":"product","link":"https:\/\/www.yongjianceramic.com\/de\/produkt\/olive-oil-dipping-dishes-wholesale\/","title":{"rendered":"Oliven\u00f6l Dipping Dishes Gro\u00dfhandel, Premium und stilvolle Schale"},"content":{"rendered":"<div class=\"wp-block-columns is-layout-flex wp-container-core-columns-is-layout-9d6595d7 wp-block-columns-is-layout-flex\">\n<div class=\"wp-block-column is-layout-flow wp-block-column-is-layout-flow\">\n<h2 class=\"wp-block-heading\">Premium-Oliven\u00f6l Dipping Dishes Gro\u00dfhandel Merkmale:<\/h2>\n\n\n\n<ul class=\"wp-block-list\">\n<li><strong>Einzigartige Technologie f\u00fcr den Ofenwechsel: <\/strong>Unsere Oliven\u00f6l-Tauchschalen f\u00fcr den Gro\u00dfhandel werden mit einer Technologie hergestellt, die die Farbe und die Textur auf nat\u00fcrliche Weise ver\u00e4ndert und jeder Schale eine einzigartige k\u00fcnstlerische und handgemachte Textur verleiht.<\/li>\n\n\n\n<li><strong>Mehrere Farboptionen: <\/strong>Diese Tauchschalen im Gro\u00dfhandel bieten eine Vielzahl von Farboptionen, von warmen neutralen T\u00f6nen bis hin zu leuchtenden Farben, die perfekt zu verschiedenen Tischstilen passen und sich an unterschiedliche Anl\u00e4sse und Vorlieben anpassen.<\/li>\n\n\n\n<li><strong>Hochwertiges keramisches Material: <\/strong>Unsere Oliven\u00f6l-Tauchschalen im Gro\u00dfhandel sind aus hochwertiger Keramik gefertigt, die eine ausgezeichnete Haltbarkeit und Hitzebest\u00e4ndigkeit aufweist, und die Oberfl\u00e4che ist glatt und leicht zu reinigen, geeignet f\u00fcr den t\u00e4glichen Gebrauch.<\/li>\n\n\n\n<li><strong>Praktisch und sch\u00f6n: <\/strong>Diese Dippschalen im Gro\u00dfhandel sind kleine Teller, die f\u00fcr Oliven\u00f6l, Gew\u00fcrze und Dips gedacht sind. Sie sind sowohl praktisch als auch eine Bereicherung f\u00fcr die Tischkultur. Sie sind ideal f\u00fcr Esspl\u00e4tze und K\u00fcchen zu Hause.<\/li>\n<\/ul>\n<\/div>\n\n\n\n<div class=\"wp-block-column is-vertically-aligned-center is-layout-flow wp-block-column-is-layout-flow\"><div class=\"wp-block-image\">\n<figure class=\"aligncenter size-full\"><img fetchpriority=\"high\" decoding=\"async\" width=\"800\" height=\"800\" src=\"https:\/\/www.yongjianceramic.com\/wp-content\/uploads\/2024\/09\/Olive-Oil-Dipping-Dishes-Wholesale-Premium-And-Stylish-Dish-5.webp\" alt=\"Oliven\u00f6l Dipping Dishes Gro\u00dfhandel, Premium und stilvolle Dish-5\" class=\"wp-image-3347\" srcset=\"https:\/\/www.yongjianceramic.com\/wp-content\/uploads\/2024\/09\/Olive-Oil-Dipping-Dishes-Wholesale-Premium-And-Stylish-Dish-5.webp 800w, https:\/\/www.yongjianceramic.com\/wp-content\/uploads\/2024\/09\/Olive-Oil-Dipping-Dishes-Wholesale-Premium-And-Stylish-Dish-5-300x300.webp 300w, https:\/\/www.yongjianceramic.com\/wp-content\/uploads\/2024\/09\/Olive-Oil-Dipping-Dishes-Wholesale-Premium-And-Stylish-Dish-5-150x150.webp 150w, https:\/\/www.yongjianceramic.com\/wp-content\/uploads\/2024\/09\/Olive-Oil-Dipping-Dishes-Wholesale-Premium-And-Stylish-Dish-5-768x768.webp 768w, https:\/\/www.yongjianceramic.com\/wp-content\/uploads\/2024\/09\/Olive-Oil-Dipping-Dishes-Wholesale-Premium-And-Stylish-Dish-5-12x12.webp 12w, https:\/\/www.yongjianceramic.com\/wp-content\/uploads\/2024\/09\/Olive-Oil-Dipping-Dishes-Wholesale-Premium-And-Stylish-Dish-5-285x285.webp 285w, https:\/\/www.yongjianceramic.com\/wp-content\/uploads\/2024\/09\/Olive-Oil-Dipping-Dishes-Wholesale-Premium-And-Stylish-Dish-5-270x270.webp 270w, https:\/\/www.yongjianceramic.com\/wp-content\/uploads\/2024\/09\/Olive-Oil-Dipping-Dishes-Wholesale-Premium-And-Stylish-Dish-5-540x540.webp 540w, https:\/\/www.yongjianceramic.com\/wp-content\/uploads\/2024\/09\/Olive-Oil-Dipping-Dishes-Wholesale-Premium-And-Stylish-Dish-5-660x660.webp 660w\" sizes=\"(max-width: 800px) 100vw, 800px\" \/><\/figure>\n<\/div><\/div>\n<\/div>","protected":false},"excerpt":{"rendered":"<p>Willkommen bei dipping Schalen Gro\u00dfhandel zu kaufen. Unsere Oliven\u00f6l Dipping Gerichte Gro\u00dfhandel sind mit einzigartigen Ofen-\u00e4ndernde Technologie, die eine Vielzahl von Farboptionen, reiche Textur und k\u00fcnstlerischen Sinn. Es ist nicht nur praktisch und langlebig, sondern auch eine gute Wahl, um die Sch\u00f6nheit des Tisches zu verbessern, sehr geeignet f\u00fcr Gro\u00dfhandel Lieferung.<\/p>\n<table style=\"border-collapse: collapse; width: 309.02pt;\" border=\"0\" width=\"309\" cellspacing=\"0\" cellpadding=\"0\">\n<tbody>\n<tr style=\"height: 17.60pt;\">\n<td class=\"et3\" style=\"height: 17.60pt; width: 120.25pt;\" width=\"120\" height=\"17\">Hersteller<\/td>\n<td class=\"et3\" style=\"width: 189.25pt;\" width=\"189\">Yongjian<\/td>\n<\/tr>\n<tr style=\"height: 18.00pt;\">\n<td class=\"et3\" style=\"height: 18.00pt;\" height=\"18\">Modell Nr.<\/td>\n<td class=\"et4\" style=\"width: 189.25pt;\" width=\"189\">YJ-030<\/td>\n<\/tr>\n<tr style=\"height: 17.60pt;\">\n<td class=\"et3\" style=\"height: 17.60pt;\" height=\"17\">Produkttyp<\/td>\n<td class=\"et3\">Kleine Schale<\/td>\n<\/tr>\n<tr style=\"height: 17.60pt;\">\n<td class=\"et3\" style=\"height: 17.60pt;\" height=\"17\">Material<\/td>\n<td class=\"et3\">Porzellan<\/td>\n<\/tr>\n<tr style=\"height: 17.60pt;\">\n<td class=\"et5\" style=\"height: 17.60pt;\" height=\"17\">Farbe<\/td>\n<td class=\"et3\">Als Bild<\/td>\n<\/tr>\n<tr style=\"height: 17.60pt;\">\n<td class=\"et3\" style=\"height: 17.60pt;\" height=\"17\">Dimension<\/td>\n<td class=\"et3\">15.8*15.8*1.5<\/td>\n<\/tr>\n<tr style=\"height: 17.60pt;\">\n<td class=\"et3\" style=\"height: 17.60pt;\" height=\"17\">MOQ<\/td>\n<td class=\"et3\">500St\u00fcck<\/td>\n<\/tr>\n<tr style=\"height: 17.60pt;\">\n<td class=\"et3\" style=\"height: 17.60pt;\" height=\"17\">Benutzerdefiniert<\/td>\n<td class=\"et3\">Farbe\/Gr\u00f6\u00dfe\/Logo\/Verpackung<\/td>\n<\/tr>\n<\/tbody>\n<\/table>","protected":false},"featured_media":3343,"comment_status":"closed","ping_status":"closed","template":"","meta":{"_acf_changed":false},"product_brand":[],"product_cat":[92,62],"product_tag":[88],"class_list":{"0":"post-3342","1":"product","2":"type-product","3":"status-publish","4":"has-post-thumbnail","6":"product_cat-small-dishes-wholesale","7":"product_cat-ceramic-plates-wholesale","8":"product_tag-japanese-style-dinnerware-set-wholesale","10":"first","11":"instock","12":"shipping-taxable","13":"product-type-simple"},"acf":[],"_links":{"self":[{"href":"https:\/\/www.yongjianceramic.com\/de\/wp-json\/wp\/v2\/product\/3342","targetHints":{"allow":["GET"]}}],"collection":[{"href":"https:\/\/www.yongjianceramic.com\/de\/wp-json\/wp\/v2\/product"}],"about":[{"href":"https:\/\/www.yongjianceramic.com\/de\/wp-json\/wp\/v2\/types\/product"}],"replies":[{"embeddable":true,"href":"https:\/\/www.yongjianceramic.com\/de\/wp-json\/wp\/v2\/comments?post=3342"}],"wp:featuredmedia":[{"embeddable":true,"href":"https:\/\/www.yongjianceramic.com\/de\/wp-json\/wp\/v2\/media\/3343"}],"wp:attachment":[{"href":"https:\/\/www.yongjianceramic.com\/de\/wp-json\/wp\/v2\/media?parent=3342"}],"wp:term":[{"taxonomy":"product_brand","embeddable":true,"href":"https:\/\/www.yongjianceramic.com\/de\/wp-json\/wp\/v2\/product_brand?post=3342"},{"taxonomy":"product_cat","embeddable":true,"href":"https:\/\/www.yongjianceramic.com\/de\/wp-json\/wp\/v2\/product_cat?post=3342"},{"taxonomy":"product_tag","embeddable":true,"href":"https:\/\/www.yongjianceramic.com\/de\/wp-json\/wp\/v2\/product_tag?post=3342"}],"curies":[{"name":"wp","href":"https:\/\/api.w.org\/{rel}","templated":true}]}}