{"id":3357,"date":"2024-09-09T05:58:47","date_gmt":"2024-09-09T05:58:47","guid":{"rendered":"https:\/\/www.yongjianceramic.com\/?post_type=product&#038;p=3357"},"modified":"2025-04-20T14:19:45","modified_gmt":"2025-04-20T06:19:45","slug":"olive-oil-dipping-bowls-wholesale","status":"publish","type":"product","link":"https:\/\/www.yongjianceramic.com\/de\/produkt\/olive-oil-dipping-bowls-wholesale\/","title":{"rendered":"Stilvolle Oliven\u00f6l Dipping Schalen Gro\u00dfhandel, kleine keramische Gerichte"},"content":{"rendered":"<div class=\"wp-block-columns is-layout-flex wp-container-core-columns-is-layout-9d6595d7 wp-block-columns-is-layout-flex\">\n<div class=\"wp-block-column is-layout-flow wp-block-column-is-layout-flow\">\n<h2 class=\"wp-block-heading\">Premium-Oliven\u00f6l Dipping Schalen Gro\u00dfhandel Merkmale:<\/h2>\n\n\n\n<ul class=\"wp-block-list\">\n<li><strong>Technologie des Ofenwechsels: <\/strong>Unsere Oliven\u00f6l-Tauchschalen f\u00fcr den Gro\u00dfhandel werden in einem einzigartigen Verfahren gebrannt. Jedes Oliven\u00f6l Dipping Sch\u00fcssel pr\u00e4sentiert eine einzigartige Farbe und Textur, das Hinzuf\u00fcgen einer handgefertigten Textur und k\u00fcnstlerischen Wert, so dass der Tisch sch\u00f6ner.<\/li>\n\n\n\n<li><strong>Mehrere Farboptionen: <\/strong>Diese Gro\u00dfhandels-Keramikgeschirre sind in einer Vielzahl von Farbkombinationen erh\u00e4ltlich, um den Anforderungen verschiedener Tischgestaltungen gerecht zu werden. Sie k\u00f6nnen leicht mit anderem Geschirr kombiniert werden und sind f\u00fcr verschiedene Anl\u00e4sse geeignet.<\/li>\n\n\n\n<li><strong>Hochwertige Keramiken:<\/strong> Unsere Oliven\u00f6l-Tauchschalen Gro\u00dfhandel Schalen sind aus hochwertiger Keramik, die langlebig und robust, mit hoher Temperaturbest\u00e4ndigkeit, geeignet f\u00fcr den h\u00e4ufigen Gebrauch und Reinigung in der Sp\u00fclmaschine, und bleiben glatt und hell f\u00fcr eine lange Zeit.<\/li>\n\n\n\n<li><strong>Multifunktionaler Einsatz: <\/strong>Diese Gro\u00dfhandels-Keramikschalen eignen sich nicht nur f\u00fcr Oliven\u00f6l und W\u00fcrzdips, sondern auch f\u00fcr andere kleine Portionen von Speisen. Sie sind sowohl praktisch als auch sch\u00f6n, geeignet f\u00fcr Gro\u00dfeink\u00e4ufe f\u00fcr Familien und Catering.<\/li>\n<\/ul>\n<\/div>\n\n\n\n<div class=\"wp-block-column is-vertically-aligned-center is-layout-flow wp-block-column-is-layout-flow\"><div class=\"wp-block-image\">\n<figure class=\"aligncenter size-full\"><img fetchpriority=\"high\" decoding=\"async\" width=\"800\" height=\"800\" src=\"https:\/\/www.yongjianceramic.com\/wp-content\/uploads\/2024\/09\/Stylish-Olive-Oil-Dipping-Bowls-Wholesale-Small-Ceramic-Dishes-5.webp\" alt=\"Stilvolle Oliven\u00f6l Dipping Schalen Gro\u00dfhandel, kleine keramische Gerichte-5\" class=\"wp-image-3362\" srcset=\"https:\/\/www.yongjianceramic.com\/wp-content\/uploads\/2024\/09\/Stylish-Olive-Oil-Dipping-Bowls-Wholesale-Small-Ceramic-Dishes-5.webp 800w, https:\/\/www.yongjianceramic.com\/wp-content\/uploads\/2024\/09\/Stylish-Olive-Oil-Dipping-Bowls-Wholesale-Small-Ceramic-Dishes-5-300x300.webp 300w, https:\/\/www.yongjianceramic.com\/wp-content\/uploads\/2024\/09\/Stylish-Olive-Oil-Dipping-Bowls-Wholesale-Small-Ceramic-Dishes-5-150x150.webp 150w, https:\/\/www.yongjianceramic.com\/wp-content\/uploads\/2024\/09\/Stylish-Olive-Oil-Dipping-Bowls-Wholesale-Small-Ceramic-Dishes-5-768x768.webp 768w, https:\/\/www.yongjianceramic.com\/wp-content\/uploads\/2024\/09\/Stylish-Olive-Oil-Dipping-Bowls-Wholesale-Small-Ceramic-Dishes-5-12x12.webp 12w, https:\/\/www.yongjianceramic.com\/wp-content\/uploads\/2024\/09\/Stylish-Olive-Oil-Dipping-Bowls-Wholesale-Small-Ceramic-Dishes-5-285x285.webp 285w, https:\/\/www.yongjianceramic.com\/wp-content\/uploads\/2024\/09\/Stylish-Olive-Oil-Dipping-Bowls-Wholesale-Small-Ceramic-Dishes-5-270x270.webp 270w, https:\/\/www.yongjianceramic.com\/wp-content\/uploads\/2024\/09\/Stylish-Olive-Oil-Dipping-Bowls-Wholesale-Small-Ceramic-Dishes-5-540x540.webp 540w, https:\/\/www.yongjianceramic.com\/wp-content\/uploads\/2024\/09\/Stylish-Olive-Oil-Dipping-Bowls-Wholesale-Small-Ceramic-Dishes-5-660x660.webp 660w\" sizes=\"(max-width: 800px) 100vw, 800px\" \/><\/figure>\n<\/div><\/div>\n<\/div>","protected":false},"excerpt":{"rendered":"<p>Willkommen im Gro\u00dfhandel Keramikgeschirr zu kaufen. Unser Oliven\u00f6l Dipping Schalen Gro\u00dfhandel nehmen eine einzigartige Brenn-\u00c4nderung Technologie und ist in einer Vielzahl von Farben erh\u00e4ltlich. Es hat eine elegante k\u00fcnstlerische Sinn und hochwertige Keramik-Material. Es ist geeignet f\u00fcr den Einsatz auf dem Tisch f\u00fcr eine Vielzahl von Gelegenheiten und ist eine ideale Wahl f\u00fcr Familien und Restaurants.<\/p>\n<table style=\"border-collapse: collapse; width: 309.02pt;\" border=\"0\" width=\"309\" cellspacing=\"0\" cellpadding=\"0\">\n<tbody>\n<tr style=\"height: 17.60pt;\">\n<td class=\"et3\" style=\"height: 17.60pt; width: 120.25pt;\" width=\"120\" height=\"17\">Hersteller<\/td>\n<td class=\"et3\" style=\"width: 189.25pt;\" width=\"189\">Yongjian<\/td>\n<\/tr>\n<tr style=\"height: 18.00pt;\">\n<td class=\"et3\" style=\"height: 18.00pt;\" height=\"18\">Modell Nr.<\/td>\n<td class=\"et4\" style=\"width: 189.25pt;\" width=\"189\">YJ-030<\/td>\n<\/tr>\n<tr style=\"height: 17.60pt;\">\n<td class=\"et3\" style=\"height: 17.60pt;\" height=\"17\">Produkttyp<\/td>\n<td class=\"et3\">Kleine Schale<\/td>\n<\/tr>\n<tr style=\"height: 17.60pt;\">\n<td class=\"et3\" style=\"height: 17.60pt;\" height=\"17\">Material<\/td>\n<td class=\"et3\">Porzellan<\/td>\n<\/tr>\n<tr style=\"height: 17.60pt;\">\n<td class=\"et5\" style=\"height: 17.60pt;\" height=\"17\">Farbe<\/td>\n<td class=\"et3\">Als Bild<\/td>\n<\/tr>\n<tr style=\"height: 17.60pt;\">\n<td class=\"et3\" style=\"height: 17.60pt;\" height=\"17\">Dimension<\/td>\n<td class=\"et3\">15.8*15.8*1.5<\/td>\n<\/tr>\n<tr style=\"height: 17.60pt;\">\n<td class=\"et3\" style=\"height: 17.60pt;\" height=\"17\">MOQ<\/td>\n<td class=\"et3\">500St\u00fcck<\/td>\n<\/tr>\n<tr style=\"height: 17.60pt;\">\n<td class=\"et3\" style=\"height: 17.60pt;\" height=\"17\">Benutzerdefiniert<\/td>\n<td class=\"et3\">Farbe\/Gr\u00f6\u00dfe\/Logo\/Verpackung<\/td>\n<\/tr>\n<\/tbody>\n<\/table>","protected":false},"featured_media":3358,"comment_status":"closed","ping_status":"closed","template":"","meta":{"_acf_changed":false},"product_brand":[],"product_cat":[92,62],"product_tag":[88],"class_list":{"0":"post-3357","1":"product","2":"type-product","3":"status-publish","4":"has-post-thumbnail","6":"product_cat-small-dishes-wholesale","7":"product_cat-ceramic-plates-wholesale","8":"product_tag-japanese-style-dinnerware-set-wholesale","10":"first","11":"instock","12":"shipping-taxable","13":"product-type-simple"},"acf":[],"_links":{"self":[{"href":"https:\/\/www.yongjianceramic.com\/de\/wp-json\/wp\/v2\/product\/3357","targetHints":{"allow":["GET"]}}],"collection":[{"href":"https:\/\/www.yongjianceramic.com\/de\/wp-json\/wp\/v2\/product"}],"about":[{"href":"https:\/\/www.yongjianceramic.com\/de\/wp-json\/wp\/v2\/types\/product"}],"replies":[{"embeddable":true,"href":"https:\/\/www.yongjianceramic.com\/de\/wp-json\/wp\/v2\/comments?post=3357"}],"wp:featuredmedia":[{"embeddable":true,"href":"https:\/\/www.yongjianceramic.com\/de\/wp-json\/wp\/v2\/media\/3358"}],"wp:attachment":[{"href":"https:\/\/www.yongjianceramic.com\/de\/wp-json\/wp\/v2\/media?parent=3357"}],"wp:term":[{"taxonomy":"product_brand","embeddable":true,"href":"https:\/\/www.yongjianceramic.com\/de\/wp-json\/wp\/v2\/product_brand?post=3357"},{"taxonomy":"product_cat","embeddable":true,"href":"https:\/\/www.yongjianceramic.com\/de\/wp-json\/wp\/v2\/product_cat?post=3357"},{"taxonomy":"product_tag","embeddable":true,"href":"https:\/\/www.yongjianceramic.com\/de\/wp-json\/wp\/v2\/product_tag?post=3357"}],"curies":[{"name":"wp","href":"https:\/\/api.w.org\/{rel}","templated":true}]}}