{"id":3365,"date":"2024-09-09T06:18:55","date_gmt":"2024-09-09T06:18:55","guid":{"rendered":"https:\/\/www.yongjianceramic.com\/?post_type=product&#038;p=3365"},"modified":"2025-11-05T18:32:16","modified_gmt":"2025-11-05T10:32:16","slug":"charger-plates-wholesale","status":"publish","type":"product","link":"https:\/\/www.yongjianceramic.com\/de\/produkt\/charger-plates-wholesale\/","title":{"rendered":"8-Zoll-Charger-Platten Gro\u00dfhandel, Bulk-Dinner-Platten Blume geformt"},"content":{"rendered":"<div class=\"wp-block-columns is-layout-flex wp-container-core-columns-is-layout-9d6595d7 wp-block-columns-is-layout-flex\">\n<div class=\"wp-block-column is-layout-flow wp-block-column-is-layout-flow\">\n<h2 class=\"wp-block-heading\">Premium Charger Plates Gro\u00dfhandel Merkmale:<\/h2>\n\n\n\n<ul class=\"wp-block-list\">\n<li><strong>Elegantes blumenf\u00f6rmiges Design:<\/strong> Unsere Ladeplatten Gro\u00dfhandel sind einzigartig gestaltet mit blumenf\u00f6rmigen Kanten, sie sind Pl\u00fcsch und sch\u00f6n, und f\u00fcgen Sie Raffinesse zu Ihrem Tisch Pr\u00e4sentation. Stehen Sie aus, um die G\u00e4ste in Ihrem Catering; bei Hochzeiten; oder ein feines Essen Einrichtung mit unseren sch\u00f6nen Blumen Ladeger\u00e4te!<\/li>\n\n\n\n<li><strong>Farboptionen in Schwarz und Wei\u00df: <\/strong>Diese Essteller sind in den klassischen Farben Schwarz und Wei\u00df gehalten, die zeitlos sind und eine sehr schlichte und vielseitige Farbpalette darstellen; sie lassen sich leicht mit einer Reihe von Geschirr und Tischdekorationen f\u00fcr jeden Anlass kombinieren.<\/li>\n\n\n\n<li><strong>Verschiedene Gr\u00f6\u00dfen stehen zur Auswahl:<\/strong> Unsere Ladeteller im Gro\u00dfhandel gibt es in zwei Gr\u00f6\u00dfen - 8\u2033 und 10\u2033 - und bieten Platz f\u00fcr viele verschiedene Gerichte f\u00fcr jede Essenssituation. Von Casual Dining bis hin zu formellen Banketten, sie k\u00f6nnen f\u00fcr jede Gelegenheit verwendet werden und sind sehr praktisch.<\/li>\n\n\n\n<li><strong>Hochwertiges keramisches Material: <\/strong>Unsere Keramikteller sind aus hochwertigem Keramikmaterial hergestellt, das hitzebest\u00e4ndig, verschlei\u00dffest und leicht zu reinigen ist. Diese Ladeger\u00e4te k\u00f6nnen t\u00e4glich verwendet werden und werden den Test der Zeit und Sch\u00f6nheit zu widerstehen!<\/li>\n<\/ul>\n<\/div>\n\n\n\n<div class=\"wp-block-column is-vertically-aligned-center is-layout-flow wp-block-column-is-layout-flow\"><div class=\"wp-block-image\">\n<figure class=\"aligncenter size-full\"><img fetchpriority=\"high\" decoding=\"async\" width=\"1200\" height=\"1200\" src=\"https:\/\/www.yongjianceramic.com\/wp-content\/uploads\/2024\/09\/Flower-Shaped-Charger-Plates-Wholesale-Dinner-Plates-Bulk-4.webp\" alt=\"Blume geformt Charger-Platten Gro\u00dfhandel, Abendessen Platten Bulk-4\" class=\"wp-image-3369\" srcset=\"https:\/\/www.yongjianceramic.com\/wp-content\/uploads\/2024\/09\/Flower-Shaped-Charger-Plates-Wholesale-Dinner-Plates-Bulk-4.webp 1200w, https:\/\/www.yongjianceramic.com\/wp-content\/uploads\/2024\/09\/Flower-Shaped-Charger-Plates-Wholesale-Dinner-Plates-Bulk-4-300x300.webp 300w, https:\/\/www.yongjianceramic.com\/wp-content\/uploads\/2024\/09\/Flower-Shaped-Charger-Plates-Wholesale-Dinner-Plates-Bulk-4-150x150.webp 150w, https:\/\/www.yongjianceramic.com\/wp-content\/uploads\/2024\/09\/Flower-Shaped-Charger-Plates-Wholesale-Dinner-Plates-Bulk-4-768x768.webp 768w, https:\/\/www.yongjianceramic.com\/wp-content\/uploads\/2024\/09\/Flower-Shaped-Charger-Plates-Wholesale-Dinner-Plates-Bulk-4-12x12.webp 12w, https:\/\/www.yongjianceramic.com\/wp-content\/uploads\/2024\/09\/Flower-Shaped-Charger-Plates-Wholesale-Dinner-Plates-Bulk-4-285x285.webp 285w, https:\/\/www.yongjianceramic.com\/wp-content\/uploads\/2024\/09\/Flower-Shaped-Charger-Plates-Wholesale-Dinner-Plates-Bulk-4-270x270.webp 270w, https:\/\/www.yongjianceramic.com\/wp-content\/uploads\/2024\/09\/Flower-Shaped-Charger-Plates-Wholesale-Dinner-Plates-Bulk-4-540x540.webp 540w, https:\/\/www.yongjianceramic.com\/wp-content\/uploads\/2024\/09\/Flower-Shaped-Charger-Plates-Wholesale-Dinner-Plates-Bulk-4-660x660.webp 660w\" sizes=\"(max-width: 1200px) 100vw, 1200px\" \/><\/figure>\n<\/div><\/div>\n<\/div>","protected":false},"excerpt":{"rendered":"<p>Willkommen zum Kauf von Esstellern in gro\u00dfen Mengen. Unsere blumenf\u00f6rmigen Speiseteller im Gro\u00dfhandel haben ein raffiniertes Design, sowohl in Schwarz und Wei\u00df als auch in den Gr\u00f6\u00dfen 8 Zoll und 10 Zoll. Sie sind sowohl sch\u00f6n als auch n\u00fctzlich f\u00fcr verschiedene Anl\u00e4sse, von Familienessen bis zu Banketten oder in Restaurants.<\/p>\n<table style=\"border-collapse: collapse; width: 365.02pt;\" border=\"0\" width=\"365\" cellspacing=\"0\" cellpadding=\"0\">\n<tbody>\n<tr style=\"height: 17.60pt;\">\n<td class=\"et3\" style=\"height: 17.60pt; width: 120.25pt;\" width=\"120\" height=\"17\">Hersteller<\/td>\n<td class=\"et3\" style=\"width: 245.25pt;\" width=\"245\">Yongjian<\/td>\n<\/tr>\n<tr style=\"height: 18.00pt;\">\n<td class=\"et3\" style=\"height: 18.00pt;\" height=\"18\">Modell Nr.<\/td>\n<td class=\"et4\" style=\"width: 245.25pt;\" width=\"245\">YJ-009<\/td>\n<\/tr>\n<tr style=\"height: 18.00pt;\">\n<td class=\"et3\" style=\"height: 18.00pt;\" height=\"18\">Produkttyp<\/td>\n<td class=\"et4\" style=\"width: 245.25pt;\" width=\"245\">Speiseteller, Servierplatten<\/td>\n<\/tr>\n<tr style=\"height: 17.60pt;\">\n<td class=\"et3\" style=\"height: 17.60pt;\" height=\"17\">Material<\/td>\n<td class=\"et3\">Porzellan<\/td>\n<\/tr>\n<tr style=\"height: 17.60pt;\">\n<td class=\"et5\" style=\"height: 17.60pt;\" height=\"17\">Farbe<\/td>\n<td class=\"et3\">Wei\u00df\/ Schwarz<\/td>\n<\/tr>\n<tr style=\"height: 18.00pt;\">\n<td class=\"et3\" style=\"height: 18.00pt;\" height=\"18\">Dimension<\/td>\n<td class=\"et4\" style=\"width: 245.25pt;\" width=\"245\">20.5*20.5*2.3<\/td>\n<\/tr>\n<tr style=\"height: 17.60pt;\">\n<td class=\"et3\" style=\"height: 17.60pt;\" height=\"17\">MOQ<\/td>\n<td class=\"et3\">500St\u00fcck<\/td>\n<\/tr>\n<tr style=\"height: 17.60pt;\">\n<td class=\"et3\" style=\"height: 17.60pt;\" height=\"17\">Benutzerdefiniert<\/td>\n<td class=\"et3\">Farbe\/Gr\u00f6\u00dfe\/Logo\/Verpackung<\/td>\n<\/tr>\n<\/tbody>\n<\/table>","protected":false},"featured_media":3366,"comment_status":"closed","ping_status":"closed","template":"","meta":{"_acf_changed":false},"product_brand":[],"product_cat":[93,62,76],"product_tag":[96],"class_list":{"0":"post-3365","1":"product","2":"type-product","3":"status-publish","4":"has-post-thumbnail","6":"product_cat-bulk-dinner-plates","7":"product_cat-ceramic-plates-wholesale","8":"product_cat-wholesale-serving-platters","9":"product_tag-black-white-dinnerware-wholesale","11":"first","12":"instock","13":"shipping-taxable","14":"product-type-simple"},"acf":[],"_links":{"self":[{"href":"https:\/\/www.yongjianceramic.com\/de\/wp-json\/wp\/v2\/product\/3365","targetHints":{"allow":["GET"]}}],"collection":[{"href":"https:\/\/www.yongjianceramic.com\/de\/wp-json\/wp\/v2\/product"}],"about":[{"href":"https:\/\/www.yongjianceramic.com\/de\/wp-json\/wp\/v2\/types\/product"}],"replies":[{"embeddable":true,"href":"https:\/\/www.yongjianceramic.com\/de\/wp-json\/wp\/v2\/comments?post=3365"}],"wp:featuredmedia":[{"embeddable":true,"href":"https:\/\/www.yongjianceramic.com\/de\/wp-json\/wp\/v2\/media\/3366"}],"wp:attachment":[{"href":"https:\/\/www.yongjianceramic.com\/de\/wp-json\/wp\/v2\/media?parent=3365"}],"wp:term":[{"taxonomy":"product_brand","embeddable":true,"href":"https:\/\/www.yongjianceramic.com\/de\/wp-json\/wp\/v2\/product_brand?post=3365"},{"taxonomy":"product_cat","embeddable":true,"href":"https:\/\/www.yongjianceramic.com\/de\/wp-json\/wp\/v2\/product_cat?post=3365"},{"taxonomy":"product_tag","embeddable":true,"href":"https:\/\/www.yongjianceramic.com\/de\/wp-json\/wp\/v2\/product_tag?post=3365"}],"curies":[{"name":"wp","href":"https:\/\/api.w.org\/{rel}","templated":true}]}}