{"id":3374,"date":"2024-09-09T06:41:08","date_gmt":"2024-09-09T06:41:08","guid":{"rendered":"https:\/\/www.yongjianceramic.com\/?post_type=product&#038;p=3374"},"modified":"2025-11-19T16:29:57","modified_gmt":"2025-11-19T08:29:57","slug":"bulk-dinner-plates","status":"publish","type":"product","link":"https:\/\/www.yongjianceramic.com\/de\/produkt\/bulk-dinner-plates\/","title":{"rendered":"10\" Bulk Speiseteller mit gestreiften Rand Design f\u00fcr Veranstaltungen"},"content":{"rendered":"<div class=\"wp-block-columns is-layout-flex wp-container-core-columns-is-layout-9d6595d7 wp-block-columns-is-layout-flex\">\n<div class=\"wp-block-column is-layout-flow wp-block-column-is-layout-flow\">\n<h2 class=\"wp-block-heading\">Premium Bulk Speiseteller Merkmale:<\/h2>\n\n\n\n<ul class=\"wp-block-list\">\n<li><strong>Klassisches Design mit gestreiftem Rand:<\/strong> Unsere 10-Zoll-Essteller werden durch ein h\u00fcbsches Streifenmuster am Rand erg\u00e4nzt. Teller mit Streifenrand sind sehr elegant und klassisch und eignen sich perfekt f\u00fcr Bankette, Hochzeiten oder formelle Anl\u00e4sse \u2013 au\u00dferdem sind sie eine wundersch\u00f6ne Erg\u00e4nzung f\u00fcr jeden Tisch!<\/li>\n\n\n\n<li><strong>Schwarze und wei\u00dfe Farboptionen:<\/strong> Unser Gro\u00dfhandelsgeschirr f\u00fcr Veranstaltungen ist in zwei klassischen Farben erh\u00e4ltlich: Schwarz und Wei\u00df. Beide Farben sind vielseitig einsetzbar und lassen sich leicht mit jedem Geschirrstil und jeder Tischdekoration kombinieren, sodass sie f\u00fcr jeden Anlass geeignet sind.<\/li>\n\n\n\n<li><strong>Gro\u00dfes Format und hohe Praktikabilit\u00e4t:<\/strong> Die 10-Zoll-Gro\u00dfformate dieser gro\u00dfen Essteller eignen sich hervorragend f\u00fcr Hauptgerichte, Platten oder andere gro\u00dfe Speisen und erf\u00fcllen die multifunktionalen Anforderungen des t\u00e4glichen Essens und formeller Bankette.<\/li>\n\n\n\n<li><strong>Hochwertiges keramisches Material:<\/strong> Unser Gro\u00dfhandelsgeschirr f\u00fcr Veranstaltungen wird aus hochwertiger Keramik hergestellt und bietet eine hervorragende Haltbarkeit und Hitzebest\u00e4ndigkeit. Es ist f\u00fcr die Verwendung in der Mikrowelle und in der Sp\u00fclmaschine geeignet, leicht zu reinigen und beh\u00e4lt lange Zeit sein sch\u00f6nes Aussehen.<\/li>\n<\/ul>\n<\/div>\n\n\n\n<div class=\"wp-block-column is-vertically-aligned-center is-layout-flow wp-block-column-is-layout-flow\"><div class=\"wp-block-image\">\n<figure class=\"aligncenter size-full\"><img fetchpriority=\"high\" decoding=\"async\" width=\"750\" height=\"750\" src=\"https:\/\/www.yongjianceramic.com\/wp-content\/uploads\/2024\/09\/Premium-Bulk-Dinner-Plates-With-Striped-Edge-Design-Dinnerware-For-Events-4.webp\" alt=\"Premium Bulk Speiseteller mit gestreiften Rand Design, Geschirr f\u00fcr Veranstaltungen-4\" class=\"wp-image-3378\" srcset=\"https:\/\/www.yongjianceramic.com\/wp-content\/uploads\/2024\/09\/Premium-Bulk-Dinner-Plates-With-Striped-Edge-Design-Dinnerware-For-Events-4.webp 750w, https:\/\/www.yongjianceramic.com\/wp-content\/uploads\/2024\/09\/Premium-Bulk-Dinner-Plates-With-Striped-Edge-Design-Dinnerware-For-Events-4-300x300.webp 300w, https:\/\/www.yongjianceramic.com\/wp-content\/uploads\/2024\/09\/Premium-Bulk-Dinner-Plates-With-Striped-Edge-Design-Dinnerware-For-Events-4-150x150.webp 150w, https:\/\/www.yongjianceramic.com\/wp-content\/uploads\/2024\/09\/Premium-Bulk-Dinner-Plates-With-Striped-Edge-Design-Dinnerware-For-Events-4-12x12.webp 12w, https:\/\/www.yongjianceramic.com\/wp-content\/uploads\/2024\/09\/Premium-Bulk-Dinner-Plates-With-Striped-Edge-Design-Dinnerware-For-Events-4-285x285.webp 285w, https:\/\/www.yongjianceramic.com\/wp-content\/uploads\/2024\/09\/Premium-Bulk-Dinner-Plates-With-Striped-Edge-Design-Dinnerware-For-Events-4-270x270.webp 270w, https:\/\/www.yongjianceramic.com\/wp-content\/uploads\/2024\/09\/Premium-Bulk-Dinner-Plates-With-Striped-Edge-Design-Dinnerware-For-Events-4-540x540.webp 540w, https:\/\/www.yongjianceramic.com\/wp-content\/uploads\/2024\/09\/Premium-Bulk-Dinner-Plates-With-Striped-Edge-Design-Dinnerware-For-Events-4-660x660.webp 660w\" sizes=\"(max-width: 750px) 100vw, 750px\" \/><\/figure>\n<\/div><\/div>\n<\/div>","protected":false},"excerpt":{"rendered":"<p>Willkommen beim Kauf von Geschirr f\u00fcr Veranstaltungen. Unsere Gro\u00dfpackungen mit Esstellern zeichnen sich durch ein gestreiftes Randmuster aus. Sie sind in Schwarz und Wei\u00df erh\u00e4ltlich und bestehen aus hochwertigem Keramikmaterial, das eine lange Lebensdauer und einfache Reinigung garantiert. Damit sind sie eine hervorragende Wahl f\u00fcr Bankette, Hochzeiten und den t\u00e4glichen Gebrauch.<\/p>\n<table style=\"border-collapse: collapse; width: 309.02pt;\" border=\"0\" width=\"309\" cellspacing=\"0\" cellpadding=\"0\">\n<tbody>\n<tr style=\"height: 17.60pt;\">\n<td class=\"et3\" style=\"height: 17.60pt; width: 120.25pt;\" width=\"120\" height=\"17\">Hersteller<\/td>\n<td class=\"et3\" style=\"width: 189.25pt;\" width=\"189\">Yongjian<\/td>\n<\/tr>\n<tr style=\"height: 18.00pt;\">\n<td class=\"et3\" style=\"height: 18.00pt;\" height=\"18\">Modell Nr.<\/td>\n<td class=\"et4\" style=\"width: 189.25pt;\" width=\"189\">YJ-013<\/td>\n<\/tr>\n<tr style=\"height: 17.60pt;\">\n<td class=\"et3\" style=\"height: 17.60pt;\" height=\"17\">Produkttyp<\/td>\n<td class=\"et3\">Tiefer Teller, Servierplatte<\/td>\n<\/tr>\n<tr style=\"height: 17.60pt;\">\n<td class=\"et3\" style=\"height: 17.60pt;\" height=\"17\">Material<\/td>\n<td class=\"et3\">Porzellan<\/td>\n<\/tr>\n<tr style=\"height: 17.60pt;\">\n<td class=\"et5\" style=\"height: 17.60pt;\" height=\"17\">Farbe<\/td>\n<td class=\"et3\">Wei\u00df\/ Schwarz<\/td>\n<\/tr>\n<tr style=\"height: 18.00pt;\">\n<td class=\"et3\" style=\"height: 18.00pt;\" height=\"18\">Dimension<\/td>\n<td class=\"et6\" style=\"width: 189.25pt;\" width=\"189\">24.5*24.5*4.5<\/td>\n<\/tr>\n<tr style=\"height: 17.60pt;\">\n<td class=\"et3\" style=\"height: 17.60pt;\" height=\"17\">MOQ<\/td>\n<td class=\"et3\">500St\u00fcck<\/td>\n<\/tr>\n<tr style=\"height: 17.60pt;\">\n<td class=\"et3\" style=\"height: 17.60pt;\" height=\"17\">Benutzerdefiniert<\/td>\n<td class=\"et3\">Farbe\/Gr\u00f6\u00dfe\/Logo\/Verpackung<\/td>\n<\/tr>\n<\/tbody>\n<\/table>\n<p>&nbsp;<\/p>","protected":false},"featured_media":3379,"comment_status":"closed","ping_status":"closed","template":"","meta":{"_acf_changed":false},"product_brand":[],"product_cat":[77,62,76],"product_tag":[96],"class_list":{"0":"post-3374","1":"product","2":"type-product","3":"status-publish","4":"has-post-thumbnail","6":"product_cat-deep-plates-wholesale","7":"product_cat-ceramic-plates-wholesale","8":"product_cat-wholesale-serving-platters","9":"product_tag-black-white-dinnerware-wholesale","11":"first","12":"instock","13":"shipping-taxable","14":"product-type-simple"},"acf":[],"_links":{"self":[{"href":"https:\/\/www.yongjianceramic.com\/de\/wp-json\/wp\/v2\/product\/3374","targetHints":{"allow":["GET"]}}],"collection":[{"href":"https:\/\/www.yongjianceramic.com\/de\/wp-json\/wp\/v2\/product"}],"about":[{"href":"https:\/\/www.yongjianceramic.com\/de\/wp-json\/wp\/v2\/types\/product"}],"replies":[{"embeddable":true,"href":"https:\/\/www.yongjianceramic.com\/de\/wp-json\/wp\/v2\/comments?post=3374"}],"wp:featuredmedia":[{"embeddable":true,"href":"https:\/\/www.yongjianceramic.com\/de\/wp-json\/wp\/v2\/media\/3379"}],"wp:attachment":[{"href":"https:\/\/www.yongjianceramic.com\/de\/wp-json\/wp\/v2\/media?parent=3374"}],"wp:term":[{"taxonomy":"product_brand","embeddable":true,"href":"https:\/\/www.yongjianceramic.com\/de\/wp-json\/wp\/v2\/product_brand?post=3374"},{"taxonomy":"product_cat","embeddable":true,"href":"https:\/\/www.yongjianceramic.com\/de\/wp-json\/wp\/v2\/product_cat?post=3374"},{"taxonomy":"product_tag","embeddable":true,"href":"https:\/\/www.yongjianceramic.com\/de\/wp-json\/wp\/v2\/product_tag?post=3374"}],"curies":[{"name":"wp","href":"https:\/\/api.w.org\/{rel}","templated":true}]}}