{"id":3390,"date":"2024-09-09T07:30:19","date_gmt":"2024-09-09T07:30:19","guid":{"rendered":"https:\/\/www.yongjianceramic.com\/?post_type=product&#038;p=3390"},"modified":"2025-03-01T16:10:01","modified_gmt":"2025-03-01T08:10:01","slug":"dinner-plates-wholesale","status":"publish","type":"product","link":"https:\/\/www.yongjianceramic.com\/de\/produkt\/dinner-plates-wholesale\/","title":{"rendered":"8-Zoll-Matte glasiert wei\u00df &amp; schwarz Dinner Plates Gro\u00dfhandel f\u00fcr Veranstaltungen"},"content":{"rendered":"<div class=\"wp-block-columns is-layout-flex wp-container-core-columns-is-layout-9d6595d7 wp-block-columns-is-layout-flex\">\n<div class=\"wp-block-column is-layout-flow wp-block-column-is-layout-flow\">\n<h2 class=\"wp-block-heading\">Premium Dinner Plates Gro\u00dfhandel Merkmale:<\/h2>\n\n\n\n<ul class=\"wp-block-list\">\n<li><strong>Elegante, matte Glasur: <\/strong>Diese Essteller in loser Sch\u00fcttung erinnern an moderne Mattglasuren und bieten ein klares, fortschrittliches Aussehen und eine Haptik, die das Essen zu einem kulinarischen Genuss macht.<\/li>\n\n\n\n<li><strong>Zwei Gr\u00f6\u00dfenoptionen: <\/strong>Unsere Essteller Gro\u00dfhandel haben 2 Farboptionen, sind in der Lage, verschiedene Catering-Anforderungen zu erf\u00fcllen, ob f\u00fcr das Hauptgericht oder eine Beilage, k\u00f6nnen Sie die entsprechende Platte w\u00e4hlen.<\/li>\n\n\n\n<li><strong>Gro\u00dfeinkaufsvorteil: <\/strong>Diese Essteller in gro\u00dfen Mengen sind f\u00fcr gro\u00dfe Veranstaltungen gedacht und eignen sich f\u00fcr den Gro\u00dfeinkauf. Sie sind perfekt f\u00fcr Bankette, Hochzeiten, Firmenveranstaltungen und andere Veranstaltungen.<\/li>\n\n\n\n<li><strong>Langlebig und leicht zu reinigen: <\/strong>Unsere Essteller im Gro\u00dfhandel sind aus hochwertigen Materialien hergestellt, leicht zu reinigen und langlebig. Sie sind nicht nur verschlei\u00dffest, sondern bleiben auch lange sch\u00f6n und k\u00f6nnen immer wieder verwendet werden.<\/li>\n<\/ul>\n<\/div>\n\n\n\n<div class=\"wp-block-column is-vertically-aligned-center is-layout-flow wp-block-column-is-layout-flow\"><div class=\"wp-block-image\">\n<figure class=\"aligncenter size-full\"><img fetchpriority=\"high\" decoding=\"async\" width=\"750\" height=\"750\" src=\"https:\/\/www.yongjianceramic.com\/wp-content\/uploads\/2024\/09\/Matte-Glaze-White-Black-Dinner-Plates-Wholesale-For-Events-4.webp\" alt=\"Matte Glasur wei\u00df &amp; schwarz Dinner Plates Gro\u00dfhandel f\u00fcr Events-4\" class=\"wp-image-3394\" srcset=\"https:\/\/www.yongjianceramic.com\/wp-content\/uploads\/2024\/09\/Matte-Glaze-White-Black-Dinner-Plates-Wholesale-For-Events-4.webp 750w, https:\/\/www.yongjianceramic.com\/wp-content\/uploads\/2024\/09\/Matte-Glaze-White-Black-Dinner-Plates-Wholesale-For-Events-4-300x300.webp 300w, https:\/\/www.yongjianceramic.com\/wp-content\/uploads\/2024\/09\/Matte-Glaze-White-Black-Dinner-Plates-Wholesale-For-Events-4-150x150.webp 150w, https:\/\/www.yongjianceramic.com\/wp-content\/uploads\/2024\/09\/Matte-Glaze-White-Black-Dinner-Plates-Wholesale-For-Events-4-12x12.webp 12w, https:\/\/www.yongjianceramic.com\/wp-content\/uploads\/2024\/09\/Matte-Glaze-White-Black-Dinner-Plates-Wholesale-For-Events-4-285x285.webp 285w, https:\/\/www.yongjianceramic.com\/wp-content\/uploads\/2024\/09\/Matte-Glaze-White-Black-Dinner-Plates-Wholesale-For-Events-4-270x270.webp 270w, https:\/\/www.yongjianceramic.com\/wp-content\/uploads\/2024\/09\/Matte-Glaze-White-Black-Dinner-Plates-Wholesale-For-Events-4-540x540.webp 540w, https:\/\/www.yongjianceramic.com\/wp-content\/uploads\/2024\/09\/Matte-Glaze-White-Black-Dinner-Plates-Wholesale-For-Events-4-660x660.webp 660w\" sizes=\"(max-width: 750px) 100vw, 750px\" \/><\/figure>\n<\/div><\/div>\n<\/div>","protected":false},"excerpt":{"rendered":"<p>Willkommen zum Kauf von Esstellern in gro\u00dfen Mengen. Diese matt glasierten wei\u00dfen und schwarzen Essteller im Gro\u00dfhandel verleihen Ihrer Veranstaltung einen Hauch von Eleganz und modernem Stil. Sie sind in zwei Gr\u00f6\u00dfen produziert, um verschiedene Catering-Anforderungen zu dienen. Sie sind am besten f\u00fcr gro\u00dfe Veranstaltungen wie Hochzeiten und Bankette.<\/p>\n<table style=\"border-collapse: collapse; width: 365.02pt;\" border=\"0\" width=\"365\" cellspacing=\"0\" cellpadding=\"0\">\n<tbody>\n<tr style=\"height: 17.60pt;\">\n<td class=\"et3\" style=\"height: 17.60pt; width: 120.25pt;\" width=\"120\" height=\"17\">Hersteller<\/td>\n<td class=\"et3\" style=\"width: 245.25pt;\" width=\"245\">Yongjian<\/td>\n<\/tr>\n<tr style=\"height: 18.00pt;\">\n<td class=\"et3\" style=\"height: 18.00pt;\" height=\"18\">Modell Nr.<\/td>\n<td class=\"et4\" style=\"width: 245.25pt;\" width=\"245\">YJ-018<\/td>\n<\/tr>\n<tr style=\"height: 18.00pt;\">\n<td class=\"et3\" style=\"height: 18.00pt;\" height=\"18\">Produkttyp<\/td>\n<td class=\"et4\" style=\"width: 245.25pt;\" width=\"245\">Speiseteller<\/td>\n<\/tr>\n<tr style=\"height: 17.60pt;\">\n<td class=\"et3\" style=\"height: 17.60pt;\" height=\"17\">Material<\/td>\n<td class=\"et3\">Porzellan<\/td>\n<\/tr>\n<tr style=\"height: 17.60pt;\">\n<td class=\"et5\" style=\"height: 17.60pt;\" height=\"17\">Farbe<\/td>\n<td class=\"et3\">Wei\u00df\/ Schwarz<\/td>\n<\/tr>\n<tr style=\"height: 18.00pt;\">\n<td class=\"et3\" style=\"height: 18.00pt;\" height=\"18\">Dimension<\/td>\n<td class=\"et4\" style=\"width: 245.25pt;\" width=\"245\">21*21*2.5<\/td>\n<\/tr>\n<tr style=\"height: 17.60pt;\">\n<td class=\"et3\" style=\"height: 17.60pt;\" height=\"17\">MOQ<\/td>\n<td class=\"et3\">500St\u00fcck<\/td>\n<\/tr>\n<tr style=\"height: 17.60pt;\">\n<td class=\"et3\" style=\"height: 17.60pt;\" height=\"17\">Benutzerdefiniert<\/td>\n<td class=\"et3\">Farbe\/Gr\u00f6\u00dfe\/Logo\/Verpackung<\/td>\n<\/tr>\n<\/tbody>\n<\/table>","protected":false},"featured_media":3393,"comment_status":"closed","ping_status":"closed","template":"","meta":{"_acf_changed":false},"product_brand":[],"product_cat":[93,62],"product_tag":[96],"class_list":{"0":"post-3390","1":"product","2":"type-product","3":"status-publish","4":"has-post-thumbnail","6":"product_cat-bulk-dinner-plates","7":"product_cat-ceramic-plates-wholesale","8":"product_tag-black-white-dinnerware-wholesale","10":"first","11":"instock","12":"shipping-taxable","13":"product-type-simple"},"acf":[],"_links":{"self":[{"href":"https:\/\/www.yongjianceramic.com\/de\/wp-json\/wp\/v2\/product\/3390","targetHints":{"allow":["GET"]}}],"collection":[{"href":"https:\/\/www.yongjianceramic.com\/de\/wp-json\/wp\/v2\/product"}],"about":[{"href":"https:\/\/www.yongjianceramic.com\/de\/wp-json\/wp\/v2\/types\/product"}],"replies":[{"embeddable":true,"href":"https:\/\/www.yongjianceramic.com\/de\/wp-json\/wp\/v2\/comments?post=3390"}],"wp:featuredmedia":[{"embeddable":true,"href":"https:\/\/www.yongjianceramic.com\/de\/wp-json\/wp\/v2\/media\/3393"}],"wp:attachment":[{"href":"https:\/\/www.yongjianceramic.com\/de\/wp-json\/wp\/v2\/media?parent=3390"}],"wp:term":[{"taxonomy":"product_brand","embeddable":true,"href":"https:\/\/www.yongjianceramic.com\/de\/wp-json\/wp\/v2\/product_brand?post=3390"},{"taxonomy":"product_cat","embeddable":true,"href":"https:\/\/www.yongjianceramic.com\/de\/wp-json\/wp\/v2\/product_cat?post=3390"},{"taxonomy":"product_tag","embeddable":true,"href":"https:\/\/www.yongjianceramic.com\/de\/wp-json\/wp\/v2\/product_tag?post=3390"}],"curies":[{"name":"wp","href":"https:\/\/api.w.org\/{rel}","templated":true}]}}