{"id":3401,"date":"2024-09-09T07:48:44","date_gmt":"2024-09-09T07:48:44","guid":{"rendered":"https:\/\/www.yongjianceramic.com\/?post_type=product&#038;p=3401"},"modified":"2025-11-19T16:00:57","modified_gmt":"2025-11-19T08:00:57","slug":"white-serving-platters-wholesale","status":"publish","type":"product","link":"https:\/\/www.yongjianceramic.com\/de\/produkt\/white-serving-platters-wholesale\/","title":{"rendered":"Premium Schwarz &amp; Wei\u00df Servierplatten Gro\u00dfhandel f\u00fcr Catering"},"content":{"rendered":"<div class=\"wp-block-columns is-layout-flex wp-container-core-columns-is-layout-9d6595d7 wp-block-columns-is-layout-flex\">\n<div class=\"wp-block-column is-layout-flow wp-block-column-is-layout-flow\">\n<h2 class=\"wp-block-heading\">Premium White Serving Platters Gro\u00dfhandel Features:<\/h2>\n\n\n\n<ul class=\"wp-block-list\">\n<li><strong>Elegante schwarze und wei\u00dfe Farbe:<\/strong> Unsere schwarz-wei\u00dfen Servierplatten im Gro\u00dfhandel sind schlicht und trendy und verleihen jeder Veranstaltung einen modernen Touch, w\u00e4hrend sie sich gleichzeitig leicht mit jedem Bankett oder jeder Tischdekoration kombinieren lassen.<\/li>\n\n\n\n<li><strong>8-Zoll-Idealgr\u00f6\u00dfe: <\/strong>Diese tiefen Teller mit einer Gr\u00f6\u00dfe von 8 Zoll eignen sich sowohl f\u00fcr die Pr\u00e4sentation von Einzelportionen als auch f\u00fcr eine Vielzahl von Lebensmittelkategorien und sorgen daf\u00fcr, dass bei Banketten oder Cateringservices die richtige Ausstellungsfl\u00e4che vorhanden ist.<\/li>\n\n\n\n<li><strong>Vorteile des Gro\u00dfeinkaufs: <\/strong>Unsere schwarz-wei\u00dfen Servierplatten f\u00fcr den Gro\u00dfhandel sind ma\u00dfgeschneidert f\u00fcr Cateringservices und Gro\u00dfveranstaltungen. Sie unterst\u00fctzen den Gro\u00dfhandel bei der Beschaffung und helfen Catering-Unternehmen, ihre Kosten effektiv zu verwalten.<\/li>\n\n\n\n<li><strong>Langlebiges Material: <\/strong>Diese tiefen Teller sind aus hochwertigen Materialien gefertigt. Die Tabletts sind nicht nur langlebig, sondern auch leicht zu reinigen. Sie k\u00f6nnen ihr stilvolles Aussehen f\u00fcr eine lange Zeit beibehalten und sind f\u00fcr h\u00e4ufige berufliche Anl\u00e4sse geeignet.<\/li>\n<\/ul>\n<\/div>\n\n\n\n<div class=\"wp-block-column is-vertically-aligned-center is-layout-flow wp-block-column-is-layout-flow\"><div class=\"wp-block-image\">\n<figure class=\"aligncenter size-full\"><img fetchpriority=\"high\" decoding=\"async\" width=\"750\" height=\"750\" src=\"https:\/\/www.yongjianceramic.com\/wp-content\/uploads\/2024\/09\/8-Inch-Black-White-Serving-Platters-Wholesale-For-Catering-5.webp\" alt=\"8 Zoll schwarz &amp; wei\u00df Servierplatten Gro\u00dfhandel f\u00fcr Catering-5\" class=\"wp-image-3406\" srcset=\"https:\/\/www.yongjianceramic.com\/wp-content\/uploads\/2024\/09\/8-Inch-Black-White-Serving-Platters-Wholesale-For-Catering-5.webp 750w, https:\/\/www.yongjianceramic.com\/wp-content\/uploads\/2024\/09\/8-Inch-Black-White-Serving-Platters-Wholesale-For-Catering-5-300x300.webp 300w, https:\/\/www.yongjianceramic.com\/wp-content\/uploads\/2024\/09\/8-Inch-Black-White-Serving-Platters-Wholesale-For-Catering-5-150x150.webp 150w, https:\/\/www.yongjianceramic.com\/wp-content\/uploads\/2024\/09\/8-Inch-Black-White-Serving-Platters-Wholesale-For-Catering-5-12x12.webp 12w, https:\/\/www.yongjianceramic.com\/wp-content\/uploads\/2024\/09\/8-Inch-Black-White-Serving-Platters-Wholesale-For-Catering-5-285x285.webp 285w, https:\/\/www.yongjianceramic.com\/wp-content\/uploads\/2024\/09\/8-Inch-Black-White-Serving-Platters-Wholesale-For-Catering-5-270x270.webp 270w, https:\/\/www.yongjianceramic.com\/wp-content\/uploads\/2024\/09\/8-Inch-Black-White-Serving-Platters-Wholesale-For-Catering-5-540x540.webp 540w, https:\/\/www.yongjianceramic.com\/wp-content\/uploads\/2024\/09\/8-Inch-Black-White-Serving-Platters-Wholesale-For-Catering-5-660x660.webp 660w\" sizes=\"(max-width: 750px) 100vw, 750px\" \/><\/figure>\n<\/div><\/div>\n<\/div>","protected":false},"excerpt":{"rendered":"<p>Willkommen zu kaufen tiefe Platten lose, diese 8-Zoll-schwarz und wei\u00df Servierplatten Gro\u00dfhandel kombinieren einfache und elegante Formen und exquisite Texturen, so dass sie die perfekte Wahl f\u00fcr Catering-Services. Das langlebige und leicht zu reinigende Material sorgt daf\u00fcr, dass sie hochwertige Leistung f\u00fcr eine lange Zeit zu halten.<\/p>\n<table style=\"border-collapse: collapse; width: 309.02pt;\" border=\"0\" width=\"309\" cellspacing=\"0\" cellpadding=\"0\">\n<tbody>\n<tr style=\"height: 17.60pt;\">\n<td class=\"et3\" style=\"height: 17.60pt; width: 120.25pt;\" width=\"120\" height=\"17\">Hersteller<\/td>\n<td class=\"et3\" style=\"width: 189.25pt;\" width=\"189\">Yongjian<\/td>\n<\/tr>\n<tr style=\"height: 18.00pt;\">\n<td class=\"et3\" style=\"height: 18.00pt;\" height=\"18\">Modell Nr.<\/td>\n<td class=\"et4\" style=\"width: 189.25pt;\" width=\"189\">YJ-020<\/td>\n<\/tr>\n<tr style=\"height: 17.60pt;\">\n<td class=\"et3\" style=\"height: 17.60pt;\" height=\"17\">Produkttyp<\/td>\n<td class=\"et3\">Tiefer Teller, Servierplatte<\/td>\n<\/tr>\n<tr style=\"height: 17.60pt;\">\n<td class=\"et3\" style=\"height: 17.60pt;\" height=\"17\">Material<\/td>\n<td class=\"et3\">Porzellan<\/td>\n<\/tr>\n<tr style=\"height: 17.60pt;\">\n<td class=\"et5\" style=\"height: 17.60pt;\" height=\"17\">Farbe<\/td>\n<td class=\"et3\">Wei\u00df\/ Schwarz<\/td>\n<\/tr>\n<tr style=\"height: 18.00pt;\">\n<td class=\"et3\" style=\"height: 18.00pt;\" height=\"18\">Dimension<\/td>\n<td class=\"et6\" style=\"width: 189.25pt;\" width=\"189\">20.5*20.5*4.2<\/td>\n<\/tr>\n<tr style=\"height: 17.60pt;\">\n<td class=\"et3\" style=\"height: 17.60pt;\" height=\"17\">MOQ<\/td>\n<td class=\"et3\">500St\u00fcck<\/td>\n<\/tr>\n<tr style=\"height: 17.60pt;\">\n<td class=\"et3\" style=\"height: 17.60pt;\" height=\"17\">Benutzerdefiniert<\/td>\n<td class=\"et3\">Farbe\/Gr\u00f6\u00dfe\/Logo\/Verpackung<\/td>\n<\/tr>\n<\/tbody>\n<\/table>\n<p>&nbsp;<\/p>","protected":false},"featured_media":3405,"comment_status":"closed","ping_status":"closed","template":"","meta":{"_acf_changed":false},"product_brand":[],"product_cat":[77,62,76],"product_tag":[96],"class_list":{"0":"post-3401","1":"product","2":"type-product","3":"status-publish","4":"has-post-thumbnail","6":"product_cat-deep-plates-wholesale","7":"product_cat-ceramic-plates-wholesale","8":"product_cat-wholesale-serving-platters","9":"product_tag-black-white-dinnerware-wholesale","11":"first","12":"instock","13":"shipping-taxable","14":"product-type-simple"},"acf":[],"_links":{"self":[{"href":"https:\/\/www.yongjianceramic.com\/de\/wp-json\/wp\/v2\/product\/3401","targetHints":{"allow":["GET"]}}],"collection":[{"href":"https:\/\/www.yongjianceramic.com\/de\/wp-json\/wp\/v2\/product"}],"about":[{"href":"https:\/\/www.yongjianceramic.com\/de\/wp-json\/wp\/v2\/types\/product"}],"replies":[{"embeddable":true,"href":"https:\/\/www.yongjianceramic.com\/de\/wp-json\/wp\/v2\/comments?post=3401"}],"wp:featuredmedia":[{"embeddable":true,"href":"https:\/\/www.yongjianceramic.com\/de\/wp-json\/wp\/v2\/media\/3405"}],"wp:attachment":[{"href":"https:\/\/www.yongjianceramic.com\/de\/wp-json\/wp\/v2\/media?parent=3401"}],"wp:term":[{"taxonomy":"product_brand","embeddable":true,"href":"https:\/\/www.yongjianceramic.com\/de\/wp-json\/wp\/v2\/product_brand?post=3401"},{"taxonomy":"product_cat","embeddable":true,"href":"https:\/\/www.yongjianceramic.com\/de\/wp-json\/wp\/v2\/product_cat?post=3401"},{"taxonomy":"product_tag","embeddable":true,"href":"https:\/\/www.yongjianceramic.com\/de\/wp-json\/wp\/v2\/product_tag?post=3401"}],"curies":[{"name":"wp","href":"https:\/\/api.w.org\/{rel}","templated":true}]}}