{"id":3412,"date":"2024-09-09T09:42:51","date_gmt":"2024-09-09T09:42:51","guid":{"rendered":"https:\/\/www.yongjianceramic.com\/?post_type=product&#038;p=3412"},"modified":"2025-03-01T17:25:52","modified_gmt":"2025-03-01T09:25:52","slug":"plates-in-bulk","status":"publish","type":"product","link":"https:\/\/www.yongjianceramic.com\/de\/produkt\/plates-in-bulk\/","title":{"rendered":"Restaurant-Platten in Bulk, Gro\u00dfhandel Servierplatten f\u00fcr Catering"},"content":{"rendered":"<div class=\"wp-block-columns is-layout-flex wp-container-core-columns-is-layout-9d6595d7 wp-block-columns-is-layout-flex\">\n<div class=\"wp-block-column is-layout-flow wp-block-column-is-layout-flow\">\n<h2 class=\"wp-block-heading\">Premium-Platten in gro\u00dfen Mengen Merkmale:<\/h2>\n\n\n\n<ul class=\"wp-block-list\">\n<li><strong>Wellenkanten-Design: <\/strong>Unsere Keramikteller in loser Sch\u00fcttung verf\u00fcgen \u00fcber ein einzigartiges Wellenkanten-Design mit einem modernen Dreh und visuellem Interesse, das ein dramatisches Kernst\u00fcck in einer Vielzahl von Catering-Umgebungen schafft.<\/li>\n\n\n\n<li><strong>Vielf\u00e4ltige Farboptionen: <\/strong>Diese Gro\u00dfhandel Servierplatten haben mehrere Farboptionen, die die klassischen schwarz und wei\u00df sind. Diese Farben sind leicht mit allen Dekoren der Tabelle Einstellungen abgestimmt, um eine Reihe von Kunden gerecht zu werden.<\/li>\n\n\n\n<li><strong>Mikrowellen- und sp\u00fclmaschinenfest: <\/strong>Unsere Keramikteller sind nicht nur perfekt f\u00fcr die Mikrowelle geeignet, sondern auch sp\u00fclmaschinenfest, praktisch und schnell f\u00fcr den Einsatz in der Gastronomie.<\/li>\n\n\n\n<li><strong>Langlebiges Material: <\/strong>Diese Gro\u00dfhandelsservierplatten sind aus hochwertigem keramischem Material hergestellt, so dass die Platten bei starker Beanspruchung gut standhalten, kratzfest sind und nicht leicht verformt werden k\u00f6nnen.<\/li>\n<\/ul>\n<\/div>\n\n\n\n<div class=\"wp-block-column is-vertically-aligned-center is-layout-flow wp-block-column-is-layout-flow\"><div class=\"wp-block-image\">\n<figure class=\"aligncenter size-full\"><img fetchpriority=\"high\" decoding=\"async\" width=\"750\" height=\"750\" src=\"https:\/\/www.yongjianceramic.com\/wp-content\/uploads\/2024\/09\/Restaurant-Plates-In-Bulk-Wholesale-Serving-Platters-For-Catering-3.webp\" alt=\"Restaurant-Platten in Bulk, Gro\u00dfhandel Servierplatten f\u00fcr Catering-3\" class=\"wp-image-3415\" srcset=\"https:\/\/www.yongjianceramic.com\/wp-content\/uploads\/2024\/09\/Restaurant-Plates-In-Bulk-Wholesale-Serving-Platters-For-Catering-3.webp 750w, https:\/\/www.yongjianceramic.com\/wp-content\/uploads\/2024\/09\/Restaurant-Plates-In-Bulk-Wholesale-Serving-Platters-For-Catering-3-300x300.webp 300w, https:\/\/www.yongjianceramic.com\/wp-content\/uploads\/2024\/09\/Restaurant-Plates-In-Bulk-Wholesale-Serving-Platters-For-Catering-3-150x150.webp 150w, https:\/\/www.yongjianceramic.com\/wp-content\/uploads\/2024\/09\/Restaurant-Plates-In-Bulk-Wholesale-Serving-Platters-For-Catering-3-12x12.webp 12w, https:\/\/www.yongjianceramic.com\/wp-content\/uploads\/2024\/09\/Restaurant-Plates-In-Bulk-Wholesale-Serving-Platters-For-Catering-3-285x285.webp 285w, https:\/\/www.yongjianceramic.com\/wp-content\/uploads\/2024\/09\/Restaurant-Plates-In-Bulk-Wholesale-Serving-Platters-For-Catering-3-270x270.webp 270w, https:\/\/www.yongjianceramic.com\/wp-content\/uploads\/2024\/09\/Restaurant-Plates-In-Bulk-Wholesale-Serving-Platters-For-Catering-3-540x540.webp 540w, https:\/\/www.yongjianceramic.com\/wp-content\/uploads\/2024\/09\/Restaurant-Plates-In-Bulk-Wholesale-Serving-Platters-For-Catering-3-660x660.webp 660w\" sizes=\"(max-width: 750px) 100vw, 750px\" \/><\/figure>\n<\/div><\/div>\n<\/div>","protected":false},"excerpt":{"rendered":"<p>Willkommen im Gro\u00dfhandel Servierplatten zu kaufen. Unsere Wellenkantenplatten in gro\u00dfen Mengen bieten ein einzigartiges Design und eine gro\u00dfe Auswahl f\u00fcr Catering-Unternehmen. Mikrowellen- und sp\u00fclmaschinenfreundlich, leicht zu erhitzen und zu waschen, Catering auf die Bed\u00fcrfnisse der effizienten Catering-Service.<\/p>\n<table style=\"border-collapse: collapse; width: 309.02pt;\" border=\"0\" width=\"309\" cellspacing=\"0\" cellpadding=\"0\">\n<tbody>\n<tr style=\"height: 17.60pt;\">\n<td class=\"et3\" style=\"height: 17.60pt; width: 120.25pt;\" width=\"120\" height=\"17\">Hersteller<\/td>\n<td class=\"et3\" style=\"width: 189.25pt;\" width=\"189\">Yongjian<\/td>\n<\/tr>\n<tr style=\"height: 18.00pt;\">\n<td class=\"et3\" style=\"height: 18.00pt;\" height=\"18\">Modell Nr.<\/td>\n<td class=\"et4\" style=\"width: 189.25pt;\" width=\"189\">YJ-021<\/td>\n<\/tr>\n<tr style=\"height: 17.60pt;\">\n<td class=\"et3\" style=\"height: 17.60pt;\" height=\"17\">Produkttyp<\/td>\n<td class=\"et3\">Servierplatte<\/td>\n<\/tr>\n<tr style=\"height: 17.60pt;\">\n<td class=\"et3\" style=\"height: 17.60pt;\" height=\"17\">Material<\/td>\n<td class=\"et3\">Porzellan<\/td>\n<\/tr>\n<tr style=\"height: 17.60pt;\">\n<td class=\"et5\" style=\"height: 17.60pt;\" height=\"17\">Farbe<\/td>\n<td class=\"et3\">Wei\u00df\/ Schwarz<\/td>\n<\/tr>\n<tr style=\"height: 18.00pt;\">\n<td class=\"et3\" style=\"height: 18.00pt;\" height=\"18\">Dimension<\/td>\n<td class=\"et6\" style=\"width: 189.25pt;\" width=\"189\">30.5*18*4<\/td>\n<\/tr>\n<tr style=\"height: 17.60pt;\">\n<td class=\"et3\" style=\"height: 17.60pt;\" height=\"17\">MOQ<\/td>\n<td class=\"et3\">500St\u00fcck<\/td>\n<\/tr>\n<tr style=\"height: 17.60pt;\">\n<td class=\"et3\" style=\"height: 17.60pt;\" height=\"17\">Benutzerdefiniert<\/td>\n<td class=\"et3\">Farbe\/Gr\u00f6\u00dfe\/Logo\/Verpackung<\/td>\n<\/tr>\n<\/tbody>\n<\/table>\n<p>&nbsp;<\/p>","protected":false},"featured_media":3413,"comment_status":"closed","ping_status":"closed","template":"","meta":{"_acf_changed":false},"product_brand":[],"product_cat":[62,76],"product_tag":[96],"class_list":{"0":"post-3412","1":"product","2":"type-product","3":"status-publish","4":"has-post-thumbnail","6":"product_cat-ceramic-plates-wholesale","7":"product_cat-wholesale-serving-platters","8":"product_tag-black-white-dinnerware-wholesale","10":"first","11":"instock","12":"shipping-taxable","13":"product-type-simple"},"acf":[],"_links":{"self":[{"href":"https:\/\/www.yongjianceramic.com\/de\/wp-json\/wp\/v2\/product\/3412","targetHints":{"allow":["GET"]}}],"collection":[{"href":"https:\/\/www.yongjianceramic.com\/de\/wp-json\/wp\/v2\/product"}],"about":[{"href":"https:\/\/www.yongjianceramic.com\/de\/wp-json\/wp\/v2\/types\/product"}],"replies":[{"embeddable":true,"href":"https:\/\/www.yongjianceramic.com\/de\/wp-json\/wp\/v2\/comments?post=3412"}],"wp:featuredmedia":[{"embeddable":true,"href":"https:\/\/www.yongjianceramic.com\/de\/wp-json\/wp\/v2\/media\/3413"}],"wp:attachment":[{"href":"https:\/\/www.yongjianceramic.com\/de\/wp-json\/wp\/v2\/media?parent=3412"}],"wp:term":[{"taxonomy":"product_brand","embeddable":true,"href":"https:\/\/www.yongjianceramic.com\/de\/wp-json\/wp\/v2\/product_brand?post=3412"},{"taxonomy":"product_cat","embeddable":true,"href":"https:\/\/www.yongjianceramic.com\/de\/wp-json\/wp\/v2\/product_cat?post=3412"},{"taxonomy":"product_tag","embeddable":true,"href":"https:\/\/www.yongjianceramic.com\/de\/wp-json\/wp\/v2\/product_tag?post=3412"}],"curies":[{"name":"wp","href":"https:\/\/api.w.org\/{rel}","templated":true}]}}