{"id":3422,"date":"2024-09-12T01:29:43","date_gmt":"2024-09-12T01:29:43","guid":{"rendered":"https:\/\/www.yongjianceramic.com\/?post_type=product&#038;p=3422"},"modified":"2024-09-20T09:12:20","modified_gmt":"2024-09-20T09:12:20","slug":"bulk-ramen-bowls-and-dinner-plates","status":"publish","type":"product","link":"https:\/\/www.yongjianceramic.com\/de\/produkt\/bulk-ramen-bowls-and-dinner-plates\/","title":{"rendered":"Bulk-Ramen-Sch\u00fcsseln und -Geschirrteller im minimalistischen Stil"},"content":{"rendered":"<div class=\"wp-block-columns is-layout-flex wp-container-core-columns-is-layout-9d6595d7 wp-block-columns-is-layout-flex\">\n<div class=\"wp-block-column is-layout-flow wp-block-column-is-layout-flow\">\n<h2 class=\"wp-block-heading\">Premium Bulk Ramen Schalen und Teller Eigenschaften:<\/h2>\n\n\n\n<ul class=\"wp-block-list\">\n<li><strong>Minimalistisches Design<\/strong>: Dieses Produkt f\u00fcr lose Ramenschalen und Essteller kombiniert die Designmerkmale einer Ramenschale und eines Esstellers. Die Tiefe der Schale eignet sich f\u00fcr fl\u00fcssige Lebensmittel wie Nudelsuppen, w\u00e4hrend die Breite des Tellers f\u00fcr Hauptgerichte und Beilagen geeignet ist. Das schlichte Aussehen passt zu einer Vielzahl von Essensstilen und macht jede Mahlzeit bequem und exquisit.<\/li>\n\n\n\n<li><strong>Erh\u00e4ltlich in Schwarz und Wei\u00df:<\/strong> Diese Teller und Schalen f\u00fcr den Gro\u00dfhandel sind in zwei klassischen Farben erh\u00e4ltlich: schwarz und wei\u00df. Die wei\u00dfe Version ist einfach und hell und schafft eine frische und elegante Essumgebung; die schwarze Version ist zur\u00fcckhaltend und best\u00e4ndig und verleiht ein Gef\u00fchl von Modernit\u00e4t und Luxus.<\/li>\n\n\n\n<li><strong>Hochwertige Materialien, sch\u00f6n und praktisch zugleich: <\/strong>Die Verwendung hochwertiger Keramik f\u00fcr lose Ramenschalen und -teller gew\u00e4hrleistet die Robustheit und Kratzfestigkeit der Schalen und Teller, die f\u00fcr den t\u00e4glichen Gebrauch geeignet sind und auch den Anforderungen von Ger\u00e4ten wie Mikrowellenherden und Geschirrsp\u00fclern standhalten und sich durch langfristige Sch\u00f6nheit und Funktionalit\u00e4t auszeichnen.<\/li>\n\n\n\n<li><strong>Leicht zu reinigen und aufzubewahren:<\/strong> Die glatte Glasur der Teller und Sch\u00fcsseln aus dem Gro\u00dfhandel macht die Reinigung einfach, egal ob mit der Hand oder in der Waschmaschine. Gleichzeitig k\u00f6nnen die Schalen und Teller zur Aufbewahrung gestapelt werden, was Platz in der K\u00fcche spart und die Lagerung erleichtert.<\/li>\n<\/ul>\n<\/div>\n\n\n\n<div class=\"wp-block-column is-vertically-aligned-center is-layout-flow wp-block-column-is-layout-flow\"><div class=\"wp-block-image\">\n<figure class=\"aligncenter size-full\"><img fetchpriority=\"high\" decoding=\"async\" width=\"800\" height=\"800\" src=\"https:\/\/www.yongjianceramic.com\/wp-content\/uploads\/2024\/09\/Bulk-Ramen-Bowls-Dinner-Plates-With-Minimalist-Style-4.webp\" alt=\"Bulk Ramen-Sch\u00fcsseln und Teller mit minimalistischem Stil 4\" class=\"wp-image-3426\" srcset=\"https:\/\/www.yongjianceramic.com\/wp-content\/uploads\/2024\/09\/Bulk-Ramen-Bowls-Dinner-Plates-With-Minimalist-Style-4.webp 800w, https:\/\/www.yongjianceramic.com\/wp-content\/uploads\/2024\/09\/Bulk-Ramen-Bowls-Dinner-Plates-With-Minimalist-Style-4-300x300.webp 300w, https:\/\/www.yongjianceramic.com\/wp-content\/uploads\/2024\/09\/Bulk-Ramen-Bowls-Dinner-Plates-With-Minimalist-Style-4-150x150.webp 150w, https:\/\/www.yongjianceramic.com\/wp-content\/uploads\/2024\/09\/Bulk-Ramen-Bowls-Dinner-Plates-With-Minimalist-Style-4-768x768.webp 768w, https:\/\/www.yongjianceramic.com\/wp-content\/uploads\/2024\/09\/Bulk-Ramen-Bowls-Dinner-Plates-With-Minimalist-Style-4-12x12.webp 12w, https:\/\/www.yongjianceramic.com\/wp-content\/uploads\/2024\/09\/Bulk-Ramen-Bowls-Dinner-Plates-With-Minimalist-Style-4-285x285.webp 285w, https:\/\/www.yongjianceramic.com\/wp-content\/uploads\/2024\/09\/Bulk-Ramen-Bowls-Dinner-Plates-With-Minimalist-Style-4-270x270.webp 270w, https:\/\/www.yongjianceramic.com\/wp-content\/uploads\/2024\/09\/Bulk-Ramen-Bowls-Dinner-Plates-With-Minimalist-Style-4-540x540.webp 540w, https:\/\/www.yongjianceramic.com\/wp-content\/uploads\/2024\/09\/Bulk-Ramen-Bowls-Dinner-Plates-With-Minimalist-Style-4-660x660.webp 660w\" sizes=\"(max-width: 800px) 100vw, 800px\" \/><\/figure>\n<\/div><\/div>\n<\/div>","protected":false},"excerpt":{"rendered":"<p>Willkommen im Gro\u00dfhandel Teller und Sch\u00fcsseln zu kaufen. Unsere Bulk-Ramen-Schalen und Essteller erm\u00f6glichen es, Suppennudeln zu servieren oder elegant das Hauptgericht beim Essen zu genie\u00dfen. Die Kombination aus hochwertigen Materialien und einfachen Design-Stil eignet sich f\u00fcr verschiedene Familienfeiern oder formale Bankette. Es ist sowohl sch\u00f6n als auch praktisch und verleiht dem Esstisch ein einzigartiges modernes Gef\u00fchl.<\/p>\n<table style=\"border-collapse: collapse; width: 325.02pt;\" border=\"0\" width=\"325\" cellspacing=\"0\" cellpadding=\"0\">\n<tbody>\n<tr style=\"height: 17.60pt;\">\n<td class=\"et3\" style=\"height: 17.60pt; width: 120.25pt;\" width=\"120\" height=\"17\">Hersteller<\/td>\n<td class=\"et3\" style=\"width: 204.75pt;\" width=\"204\">Yongjian<\/td>\n<\/tr>\n<tr style=\"height: 18.00pt;\">\n<td class=\"et3\" style=\"height: 18.00pt;\" height=\"18\">Modell Nr.<\/td>\n<td class=\"et4\" style=\"width: 204.75pt;\" width=\"204\">YJ-034<\/td>\n<\/tr>\n<tr style=\"height: 17.60pt;\">\n<td class=\"et3\" style=\"height: 17.60pt;\" height=\"17\">Produkttyp<\/td>\n<td class=\"et3\">Suppen- und Ramenschalen, Essteller<\/td>\n<\/tr>\n<tr style=\"height: 17.60pt;\">\n<td class=\"et3\" style=\"height: 17.60pt;\" height=\"17\">Material<\/td>\n<td class=\"et3\">Porzellan<\/td>\n<\/tr>\n<tr style=\"height: 17.60pt;\">\n<td class=\"et5\" style=\"height: 17.60pt;\" height=\"17\">Farbe<\/td>\n<td class=\"et3\">Wei\u00df\/ Schwarz<\/td>\n<\/tr>\n<tr style=\"height: 36.00pt;\">\n<td class=\"et3\" style=\"height: 36.00pt;\" height=\"36\">Dimension<\/td>\n<td class=\"et6\" style=\"width: 204.75pt;\" width=\"204\">Schale: 16*16*6,5<br \/>Schale: 16*16*2,5<\/td>\n<\/tr>\n<tr style=\"height: 17.60pt;\">\n<td class=\"et3\" style=\"height: 17.60pt;\" height=\"17\">MOQ<\/td>\n<td class=\"et3\">500St\u00fcck<\/td>\n<\/tr>\n<tr style=\"height: 17.60pt;\">\n<td class=\"et3\" style=\"height: 17.60pt;\" height=\"17\">Benutzerdefiniert<\/td>\n<td class=\"et3\">Farbe\/Gr\u00f6\u00dfe\/Logo\/Verpackung<\/td>\n<\/tr>\n<\/tbody>\n<\/table>","protected":false},"featured_media":3427,"comment_status":"closed","ping_status":"closed","template":"","meta":{"_acf_changed":false},"product_brand":[],"product_cat":[73,63,93,62],"product_tag":[96],"class_list":{"0":"post-3422","1":"product","2":"type-product","3":"status-publish","4":"has-post-thumbnail","6":"product_cat-bulk-soup-bowls","7":"product_cat-wholesale-bowls","8":"product_cat-bulk-dinner-plates","9":"product_cat-ceramic-plates-wholesale","10":"product_tag-black-white-dinnerware-wholesale","12":"first","13":"instock","14":"shipping-taxable","15":"product-type-simple"},"acf":[],"_links":{"self":[{"href":"https:\/\/www.yongjianceramic.com\/de\/wp-json\/wp\/v2\/product\/3422","targetHints":{"allow":["GET"]}}],"collection":[{"href":"https:\/\/www.yongjianceramic.com\/de\/wp-json\/wp\/v2\/product"}],"about":[{"href":"https:\/\/www.yongjianceramic.com\/de\/wp-json\/wp\/v2\/types\/product"}],"replies":[{"embeddable":true,"href":"https:\/\/www.yongjianceramic.com\/de\/wp-json\/wp\/v2\/comments?post=3422"}],"wp:featuredmedia":[{"embeddable":true,"href":"https:\/\/www.yongjianceramic.com\/de\/wp-json\/wp\/v2\/media\/3427"}],"wp:attachment":[{"href":"https:\/\/www.yongjianceramic.com\/de\/wp-json\/wp\/v2\/media?parent=3422"}],"wp:term":[{"taxonomy":"product_brand","embeddable":true,"href":"https:\/\/www.yongjianceramic.com\/de\/wp-json\/wp\/v2\/product_brand?post=3422"},{"taxonomy":"product_cat","embeddable":true,"href":"https:\/\/www.yongjianceramic.com\/de\/wp-json\/wp\/v2\/product_cat?post=3422"},{"taxonomy":"product_tag","embeddable":true,"href":"https:\/\/www.yongjianceramic.com\/de\/wp-json\/wp\/v2\/product_tag?post=3422"}],"curies":[{"name":"wp","href":"https:\/\/api.w.org\/{rel}","templated":true}]}}