{"id":3430,"date":"2024-09-12T02:29:25","date_gmt":"2024-09-12T02:29:25","guid":{"rendered":"https:\/\/www.yongjianceramic.com\/?post_type=product&#038;p=3430"},"modified":"2024-12-05T11:46:35","modified_gmt":"2024-12-05T03:46:35","slug":"exquisite-steak-plates-wholesale","status":"publish","type":"product","link":"https:\/\/www.yongjianceramic.com\/de\/produkt\/exquisite-steak-plates-wholesale\/","title":{"rendered":"Exquisite Steak-Platten Gro\u00dfhandel, 8-Zoll &amp; 10-Zoll-Speiseteller in Bulk"},"content":{"rendered":"<div class=\"wp-block-columns is-layout-flex wp-container-core-columns-is-layout-9d6595d7 wp-block-columns-is-layout-flex\">\n<div class=\"wp-block-column is-layout-flow wp-block-column-is-layout-flow\">\n<h2 class=\"wp-block-heading\">Premium Steak-Platten Gro\u00dfhandel Merkmale:<\/h2>\n\n\n\n<ul class=\"wp-block-list\">\n<li><strong>Das exquisite Design steigert das Esserlebnis:<\/strong> Unsere exquisiten Steakteller Gro\u00dfhandel sind exquisit mit glatten Linien entworfen, geeignet f\u00fcr die Platzierung von Steaks, Pasta oder andere Hauptgerichte, die nicht nur die visuelle Wirkung des Essens verbessert, sondern auch eine elegante Atmosph\u00e4re auf den Tisch bringt. Egal, welche Art von Bankett, wird es jede Mahlzeit mehr exquisite machen.<\/li>\n\n\n\n<li><strong>Schwarze und wei\u00dfe Farboptionen:<\/strong> Bieten Sie klassische schwarze und wei\u00dfe Farboptionen f\u00fcr Steakteller in gro\u00dfen Mengen an. Schwarz ist feierlich und elegant, und Wei\u00df ist rein und elegant, beide Farben passen perfekt zu jeder Tischdekoration, verbessern die visuelle Wirkung von Speisen und verbessern das Esserlebnis.<\/li>\n\n\n\n<li><strong>Eine Vielzahl von Gr\u00f6\u00dfen f\u00fcr unterschiedliche Bed\u00fcrfnisse:<\/strong> Erh\u00e4ltlich in 8-Zoll und 10-Zoll-Gr\u00f6\u00dfen f\u00fcr diese Steakteller Gro\u00dfhandel, geeignet f\u00fcr alle Arten von Essensanl\u00e4ssen. Die 8-Zoll-kleine Platte ist geeignet f\u00fcr zarte Steak-Pr\u00e4sentation, die die Sch\u00f6nheit der Lebensmittel hervorheben k\u00f6nnen; w\u00e4hrend die 10-Zoll ist geeignet f\u00fcr herzhafte Abendessen Gerichte, die Erf\u00fcllung der Bed\u00fcrfnisse der verschiedenen Gelegenheiten.<\/li>\n\n\n\n<li><strong>Gro\u00dfeinkauf, kosteng\u00fcnstig:<\/strong> Unsere Steakteller f\u00fcr den Gro\u00dfhandel bieten einen Plan f\u00fcr den Verkauf in gro\u00dfen Mengen, um sicherzustellen, dass die hohe Qualit\u00e4t beibehalten wird, w\u00e4hrend die Kosten pro Einheit beim Kauf in gro\u00dfen Mengen reduziert werden. Ob es sich um ein Restaurant, ein Hotel oder ein Hochzeitsbankett handelt, dieser Essteller ist eine preisg\u00fcnstige Wahl<\/li>\n<\/ul>\n<\/div>\n\n\n\n<div class=\"wp-block-column is-vertically-aligned-center is-layout-flow wp-block-column-is-layout-flow\"><div class=\"wp-block-image\">\n<figure class=\"aligncenter size-full\"><img fetchpriority=\"high\" decoding=\"async\" width=\"750\" height=\"750\" src=\"https:\/\/www.yongjianceramic.com\/wp-content\/uploads\/2024\/09\/Exquisite-Steak-Plates-Wholesale-8-Inch-10-Inch-Dinner-Plates-In-Bulk-5.webp\" alt=\"Exquisite Steak-Platten Gro\u00dfhandel, 8-Zoll &amp; 10-Zoll-Speiseteller in Bulk 5\" class=\"wp-image-3435\" srcset=\"https:\/\/www.yongjianceramic.com\/wp-content\/uploads\/2024\/09\/Exquisite-Steak-Plates-Wholesale-8-Inch-10-Inch-Dinner-Plates-In-Bulk-5.webp 750w, https:\/\/www.yongjianceramic.com\/wp-content\/uploads\/2024\/09\/Exquisite-Steak-Plates-Wholesale-8-Inch-10-Inch-Dinner-Plates-In-Bulk-5-300x300.webp 300w, https:\/\/www.yongjianceramic.com\/wp-content\/uploads\/2024\/09\/Exquisite-Steak-Plates-Wholesale-8-Inch-10-Inch-Dinner-Plates-In-Bulk-5-150x150.webp 150w, https:\/\/www.yongjianceramic.com\/wp-content\/uploads\/2024\/09\/Exquisite-Steak-Plates-Wholesale-8-Inch-10-Inch-Dinner-Plates-In-Bulk-5-12x12.webp 12w, https:\/\/www.yongjianceramic.com\/wp-content\/uploads\/2024\/09\/Exquisite-Steak-Plates-Wholesale-8-Inch-10-Inch-Dinner-Plates-In-Bulk-5-285x285.webp 285w, https:\/\/www.yongjianceramic.com\/wp-content\/uploads\/2024\/09\/Exquisite-Steak-Plates-Wholesale-8-Inch-10-Inch-Dinner-Plates-In-Bulk-5-270x270.webp 270w, https:\/\/www.yongjianceramic.com\/wp-content\/uploads\/2024\/09\/Exquisite-Steak-Plates-Wholesale-8-Inch-10-Inch-Dinner-Plates-In-Bulk-5-540x540.webp 540w, https:\/\/www.yongjianceramic.com\/wp-content\/uploads\/2024\/09\/Exquisite-Steak-Plates-Wholesale-8-Inch-10-Inch-Dinner-Plates-In-Bulk-5-660x660.webp 660w\" sizes=\"(max-width: 750px) 100vw, 750px\" \/><\/figure>\n<\/div><\/div>\n<\/div>","protected":false},"excerpt":{"rendered":"<p>Willkommen zum Kauf von Esstellern. Unsere exquisite Steakteller Gro\u00dfhandel bietet 8-Zoll-und 10-Zoll-Essteller, aus hochwertigen Materialien, langlebig und sch\u00f6n. Eine Vielzahl von Gr\u00f6\u00dfen, um verschiedene Essensbed\u00fcrfnisse, schwarze und wei\u00dfe Farben zu erf\u00fcllen, um jeden Tisch Einstellung passen, und Gro\u00dfabnahme Rabatte erm\u00f6glichen es Ihnen, qualitativ hochwertige Produkte zu einem niedrigen Preis zu bekommen. Angemessenes Design, leicht zu reinigen und zu lagern, ist eine ideale Wahl f\u00fcr Restaurants, Hotels und Banketts\u00e4le.<\/p>\n<table style=\"border-collapse: collapse; width: 325.02pt;\" border=\"0\" width=\"325\" cellspacing=\"0\" cellpadding=\"0\">\n<tbody>\n<tr style=\"height: 17.60pt;\">\n<td class=\"et3\" style=\"height: 17.60pt; width: 120.25pt;\" width=\"120\" height=\"17\">Hersteller<\/td>\n<td class=\"et3\" style=\"width: 204.75pt;\" width=\"204\">Yongjian<\/td>\n<\/tr>\n<tr style=\"height: 36.00pt;\">\n<td class=\"et3\" style=\"height: 36.00pt;\" height=\"36\">Modell Nr.<\/td>\n<td class=\"et4\" style=\"width: 204.75pt;\" width=\"204\">YJ-035, 8 Zoll<br \/>YJ-036, 10 Zoll<\/td>\n<\/tr>\n<tr style=\"height: 17.60pt;\">\n<td class=\"et3\" style=\"height: 17.60pt;\" height=\"17\">Produkttyp<\/td>\n<td class=\"et3\">Essteller<\/td>\n<\/tr>\n<tr style=\"height: 17.60pt;\">\n<td class=\"et3\" style=\"height: 17.60pt;\" height=\"17\">Material<\/td>\n<td class=\"et3\">Porzellan<\/td>\n<\/tr>\n<tr style=\"height: 17.60pt;\">\n<td class=\"et5\" style=\"height: 17.60pt;\" height=\"17\">Farbe<\/td>\n<td class=\"et3\">Wei\u00df\/ Schwarz<\/td>\n<\/tr>\n<tr style=\"height: 36.00pt;\">\n<td class=\"et3\" style=\"height: 36.00pt;\" height=\"36\">Dimension<\/td>\n<td class=\"et6\" style=\"width: 204.75pt;\" width=\"204\">20*20*2.3<br \/>25.3*25.3*2.4<\/td>\n<\/tr>\n<tr style=\"height: 17.60pt;\">\n<td class=\"et3\" style=\"height: 17.60pt;\" height=\"17\">MOQ<\/td>\n<td class=\"et3\">500St\u00fcck<\/td>\n<\/tr>\n<tr style=\"height: 17.60pt;\">\n<td class=\"et3\" style=\"height: 17.60pt;\" height=\"17\">Benutzerdefiniert<\/td>\n<td class=\"et3\">Farbe\/Gr\u00f6\u00dfe\/Logo\/Verpackung<\/td>\n<\/tr>\n<\/tbody>\n<\/table>","protected":false},"featured_media":3433,"comment_status":"closed","ping_status":"closed","template":"","meta":{"_acf_changed":false},"product_brand":[],"product_cat":[93,62],"product_tag":[96],"class_list":{"0":"post-3430","1":"product","2":"type-product","3":"status-publish","4":"has-post-thumbnail","6":"product_cat-bulk-dinner-plates","7":"product_cat-ceramic-plates-wholesale","8":"product_tag-black-white-dinnerware-wholesale","10":"first","11":"instock","12":"shipping-taxable","13":"product-type-simple"},"acf":[],"_links":{"self":[{"href":"https:\/\/www.yongjianceramic.com\/de\/wp-json\/wp\/v2\/product\/3430","targetHints":{"allow":["GET"]}}],"collection":[{"href":"https:\/\/www.yongjianceramic.com\/de\/wp-json\/wp\/v2\/product"}],"about":[{"href":"https:\/\/www.yongjianceramic.com\/de\/wp-json\/wp\/v2\/types\/product"}],"replies":[{"embeddable":true,"href":"https:\/\/www.yongjianceramic.com\/de\/wp-json\/wp\/v2\/comments?post=3430"}],"wp:featuredmedia":[{"embeddable":true,"href":"https:\/\/www.yongjianceramic.com\/de\/wp-json\/wp\/v2\/media\/3433"}],"wp:attachment":[{"href":"https:\/\/www.yongjianceramic.com\/de\/wp-json\/wp\/v2\/media?parent=3430"}],"wp:term":[{"taxonomy":"product_brand","embeddable":true,"href":"https:\/\/www.yongjianceramic.com\/de\/wp-json\/wp\/v2\/product_brand?post=3430"},{"taxonomy":"product_cat","embeddable":true,"href":"https:\/\/www.yongjianceramic.com\/de\/wp-json\/wp\/v2\/product_cat?post=3430"},{"taxonomy":"product_tag","embeddable":true,"href":"https:\/\/www.yongjianceramic.com\/de\/wp-json\/wp\/v2\/product_tag?post=3430"}],"curies":[{"name":"wp","href":"https:\/\/api.w.org\/{rel}","templated":true}]}}