{"id":3440,"date":"2024-09-12T03:42:36","date_gmt":"2024-09-12T03:42:36","guid":{"rendered":"https:\/\/www.yongjianceramic.com\/?post_type=product&#038;p=3440"},"modified":"2025-11-19T15:48:06","modified_gmt":"2025-11-19T07:48:06","slug":"wholesale-porcelain-plates","status":"publish","type":"product","link":"https:\/\/www.yongjianceramic.com\/de\/produkt\/wholesale-porcelain-plates\/","title":{"rendered":"Fabrik Gro\u00dfhandel Porzellanteller mit gefrosteter Textur"},"content":{"rendered":"<div class=\"wp-block-columns is-layout-flex wp-container-core-columns-is-layout-9d6595d7 wp-block-columns-is-layout-flex\">\n<div class=\"wp-block-column is-layout-flow wp-block-column-is-layout-flow\">\n<h2 class=\"wp-block-heading\">Premium Gro\u00dfhandel Porzellanteller Eigenschaften:<\/h2>\n\n\n\n<ul class=\"wp-block-list\">\n<li><strong>Mattierte Textur, modernes, schlichtes Design:<\/strong> Unsere Porzellanteller f\u00fcr den Gro\u00dfhandel zeichnen sich durch eine exklusive mattierte Textur aus, die ihnen eine warme Note und ein ansprechendes Aussehen verleiht. Sie verbinden moderne und schlichte Designkonzepte und verleihen Ihrer Tischdekoration eine elegante und modische Note.<\/li>\n\n\n\n<li><strong>Schwarz und Wei\u00df verf\u00fcgbar:<\/strong> Unsere Teller in Gro\u00dfpackungen passen mit ihrem Schwarz-Wei\u00df-Design zu jedem Tisch. Das Schwarz sorgt f\u00fcr einen eleganten und raffinierten Eindruck, w\u00e4hrend die wei\u00dfen Teller mit ihrer puren Raffinesse zu jedem Tisch und jedem Essenserlebnis passen.<\/li>\n\n\n\n<li><strong>Hochwertiges Porzellan, robust und langlebig:<\/strong> Diese hochwertigen Porzellanteller f\u00fcr den Gro\u00dfhandel zeichnen sich durch einen eleganten Glanz aus und sind gleichzeitig \u00e4u\u00dferst strapazierf\u00e4hig. Die attraktiven, glatten und durchscheinenden Oberfl\u00e4chen vermitteln einen Eindruck von Raffinesse und bieten eine hervorragende Kratz- und Sto\u00dffestigkeit f\u00fcr den t\u00e4glichen Gebrauch oder bei formellen Banketten, wodurch das Esserlebnis noch gesteigert wird.<\/li>\n\n\n\n<li><strong>Gro\u00dfeinkauf, wirtschaftlich und erschwinglich:<\/strong> Gro\u00dfhandel mit 8-Zoll- und 10-Zoll-Porzellantellern, geeignet f\u00fcr verschiedene Kundengruppen wie Familien, Restaurants oder Hotels. Der Gro\u00dfhandelskauf gew\u00e4hrleistet nicht nur eine hohe Kosteneffizienz der Produkte, sondern bietet auch eine wirtschaftliche Geschirrl\u00f6sung f\u00fcr gro\u00dfe Anl\u00e4sse wie Hochzeitsbankette, Veranstaltungen oder die Gastronomie.<\/li>\n<\/ul>\n<\/div>\n\n\n\n<div class=\"wp-block-column is-vertically-aligned-center is-layout-flow wp-block-column-is-layout-flow\"><div class=\"wp-block-image\">\n<figure class=\"aligncenter size-full\"><img fetchpriority=\"high\" decoding=\"async\" width=\"750\" height=\"750\" src=\"https:\/\/www.yongjianceramic.com\/wp-content\/uploads\/2024\/09\/Wholesale-Porcelain-Plates-8-Inch-10-Inch-Dinner-Plates-With-Frosted-Texture-5.webp\" alt=\"Gro\u00dfhandel Porzellanteller, 8-Zoll &amp; 10-Zoll-Speiseteller mit gefrosteter Textur 5\" class=\"wp-image-3445\" srcset=\"https:\/\/www.yongjianceramic.com\/wp-content\/uploads\/2024\/09\/Wholesale-Porcelain-Plates-8-Inch-10-Inch-Dinner-Plates-With-Frosted-Texture-5.webp 750w, https:\/\/www.yongjianceramic.com\/wp-content\/uploads\/2024\/09\/Wholesale-Porcelain-Plates-8-Inch-10-Inch-Dinner-Plates-With-Frosted-Texture-5-300x300.webp 300w, https:\/\/www.yongjianceramic.com\/wp-content\/uploads\/2024\/09\/Wholesale-Porcelain-Plates-8-Inch-10-Inch-Dinner-Plates-With-Frosted-Texture-5-150x150.webp 150w, https:\/\/www.yongjianceramic.com\/wp-content\/uploads\/2024\/09\/Wholesale-Porcelain-Plates-8-Inch-10-Inch-Dinner-Plates-With-Frosted-Texture-5-12x12.webp 12w, https:\/\/www.yongjianceramic.com\/wp-content\/uploads\/2024\/09\/Wholesale-Porcelain-Plates-8-Inch-10-Inch-Dinner-Plates-With-Frosted-Texture-5-285x285.webp 285w, https:\/\/www.yongjianceramic.com\/wp-content\/uploads\/2024\/09\/Wholesale-Porcelain-Plates-8-Inch-10-Inch-Dinner-Plates-With-Frosted-Texture-5-270x270.webp 270w, https:\/\/www.yongjianceramic.com\/wp-content\/uploads\/2024\/09\/Wholesale-Porcelain-Plates-8-Inch-10-Inch-Dinner-Plates-With-Frosted-Texture-5-540x540.webp 540w, https:\/\/www.yongjianceramic.com\/wp-content\/uploads\/2024\/09\/Wholesale-Porcelain-Plates-8-Inch-10-Inch-Dinner-Plates-With-Frosted-Texture-5-660x660.webp 660w\" sizes=\"(max-width: 750px) 100vw, 750px\" \/><\/figure>\n<\/div><\/div>\n<\/div>","protected":false},"excerpt":{"rendered":"<p>Willkommen beim Kauf unserer Porzellan-Essteller im Gro\u00dfhandel. Diese Teller haben eine einzigartige mattierte Textur, die Ihrem Tisch einen Hauch von Eleganz verleiht, und sind in den Gr\u00f6\u00dfen 8 Zoll und 10 Zoll erh\u00e4ltlich. Das hochwertige Porzellan ist strapazierf\u00e4hig und elegant und eignet sich sowohl f\u00fcr den t\u00e4glichen Gebrauch als auch f\u00fcr besondere Anl\u00e4sse. Die verschiedenen Gr\u00f6\u00dfen erf\u00fcllen unterschiedliche Anforderungen an das Servieren von Speisen und sorgen daf\u00fcr, dass jedes Gericht perfekt pr\u00e4sentiert wird.<\/p>\n<table style=\"border-collapse: collapse; width: 325.02pt;\" border=\"0\" width=\"325\" cellspacing=\"0\" cellpadding=\"0\">\n<tbody>\n<tr style=\"height: 17.60pt;\">\n<td class=\"et3\" style=\"height: 17.60pt; width: 120.25pt;\" width=\"120\" height=\"17\">Hersteller<\/td>\n<td class=\"et3\" style=\"width: 204.75pt;\" width=\"204\">Yongjian<\/td>\n<\/tr>\n<tr style=\"height: 36.00pt;\">\n<td class=\"et3\" style=\"height: 36.00pt;\" height=\"36\">Modell Nr.<\/td>\n<td class=\"et4\" style=\"width: 204.75pt;\" width=\"204\">YJ-037, 8 Zoll<br \/>YJ-038, 10 Zoll<\/td>\n<\/tr>\n<tr style=\"height: 17.60pt;\">\n<td class=\"et3\" style=\"height: 17.60pt;\" height=\"17\">Produkttyp<\/td>\n<td class=\"et3\">Essteller<\/td>\n<\/tr>\n<tr style=\"height: 17.60pt;\">\n<td class=\"et3\" style=\"height: 17.60pt;\" height=\"17\">Material<\/td>\n<td class=\"et3\">Porzellan<\/td>\n<\/tr>\n<tr style=\"height: 17.60pt;\">\n<td class=\"et5\" style=\"height: 17.60pt;\" height=\"17\">Farbe<\/td>\n<td class=\"et3\">Wei\u00df\/ Schwarz<\/td>\n<\/tr>\n<tr style=\"height: 36.00pt;\">\n<td class=\"et3\" style=\"height: 36.00pt;\" height=\"36\">Dimension<\/td>\n<td class=\"et6\" style=\"width: 204.75pt;\" width=\"204\">20*20*3.5<br \/>25.5*25.5*4<\/td>\n<\/tr>\n<tr style=\"height: 17.60pt;\">\n<td class=\"et3\" style=\"height: 17.60pt;\" height=\"17\">MOQ<\/td>\n<td class=\"et3\">500St\u00fcck<\/td>\n<\/tr>\n<tr style=\"height: 17.60pt;\">\n<td class=\"et3\" style=\"height: 17.60pt;\" height=\"17\">Benutzerdefiniert<\/td>\n<td class=\"et3\">Farbe\/Gr\u00f6\u00dfe\/Logo\/Verpackung<\/td>\n<\/tr>\n<\/tbody>\n<\/table>","protected":false},"featured_media":3446,"comment_status":"closed","ping_status":"closed","template":"","meta":{"_acf_changed":false},"product_brand":[],"product_cat":[93,62],"product_tag":[96],"class_list":{"0":"post-3440","1":"product","2":"type-product","3":"status-publish","4":"has-post-thumbnail","6":"product_cat-bulk-dinner-plates","7":"product_cat-ceramic-plates-wholesale","8":"product_tag-black-white-dinnerware-wholesale","10":"first","11":"instock","12":"shipping-taxable","13":"product-type-simple"},"acf":[],"_links":{"self":[{"href":"https:\/\/www.yongjianceramic.com\/de\/wp-json\/wp\/v2\/product\/3440","targetHints":{"allow":["GET"]}}],"collection":[{"href":"https:\/\/www.yongjianceramic.com\/de\/wp-json\/wp\/v2\/product"}],"about":[{"href":"https:\/\/www.yongjianceramic.com\/de\/wp-json\/wp\/v2\/types\/product"}],"replies":[{"embeddable":true,"href":"https:\/\/www.yongjianceramic.com\/de\/wp-json\/wp\/v2\/comments?post=3440"}],"wp:featuredmedia":[{"embeddable":true,"href":"https:\/\/www.yongjianceramic.com\/de\/wp-json\/wp\/v2\/media\/3446"}],"wp:attachment":[{"href":"https:\/\/www.yongjianceramic.com\/de\/wp-json\/wp\/v2\/media?parent=3440"}],"wp:term":[{"taxonomy":"product_brand","embeddable":true,"href":"https:\/\/www.yongjianceramic.com\/de\/wp-json\/wp\/v2\/product_brand?post=3440"},{"taxonomy":"product_cat","embeddable":true,"href":"https:\/\/www.yongjianceramic.com\/de\/wp-json\/wp\/v2\/product_cat?post=3440"},{"taxonomy":"product_tag","embeddable":true,"href":"https:\/\/www.yongjianceramic.com\/de\/wp-json\/wp\/v2\/product_tag?post=3440"}],"curies":[{"name":"wp","href":"https:\/\/api.w.org\/{rel}","templated":true}]}}