{"id":3474,"date":"2024-09-18T09:48:08","date_gmt":"2024-09-18T09:48:08","guid":{"rendered":"https:\/\/www.yongjianceramic.com\/?post_type=product&#038;p=3474"},"modified":"2025-11-19T15:07:29","modified_gmt":"2025-11-19T07:07:29","slug":"charger-plates-bulk","status":"publish","type":"product","link":"https:\/\/www.yongjianceramic.com\/de\/produkt\/charger-plates-bulk\/","title":{"rendered":"Schwarz Charger-Platten Bulk, wei\u00df Gro\u00dfhandel servieren Gerichte"},"content":{"rendered":"<div class=\"wp-block-columns is-layout-flex wp-container-core-columns-is-layout-9d6595d7 wp-block-columns-is-layout-flex\">\n<div class=\"wp-block-column is-layout-flow wp-block-column-is-layout-flow\">\n<h2 class=\"wp-block-heading\">Premium Charger Plates Bulk Merkmale:<\/h2>\n\n\n\n<ul class=\"wp-block-list\">\n<li><strong>Einzigartiges Design, auff\u00e4llige Waffe: <\/strong>Unsere schwarzen Platzteller und wei\u00dfen Servierplatten im Gro\u00dfhandel haben ein einzigartiges Strohhut-Design, das ihnen ein unverwechselbares und originelles Aussehen verleiht, das Kunden sofort anspricht. Ganz gleich, ob es sich um ein Familientreffen oder ein formelles Gesch\u00e4ftsessen handelt \u2013 das Design spricht f\u00fcr sich selbst, verleiht der Tischdekoration Pers\u00f6nlichkeit und Interesse und verbessert so das Esserlebnis.<\/li>\n\n\n\n<li><strong>Gefrorene Textur, Felsenstruktur:<\/strong> Das f\u00fcr die tiefen Servierplatten verwendete mattierte Keramikmaterial wurde bewusst ausgew\u00e4hlt. Die Innenseite der Oberfl\u00e4che weist einen nat\u00fcrlichen Rohsteincharakter auf, der dem Teller eine raue und dennoch feine Haptik verleiht. Die mattierte Textur erh\u00f6ht nicht nur die Sch\u00f6nheit dieser Gro\u00dfhandelsteller, sondern macht sie auch optisch k\u00fcnstlerischer und vermittelt einen hochwertigen und nat\u00fcrlichen Eindruck.<\/li>\n\n\n\n<li><strong>Vielseitig einsetzbar, bequem und schnell:<\/strong> Unsere schwarzen Platzteller und wei\u00dfen Servierplatten k\u00f6nnen nicht nur f\u00fcr das t\u00e4gliche Anrichten von Speisen verwendet werden, sondern eignen sich auch f\u00fcr verschiedene Zubereitungsmethoden wie D\u00e4mpfen, Backen und Erhitzen in der Mikrowelle.<\/li>\n\n\n\n<li><strong>Schwarz und wei\u00df, vielseitig und modisch:<\/strong> F\u00fcr unsere Servierplatten f\u00fcr Gro\u00dfmengen gibt es zwei klassische Farboptionen: Wei\u00df und Schwarz. Wei\u00df wirkt rein und elegant, Schwarz ruhig und atmosph\u00e4risch. Beide Farben lassen sich sehr gut mit anderem Geschirr oder Dekorationsstilen kombinieren und f\u00fcgen sich problemlos in jeden Restaurantstil ein.<\/li>\n<\/ul>\n<\/div>\n\n\n\n<div class=\"wp-block-column is-vertically-aligned-center is-layout-flow wp-block-column-is-layout-flow\"><div class=\"wp-block-image\">\n<figure class=\"aligncenter size-full\"><img fetchpriority=\"high\" decoding=\"async\" width=\"750\" height=\"750\" src=\"https:\/\/www.yongjianceramic.com\/wp-content\/uploads\/2024\/09\/Black-Charger-Plates-Bulk-White-Wholesale-Serving-Platters-2.webp\" alt=\"Schwarz Charger-Platten Bulk, wei\u00df Gro\u00dfhandel Servierplatten-2\" class=\"wp-image-3508\" srcset=\"https:\/\/www.yongjianceramic.com\/wp-content\/uploads\/2024\/09\/Black-Charger-Plates-Bulk-White-Wholesale-Serving-Platters-2.webp 750w, https:\/\/www.yongjianceramic.com\/wp-content\/uploads\/2024\/09\/Black-Charger-Plates-Bulk-White-Wholesale-Serving-Platters-2-300x300.webp 300w, https:\/\/www.yongjianceramic.com\/wp-content\/uploads\/2024\/09\/Black-Charger-Plates-Bulk-White-Wholesale-Serving-Platters-2-150x150.webp 150w, https:\/\/www.yongjianceramic.com\/wp-content\/uploads\/2024\/09\/Black-Charger-Plates-Bulk-White-Wholesale-Serving-Platters-2-12x12.webp 12w, https:\/\/www.yongjianceramic.com\/wp-content\/uploads\/2024\/09\/Black-Charger-Plates-Bulk-White-Wholesale-Serving-Platters-2-285x285.webp 285w, https:\/\/www.yongjianceramic.com\/wp-content\/uploads\/2024\/09\/Black-Charger-Plates-Bulk-White-Wholesale-Serving-Platters-2-270x270.webp 270w, https:\/\/www.yongjianceramic.com\/wp-content\/uploads\/2024\/09\/Black-Charger-Plates-Bulk-White-Wholesale-Serving-Platters-2-540x540.webp 540w, https:\/\/www.yongjianceramic.com\/wp-content\/uploads\/2024\/09\/Black-Charger-Plates-Bulk-White-Wholesale-Serving-Platters-2-660x660.webp 660w\" sizes=\"(max-width: 750px) 100vw, 750px\" \/><\/figure>\n<\/div><\/div>\n<\/div>\n\n\n\n<p><\/p>","protected":false},"excerpt":{"rendered":"<p>Willkommen zu kaufen Bulk Servierplatten. Unser schwarzes Ladeger\u00e4t Platten bulk und wei\u00df Gro\u00dfhandel Servierplatten verf\u00fcgen \u00fcber eine einzigartige Strohhut-Design. Die matten und steinernen Oberfl\u00e4chen bieten ein unvergleichliches visuelles und haptisches Erlebnis. Die Platten sind mikrowellen-, back- und dampfgeeignet und f\u00fcr verschiedene Kocharten geeignet. Das Produkt ist aus hochwertigem Keramikmaterial hergestellt, um die Haltbarkeit des Produkts zu gew\u00e4hrleisten.<\/p>\n<table style=\"border-collapse: collapse; width: 325.02pt;\" border=\"0\" width=\"325\" cellspacing=\"0\" cellpadding=\"0\">\n<tbody>\n<tr style=\"height: 17.60pt;\">\n<td class=\"et3\" style=\"height: 17.60pt; width: 120.25pt;\" width=\"120\" height=\"17\">Hersteller<\/td>\n<td class=\"et3\" style=\"width: 204.75pt;\" width=\"204\">Yongjian<\/td>\n<\/tr>\n<tr style=\"height: 36.00pt;\">\n<td class=\"et3\" style=\"height: 36.00pt;\" height=\"36\">Modell Nr.<\/td>\n<td class=\"et4\" style=\"width: 204.75pt;\" width=\"204\">YJ-045, 8 Zoll<br \/>YJ-046, 10 Zoll<\/td>\n<\/tr>\n<tr style=\"height: 17.60pt;\">\n<td class=\"et3\" style=\"height: 17.60pt;\" height=\"17\">Produkttyp<\/td>\n<td class=\"et3\">Tiefer Teller, Servierplatte<\/td>\n<\/tr>\n<tr style=\"height: 17.60pt;\">\n<td class=\"et3\" style=\"height: 17.60pt;\" height=\"17\">Material<\/td>\n<td class=\"et3\">Porzellan<\/td>\n<\/tr>\n<tr style=\"height: 17.60pt;\">\n<td class=\"et5\" style=\"height: 17.60pt;\" height=\"17\">Farbe<\/td>\n<td class=\"et3\">Wei\u00df\/ Schwarz<\/td>\n<\/tr>\n<tr style=\"height: 36.00pt;\">\n<td class=\"et3\" style=\"height: 36.00pt;\" height=\"36\">Dimension<\/td>\n<td class=\"et6\" style=\"width: 204.75pt;\" width=\"204\">20*20*4<br \/>24.5*24.5*4.5<\/td>\n<\/tr>\n<tr style=\"height: 17.60pt;\">\n<td class=\"et3\" style=\"height: 17.60pt;\" height=\"17\">MOQ<\/td>\n<td class=\"et3\">500St\u00fcck<\/td>\n<\/tr>\n<tr style=\"height: 17.60pt;\">\n<td class=\"et3\" style=\"height: 17.60pt;\" height=\"17\">Benutzerdefiniert<\/td>\n<td class=\"et3\">Farbe\/Gr\u00f6\u00dfe\/Logo\/Verpackung<\/td>\n<\/tr>\n<\/tbody>\n<\/table>\n<p>&nbsp;<\/p>","protected":false},"featured_media":3507,"comment_status":"closed","ping_status":"closed","template":"","meta":{"_acf_changed":false},"product_brand":[],"product_cat":[77,62,76],"product_tag":[96],"class_list":{"0":"post-3474","1":"product","2":"type-product","3":"status-publish","4":"has-post-thumbnail","6":"product_cat-deep-plates-wholesale","7":"product_cat-ceramic-plates-wholesale","8":"product_cat-wholesale-serving-platters","9":"product_tag-black-white-dinnerware-wholesale","11":"first","12":"instock","13":"shipping-taxable","14":"product-type-simple"},"acf":[],"_links":{"self":[{"href":"https:\/\/www.yongjianceramic.com\/de\/wp-json\/wp\/v2\/product\/3474","targetHints":{"allow":["GET"]}}],"collection":[{"href":"https:\/\/www.yongjianceramic.com\/de\/wp-json\/wp\/v2\/product"}],"about":[{"href":"https:\/\/www.yongjianceramic.com\/de\/wp-json\/wp\/v2\/types\/product"}],"replies":[{"embeddable":true,"href":"https:\/\/www.yongjianceramic.com\/de\/wp-json\/wp\/v2\/comments?post=3474"}],"wp:featuredmedia":[{"embeddable":true,"href":"https:\/\/www.yongjianceramic.com\/de\/wp-json\/wp\/v2\/media\/3507"}],"wp:attachment":[{"href":"https:\/\/www.yongjianceramic.com\/de\/wp-json\/wp\/v2\/media?parent=3474"}],"wp:term":[{"taxonomy":"product_brand","embeddable":true,"href":"https:\/\/www.yongjianceramic.com\/de\/wp-json\/wp\/v2\/product_brand?post=3474"},{"taxonomy":"product_cat","embeddable":true,"href":"https:\/\/www.yongjianceramic.com\/de\/wp-json\/wp\/v2\/product_cat?post=3474"},{"taxonomy":"product_tag","embeddable":true,"href":"https:\/\/www.yongjianceramic.com\/de\/wp-json\/wp\/v2\/product_tag?post=3474"}],"curies":[{"name":"wp","href":"https:\/\/api.w.org\/{rel}","templated":true}]}}