{"id":3519,"date":"2024-09-20T09:09:53","date_gmt":"2024-09-20T09:09:53","guid":{"rendered":"https:\/\/www.yongjianceramic.com\/?post_type=product&#038;p=3519"},"modified":"2025-11-19T14:53:34","modified_gmt":"2025-11-19T06:53:34","slug":"bulk-dinnerware-red","status":"publish","type":"product","link":"https:\/\/www.yongjianceramic.com\/de\/produkt\/bulk-dinnerware-red\/","title":{"rendered":"Retro-Stil Bulk-Geschirr, rote Keramik-Teller und Schalen Gro\u00dfhandel"},"content":{"rendered":"<div class=\"wp-block-columns is-layout-flex wp-container-core-columns-is-layout-9d6595d7 wp-block-columns-is-layout-flex\">\n<div class=\"wp-block-column is-layout-flow wp-block-column-is-layout-flow\">\n<h2 class=\"wp-block-heading\">Premium Bulk-Geschirr Merkmale:<\/h2>\n\n\n\n<ul class=\"wp-block-list\">\n<li><strong>Klassisches Retro-Design: <\/strong>Das rote Keramikgeschirrset ist im klassischen Retro-Stil gestaltet. Die leuchtend rote Farbe und die einzigartige Form verleihen dem Esstisch einen Hauch von leuchtender Farbe und Nostalgie.<\/li>\n\n\n\n<li><strong>Hochwertiges keramisches Material:<\/strong> Jeder unserer Gro\u00dfhandels-Teller und -Sch\u00fcsseln wird aus hochwertiger Keramik hergestellt und bei hohen Temperaturen gebrannt, wodurch ein robustes und langlebiges Produkt entsteht, das f\u00fcr den t\u00e4glichen Gebrauch leicht hitzebest\u00e4ndig und kratzfest ist.<\/li>\n\n\n\n<li><strong>Vielf\u00e4ltige Auswahl an Geschirr: <\/strong>Das umfangreiche Geschirrset umfasst eine Vielzahl von Tellern und Sch\u00fcsseln in verschiedenen Gr\u00f6\u00dfen, um unterschiedlichen Anforderungen gerecht zu werden. Ob f\u00fcr Familienfeiern oder den Einsatz in Restaurants \u2013 es sorgt stets f\u00fcr ein rundum gelungenes Tischdekorationserlebnis.<\/li>\n\n\n\n<li><strong>Gro\u00dfhandel und kundenspezifische Dienstleistungen: <\/strong>Um den Bed\u00fcrfnissen der verschiedenen Kunden gerecht zu werden, bieten wir flexible Gro\u00dfhandelsl\u00f6sungen f\u00fcr Teller und Schalen an und unterst\u00fctzen ma\u00dfgeschneiderte Dienstleistungen, um sicherzustellen, dass jedes Projekt einen einzigartigen Geschirrstil schaffen kann.<\/li>\n<\/ul>\n<\/div>\n\n\n\n<div class=\"wp-block-column is-vertically-aligned-center is-layout-flow wp-block-column-is-layout-flow\"><div class=\"wp-block-image\">\n<figure class=\"aligncenter size-full\"><img fetchpriority=\"high\" decoding=\"async\" width=\"800\" height=\"800\" src=\"https:\/\/www.yongjianceramic.com\/wp-content\/uploads\/2024\/09\/Retro-Style-Bulk-Dinnerware-Red-Ceramic-Plates-Bowls-Set-1.webp\" alt=\"Retro-Stil Bulk-Geschirr, rote Keramik-Teller &amp; Schalen Set-1\" class=\"wp-image-3520\" srcset=\"https:\/\/www.yongjianceramic.com\/wp-content\/uploads\/2024\/09\/Retro-Style-Bulk-Dinnerware-Red-Ceramic-Plates-Bowls-Set-1.webp 800w, https:\/\/www.yongjianceramic.com\/wp-content\/uploads\/2024\/09\/Retro-Style-Bulk-Dinnerware-Red-Ceramic-Plates-Bowls-Set-1-300x300.webp 300w, https:\/\/www.yongjianceramic.com\/wp-content\/uploads\/2024\/09\/Retro-Style-Bulk-Dinnerware-Red-Ceramic-Plates-Bowls-Set-1-150x150.webp 150w, https:\/\/www.yongjianceramic.com\/wp-content\/uploads\/2024\/09\/Retro-Style-Bulk-Dinnerware-Red-Ceramic-Plates-Bowls-Set-1-768x768.webp 768w, https:\/\/www.yongjianceramic.com\/wp-content\/uploads\/2024\/09\/Retro-Style-Bulk-Dinnerware-Red-Ceramic-Plates-Bowls-Set-1-12x12.webp 12w, https:\/\/www.yongjianceramic.com\/wp-content\/uploads\/2024\/09\/Retro-Style-Bulk-Dinnerware-Red-Ceramic-Plates-Bowls-Set-1-285x285.webp 285w, https:\/\/www.yongjianceramic.com\/wp-content\/uploads\/2024\/09\/Retro-Style-Bulk-Dinnerware-Red-Ceramic-Plates-Bowls-Set-1-270x270.webp 270w, https:\/\/www.yongjianceramic.com\/wp-content\/uploads\/2024\/09\/Retro-Style-Bulk-Dinnerware-Red-Ceramic-Plates-Bowls-Set-1-540x540.webp 540w, https:\/\/www.yongjianceramic.com\/wp-content\/uploads\/2024\/09\/Retro-Style-Bulk-Dinnerware-Red-Ceramic-Plates-Bowls-Set-1-660x660.webp 660w\" sizes=\"(max-width: 800px) 100vw, 800px\" \/><\/figure>\n<\/div><\/div>\n<\/div>","protected":false},"excerpt":{"rendered":"<p>Willkommen beim Kauf von Tellern und Sch\u00fcsseln im Gro\u00dfhandel. Dieses rote Keramikgeschirrset im Retro-Stil stammt aus einer klassischen Retro-Epoche und zeichnet sich durch hochwertige Keramikmaterialien, eine sch\u00f6ne Verarbeitung und Qualit\u00e4t aus. Es eignet sich f\u00fcr viele verschiedene Tischdekorationen. Die gro\u00dfe Auswahl und die flexiblen Gro\u00dfhandelsdienstleistungen machen es besonders attraktiv f\u00fcr Restaurants im Retro-Stil und den privaten Gebrauch.<\/p>\n<table style=\"border-collapse: collapse; width: 309.02pt;\" border=\"0\" width=\"309\" cellspacing=\"0\" cellpadding=\"0\">\n<tbody>\n<tr style=\"height: 17.60pt;\">\n<td class=\"et3\" style=\"height: 17.60pt; width: 120.25pt;\" width=\"120\" height=\"17\">Hersteller<\/td>\n<td class=\"et3\" style=\"width: 189.25pt;\" width=\"189\">Yongjian<\/td>\n<\/tr>\n<tr style=\"height: 18.00pt;\">\n<td class=\"et3\" style=\"height: 18.00pt;\" height=\"18\">Modell Nr.<\/td>\n<td class=\"et4\" style=\"width: 189.25pt;\" width=\"189\">YJ-058<\/td>\n<\/tr>\n<tr style=\"height: 18.00pt;\">\n<td class=\"et5\" style=\"height: 18.00pt; width: 120.25pt;\" width=\"120\" height=\"18\">Essgeschirr Typ<\/td>\n<td class=\"et5\" style=\"width: 189.25pt;\" width=\"189\">Teller, Platten, Schalen<\/td>\n<\/tr>\n<tr style=\"height: 17.60pt;\">\n<td class=\"et3\" style=\"height: 17.60pt;\" height=\"17\">Technik<\/td>\n<td class=\"et3\">Ofenglasur-Effekt<\/td>\n<\/tr>\n<tr style=\"height: 17.60pt;\">\n<td class=\"et3\" style=\"height: 17.60pt;\" height=\"17\">Material<\/td>\n<td class=\"et3\">Porzellan<\/td>\n<\/tr>\n<tr style=\"height: 36.00pt;\">\n<td class=\"et6\" style=\"height: 36.00pt;\" height=\"36\">Anwendbar<\/td>\n<td class=\"et5\" style=\"width: 189.25pt;\" width=\"189\">Sterilisator, Geschirrsp\u00fcler, Backofen, Mikrowelle<\/td>\n<\/tr>\n<tr style=\"height: 17.60pt;\">\n<td class=\"et3\" style=\"height: 17.60pt;\" height=\"17\">Dimension<\/td>\n<td class=\"et3\">Als Bild<\/td>\n<\/tr>\n<tr style=\"height: 17.60pt;\">\n<td class=\"et3\" style=\"height: 17.60pt;\" height=\"17\">MOQ<\/td>\n<td class=\"et3\">500St\u00fcck<\/td>\n<\/tr>\n<tr style=\"height: 17.60pt;\">\n<td class=\"et3\" style=\"height: 17.60pt;\" height=\"17\">Benutzerdefiniert<\/td>\n<td class=\"et3\">Farbe\/Gr\u00f6\u00dfe\/Logo\/Verpackung<\/td>\n<\/tr>\n<\/tbody>\n<\/table>","protected":false},"featured_media":3527,"comment_status":"closed","ping_status":"closed","template":"","meta":{"_acf_changed":false},"product_brand":[],"product_cat":[64,83],"product_tag":[84],"class_list":{"0":"post-3519","1":"product","2":"type-product","3":"status-publish","4":"has-post-thumbnail","6":"product_cat-dinnerware-sets","7":"product_cat-dinner-sets-wholesale","8":"product_tag-retro-design-dinnerware-wholesale","10":"first","11":"instock","12":"shipping-taxable","13":"product-type-simple"},"acf":[],"_links":{"self":[{"href":"https:\/\/www.yongjianceramic.com\/de\/wp-json\/wp\/v2\/product\/3519","targetHints":{"allow":["GET"]}}],"collection":[{"href":"https:\/\/www.yongjianceramic.com\/de\/wp-json\/wp\/v2\/product"}],"about":[{"href":"https:\/\/www.yongjianceramic.com\/de\/wp-json\/wp\/v2\/types\/product"}],"replies":[{"embeddable":true,"href":"https:\/\/www.yongjianceramic.com\/de\/wp-json\/wp\/v2\/comments?post=3519"}],"wp:featuredmedia":[{"embeddable":true,"href":"https:\/\/www.yongjianceramic.com\/de\/wp-json\/wp\/v2\/media\/3527"}],"wp:attachment":[{"href":"https:\/\/www.yongjianceramic.com\/de\/wp-json\/wp\/v2\/media?parent=3519"}],"wp:term":[{"taxonomy":"product_brand","embeddable":true,"href":"https:\/\/www.yongjianceramic.com\/de\/wp-json\/wp\/v2\/product_brand?post=3519"},{"taxonomy":"product_cat","embeddable":true,"href":"https:\/\/www.yongjianceramic.com\/de\/wp-json\/wp\/v2\/product_cat?post=3519"},{"taxonomy":"product_tag","embeddable":true,"href":"https:\/\/www.yongjianceramic.com\/de\/wp-json\/wp\/v2\/product_tag?post=3519"}],"curies":[{"name":"wp","href":"https:\/\/api.w.org\/{rel}","templated":true}]}}