{"id":3533,"date":"2024-09-20T09:54:55","date_gmt":"2024-09-20T09:54:55","guid":{"rendered":"https:\/\/www.yongjianceramic.com\/?post_type=product&#038;p=3533"},"modified":"2024-09-20T10:06:41","modified_gmt":"2024-09-20T10:06:41","slug":"blue-bulk-crockery","status":"publish","type":"product","link":"https:\/\/www.yongjianceramic.com\/de\/produkt\/blue-bulk-crockery\/","title":{"rendered":"Retro Style Blue Bulk Geschirr Set, Porzellangeschirr Gro\u00dfhandel"},"content":{"rendered":"<div class=\"wp-block-columns is-layout-flex wp-container-core-columns-is-layout-9d6595d7 wp-block-columns-is-layout-flex\">\n<div class=\"wp-block-column is-layout-flow wp-block-column-is-layout-flow\">\n<h2 class=\"wp-block-heading\">Premium Bulk-Geschirr Merkmale:<\/h2>\n\n\n\n<ul class=\"wp-block-list\">\n<li><strong>Elegantes Retro-Blau:<\/strong> Dieses blaue Gro\u00dfgeschirrset ist im klassischen Retrostil gestaltet. Durch die elegante Kombination von Blaut\u00f6nen verspr\u00fcht das Geschirr einen einzigartigen Retro-Charme, der sich f\u00fcr gehobene Restaurants und Familien eignet, um den Geschmack der Tafel zu verbessern.<\/li>\n\n\n\n<li><strong>Hochwertiges Porzellanmaterial: <\/strong>F\u00fcr jedes St\u00fcck Porzellangeschirr im Gro\u00dfhandel wird hochwertiges Porzellan verwendet, das bei hoher Temperatur gebrannt wird, um eine glatte Oberfl\u00e4che und ausgezeichnete Haltbarkeit zu gew\u00e4hrleisten. Es ist auch hitzebest\u00e4ndig und kratzfest, geeignet f\u00fcr den langfristigen Gebrauch.<\/li>\n\n\n\n<li><strong>Vielf\u00e4ltige Set-Kombinationen: <\/strong>Unsere gro\u00dfen Geschirrsets umfassen Sch\u00fcsseln, Teller, Tassen usw. in verschiedenen Gr\u00f6\u00dfen, um den Bed\u00fcrfnissen verschiedener Essanl\u00e4sse gerecht zu werden. Es eignet sich sowohl f\u00fcr den t\u00e4glichen Gebrauch in der Familie als auch f\u00fcr Gro\u00dfk\u00fcchen.<\/li>\n\n\n\n<li><strong>Gro\u00dfhandel und kundenspezifische Optionen:<\/strong> Wir bieten Gro\u00dfhandelsdienstleistungen f\u00fcr Porzellangeschirr an, um die Versorgung der Nachfrage in gro\u00dfen Mengen zu gew\u00e4hrleisten, und unterst\u00fctzen gleichzeitig die individuelle Anpassung, um das Geschirrdesign des Kunden unverwechselbar zu machen und den Anforderungen verschiedener Projekte gerecht zu werden.<\/li>\n<\/ul>\n<\/div>\n\n\n\n<div class=\"wp-block-column is-vertically-aligned-center is-layout-flow wp-block-column-is-layout-flow\"><div class=\"wp-block-image\">\n<figure class=\"aligncenter size-full\"><img fetchpriority=\"high\" decoding=\"async\" width=\"800\" height=\"800\" src=\"https:\/\/www.yongjianceramic.com\/wp-content\/uploads\/2024\/09\/Retro-Style-Blue-Bulk-Crockery-Set-Porcelain-Tableware-Wholesale4.webp\" alt=\"Retro-Stil blau Bulk Geschirr Set, Porzellan Geschirr Gro\u00dfhandel (4)\" class=\"wp-image-3537\" srcset=\"https:\/\/www.yongjianceramic.com\/wp-content\/uploads\/2024\/09\/Retro-Style-Blue-Bulk-Crockery-Set-Porcelain-Tableware-Wholesale4.webp 800w, https:\/\/www.yongjianceramic.com\/wp-content\/uploads\/2024\/09\/Retro-Style-Blue-Bulk-Crockery-Set-Porcelain-Tableware-Wholesale4-300x300.webp 300w, https:\/\/www.yongjianceramic.com\/wp-content\/uploads\/2024\/09\/Retro-Style-Blue-Bulk-Crockery-Set-Porcelain-Tableware-Wholesale4-150x150.webp 150w, https:\/\/www.yongjianceramic.com\/wp-content\/uploads\/2024\/09\/Retro-Style-Blue-Bulk-Crockery-Set-Porcelain-Tableware-Wholesale4-768x768.webp 768w, https:\/\/www.yongjianceramic.com\/wp-content\/uploads\/2024\/09\/Retro-Style-Blue-Bulk-Crockery-Set-Porcelain-Tableware-Wholesale4-12x12.webp 12w, https:\/\/www.yongjianceramic.com\/wp-content\/uploads\/2024\/09\/Retro-Style-Blue-Bulk-Crockery-Set-Porcelain-Tableware-Wholesale4-285x285.webp 285w, https:\/\/www.yongjianceramic.com\/wp-content\/uploads\/2024\/09\/Retro-Style-Blue-Bulk-Crockery-Set-Porcelain-Tableware-Wholesale4-270x270.webp 270w, https:\/\/www.yongjianceramic.com\/wp-content\/uploads\/2024\/09\/Retro-Style-Blue-Bulk-Crockery-Set-Porcelain-Tableware-Wholesale4-540x540.webp 540w, https:\/\/www.yongjianceramic.com\/wp-content\/uploads\/2024\/09\/Retro-Style-Blue-Bulk-Crockery-Set-Porcelain-Tableware-Wholesale4-660x660.webp 660w\" sizes=\"(max-width: 800px) 100vw, 800px\" \/><\/figure>\n<\/div><\/div>\n<\/div>","protected":false},"excerpt":{"rendered":"<p>Willkommen zum Kauf Porzellangeschirr Gro\u00dfhandel, unsere Retro-blau Bulk-Geschirr-Set kombiniert klassische Retro-Design und High-End-Porzellan-Materialien, die langlebig und sch\u00f6n ist, geeignet f\u00fcr verschiedene Esstisch Szenen. Diverse Geschirr Auswahl und Gro\u00dfhandel Anpassungsdienste machen es eine ideale Wahl f\u00fcr High-End-Restaurants und Familien.<\/p>\n<table style=\"border-collapse: collapse; width: 309.02pt;\" border=\"0\" width=\"309\" cellspacing=\"0\" cellpadding=\"0\">\n<tbody>\n<tr style=\"height: 17.60pt;\">\n<td class=\"et3\" style=\"height: 17.60pt; width: 120.25pt;\" width=\"120\" height=\"17\">Hersteller<\/td>\n<td class=\"et3\" style=\"width: 189.25pt;\" width=\"189\">Yongjian<\/td>\n<\/tr>\n<tr style=\"height: 18.00pt;\">\n<td class=\"et3\" style=\"height: 18.00pt;\" height=\"18\">Modell Nr.<\/td>\n<td class=\"et4\" style=\"width: 189.25pt;\" width=\"189\">YJ-059<\/td>\n<\/tr>\n<tr style=\"height: 18.00pt;\">\n<td class=\"et5\" style=\"height: 18.00pt; width: 120.25pt;\" width=\"120\" height=\"18\">Essgeschirr Typ<\/td>\n<td class=\"et5\" style=\"width: 189.25pt;\" width=\"189\">Teller, Platten, Schalen<\/td>\n<\/tr>\n<tr style=\"height: 17.60pt;\">\n<td class=\"et3\" style=\"height: 17.60pt;\" height=\"17\">Technik<\/td>\n<td class=\"et3\">Ofenglasur-Effekt<\/td>\n<\/tr>\n<tr style=\"height: 17.60pt;\">\n<td class=\"et3\" style=\"height: 17.60pt;\" height=\"17\">Material<\/td>\n<td class=\"et3\">Porzellan<\/td>\n<\/tr>\n<tr style=\"height: 36.00pt;\">\n<td class=\"et6\" style=\"height: 36.00pt;\" height=\"36\">Anwendbar<\/td>\n<td class=\"et5\" style=\"width: 189.25pt;\" width=\"189\">Sterilisator, Geschirrsp\u00fcler, Backofen, Mikrowelle<\/td>\n<\/tr>\n<tr style=\"height: 17.60pt;\">\n<td class=\"et3\" style=\"height: 17.60pt;\" height=\"17\">Dimension<\/td>\n<td class=\"et3\">Als Bild<\/td>\n<\/tr>\n<tr style=\"height: 17.60pt;\">\n<td class=\"et3\" style=\"height: 17.60pt;\" height=\"17\">MOQ<\/td>\n<td class=\"et3\">500St\u00fcck<\/td>\n<\/tr>\n<tr style=\"height: 17.60pt;\">\n<td class=\"et3\" style=\"height: 17.60pt;\" height=\"17\">Benutzerdefiniert<\/td>\n<td class=\"et3\">Farbe\/Gr\u00f6\u00dfe\/Logo\/Verpackung<\/td>\n<\/tr>\n<\/tbody>\n<\/table>","protected":false},"featured_media":3540,"comment_status":"closed","ping_status":"closed","template":"","meta":{"_acf_changed":false},"product_brand":[],"product_cat":[64,83],"product_tag":[84],"class_list":{"0":"post-3533","1":"product","2":"type-product","3":"status-publish","4":"has-post-thumbnail","6":"product_cat-dinnerware-sets","7":"product_cat-dinner-sets-wholesale","8":"product_tag-retro-design-dinnerware-wholesale","10":"first","11":"instock","12":"shipping-taxable","13":"product-type-simple"},"acf":[],"_links":{"self":[{"href":"https:\/\/www.yongjianceramic.com\/de\/wp-json\/wp\/v2\/product\/3533","targetHints":{"allow":["GET"]}}],"collection":[{"href":"https:\/\/www.yongjianceramic.com\/de\/wp-json\/wp\/v2\/product"}],"about":[{"href":"https:\/\/www.yongjianceramic.com\/de\/wp-json\/wp\/v2\/types\/product"}],"replies":[{"embeddable":true,"href":"https:\/\/www.yongjianceramic.com\/de\/wp-json\/wp\/v2\/comments?post=3533"}],"wp:featuredmedia":[{"embeddable":true,"href":"https:\/\/www.yongjianceramic.com\/de\/wp-json\/wp\/v2\/media\/3540"}],"wp:attachment":[{"href":"https:\/\/www.yongjianceramic.com\/de\/wp-json\/wp\/v2\/media?parent=3533"}],"wp:term":[{"taxonomy":"product_brand","embeddable":true,"href":"https:\/\/www.yongjianceramic.com\/de\/wp-json\/wp\/v2\/product_brand?post=3533"},{"taxonomy":"product_cat","embeddable":true,"href":"https:\/\/www.yongjianceramic.com\/de\/wp-json\/wp\/v2\/product_cat?post=3533"},{"taxonomy":"product_tag","embeddable":true,"href":"https:\/\/www.yongjianceramic.com\/de\/wp-json\/wp\/v2\/product_tag?post=3533"}],"curies":[{"name":"wp","href":"https:\/\/api.w.org\/{rel}","templated":true}]}}