{"id":3543,"date":"2024-09-20T10:07:11","date_gmt":"2024-09-20T10:07:11","guid":{"rendered":"https:\/\/www.yongjianceramic.com\/?post_type=product&#038;p=3543"},"modified":"2024-09-20T10:17:28","modified_gmt":"2024-09-20T10:17:28","slug":"green-custom-dinnerware-sets","status":"publish","type":"product","link":"https:\/\/www.yongjianceramic.com\/de\/produkt\/green-custom-dinnerware-sets\/","title":{"rendered":"Retro Green Custom Geschirr Sets, Bulk Keramik-Geschirr"},"content":{"rendered":"<div class=\"wp-block-columns is-layout-flex wp-container-core-columns-is-layout-9d6595d7 wp-block-columns-is-layout-flex\">\n<div class=\"wp-block-column is-layout-flow wp-block-column-is-layout-flow\">\n<h2 class=\"wp-block-heading\">Premium Custom Essgeschirr-Sets Merkmale:<\/h2>\n\n\n\n<ul class=\"wp-block-list\">\n<li><strong>Einzigartiges Retro-Design: <\/strong>Dieses gr\u00fcne Retro-Gro\u00dfhandelsgeschirr zeichnet sich durch ein klassisches Retro-Design aus. Der sanfte gr\u00fcne Farbton verleiht dem Geschirr ein einzigartiges nostalgisches Gef\u00fchl, das sich f\u00fcr eine Vielzahl von Tischstilen eignet, insbesondere f\u00fcr Anl\u00e4sse mit Retro- und Naturthemen.<\/li>\n\n\n\n<li><strong>Hochwertige keramische Handwerkskunst: <\/strong>Unser loses Keramikgeschirr wird aus hochwertigen keramischen Materialien hergestellt und bei hohen Temperaturen gebrannt, um sicherzustellen, dass das Geschirr langlebig und kratzfest ist und eine glatte Glasur hat, die leicht zu reinigen und langlebig ist.<\/li>\n\n\n\n<li><strong>Flexibler Anpassungsservice: <\/strong>Diese Gro\u00dfhandelsserie f\u00fcr individuelles Geschirr unterst\u00fctzt die individuelle Gestaltung. Kunden k\u00f6nnen die Gr\u00f6\u00dfe, Form und Muster des Geschirrs nach ihren Bed\u00fcrfnissen w\u00e4hlen, um personalisiertes Geschirr zu schaffen.<\/li>\n\n\n\n<li><strong>Gro\u00dfes Angebot und stabile Qualit\u00e4t: <\/strong>Wir bieten flexible Gro\u00dfhandelsoptionen f\u00fcr Keramikgeschirr in gro\u00dfen Mengen, um eine schnelle Lieferung von Gro\u00dfauftr\u00e4gen zu gew\u00e4hrleisten, und jede Produktcharge wird strengen Qualit\u00e4tskontrollen unterzogen, um eine gleichbleibend hohe Qualit\u00e4t sicherzustellen.<\/li>\n<\/ul>\n<\/div>\n\n\n\n<div class=\"wp-block-column is-vertically-aligned-center is-layout-flow wp-block-column-is-layout-flow\"><div class=\"wp-block-image\">\n<figure class=\"aligncenter size-full\"><img fetchpriority=\"high\" decoding=\"async\" width=\"800\" height=\"800\" src=\"https:\/\/www.yongjianceramic.com\/wp-content\/uploads\/2024\/09\/Retro-Green-Custom-Dinnerware-Sets-Bulk-Ceramic-Tableware-5.webp\" alt=\"Retro-Gr\u00fcn benutzerdefinierte Geschirr-Sets, Bulk-Keramik-Geschirr-5\" class=\"wp-image-3548\" srcset=\"https:\/\/www.yongjianceramic.com\/wp-content\/uploads\/2024\/09\/Retro-Green-Custom-Dinnerware-Sets-Bulk-Ceramic-Tableware-5.webp 800w, https:\/\/www.yongjianceramic.com\/wp-content\/uploads\/2024\/09\/Retro-Green-Custom-Dinnerware-Sets-Bulk-Ceramic-Tableware-5-300x300.webp 300w, https:\/\/www.yongjianceramic.com\/wp-content\/uploads\/2024\/09\/Retro-Green-Custom-Dinnerware-Sets-Bulk-Ceramic-Tableware-5-150x150.webp 150w, https:\/\/www.yongjianceramic.com\/wp-content\/uploads\/2024\/09\/Retro-Green-Custom-Dinnerware-Sets-Bulk-Ceramic-Tableware-5-768x768.webp 768w, https:\/\/www.yongjianceramic.com\/wp-content\/uploads\/2024\/09\/Retro-Green-Custom-Dinnerware-Sets-Bulk-Ceramic-Tableware-5-12x12.webp 12w, https:\/\/www.yongjianceramic.com\/wp-content\/uploads\/2024\/09\/Retro-Green-Custom-Dinnerware-Sets-Bulk-Ceramic-Tableware-5-285x285.webp 285w, https:\/\/www.yongjianceramic.com\/wp-content\/uploads\/2024\/09\/Retro-Green-Custom-Dinnerware-Sets-Bulk-Ceramic-Tableware-5-270x270.webp 270w, https:\/\/www.yongjianceramic.com\/wp-content\/uploads\/2024\/09\/Retro-Green-Custom-Dinnerware-Sets-Bulk-Ceramic-Tableware-5-540x540.webp 540w, https:\/\/www.yongjianceramic.com\/wp-content\/uploads\/2024\/09\/Retro-Green-Custom-Dinnerware-Sets-Bulk-Ceramic-Tableware-5-660x660.webp 660w\" sizes=\"(max-width: 800px) 100vw, 800px\" \/><\/figure>\n<\/div><\/div>\n<\/div>","protected":false},"excerpt":{"rendered":"<p>Unser gr\u00fcnes Retro-Gro\u00dfhandelsgeschirr besteht aus hochwertigen Keramikmaterialien und klassischen Retro-Designs und eignet sich f\u00fcr eine Vielzahl von Tischstilen. Die Unterst\u00fctzung der pers\u00f6nlichen Anpassung, flexible Gro\u00dfhandelsoptionen machen es zu einer idealen Wahl f\u00fcr Restaurants, Hotels und Markenprojekte, die einen einzigartigen Charme f\u00fcr das Esserlebnis hinzuf\u00fcgen. Willkommen in der Bulk-Keramik-Geschirr zu kaufen.\u00a0<\/p>\n<table style=\"border-collapse: collapse; width: 309.02pt;\" border=\"0\" width=\"309\" cellspacing=\"0\" cellpadding=\"0\">\n<tbody>\n<tr style=\"height: 17.60pt;\">\n<td class=\"et3\" style=\"height: 17.60pt; width: 120.25pt;\" width=\"120\" height=\"17\">Hersteller<\/td>\n<td class=\"et3\" style=\"width: 189.25pt;\" width=\"189\">Yongjian<\/td>\n<\/tr>\n<tr style=\"height: 18.00pt;\">\n<td class=\"et3\" style=\"height: 18.00pt;\" height=\"18\">Modell Nr.<\/td>\n<td class=\"et4\" style=\"width: 189.25pt;\" width=\"189\">YJ-060<\/td>\n<\/tr>\n<tr style=\"height: 18.00pt;\">\n<td class=\"et5\" style=\"height: 18.00pt; width: 120.25pt;\" width=\"120\" height=\"18\">Essgeschirr Typ<\/td>\n<td class=\"et5\" style=\"width: 189.25pt;\" width=\"189\">Teller, Platten, Schalen<\/td>\n<\/tr>\n<tr style=\"height: 17.60pt;\">\n<td class=\"et3\" style=\"height: 17.60pt;\" height=\"17\">Technik<\/td>\n<td class=\"et3\">Ofenglasur-Effekt<\/td>\n<\/tr>\n<tr style=\"height: 17.60pt;\">\n<td class=\"et3\" style=\"height: 17.60pt;\" height=\"17\">Material<\/td>\n<td class=\"et3\">Porzellan<\/td>\n<\/tr>\n<tr style=\"height: 36.00pt;\">\n<td class=\"et6\" style=\"height: 36.00pt;\" height=\"36\">Anwendbar<\/td>\n<td class=\"et5\" style=\"width: 189.25pt;\" width=\"189\">Sterilisator, Geschirrsp\u00fcler, Backofen, Mikrowelle<\/td>\n<\/tr>\n<tr style=\"height: 17.60pt;\">\n<td class=\"et3\" style=\"height: 17.60pt;\" height=\"17\">Dimension<\/td>\n<td class=\"et3\">Als Bild<\/td>\n<\/tr>\n<tr style=\"height: 17.60pt;\">\n<td class=\"et3\" style=\"height: 17.60pt;\" height=\"17\">MOQ<\/td>\n<td class=\"et3\">500St\u00fcck<\/td>\n<\/tr>\n<tr style=\"height: 17.60pt;\">\n<td class=\"et3\" style=\"height: 17.60pt;\" height=\"17\">Benutzerdefiniert<\/td>\n<td class=\"et3\">Farbe\/Gr\u00f6\u00dfe\/Logo\/Verpackung<\/td>\n<\/tr>\n<\/tbody>\n<\/table>","protected":false},"featured_media":3544,"comment_status":"closed","ping_status":"closed","template":"","meta":{"_acf_changed":false},"product_brand":[],"product_cat":[64,83],"product_tag":[84],"class_list":{"0":"post-3543","1":"product","2":"type-product","3":"status-publish","4":"has-post-thumbnail","6":"product_cat-dinnerware-sets","7":"product_cat-dinner-sets-wholesale","8":"product_tag-retro-design-dinnerware-wholesale","10":"first","11":"instock","12":"shipping-taxable","13":"product-type-simple"},"acf":[],"_links":{"self":[{"href":"https:\/\/www.yongjianceramic.com\/de\/wp-json\/wp\/v2\/product\/3543","targetHints":{"allow":["GET"]}}],"collection":[{"href":"https:\/\/www.yongjianceramic.com\/de\/wp-json\/wp\/v2\/product"}],"about":[{"href":"https:\/\/www.yongjianceramic.com\/de\/wp-json\/wp\/v2\/types\/product"}],"replies":[{"embeddable":true,"href":"https:\/\/www.yongjianceramic.com\/de\/wp-json\/wp\/v2\/comments?post=3543"}],"wp:featuredmedia":[{"embeddable":true,"href":"https:\/\/www.yongjianceramic.com\/de\/wp-json\/wp\/v2\/media\/3544"}],"wp:attachment":[{"href":"https:\/\/www.yongjianceramic.com\/de\/wp-json\/wp\/v2\/media?parent=3543"}],"wp:term":[{"taxonomy":"product_brand","embeddable":true,"href":"https:\/\/www.yongjianceramic.com\/de\/wp-json\/wp\/v2\/product_brand?post=3543"},{"taxonomy":"product_cat","embeddable":true,"href":"https:\/\/www.yongjianceramic.com\/de\/wp-json\/wp\/v2\/product_cat?post=3543"},{"taxonomy":"product_tag","embeddable":true,"href":"https:\/\/www.yongjianceramic.com\/de\/wp-json\/wp\/v2\/product_tag?post=3543"}],"curies":[{"name":"wp","href":"https:\/\/api.w.org\/{rel}","templated":true}]}}