{"id":3561,"date":"2024-09-23T02:34:21","date_gmt":"2024-09-23T02:34:21","guid":{"rendered":"https:\/\/www.yongjianceramic.com\/?post_type=product&#038;p=3561"},"modified":"2024-09-23T03:25:15","modified_gmt":"2024-09-23T03:25:15","slug":"oriental-tableware-wholesale","status":"publish","type":"product","link":"https:\/\/www.yongjianceramic.com\/de\/produkt\/oriental-tableware-wholesale\/","title":{"rendered":"Orientalisches Geschirr Gro\u00dfhandel, Reaktive Glasur Bulk Schalen, Teller, Tassen"},"content":{"rendered":"<div class=\"wp-block-columns is-layout-flex wp-container-core-columns-is-layout-9d6595d7 wp-block-columns-is-layout-flex\">\n<div class=\"wp-block-column is-layout-flow wp-block-column-is-layout-flow\">\n<h2 class=\"wp-block-heading\">Premium Oriental Tableware Gro\u00dfhandel Merkmale:<\/h2>\n\n\n\n<ul class=\"wp-block-list\">\n<li><strong>Orientalisch-\u00e4sthetisches Design: <\/strong>Unsere orientalische Geschirrserie f\u00fcr den Gro\u00dfhandel verbindet traditionelle orientalische \u00c4sthetik mit modernem, minimalistischem Stil und schafft so ein Kunstwerk, das sowohl elegant als auch praktisch ist.<\/li>\n\n\n\n<li><strong>Reaktionsglasurtechnik: <\/strong>Bei diesen Schalen, Tellern und Tassen f\u00fcr den Gro\u00dfhandel wird ein einzigartiges Reaktionsglasurverfahren verwendet, das es jedem Geschirr erm\u00f6glicht, w\u00e4hrend des Brennvorgangs einen nat\u00fcrlichen Fluss der Glasurfarben zu zeigen, der eine einzigartige Textur und Farbwirkung erzeugt.<\/li>\n\n\n\n<li><strong>Vielf\u00e4ltige Gr\u00f6\u00dfenoptionen: <\/strong>Unsere orientalische Geschirrserie f\u00fcr den Gro\u00dfhandel bietet eine Vielzahl von Sch\u00fcsseln, Tellern, Tassen und anderen Spezifikationen, die f\u00fcr verschiedene Arten von Speisen und Essanl\u00e4ssen geeignet sind. Vom t\u00e4glichen Gebrauch zu Hause bis hin zu gehobenen Esszimmern, kann es die Bed\u00fcrfnisse der G\u00e4ste erf\u00fcllen.<\/li>\n\n\n\n<li><strong>Langlebige und umweltfreundliche Materialien: <\/strong>Diese Gro\u00dfhandelsschalen, -teller und -tassen werden aus hochwertigen keramischen Rohstoffen hergestellt, die extrem langlebig, hochtemperaturbest\u00e4ndig, kratzfest und leicht zu reinigen sind und eine langfristige Nutzung ohne Verlust ihres Glanzes gew\u00e4hrleisten. Das Material ist sicher und umweltfreundlich und entspricht den Sicherheitsstandards f\u00fcr Lebensmittel.<\/li>\n<\/ul>\n<\/div>\n\n\n\n<div class=\"wp-block-column is-vertically-aligned-center is-layout-flow wp-block-column-is-layout-flow\">\n<figure class=\"wp-block-image size-full\"><img fetchpriority=\"high\" decoding=\"async\" width=\"800\" height=\"800\" src=\"https:\/\/www.yongjianceramic.com\/wp-content\/uploads\/2024\/09\/Oriental-Tableware-Wholesale-Reactive-Glaze-Bulk-Bowls-Plates-Cups-01.jpg\" alt=\"Orientalisches Geschirr Gro\u00dfhandel, reaktive Glasur Bulk Schalen, Teller, Tassen-01\" class=\"wp-image-3565\" srcset=\"https:\/\/www.yongjianceramic.com\/wp-content\/uploads\/2024\/09\/Oriental-Tableware-Wholesale-Reactive-Glaze-Bulk-Bowls-Plates-Cups-01.jpg 800w, https:\/\/www.yongjianceramic.com\/wp-content\/uploads\/2024\/09\/Oriental-Tableware-Wholesale-Reactive-Glaze-Bulk-Bowls-Plates-Cups-01-300x300.jpg 300w, https:\/\/www.yongjianceramic.com\/wp-content\/uploads\/2024\/09\/Oriental-Tableware-Wholesale-Reactive-Glaze-Bulk-Bowls-Plates-Cups-01-150x150.jpg 150w, https:\/\/www.yongjianceramic.com\/wp-content\/uploads\/2024\/09\/Oriental-Tableware-Wholesale-Reactive-Glaze-Bulk-Bowls-Plates-Cups-01-768x768.jpg 768w, https:\/\/www.yongjianceramic.com\/wp-content\/uploads\/2024\/09\/Oriental-Tableware-Wholesale-Reactive-Glaze-Bulk-Bowls-Plates-Cups-01-12x12.jpg 12w, https:\/\/www.yongjianceramic.com\/wp-content\/uploads\/2024\/09\/Oriental-Tableware-Wholesale-Reactive-Glaze-Bulk-Bowls-Plates-Cups-01-285x285.jpg 285w, https:\/\/www.yongjianceramic.com\/wp-content\/uploads\/2024\/09\/Oriental-Tableware-Wholesale-Reactive-Glaze-Bulk-Bowls-Plates-Cups-01-270x270.jpg 270w, https:\/\/www.yongjianceramic.com\/wp-content\/uploads\/2024\/09\/Oriental-Tableware-Wholesale-Reactive-Glaze-Bulk-Bowls-Plates-Cups-01-540x540.jpg 540w, https:\/\/www.yongjianceramic.com\/wp-content\/uploads\/2024\/09\/Oriental-Tableware-Wholesale-Reactive-Glaze-Bulk-Bowls-Plates-Cups-01-660x660.jpg 660w\" sizes=\"(max-width: 800px) 100vw, 800px\" \/><\/figure>\n<\/div>\n<\/div>","protected":false},"excerpt":{"rendered":"<p>Willkommen im Gro\u00dfhandel Schalen, Teller und Tassen zu kaufen. Unser orientalisches Geschirr Gro\u00dfhandel Serie perfekt kombiniert traditionelle orientalische \u00c4sthetik mit modernem Design durch exquisite Reaktion Glasur Technologie. Jedes St\u00fcck Geschirr ist unverwechselbar durch seine einzigartige Glasur Farbe und Textur, die f\u00fcr Familienessen geeignet ist und f\u00fcgt auch einen Hauch von kulturellen Charme zu High-End-Esszimmern.<\/p>\n<table style=\"border-collapse: collapse; width: 309.02pt;\" border=\"0\" width=\"309\" cellspacing=\"0\" cellpadding=\"0\">\n<tbody>\n<tr style=\"height: 17.60pt;\">\n<td class=\"et3\" style=\"height: 17.60pt; width: 120.25pt;\" width=\"120\" height=\"17\">Hersteller<\/td>\n<td class=\"et3\" style=\"width: 189.25pt;\" width=\"189\">Yongjian<\/td>\n<\/tr>\n<tr style=\"height: 18.00pt;\">\n<td class=\"et3\" style=\"height: 18.00pt;\" height=\"18\">Modell Nr.<\/td>\n<td class=\"et4\" style=\"width: 189.25pt;\" width=\"189\">YJ-062<\/td>\n<\/tr>\n<tr style=\"height: 18.00pt;\">\n<td class=\"et5\" style=\"height: 18.00pt; width: 120.25pt;\" width=\"120\" height=\"18\">Essgeschirr Typ<\/td>\n<td class=\"et5\" style=\"width: 189.25pt;\" width=\"189\">Platten, Teller, Schalen, Tassen<\/td>\n<\/tr>\n<tr style=\"height: 17.60pt;\">\n<td class=\"et3\" style=\"height: 17.60pt;\" height=\"17\">Technik<\/td>\n<td class=\"et3\">Ofenglasur-Effekt<\/td>\n<\/tr>\n<tr style=\"height: 17.60pt;\">\n<td class=\"et3\" style=\"height: 17.60pt;\" height=\"17\">Material<\/td>\n<td class=\"et3\">Porzellan<\/td>\n<\/tr>\n<tr style=\"height: 36.00pt;\">\n<td class=\"et6\" style=\"height: 36.00pt;\" height=\"36\">Anwendbar<\/td>\n<td class=\"et5\" style=\"width: 189.25pt;\" width=\"189\">Sterilisator, Geschirrsp\u00fcler, Backofen, Mikrowelle<\/td>\n<\/tr>\n<tr style=\"height: 17.60pt;\">\n<td class=\"et3\" style=\"height: 17.60pt;\" height=\"17\">Dimension<\/td>\n<td class=\"et3\">Als Bild<\/td>\n<\/tr>\n<tr style=\"height: 17.60pt;\">\n<td class=\"et3\" style=\"height: 17.60pt;\" height=\"17\">MOQ<\/td>\n<td class=\"et3\">500St\u00fcck<\/td>\n<\/tr>\n<tr style=\"height: 17.60pt;\">\n<td class=\"et3\" style=\"height: 17.60pt;\" height=\"17\">Benutzerdefiniert<\/td>\n<td class=\"et3\">Farbe\/Gr\u00f6\u00dfe\/Logo\/Verpackung<\/td>\n<\/tr>\n<\/tbody>\n<\/table>","protected":false},"featured_media":3566,"comment_status":"closed","ping_status":"closed","template":"","meta":{"_acf_changed":false},"product_brand":[],"product_cat":[64,85],"product_tag":[86],"class_list":{"0":"post-3561","1":"product","2":"type-product","3":"status-publish","4":"has-post-thumbnail","6":"product_cat-dinnerware-sets","7":"product_cat-wholesale-dinnerware-sets","8":"product_tag-oriental-style-dinnerware-wholesale","10":"first","11":"instock","12":"shipping-taxable","13":"product-type-simple"},"acf":[],"_links":{"self":[{"href":"https:\/\/www.yongjianceramic.com\/de\/wp-json\/wp\/v2\/product\/3561","targetHints":{"allow":["GET"]}}],"collection":[{"href":"https:\/\/www.yongjianceramic.com\/de\/wp-json\/wp\/v2\/product"}],"about":[{"href":"https:\/\/www.yongjianceramic.com\/de\/wp-json\/wp\/v2\/types\/product"}],"replies":[{"embeddable":true,"href":"https:\/\/www.yongjianceramic.com\/de\/wp-json\/wp\/v2\/comments?post=3561"}],"wp:featuredmedia":[{"embeddable":true,"href":"https:\/\/www.yongjianceramic.com\/de\/wp-json\/wp\/v2\/media\/3566"}],"wp:attachment":[{"href":"https:\/\/www.yongjianceramic.com\/de\/wp-json\/wp\/v2\/media?parent=3561"}],"wp:term":[{"taxonomy":"product_brand","embeddable":true,"href":"https:\/\/www.yongjianceramic.com\/de\/wp-json\/wp\/v2\/product_brand?post=3561"},{"taxonomy":"product_cat","embeddable":true,"href":"https:\/\/www.yongjianceramic.com\/de\/wp-json\/wp\/v2\/product_cat?post=3561"},{"taxonomy":"product_tag","embeddable":true,"href":"https:\/\/www.yongjianceramic.com\/de\/wp-json\/wp\/v2\/product_tag?post=3561"}],"curies":[{"name":"wp","href":"https:\/\/api.w.org\/{rel}","templated":true}]}}