{"id":3572,"date":"2024-09-23T03:35:03","date_gmt":"2024-09-23T03:35:03","guid":{"rendered":"https:\/\/www.yongjianceramic.com\/?post_type=product&#038;p=3572"},"modified":"2025-03-01T17:20:33","modified_gmt":"2025-03-01T09:20:33","slug":"oriental-wholesale-crockery","status":"publish","type":"product","link":"https:\/\/www.yongjianceramic.com\/de\/produkt\/oriental-wholesale-crockery\/","title":{"rendered":"Orientalisches Gro\u00dfhandelsgeschirr, graues und gr\u00fcnes Bulk-Geschirr f\u00fcr Restaurant"},"content":{"rendered":"<div class=\"wp-block-columns is-layout-flex wp-container-core-columns-is-layout-9d6595d7 wp-block-columns-is-layout-flex\">\n<div class=\"wp-block-column is-layout-flow wp-block-column-is-layout-flow\">\n<h2 class=\"wp-block-heading\">Hochwertiges orientalisches Gro\u00dfhandelsgeschirr Eigenschaften:<\/h2>\n\n\n\n<ul class=\"wp-block-list\">\n<li><strong>Design im orientalischen Stil: <\/strong>Unser orientalisches Gro\u00dfhandelsgeschirr nimmt die gemeinsame Farbkombination von Grau und Gr\u00fcn an, um einen nat\u00fcrlichen und erfrischenden visuellen Effekt zu erzeugen, der in jeder Art von Esstisch verwendet werden kann, um eine elegante Atmosph\u00e4re f\u00fcr das Restaurant zu schaffen.<\/li>\n\n\n\n<li><strong>Hochwertige individuelle Handwerkskunst:<\/strong> Diese Geschirrserie ist aus Hightech-Keramik gebrannt und die Glasur ist fein und weich, was dem Produkt nicht nur eine bessere Haltbarkeit verleiht, sondern auch jedem Geschirr eine einzigartige Textur und ein luxuri\u00f6ses Aussehen verleiht.<\/li>\n\n\n\n<li><strong>Mehrere Spezifikationen zur Auswahl:<\/strong> Unser orientalisches Gro\u00dfhandelsgeschirr bietet eine Vielzahl von Sch\u00fcsseln, Tellern und L\u00f6ffeln, die f\u00fcr verschiedene Arten von Gerichten geeignet sind, egal ob es sich um westliche, \u00f6stliche oder Fusionsk\u00fcche handelt, es kann leicht angepasst werden.<\/li>\n\n\n\n<li><strong>Hohe Haltbarkeit und leicht zu reinigen: <\/strong>Dieses Massengeschirr ist nicht nur widerstandsf\u00e4hig gegen hohe Temperaturen, Kratzer und Abnutzung, sondern auch leicht zu reinigen. Das hochfeste keramische Material gew\u00e4hrleistet Sicherheit und Zuverl\u00e4ssigkeit f\u00fcr den langfristigen Gebrauch.<\/li>\n<\/ul>\n<\/div>\n\n\n\n<div class=\"wp-block-column is-vertically-aligned-center is-layout-flow wp-block-column-is-layout-flow\">\n<figure class=\"wp-block-image size-full\"><img fetchpriority=\"high\" decoding=\"async\" width=\"800\" height=\"800\" src=\"https:\/\/www.yongjianceramic.com\/wp-content\/uploads\/2024\/09\/Oriental-Wholesale-Crockery-Bulk-Dinnerware-For-Restaurant-04.webp\" alt=\"Orientalisches Gro\u00dfhandelsgeschirr, Bulk-Geschirr f\u00fcr Restaurant-04\" class=\"wp-image-3578\" srcset=\"https:\/\/www.yongjianceramic.com\/wp-content\/uploads\/2024\/09\/Oriental-Wholesale-Crockery-Bulk-Dinnerware-For-Restaurant-04.webp 800w, https:\/\/www.yongjianceramic.com\/wp-content\/uploads\/2024\/09\/Oriental-Wholesale-Crockery-Bulk-Dinnerware-For-Restaurant-04-300x300.webp 300w, https:\/\/www.yongjianceramic.com\/wp-content\/uploads\/2024\/09\/Oriental-Wholesale-Crockery-Bulk-Dinnerware-For-Restaurant-04-150x150.webp 150w, https:\/\/www.yongjianceramic.com\/wp-content\/uploads\/2024\/09\/Oriental-Wholesale-Crockery-Bulk-Dinnerware-For-Restaurant-04-768x768.webp 768w, https:\/\/www.yongjianceramic.com\/wp-content\/uploads\/2024\/09\/Oriental-Wholesale-Crockery-Bulk-Dinnerware-For-Restaurant-04-12x12.webp 12w, https:\/\/www.yongjianceramic.com\/wp-content\/uploads\/2024\/09\/Oriental-Wholesale-Crockery-Bulk-Dinnerware-For-Restaurant-04-285x285.webp 285w, https:\/\/www.yongjianceramic.com\/wp-content\/uploads\/2024\/09\/Oriental-Wholesale-Crockery-Bulk-Dinnerware-For-Restaurant-04-270x270.webp 270w, https:\/\/www.yongjianceramic.com\/wp-content\/uploads\/2024\/09\/Oriental-Wholesale-Crockery-Bulk-Dinnerware-For-Restaurant-04-540x540.webp 540w, https:\/\/www.yongjianceramic.com\/wp-content\/uploads\/2024\/09\/Oriental-Wholesale-Crockery-Bulk-Dinnerware-For-Restaurant-04-660x660.webp 660w\" sizes=\"(max-width: 800px) 100vw, 800px\" \/><\/figure>\n<\/div>\n<\/div>","protected":false},"excerpt":{"rendered":"<p>Willkommen zum Kauf von Massengeschirr. Unser orientalisches Gro\u00dfhandelsgeschirr Serie nimmt einfache orientalischen Stil Design. Graue und gr\u00fcne Farbe passend ist nat\u00fcrliche Sch\u00f6nheit und Eleganz, die besonders geeignet f\u00fcr High-End-Restaurants wie Restaurants ist. Die Produkte sind mit High-Tech, glatte und zarte Glasur, langlebig und leicht zu reinigen, die bequem und langlebig im langfristigen Einsatz ist hergestellt.<\/p>\n<table style=\"border-collapse: collapse; width: 309.02pt;\" border=\"0\" width=\"309\" cellspacing=\"0\" cellpadding=\"0\">\n<tbody>\n<tr style=\"height: 17.60pt;\">\n<td class=\"et3\" style=\"height: 17.60pt; width: 120.25pt;\" width=\"120\" height=\"17\">Hersteller<\/td>\n<td class=\"et3\" style=\"width: 189.25pt;\" width=\"189\">Yongjian<\/td>\n<\/tr>\n<tr style=\"height: 18.00pt;\">\n<td class=\"et3\" style=\"height: 18.00pt;\" height=\"18\">Modell Nr.<\/td>\n<td class=\"et4\" style=\"width: 189.25pt;\" width=\"189\">YJ-063<\/td>\n<\/tr>\n<tr style=\"height: 18.00pt;\">\n<td class=\"et5\" style=\"height: 18.00pt; width: 120.25pt;\" width=\"120\" height=\"18\">Essgeschirr Typ<\/td>\n<td class=\"et5\" style=\"width: 189.25pt;\" width=\"189\">Platten, Teller, Schalen, L\u00f6ffel<\/td>\n<\/tr>\n<tr style=\"height: 17.60pt;\">\n<td class=\"et3\" style=\"height: 17.60pt;\" height=\"17\">Technik<\/td>\n<td class=\"et3\">Ofenglasur-Effekt<\/td>\n<\/tr>\n<tr style=\"height: 17.60pt;\">\n<td class=\"et3\" style=\"height: 17.60pt;\" height=\"17\">Material<\/td>\n<td class=\"et3\">Porzellan<\/td>\n<\/tr>\n<tr style=\"height: 36.00pt;\">\n<td class=\"et6\" style=\"height: 36.00pt;\" height=\"36\">Anwendbar<\/td>\n<td class=\"et5\" style=\"width: 189.25pt;\" width=\"189\">Sterilisator, Geschirrsp\u00fcler, Backofen, Mikrowelle<\/td>\n<\/tr>\n<tr style=\"height: 17.60pt;\">\n<td class=\"et3\" style=\"height: 17.60pt;\" height=\"17\">Dimension<\/td>\n<td class=\"et3\">Als Bild<\/td>\n<\/tr>\n<tr style=\"height: 17.60pt;\">\n<td class=\"et3\" style=\"height: 17.60pt;\" height=\"17\">MOQ<\/td>\n<td class=\"et3\">500St\u00fcck<\/td>\n<\/tr>\n<tr style=\"height: 17.60pt;\">\n<td class=\"et3\" style=\"height: 17.60pt;\" height=\"17\">Benutzerdefiniert<\/td>\n<td class=\"et3\">Farbe\/Gr\u00f6\u00dfe\/Logo\/Verpackung<\/td>\n<\/tr>\n<\/tbody>\n<\/table>","protected":false},"featured_media":3575,"comment_status":"closed","ping_status":"closed","template":"","meta":{"_acf_changed":false},"product_brand":[],"product_cat":[64,85],"product_tag":[86],"class_list":{"0":"post-3572","1":"product","2":"type-product","3":"status-publish","4":"has-post-thumbnail","6":"product_cat-dinnerware-sets","7":"product_cat-wholesale-dinnerware-sets","8":"product_tag-oriental-style-dinnerware-wholesale","10":"first","11":"instock","12":"shipping-taxable","13":"product-type-simple"},"acf":[],"_links":{"self":[{"href":"https:\/\/www.yongjianceramic.com\/de\/wp-json\/wp\/v2\/product\/3572","targetHints":{"allow":["GET"]}}],"collection":[{"href":"https:\/\/www.yongjianceramic.com\/de\/wp-json\/wp\/v2\/product"}],"about":[{"href":"https:\/\/www.yongjianceramic.com\/de\/wp-json\/wp\/v2\/types\/product"}],"replies":[{"embeddable":true,"href":"https:\/\/www.yongjianceramic.com\/de\/wp-json\/wp\/v2\/comments?post=3572"}],"wp:featuredmedia":[{"embeddable":true,"href":"https:\/\/www.yongjianceramic.com\/de\/wp-json\/wp\/v2\/media\/3575"}],"wp:attachment":[{"href":"https:\/\/www.yongjianceramic.com\/de\/wp-json\/wp\/v2\/media?parent=3572"}],"wp:term":[{"taxonomy":"product_brand","embeddable":true,"href":"https:\/\/www.yongjianceramic.com\/de\/wp-json\/wp\/v2\/product_brand?post=3572"},{"taxonomy":"product_cat","embeddable":true,"href":"https:\/\/www.yongjianceramic.com\/de\/wp-json\/wp\/v2\/product_cat?post=3572"},{"taxonomy":"product_tag","embeddable":true,"href":"https:\/\/www.yongjianceramic.com\/de\/wp-json\/wp\/v2\/product_tag?post=3572"}],"curies":[{"name":"wp","href":"https:\/\/api.w.org\/{rel}","templated":true}]}}