{"id":3635,"date":"2024-10-28T08:56:34","date_gmt":"2024-10-28T08:56:34","guid":{"rendered":"https:\/\/www.yongjianceramic.com\/?post_type=product&#038;p=3635"},"modified":"2024-10-28T09:20:14","modified_gmt":"2024-10-28T09:20:14","slug":"bulk-ceramic-plates","status":"publish","type":"product","link":"https:\/\/www.yongjianceramic.com\/de\/produkt\/bulk-ceramic-plates\/","title":{"rendered":"Blaue Bulk-Keramik-Teller, Gro\u00dfhandel keramische Speiseteller"},"content":{"rendered":"<div class=\"wp-block-columns is-layout-flex wp-container-core-columns-is-layout-9d6595d7 wp-block-columns-is-layout-flex\">\n<div class=\"wp-block-column is-layout-flow wp-block-column-is-layout-flow\">\n<h2 class=\"wp-block-heading\">Premium Bulk-Keramik-Platten Merkmale:<\/h2>\n\n\n\n<ul class=\"wp-block-list\">\n<li><strong>Elegantes Marineblau:<\/strong> Diese keramischen Essteller aus dem Gro\u00dfhandel sind in tiefem Marineblau gehalten und eignen sich f\u00fcr eine Vielzahl von Szenarien, z. B. in Restaurants, Hotels oder zu Hause. Sie verleihen dem Tisch Eleganz und verbessern das Esserlebnis.<\/li>\n\n\n\n<li><strong>Mehrere Gr\u00f6\u00dfenoptionen: <\/strong>Unsere gro\u00dfen Keramikteller sind in 4 Gr\u00f6\u00dfen erh\u00e4ltlich (6 Zoll, 8 Zoll, 10 Zoll, 12 Zoll), von kleinen Tellern bis hin zu gro\u00dfen Hauptgerichten, um den Anforderungen der verschiedenen Gerichte gerecht zu werden und sich f\u00fcr die unterschiedlichen Speisekarten der Restaurants zu eignen.<\/li>\n\n\n\n<li><strong>Hohe Lebensdauer: <\/strong>Unsere Gro\u00dfhandels-Keramikteller werden aus hochwertigem Keramikmaterial hergestellt, das bei hoher Temperatur gebrannt wird und eine hohe Schlag- und Kratzfestigkeit aufweist. Dadurch wird sichergestellt, dass die Teller in einer gesch\u00e4ftigen Umgebung lange Zeit in perfektem Zustand bleiben.<\/li>\n\n\n\n<li><strong>Leicht zu reinigen:<\/strong> Unsere gro\u00dfen Keramikplatten haben eine glatte und zarte Glasur, sind schmutz- und \u00f6labweisend, leicht zu reinigen und unterst\u00fctzen die Reinigung in der Sp\u00fclmaschine. Sie eignen sich f\u00fcr den t\u00e4glichen Gebrauch in der Gastronomie und verringern den Reinigungs- und Wartungsaufwand.<\/li>\n<\/ul>\n<\/div>\n\n\n\n<div class=\"wp-block-column is-vertically-aligned-center is-layout-flow wp-block-column-is-layout-flow\"><div class=\"wp-block-image\">\n<figure class=\"aligncenter size-full is-resized\"><img fetchpriority=\"high\" decoding=\"async\" width=\"800\" height=\"800\" src=\"https:\/\/www.yongjianceramic.com\/wp-content\/uploads\/2024\/10\/Blue-Bulk-Ceramic-Plates-Wholesale-Ceramic-Dinner-Plates-03.webp\" alt=\"Blaue Bulk-Keramik-Platten, Gro\u00dfhandel keramischen Abendessen Teller-03\" class=\"wp-image-3638\" style=\"width:404px;height:auto\" srcset=\"https:\/\/www.yongjianceramic.com\/wp-content\/uploads\/2024\/10\/Blue-Bulk-Ceramic-Plates-Wholesale-Ceramic-Dinner-Plates-03.webp 800w, https:\/\/www.yongjianceramic.com\/wp-content\/uploads\/2024\/10\/Blue-Bulk-Ceramic-Plates-Wholesale-Ceramic-Dinner-Plates-03-300x300.webp 300w, https:\/\/www.yongjianceramic.com\/wp-content\/uploads\/2024\/10\/Blue-Bulk-Ceramic-Plates-Wholesale-Ceramic-Dinner-Plates-03-150x150.webp 150w, https:\/\/www.yongjianceramic.com\/wp-content\/uploads\/2024\/10\/Blue-Bulk-Ceramic-Plates-Wholesale-Ceramic-Dinner-Plates-03-768x768.webp 768w, https:\/\/www.yongjianceramic.com\/wp-content\/uploads\/2024\/10\/Blue-Bulk-Ceramic-Plates-Wholesale-Ceramic-Dinner-Plates-03-12x12.webp 12w, https:\/\/www.yongjianceramic.com\/wp-content\/uploads\/2024\/10\/Blue-Bulk-Ceramic-Plates-Wholesale-Ceramic-Dinner-Plates-03-285x285.webp 285w, https:\/\/www.yongjianceramic.com\/wp-content\/uploads\/2024\/10\/Blue-Bulk-Ceramic-Plates-Wholesale-Ceramic-Dinner-Plates-03-270x270.webp 270w, https:\/\/www.yongjianceramic.com\/wp-content\/uploads\/2024\/10\/Blue-Bulk-Ceramic-Plates-Wholesale-Ceramic-Dinner-Plates-03-540x540.webp 540w, https:\/\/www.yongjianceramic.com\/wp-content\/uploads\/2024\/10\/Blue-Bulk-Ceramic-Plates-Wholesale-Ceramic-Dinner-Plates-03-660x660.webp 660w\" sizes=\"(max-width: 800px) 100vw, 800px\" \/><\/figure>\n<\/div><\/div>\n<\/div>","protected":false},"excerpt":{"rendered":"<p>Willkommen im Gro\u00dfhandel Keramik Essteller zu kaufen. Unsere marineblauen Keramikteller eignen sich mit ihren eleganten T\u00f6nen und 4 Gr\u00f6\u00dfenoptionen f\u00fcr Restaurants, Hotels und den Hausgebrauch. Hochwertiges keramisches Material und pflegeleichtes Design sorgen daf\u00fcr, dass es auch bei h\u00e4ufigem Gebrauch so hell und sauber wie neu bleibt, was es zu einer idealen Wahl f\u00fcr Esstisch-Einstellungen macht.<\/p>\n<table style=\"border-collapse: collapse; width: 309.02pt;\" border=\"0\" width=\"309\" cellspacing=\"0\" cellpadding=\"0\">\n<tbody>\n<tr style=\"height: 17.60pt;\">\n<td class=\"et3\" style=\"height: 17.60pt; width: 120.25pt;\" width=\"120\" height=\"17\">Hersteller<\/td>\n<td class=\"et3\" style=\"width: 189.25pt;\" width=\"189\">Yongjian<\/td>\n<\/tr>\n<tr style=\"height: 18.00pt;\">\n<td class=\"et3\" style=\"height: 18.00pt;\" height=\"18\">Modell Nr.<\/td>\n<td class=\"et4\" style=\"width: 189.25pt;\" width=\"189\">YJ-064<\/td>\n<\/tr>\n<tr style=\"height: 17.60pt;\">\n<td class=\"et3\" style=\"height: 17.60pt;\" height=\"17\">Produkttyp<\/td>\n<td class=\"et3\">Servierplatte, Speiseteller<\/td>\n<\/tr>\n<tr style=\"height: 17.60pt;\">\n<td class=\"et3\" style=\"height: 17.60pt;\" height=\"17\">Material<\/td>\n<td class=\"et3\">Porzellan<\/td>\n<\/tr>\n<tr style=\"height: 17.60pt;\">\n<td class=\"et5\" style=\"height: 17.60pt;\" height=\"17\">Farbe<\/td>\n<td class=\"et3\">Blau<\/td>\n<\/tr>\n<tr style=\"height: 71.00pt;\">\n<td class=\"et3\" style=\"height: 71.00pt;\" height=\"71\">Dimension<\/td>\n<td class=\"et6\" style=\"width: 189.25pt;\" width=\"189\">6'Zoll: 15,2*15,2*2,5<br \/>8'Zoll: 20,3*20,3*2,7<br \/>10'Zoll: 25,2*25,2*2,7<br \/>12'Zoll: 30.5*30.5*3.0<\/td>\n<\/tr>\n<tr style=\"height: 17.60pt;\">\n<td class=\"et3\" style=\"height: 17.60pt;\" height=\"17\">MOQ<\/td>\n<td class=\"et3\">500St\u00fcck<\/td>\n<\/tr>\n<tr style=\"height: 17.60pt;\">\n<td class=\"et3\" style=\"height: 17.60pt;\" height=\"17\">Benutzerdefiniert<\/td>\n<td class=\"et3\">Farbe\/Gr\u00f6\u00dfe\/Logo\/Verpackung<\/td>\n<\/tr>\n<\/tbody>\n<\/table>","protected":false},"featured_media":3639,"comment_status":"closed","ping_status":"closed","template":"","meta":{"_acf_changed":false},"product_brand":[],"product_cat":[93,62],"product_tag":[84],"class_list":{"0":"post-3635","1":"product","2":"type-product","3":"status-publish","4":"has-post-thumbnail","6":"product_cat-bulk-dinner-plates","7":"product_cat-ceramic-plates-wholesale","8":"product_tag-retro-design-dinnerware-wholesale","10":"first","11":"instock","12":"shipping-taxable","13":"product-type-simple"},"acf":[],"_links":{"self":[{"href":"https:\/\/www.yongjianceramic.com\/de\/wp-json\/wp\/v2\/product\/3635","targetHints":{"allow":["GET"]}}],"collection":[{"href":"https:\/\/www.yongjianceramic.com\/de\/wp-json\/wp\/v2\/product"}],"about":[{"href":"https:\/\/www.yongjianceramic.com\/de\/wp-json\/wp\/v2\/types\/product"}],"replies":[{"embeddable":true,"href":"https:\/\/www.yongjianceramic.com\/de\/wp-json\/wp\/v2\/comments?post=3635"}],"wp:featuredmedia":[{"embeddable":true,"href":"https:\/\/www.yongjianceramic.com\/de\/wp-json\/wp\/v2\/media\/3639"}],"wp:attachment":[{"href":"https:\/\/www.yongjianceramic.com\/de\/wp-json\/wp\/v2\/media?parent=3635"}],"wp:term":[{"taxonomy":"product_brand","embeddable":true,"href":"https:\/\/www.yongjianceramic.com\/de\/wp-json\/wp\/v2\/product_brand?post=3635"},{"taxonomy":"product_cat","embeddable":true,"href":"https:\/\/www.yongjianceramic.com\/de\/wp-json\/wp\/v2\/product_cat?post=3635"},{"taxonomy":"product_tag","embeddable":true,"href":"https:\/\/www.yongjianceramic.com\/de\/wp-json\/wp\/v2\/product_tag?post=3635"}],"curies":[{"name":"wp","href":"https:\/\/api.w.org\/{rel}","templated":true}]}}