{"id":3645,"date":"2024-10-28T09:20:33","date_gmt":"2024-10-28T09:20:33","guid":{"rendered":"https:\/\/www.yongjianceramic.com\/?post_type=product&#038;p=3645"},"modified":"2024-10-28T10:17:50","modified_gmt":"2024-10-28T10:17:50","slug":"ceramic-plates-wholesale","status":"publish","type":"product","link":"https:\/\/www.yongjianceramic.com\/de\/produkt\/ceramic-plates-wholesale\/","title":{"rendered":"Matte keramische Teller Gro\u00dfhandel, Restaurant Abendessen Teller Bulk"},"content":{"rendered":"<div class=\"wp-block-columns is-layout-flex wp-container-core-columns-is-layout-9d6595d7 wp-block-columns-is-layout-flex\">\n<div class=\"wp-block-column is-layout-flow wp-block-column-is-layout-flow\">\n<h2 class=\"wp-block-heading\">Premium-Keramik-Platten Gro\u00dfhandel Merkmale:<\/h2>\n\n\n\n<ul class=\"wp-block-list\">\n<li><strong>Klassische Farboptionen in Schwarz und Wei\u00df: <\/strong>Unsere Keramikteller im Gro\u00dfhandel sind in zwei klassischen Schwarz- und Wei\u00dft\u00f6nen gehalten und eignen sich f\u00fcr eine Vielzahl von Essensumgebungen, von moderner Schlichtheit bis hin zu gehobenen Restaurant-Layouts. Sie bringen hochwertige visuelle Effekte mit sich und passen perfekt zu allen Arten von Esstischstilen.<\/li>\n\n\n\n<li><strong>Modisches quadratisches Design: <\/strong>Das quadratische Design unserer Speiseteller sprengt die Grenzen der traditionellen runden Speiseteller und verleiht ihnen eine einzigartige geometrische Sch\u00f6nheit, die sich f\u00fcr kreatives Anrichten in der Gastronomie eignet und das Esserlebnis verbessert.<\/li>\n\n\n\n<li><strong>Praktische Gr\u00f6\u00dfenoptionen: <\/strong>Diese Keramikteller im Gro\u00dfhandel haben zwei Gr\u00f6\u00dfenoptionen von 8 Zoll und 10 Zoll, die den Anforderungen verschiedener Gerichte von der Vorspeise bis zum Hauptgericht gerecht werden und sich flexibel an die Portions- und Plattierungsanforderungen verschiedener Gerichte anpassen.<\/li>\n\n\n\n<li><strong>Langlebig und leicht zu reinigen: <\/strong>Unsere Essteller sind aus hochwertiger, bei hoher Temperatur gebrannter Keramik gefertigt, die kratzfest und langlebig ist und sich besonders f\u00fcr die gesch\u00e4ftige Umgebung in der Gastronomie eignet. Gleichzeitig ist die glatte Glasur leicht zu reinigen, unterst\u00fctzt die Reinigung in der Sp\u00fclmaschine, und die t\u00e4gliche Pflege ist sorgenfrei und arbeitssparend.<\/li>\n<\/ul>\n<\/div>\n\n\n\n<div class=\"wp-block-column is-vertically-aligned-center is-layout-flow wp-block-column-is-layout-flow\"><div class=\"wp-block-image\">\n<figure class=\"aligncenter size-full\"><img fetchpriority=\"high\" decoding=\"async\" width=\"800\" height=\"800\" src=\"https:\/\/www.yongjianceramic.com\/wp-content\/uploads\/2024\/10\/Matt-Ceramic-Plates-Wholesale-Restaurant-Dinner-Plates-Bulk-3.webp\" alt=\"Matte keramische Teller Gro\u00dfhandel, Restaurant Abendessen Teller Bulk-3\" class=\"wp-image-3648\" srcset=\"https:\/\/www.yongjianceramic.com\/wp-content\/uploads\/2024\/10\/Matt-Ceramic-Plates-Wholesale-Restaurant-Dinner-Plates-Bulk-3.webp 800w, https:\/\/www.yongjianceramic.com\/wp-content\/uploads\/2024\/10\/Matt-Ceramic-Plates-Wholesale-Restaurant-Dinner-Plates-Bulk-3-300x300.webp 300w, https:\/\/www.yongjianceramic.com\/wp-content\/uploads\/2024\/10\/Matt-Ceramic-Plates-Wholesale-Restaurant-Dinner-Plates-Bulk-3-150x150.webp 150w, https:\/\/www.yongjianceramic.com\/wp-content\/uploads\/2024\/10\/Matt-Ceramic-Plates-Wholesale-Restaurant-Dinner-Plates-Bulk-3-768x768.webp 768w, https:\/\/www.yongjianceramic.com\/wp-content\/uploads\/2024\/10\/Matt-Ceramic-Plates-Wholesale-Restaurant-Dinner-Plates-Bulk-3-12x12.webp 12w, https:\/\/www.yongjianceramic.com\/wp-content\/uploads\/2024\/10\/Matt-Ceramic-Plates-Wholesale-Restaurant-Dinner-Plates-Bulk-3-285x285.webp 285w, https:\/\/www.yongjianceramic.com\/wp-content\/uploads\/2024\/10\/Matt-Ceramic-Plates-Wholesale-Restaurant-Dinner-Plates-Bulk-3-270x270.webp 270w, https:\/\/www.yongjianceramic.com\/wp-content\/uploads\/2024\/10\/Matt-Ceramic-Plates-Wholesale-Restaurant-Dinner-Plates-Bulk-3-540x540.webp 540w, https:\/\/www.yongjianceramic.com\/wp-content\/uploads\/2024\/10\/Matt-Ceramic-Plates-Wholesale-Restaurant-Dinner-Plates-Bulk-3-660x660.webp 660w\" sizes=\"(max-width: 800px) 100vw, 800px\" \/><\/figure>\n<\/div><\/div>\n<\/div>\n\n\n\n<p><\/p>","protected":false},"excerpt":{"rendered":"<p>Willkommen zu kaufen Essteller bulk. Unsere quadratischen Keramikteller Gro\u00dfhandel sind in 8 Zoll und 10 Zoll erh\u00e4ltlich, mit klassischen schwarzen und wei\u00dfen optional, geeignet f\u00fcr eine Vielzahl von Catering-Szenen. Das quadratische Design ist sowohl sch\u00f6n und praktisch, und das hochwertige Keramikmaterial sorgt f\u00fcr Langlebigkeit und einfache Reinigung, so dass es eine ideale Wahl f\u00fcr Catering-Services.<\/p>\n<table style=\"border-collapse: collapse; width: 309.02pt;\" border=\"0\" width=\"309\" cellspacing=\"0\" cellpadding=\"0\">\n<tbody>\n<tr style=\"height: 17.60pt;\">\n<td class=\"et3\" style=\"height: 17.60pt; width: 120.25pt;\" width=\"120\" height=\"17\">Hersteller<\/td>\n<td class=\"et3\" style=\"width: 189.25pt;\" width=\"189\">Yongjian<\/td>\n<\/tr>\n<tr style=\"height: 36.00pt;\">\n<td class=\"et3\" style=\"height: 36.00pt;\" height=\"36\">Modell Nr.<\/td>\n<td class=\"et4\" style=\"width: 189.25pt;\" width=\"189\">YJ-065<br \/>YJ-066<\/td>\n<\/tr>\n<tr style=\"height: 17.60pt;\">\n<td class=\"et3\" style=\"height: 17.60pt;\" height=\"17\">Produkttyp<\/td>\n<td class=\"et3\">Servierplatte, Speiseteller<\/td>\n<\/tr>\n<tr style=\"height: 17.60pt;\">\n<td class=\"et3\" style=\"height: 17.60pt;\" height=\"17\">Material<\/td>\n<td class=\"et3\">Porzellan<\/td>\n<\/tr>\n<tr style=\"height: 17.60pt;\">\n<td class=\"et5\" style=\"height: 17.60pt;\" height=\"17\">Farbe<\/td>\n<td class=\"et3\">Wei\u00df\/Schwarz<\/td>\n<\/tr>\n<tr style=\"height: 36.00pt;\">\n<td class=\"et3\" style=\"height: 36.00pt;\" height=\"36\">Dimension<\/td>\n<td class=\"et6\" style=\"width: 189.25pt;\" width=\"189\">8'Zoll: 20*20*3,5<br \/>10'Zoll: 23,8*23,8*4,0<\/td>\n<\/tr>\n<tr style=\"height: 17.60pt;\">\n<td class=\"et3\" style=\"height: 17.60pt;\" height=\"17\">MOQ<\/td>\n<td class=\"et3\">500St\u00fcck<\/td>\n<\/tr>\n<tr style=\"height: 17.60pt;\">\n<td class=\"et3\" style=\"height: 17.60pt;\" height=\"17\">Benutzerdefiniert<\/td>\n<td class=\"et3\">Farbe\/Gr\u00f6\u00dfe\/Logo\/Verpackung<\/td>\n<\/tr>\n<\/tbody>\n<\/table>","protected":false},"featured_media":3647,"comment_status":"closed","ping_status":"closed","template":"","meta":{"_acf_changed":false},"product_brand":[],"product_cat":[93,62],"product_tag":[96],"class_list":{"0":"post-3645","1":"product","2":"type-product","3":"status-publish","4":"has-post-thumbnail","6":"product_cat-bulk-dinner-plates","7":"product_cat-ceramic-plates-wholesale","8":"product_tag-black-white-dinnerware-wholesale","10":"first","11":"instock","12":"shipping-taxable","13":"product-type-simple"},"acf":[],"_links":{"self":[{"href":"https:\/\/www.yongjianceramic.com\/de\/wp-json\/wp\/v2\/product\/3645","targetHints":{"allow":["GET"]}}],"collection":[{"href":"https:\/\/www.yongjianceramic.com\/de\/wp-json\/wp\/v2\/product"}],"about":[{"href":"https:\/\/www.yongjianceramic.com\/de\/wp-json\/wp\/v2\/types\/product"}],"replies":[{"embeddable":true,"href":"https:\/\/www.yongjianceramic.com\/de\/wp-json\/wp\/v2\/comments?post=3645"}],"wp:featuredmedia":[{"embeddable":true,"href":"https:\/\/www.yongjianceramic.com\/de\/wp-json\/wp\/v2\/media\/3647"}],"wp:attachment":[{"href":"https:\/\/www.yongjianceramic.com\/de\/wp-json\/wp\/v2\/media?parent=3645"}],"wp:term":[{"taxonomy":"product_brand","embeddable":true,"href":"https:\/\/www.yongjianceramic.com\/de\/wp-json\/wp\/v2\/product_brand?post=3645"},{"taxonomy":"product_cat","embeddable":true,"href":"https:\/\/www.yongjianceramic.com\/de\/wp-json\/wp\/v2\/product_cat?post=3645"},{"taxonomy":"product_tag","embeddable":true,"href":"https:\/\/www.yongjianceramic.com\/de\/wp-json\/wp\/v2\/product_tag?post=3645"}],"curies":[{"name":"wp","href":"https:\/\/api.w.org\/{rel}","templated":true}]}}