{"id":3664,"date":"2024-10-28T09:45:37","date_gmt":"2024-10-28T09:45:37","guid":{"rendered":"https:\/\/www.yongjianceramic.com\/?post_type=product&#038;p=3664"},"modified":"2024-10-28T10:16:54","modified_gmt":"2024-10-28T10:16:54","slug":"bulk-catering-plates","status":"publish","type":"product","link":"https:\/\/www.yongjianceramic.com\/de\/produkt\/bulk-catering-plates\/","title":{"rendered":"Helle Glasur Bulk Catering-Platten, wei\u00dfes Abendessen Teller Gro\u00dfhandel"},"content":{"rendered":"<div class=\"wp-block-columns is-layout-flex wp-container-core-columns-is-layout-9d6595d7 wp-block-columns-is-layout-flex\">\n<div class=\"wp-block-column is-layout-flow wp-block-column-is-layout-flow\">\n<h2 class=\"wp-block-heading\">Premium Bulk Catering-Platten Merkmale:<\/h2>\n\n\n\n<ul class=\"wp-block-list\">\n<li><strong>Hochgl\u00e4nzende Glasur: <\/strong>Die Oberfl\u00e4che unserer Gro\u00dfk\u00fcchenteller ist mit einer hochgl\u00e4nzenden Glasur behandelt, die sich glatt und zart anf\u00fchlt und einen schillernden Glanz ausstrahlt, der das Geschirr vor dem rein wei\u00dfen Hintergrund noch exquisiter erscheinen l\u00e4sst, das Esserlebnis verbessert und dem Tisch einen luxuri\u00f6sen visuellen Effekt verleiht.<\/li>\n\n\n\n<li><strong>Schlichtes wei\u00dfes Design: <\/strong>Das klassische, reinwei\u00dfe Erscheinungsbild dieses Esstellers passt zu verschiedenen Tischdekorationen, eignet sich f\u00fcr Restaurants, Hotels, Bankette und andere Anl\u00e4sse und schafft eine elegante und professionelle Essatmosph\u00e4re, die den einzigartigen Stil und das elegante Temperament der Marke zeigt.<\/li>\n\n\n\n<li><strong>Vielf\u00e4ltige Gr\u00f6\u00dfenoptionen: <\/strong>Unsere gro\u00dfvolumigen Catering-Teller sind in zwei Gr\u00f6\u00dfen von 8 Zoll und 10 Zoll erh\u00e4ltlich, die sich flexibel an die Bed\u00fcrfnisse von Vorspeisen, Hauptgerichten und Desserts anpassen lassen, wodurch die Catering-Dienstleistungen vielf\u00e4ltiger werden und den einzigartigen Anforderungen verschiedener Gerichte besser gerecht werden.<\/li>\n\n\n\n<li><strong>Leicht zu reinigen und langlebig:<\/strong> Die gl\u00e4nzende Glasuroberfl\u00e4che dieses Esstellers im Gro\u00dfhandel ist nicht nur kratzfest, sondern auch haltbarer, bequem f\u00fcr die t\u00e4gliche Reinigung und unterst\u00fctzt die Reinigung in der Sp\u00fclmaschine, was den Zeit- und Kostenaufwand f\u00fcr Reinigung und Instandhaltung effektiv reduziert, besonders geeignet f\u00fcr den h\u00e4ufigen Gebrauch in stark frequentierten Gastronomiebetrieben.<\/li>\n<\/ul>\n<\/div>\n\n\n\n<div class=\"wp-block-column is-vertically-aligned-center is-layout-flow wp-block-column-is-layout-flow\"><div class=\"wp-block-image\">\n<figure class=\"aligncenter size-full\"><img fetchpriority=\"high\" decoding=\"async\" width=\"750\" height=\"750\" src=\"https:\/\/www.yongjianceramic.com\/wp-content\/uploads\/2024\/10\/Bright-Glaze-Bulk-Catering-plates-White-Dinner-Plate-Wholesale-4.webp\" alt=\"Bright Glaze Bulk Catering Teller, wei\u00dfes Abendessen Teller Gro\u00dfhandel-4\" class=\"wp-image-3668\" srcset=\"https:\/\/www.yongjianceramic.com\/wp-content\/uploads\/2024\/10\/Bright-Glaze-Bulk-Catering-plates-White-Dinner-Plate-Wholesale-4.webp 750w, https:\/\/www.yongjianceramic.com\/wp-content\/uploads\/2024\/10\/Bright-Glaze-Bulk-Catering-plates-White-Dinner-Plate-Wholesale-4-300x300.webp 300w, https:\/\/www.yongjianceramic.com\/wp-content\/uploads\/2024\/10\/Bright-Glaze-Bulk-Catering-plates-White-Dinner-Plate-Wholesale-4-150x150.webp 150w, https:\/\/www.yongjianceramic.com\/wp-content\/uploads\/2024\/10\/Bright-Glaze-Bulk-Catering-plates-White-Dinner-Plate-Wholesale-4-12x12.webp 12w, https:\/\/www.yongjianceramic.com\/wp-content\/uploads\/2024\/10\/Bright-Glaze-Bulk-Catering-plates-White-Dinner-Plate-Wholesale-4-285x285.webp 285w, https:\/\/www.yongjianceramic.com\/wp-content\/uploads\/2024\/10\/Bright-Glaze-Bulk-Catering-plates-White-Dinner-Plate-Wholesale-4-270x270.webp 270w, https:\/\/www.yongjianceramic.com\/wp-content\/uploads\/2024\/10\/Bright-Glaze-Bulk-Catering-plates-White-Dinner-Plate-Wholesale-4-540x540.webp 540w, https:\/\/www.yongjianceramic.com\/wp-content\/uploads\/2024\/10\/Bright-Glaze-Bulk-Catering-plates-White-Dinner-Plate-Wholesale-4-660x660.webp 660w\" sizes=\"(max-width: 750px) 100vw, 750px\" \/><\/figure>\n<\/div><\/div>\n<\/div>\n\n\n\n<p><\/p>","protected":false},"excerpt":{"rendered":"<p>Willkommen zum Kauf von Esstellern im Gro\u00dfhandel. Unsere gl\u00e4nzend wei\u00dfen Gro\u00dfhandel Catering-Teller sind in zwei Gr\u00f6\u00dfen erh\u00e4ltlich: 8-Zoll und 10-Zoll. Das klassische reine Wei\u00df mit Hochglanz-Glasur-Design kann die Gerichte mehr exquisit und attraktiv zu machen. Seine schlichte Eleganz, Haltbarkeit und einfache Reinigung machen es zu einer idealen Wahl f\u00fcr Catering-Dienstleistungen.<\/p>\n<table style=\"border-collapse: collapse; width: 309.02pt;\" border=\"0\" width=\"309\" cellspacing=\"0\" cellpadding=\"0\">\n<tbody>\n<tr style=\"height: 17.60pt;\">\n<td class=\"et3\" style=\"height: 17.60pt; width: 120.25pt;\" width=\"120\" height=\"17\">Hersteller<\/td>\n<td class=\"et3\" style=\"width: 189.25pt;\" width=\"189\">Yongjian<\/td>\n<\/tr>\n<tr style=\"height: 36.00pt;\">\n<td class=\"et3\" style=\"height: 36.00pt;\" height=\"36\">Modell Nr.<\/td>\n<td class=\"et4\" style=\"width: 189.25pt;\" width=\"189\">YJ-069\/YJ-070<\/td>\n<\/tr>\n<tr style=\"height: 17.60pt;\">\n<td class=\"et3\" style=\"height: 17.60pt;\" height=\"17\">Produkttyp<\/td>\n<td class=\"et3\">Servierplatte, Speiseteller<\/td>\n<\/tr>\n<tr style=\"height: 17.60pt;\">\n<td class=\"et3\" style=\"height: 17.60pt;\" height=\"17\">Material<\/td>\n<td class=\"et3\">Porzellan<\/td>\n<\/tr>\n<tr style=\"height: 17.60pt;\">\n<td class=\"et5\" style=\"height: 17.60pt;\" height=\"17\">Farbe<\/td>\n<td class=\"et3\">Wei\u00df<\/td>\n<\/tr>\n<tr style=\"height: 36.00pt;\">\n<td class=\"et3\" style=\"height: 36.00pt;\" height=\"36\">Dimension<\/td>\n<td class=\"et6\" style=\"width: 189.25pt;\" width=\"189\">8'Zoll: 18*20*2.2<br \/>10'Zoll: 24*25,5*5,5<\/td>\n<\/tr>\n<tr style=\"height: 17.60pt;\">\n<td class=\"et3\" style=\"height: 17.60pt;\" height=\"17\">MOQ<\/td>\n<td class=\"et3\">500St\u00fcck<\/td>\n<\/tr>\n<tr style=\"height: 17.60pt;\">\n<td class=\"et3\" style=\"height: 17.60pt;\" height=\"17\">Benutzerdefiniert<\/td>\n<td class=\"et3\">Farbe\/Gr\u00f6\u00dfe\/Logo\/Verpackung<\/td>\n<\/tr>\n<\/tbody>\n<\/table>","protected":false},"featured_media":3669,"comment_status":"closed","ping_status":"closed","template":"","meta":{"_acf_changed":false},"product_brand":[],"product_cat":[93,62],"product_tag":[96],"class_list":{"0":"post-3664","1":"product","2":"type-product","3":"status-publish","4":"has-post-thumbnail","6":"product_cat-bulk-dinner-plates","7":"product_cat-ceramic-plates-wholesale","8":"product_tag-black-white-dinnerware-wholesale","10":"first","11":"instock","12":"shipping-taxable","13":"product-type-simple"},"acf":[],"_links":{"self":[{"href":"https:\/\/www.yongjianceramic.com\/de\/wp-json\/wp\/v2\/product\/3664","targetHints":{"allow":["GET"]}}],"collection":[{"href":"https:\/\/www.yongjianceramic.com\/de\/wp-json\/wp\/v2\/product"}],"about":[{"href":"https:\/\/www.yongjianceramic.com\/de\/wp-json\/wp\/v2\/types\/product"}],"replies":[{"embeddable":true,"href":"https:\/\/www.yongjianceramic.com\/de\/wp-json\/wp\/v2\/comments?post=3664"}],"wp:featuredmedia":[{"embeddable":true,"href":"https:\/\/www.yongjianceramic.com\/de\/wp-json\/wp\/v2\/media\/3669"}],"wp:attachment":[{"href":"https:\/\/www.yongjianceramic.com\/de\/wp-json\/wp\/v2\/media?parent=3664"}],"wp:term":[{"taxonomy":"product_brand","embeddable":true,"href":"https:\/\/www.yongjianceramic.com\/de\/wp-json\/wp\/v2\/product_brand?post=3664"},{"taxonomy":"product_cat","embeddable":true,"href":"https:\/\/www.yongjianceramic.com\/de\/wp-json\/wp\/v2\/product_cat?post=3664"},{"taxonomy":"product_tag","embeddable":true,"href":"https:\/\/www.yongjianceramic.com\/de\/wp-json\/wp\/v2\/product_tag?post=3664"}],"curies":[{"name":"wp","href":"https:\/\/api.w.org\/{rel}","templated":true}]}}