{"id":3672,"date":"2024-10-28T10:01:16","date_gmt":"2024-10-28T10:01:16","guid":{"rendered":"https:\/\/www.yongjianceramic.com\/?post_type=product&#038;p=3672"},"modified":"2024-10-28T10:20:23","modified_gmt":"2024-10-28T10:20:23","slug":"restaurant-dinner-plates-bulk","status":"publish","type":"product","link":"https:\/\/www.yongjianceramic.com\/de\/produkt\/restaurant-dinner-plates-bulk\/","title":{"rendered":"Chic Restaurant Abendessen Platten Bulk, Gro\u00dfhandel Keramik-Platten"},"content":{"rendered":"<div class=\"wp-block-columns is-layout-flex wp-container-core-columns-is-layout-9d6595d7 wp-block-columns-is-layout-flex\">\n<div class=\"wp-block-column is-layout-flow wp-block-column-is-layout-flow\">\n<h2 class=\"wp-block-heading\">Premium-Restaurant-Teller Bulk Eigenschaften:<\/h2>\n\n\n\n<ul class=\"wp-block-list\">\n<li><strong>Exquisites Spitzendesign: <\/strong>Unsere Restaurantteller in loser Sch\u00fcttung sind mit eleganten wei\u00dfen Spitzenr\u00e4ndern versehen, die eine raffinierte \u00c4sthetik verleihen, den Tisch edler erscheinen lassen, einen einzigartigen Pr\u00e4sentationseffekt f\u00fcr die Gerichte schaffen und sich perfekt f\u00fcr hochwertige Cateringdienste eignen.<\/li>\n\n\n\n<li><strong>Klassisches Wei\u00df: <\/strong>Das reinwei\u00dfe Design dieser Gro\u00dfhandels-Keramikteller ist vielseitig f\u00fcr alle Arten von Tischen geeignet, ob es sich um ein modernes Restaurant oder ein traditionelles Bankett handelt, es kann ein elegantes und einfaches Temperament zeigen und die allgemeine Sch\u00f6nheit der Essumgebung verbessern.<\/li>\n\n\n\n<li><strong>Mehrere Gr\u00f6\u00dfenoptionen: <\/strong>Wir bieten drei Gr\u00f6\u00dfen von 8, 10 und 12 Zoll f\u00fcr Restaurantteller in loser Sch\u00fcttung an, die verschiedene Bed\u00fcrfnisse von Vorspeisen \u00fcber Hauptgerichte bis hin zu Desserts abdecken k\u00f6nnen und Catering-Services mit vielf\u00e4ltigeren Plattierungsoptionen versorgen und sich besser an eine Vielzahl von Speisenauslagen anpassen.<\/li>\n\n\n\n<li><strong>Hochwertiges keramisches Material: <\/strong>Unsere Gro\u00dfhandels-Keramikteller sind aus langlebiger, hochwertiger Keramik gefertigt, die sowohl kratzfest und langlebig als auch leicht zu reinigen ist. Es unterst\u00fctzt die Reinigung in der Sp\u00fclmaschine, besonders geeignet f\u00fcr kommerzielle Orte wie Restaurants und Hotels mit hoher Frequenz der Nutzung.<\/li>\n<\/ul>\n<\/div>\n\n\n\n<div class=\"wp-block-column is-vertically-aligned-center is-layout-flow wp-block-column-is-layout-flow\"><div class=\"wp-block-image\">\n<figure class=\"aligncenter size-full\"><img fetchpriority=\"high\" decoding=\"async\" width=\"750\" height=\"750\" src=\"https:\/\/www.yongjianceramic.com\/wp-content\/uploads\/2024\/10\/Chic-Restaurant-Dinner-Plates-Bulk-Wholesale-Ceramic-Plates-4.webp\" alt=\"Chic Restaurant Abendessen Platten Bulk, Gro\u00dfhandel Keramik-Platten-4\" class=\"wp-image-3676\" srcset=\"https:\/\/www.yongjianceramic.com\/wp-content\/uploads\/2024\/10\/Chic-Restaurant-Dinner-Plates-Bulk-Wholesale-Ceramic-Plates-4.webp 750w, https:\/\/www.yongjianceramic.com\/wp-content\/uploads\/2024\/10\/Chic-Restaurant-Dinner-Plates-Bulk-Wholesale-Ceramic-Plates-4-300x300.webp 300w, https:\/\/www.yongjianceramic.com\/wp-content\/uploads\/2024\/10\/Chic-Restaurant-Dinner-Plates-Bulk-Wholesale-Ceramic-Plates-4-150x150.webp 150w, https:\/\/www.yongjianceramic.com\/wp-content\/uploads\/2024\/10\/Chic-Restaurant-Dinner-Plates-Bulk-Wholesale-Ceramic-Plates-4-12x12.webp 12w, https:\/\/www.yongjianceramic.com\/wp-content\/uploads\/2024\/10\/Chic-Restaurant-Dinner-Plates-Bulk-Wholesale-Ceramic-Plates-4-285x285.webp 285w, https:\/\/www.yongjianceramic.com\/wp-content\/uploads\/2024\/10\/Chic-Restaurant-Dinner-Plates-Bulk-Wholesale-Ceramic-Plates-4-270x270.webp 270w, https:\/\/www.yongjianceramic.com\/wp-content\/uploads\/2024\/10\/Chic-Restaurant-Dinner-Plates-Bulk-Wholesale-Ceramic-Plates-4-540x540.webp 540w, https:\/\/www.yongjianceramic.com\/wp-content\/uploads\/2024\/10\/Chic-Restaurant-Dinner-Plates-Bulk-Wholesale-Ceramic-Plates-4-660x660.webp 660w\" sizes=\"(max-width: 750px) 100vw, 750px\" \/><\/figure>\n<\/div><\/div>\n<\/div>\n\n\n\n<p><\/p>","protected":false},"excerpt":{"rendered":"<p>Willkommen im Gro\u00dfhandel Keramikplatten zu kaufen. Erh\u00e4ltlich in 3 Gr\u00f6\u00dfen: 8, 10 und 12 Zoll, diese wei\u00dfe Spitze Restaurant Essteller Bulk verf\u00fcgt \u00fcber eine Blume Form. und klassischen reinen wei\u00dfen T\u00f6nen, die jedes Gericht mehr verfeinert und geeignet f\u00fcr alle Arten von Speiselokalen zu machen. Langlebig und leicht zu reinigen, ist es eine ideale Wahl f\u00fcr professionelle Catering-Dienstleistungen.<\/p>\n<table width=\"309\">\n<tbody>\n<tr>\n<td width=\"120\">Hersteller<\/td>\n<td width=\"189\">Yongjian<\/td>\n<\/tr>\n<tr>\n<td>Modell Nr.<\/td>\n<td>\u00a0YJ-071\/YJ-072\/YJ-073<\/td>\n<\/tr>\n<tr>\n<td>Produkttyp<\/td>\n<td>Servierplatte, Speiseteller<\/td>\n<\/tr>\n<tr>\n<td>Material<\/td>\n<td>Porzellan<\/td>\n<\/tr>\n<tr>\n<td>Farbe<\/td>\n<td>Wei\u00df\/ Schwarz<\/td>\n<\/tr>\n<tr>\n<td>Dimension<\/td>\n<td width=\"189\">8'Zoll: 20*20*2,8<br \/>10'Zoll: 25*25*3,0<br \/>12'Zoll: 30.5*30.5*3.3<\/td>\n<\/tr>\n<tr>\n<td>MOQ<\/td>\n<td>500St\u00fcck<\/td>\n<\/tr>\n<tr>\n<td>Benutzerdefiniert<\/td>\n<td>Farbe\/Gr\u00f6\u00dfe\/Logo\/Verpackung<\/td>\n<\/tr>\n<\/tbody>\n<\/table>","protected":false},"featured_media":3675,"comment_status":"closed","ping_status":"closed","template":"","meta":{"_acf_changed":false},"product_brand":[],"product_cat":[93,62],"product_tag":[96],"class_list":{"0":"post-3672","1":"product","2":"type-product","3":"status-publish","4":"has-post-thumbnail","6":"product_cat-bulk-dinner-plates","7":"product_cat-ceramic-plates-wholesale","8":"product_tag-black-white-dinnerware-wholesale","10":"first","11":"instock","12":"shipping-taxable","13":"product-type-simple"},"acf":[],"_links":{"self":[{"href":"https:\/\/www.yongjianceramic.com\/de\/wp-json\/wp\/v2\/product\/3672","targetHints":{"allow":["GET"]}}],"collection":[{"href":"https:\/\/www.yongjianceramic.com\/de\/wp-json\/wp\/v2\/product"}],"about":[{"href":"https:\/\/www.yongjianceramic.com\/de\/wp-json\/wp\/v2\/types\/product"}],"replies":[{"embeddable":true,"href":"https:\/\/www.yongjianceramic.com\/de\/wp-json\/wp\/v2\/comments?post=3672"}],"wp:featuredmedia":[{"embeddable":true,"href":"https:\/\/www.yongjianceramic.com\/de\/wp-json\/wp\/v2\/media\/3675"}],"wp:attachment":[{"href":"https:\/\/www.yongjianceramic.com\/de\/wp-json\/wp\/v2\/media?parent=3672"}],"wp:term":[{"taxonomy":"product_brand","embeddable":true,"href":"https:\/\/www.yongjianceramic.com\/de\/wp-json\/wp\/v2\/product_brand?post=3672"},{"taxonomy":"product_cat","embeddable":true,"href":"https:\/\/www.yongjianceramic.com\/de\/wp-json\/wp\/v2\/product_cat?post=3672"},{"taxonomy":"product_tag","embeddable":true,"href":"https:\/\/www.yongjianceramic.com\/de\/wp-json\/wp\/v2\/product_tag?post=3672"}],"curies":[{"name":"wp","href":"https:\/\/api.w.org\/{rel}","templated":true}]}}