{"id":3681,"date":"2024-10-29T01:13:16","date_gmt":"2024-10-29T01:13:16","guid":{"rendered":"https:\/\/www.yongjianceramic.com\/?post_type=product&#038;p=3681"},"modified":"2024-10-29T01:25:44","modified_gmt":"2024-10-29T01:25:44","slug":"bulk-plates-for-catering","status":"publish","type":"product","link":"https:\/\/www.yongjianceramic.com\/de\/produkt\/bulk-plates-for-catering\/","title":{"rendered":"9-Zoll-Fisch Form Bulk-Platten f\u00fcr Catering, Gro\u00dfhandel Abendessen Platten"},"content":{"rendered":"<div class=\"wp-block-columns is-layout-flex wp-container-core-columns-is-layout-9d6595d7 wp-block-columns-is-layout-flex\">\n<div class=\"wp-block-column is-layout-flow wp-block-column-is-layout-flow\">\n<h2 class=\"wp-block-heading\">Premium Bulk-Platten f\u00fcr Catering Merkmale:<\/h2>\n\n\n\n<ul class=\"wp-block-list\">\n<li><strong>Einzigartiges Design in Fischform:<\/strong> Die innovative Fischform sorgt f\u00fcr Interesse. Diese gro\u00dfen Teller f\u00fcr die Gastronomie bringen einen einzigartigen visuellen Effekt auf die Pr\u00e4sentation der Gerichte, so dass jedes Gericht mehr ins Auge f\u00e4llt. Sie eignen sich f\u00fcr alle Arten von Catering-Anl\u00e4ssen, insbesondere f\u00fcr Restaurants mit Meeresfr\u00fcchte-Themen.<\/li>\n\n\n\n<li><strong>Klassische Schwarz-Wei\u00df-Farbkombination: <\/strong>Diese Gro\u00dfhandels-Essteller sind in zwei klassischen Varianten in Schwarz und Wei\u00df erh\u00e4ltlich, die zu einer Vielzahl von Tischstilen passen k\u00f6nnen. Sie k\u00f6nnen nicht nur die einfache Sch\u00f6nheit zeigen, sondern auch frei nach verschiedenen Gerichten abgestimmt werden, um eine elegante oder stilvolle Atmosph\u00e4re zu schaffen.<\/li>\n\n\n\n<li><strong>Geeignet f\u00fcr vielseitige Anl\u00e4sse: <\/strong>Unsere Gro\u00dfteller f\u00fcr die Gastronomie haben eine praktische Gr\u00f6\u00dfe von 9 Zoll, die f\u00fcr verschiedene Beilagen, Vorspeisen und Hauptgerichte geeignet ist. Sie sind besonders geeignet f\u00fcr die verschiedenen Bed\u00fcrfnisse von Caterern und sind ideal f\u00fcr Bankette, Restaurants, Hotels und andere Gelegenheiten.<\/li>\n\n\n\n<li><strong>Hochwertiges keramisches Material: <\/strong>Unsere Essteller f\u00fcr den Gro\u00dfhandel sind aus hochwertiger Keramik mit glatter Oberfl\u00e4che, langlebig und leicht zu reinigen. Sie unterst\u00fctzen die Reinigung in der Sp\u00fclmaschine, vereinfachen den Reinigungsprozess und eignen sich sehr gut f\u00fcr hochfrequentierte kommerzielle Catering-Umgebungen.<\/li>\n<\/ul>\n<\/div>\n\n\n\n<div class=\"wp-block-column is-vertically-aligned-center is-layout-flow wp-block-column-is-layout-flow\"><div class=\"wp-block-image\">\n<figure class=\"aligncenter size-full is-resized\"><img fetchpriority=\"high\" decoding=\"async\" width=\"800\" height=\"800\" src=\"https:\/\/www.yongjianceramic.com\/wp-content\/uploads\/2024\/10\/Fish-Shape-Bulk-Plates-For-Catering-Wholesale-Dinner-Plates-3.webp\" alt=\"Fisch Form Bulk-Platten f\u00fcr Catering, Gro\u00dfhandel Abendessen Platten-3\" class=\"wp-image-3684\" style=\"width:404px;height:auto\" srcset=\"https:\/\/www.yongjianceramic.com\/wp-content\/uploads\/2024\/10\/Fish-Shape-Bulk-Plates-For-Catering-Wholesale-Dinner-Plates-3.webp 800w, https:\/\/www.yongjianceramic.com\/wp-content\/uploads\/2024\/10\/Fish-Shape-Bulk-Plates-For-Catering-Wholesale-Dinner-Plates-3-300x300.webp 300w, https:\/\/www.yongjianceramic.com\/wp-content\/uploads\/2024\/10\/Fish-Shape-Bulk-Plates-For-Catering-Wholesale-Dinner-Plates-3-150x150.webp 150w, https:\/\/www.yongjianceramic.com\/wp-content\/uploads\/2024\/10\/Fish-Shape-Bulk-Plates-For-Catering-Wholesale-Dinner-Plates-3-768x768.webp 768w, https:\/\/www.yongjianceramic.com\/wp-content\/uploads\/2024\/10\/Fish-Shape-Bulk-Plates-For-Catering-Wholesale-Dinner-Plates-3-12x12.webp 12w, https:\/\/www.yongjianceramic.com\/wp-content\/uploads\/2024\/10\/Fish-Shape-Bulk-Plates-For-Catering-Wholesale-Dinner-Plates-3-285x285.webp 285w, https:\/\/www.yongjianceramic.com\/wp-content\/uploads\/2024\/10\/Fish-Shape-Bulk-Plates-For-Catering-Wholesale-Dinner-Plates-3-270x270.webp 270w, https:\/\/www.yongjianceramic.com\/wp-content\/uploads\/2024\/10\/Fish-Shape-Bulk-Plates-For-Catering-Wholesale-Dinner-Plates-3-540x540.webp 540w, https:\/\/www.yongjianceramic.com\/wp-content\/uploads\/2024\/10\/Fish-Shape-Bulk-Plates-For-Catering-Wholesale-Dinner-Plates-3-660x660.webp 660w\" sizes=\"(max-width: 800px) 100vw, 800px\" \/><\/figure>\n<\/div><\/div>\n<\/div>","protected":false},"excerpt":{"rendered":"<p>Willkommen im Gro\u00dfhandel Essteller zu kaufen. Unsere 9-Zoll-Fisch-f\u00f6rmige Bulk-Teller f\u00fcr die Gastronomie sind in schwarz und wei\u00df erh\u00e4ltlich. Das einzigartige Design ist mit klassischen Farbabstimmung, die f\u00fcr alle Arten von Catering-Veranstaltungen geeignet ist kombiniert. Egal, ob Sie Meeresfr\u00fcchte oder Vorspeisen servieren, dieser Teller wird Ihre Mahlzeit interessant machen und ist langlebig und leicht zu reinigen, was ihn zu einem idealen Food-Service-Artikel macht.<\/p>\n<table style=\"border-collapse: collapse; width: 309.02pt;\" border=\"0\" width=\"309\" cellspacing=\"0\" cellpadding=\"0\">\n<tbody>\n<tr style=\"height: 17.60pt;\">\n<td class=\"et3\" style=\"height: 17.60pt; width: 120.25pt;\" width=\"120\" height=\"17\">Hersteller<\/td>\n<td class=\"et3\" style=\"width: 189.25pt;\" width=\"189\">Yongjian<\/td>\n<\/tr>\n<tr style=\"height: 17.60pt;\">\n<td class=\"et3\" style=\"height: 17.60pt;\" height=\"17\">Modell Nr.<\/td>\n<td class=\"et3\">YJ-074<\/td>\n<\/tr>\n<tr style=\"height: 17.60pt;\">\n<td class=\"et3\" style=\"height: 17.60pt;\" height=\"17\">Produkttyp<\/td>\n<td class=\"et3\">Servierplatte, Speiseteller<\/td>\n<\/tr>\n<tr style=\"height: 17.60pt;\">\n<td class=\"et3\" style=\"height: 17.60pt;\" height=\"17\">Material<\/td>\n<td class=\"et3\">Porzellan<\/td>\n<\/tr>\n<tr style=\"height: 17.60pt;\">\n<td class=\"et4\" style=\"height: 17.60pt;\" height=\"17\">Farbe<\/td>\n<td class=\"et3\">Wei\u00df\/ Schwarz<\/td>\n<\/tr>\n<tr style=\"height: 18.00pt;\">\n<td class=\"et3\" style=\"height: 18.00pt;\" height=\"18\">Dimension<\/td>\n<td class=\"et5\" style=\"width: 189.25pt;\" width=\"189\">15*30*3.8<\/td>\n<\/tr>\n<tr style=\"height: 17.60pt;\">\n<td class=\"et3\" style=\"height: 17.60pt;\" height=\"17\">MOQ<\/td>\n<td class=\"et3\">500St\u00fcck<\/td>\n<\/tr>\n<tr style=\"height: 17.60pt;\">\n<td class=\"et3\" style=\"height: 17.60pt;\" height=\"17\">Benutzerdefiniert<\/td>\n<td class=\"et3\">Farbe\/Gr\u00f6\u00dfe\/Logo\/Verpackung<\/td>\n<\/tr>\n<\/tbody>\n<\/table>","protected":false},"featured_media":3682,"comment_status":"closed","ping_status":"closed","template":"","meta":{"_acf_changed":false},"product_brand":[],"product_cat":[76,62],"product_tag":[96],"class_list":{"0":"post-3681","1":"product","2":"type-product","3":"status-publish","4":"has-post-thumbnail","6":"product_cat-wholesale-serving-platters","7":"product_cat-ceramic-plates-wholesale","8":"product_tag-black-white-dinnerware-wholesale","10":"first","11":"instock","12":"shipping-taxable","13":"product-type-simple"},"acf":[],"_links":{"self":[{"href":"https:\/\/www.yongjianceramic.com\/de\/wp-json\/wp\/v2\/product\/3681","targetHints":{"allow":["GET"]}}],"collection":[{"href":"https:\/\/www.yongjianceramic.com\/de\/wp-json\/wp\/v2\/product"}],"about":[{"href":"https:\/\/www.yongjianceramic.com\/de\/wp-json\/wp\/v2\/types\/product"}],"replies":[{"embeddable":true,"href":"https:\/\/www.yongjianceramic.com\/de\/wp-json\/wp\/v2\/comments?post=3681"}],"wp:featuredmedia":[{"embeddable":true,"href":"https:\/\/www.yongjianceramic.com\/de\/wp-json\/wp\/v2\/media\/3682"}],"wp:attachment":[{"href":"https:\/\/www.yongjianceramic.com\/de\/wp-json\/wp\/v2\/media?parent=3681"}],"wp:term":[{"taxonomy":"product_brand","embeddable":true,"href":"https:\/\/www.yongjianceramic.com\/de\/wp-json\/wp\/v2\/product_brand?post=3681"},{"taxonomy":"product_cat","embeddable":true,"href":"https:\/\/www.yongjianceramic.com\/de\/wp-json\/wp\/v2\/product_cat?post=3681"},{"taxonomy":"product_tag","embeddable":true,"href":"https:\/\/www.yongjianceramic.com\/de\/wp-json\/wp\/v2\/product_tag?post=3681"}],"curies":[{"name":"wp","href":"https:\/\/api.w.org\/{rel}","templated":true}]}}