{"id":3688,"date":"2024-10-29T01:26:28","date_gmt":"2024-10-29T01:26:28","guid":{"rendered":"https:\/\/www.yongjianceramic.com\/?post_type=product&#038;p=3688"},"modified":"2024-12-05T11:10:45","modified_gmt":"2024-12-05T03:10:45","slug":"catering-plates-wholesale","status":"publish","type":"product","link":"https:\/\/www.yongjianceramic.com\/de\/produkt\/catering-plates-wholesale\/","title":{"rendered":"10,5 Zoll ovale Form Catering-Platten Gro\u00dfhandel, wei\u00dfes Porzellan-Platten Bulk"},"content":{"rendered":"<div class=\"wp-block-columns is-layout-flex wp-container-core-columns-is-layout-9d6595d7 wp-block-columns-is-layout-flex\">\n<div class=\"wp-block-column is-layout-flow wp-block-column-is-layout-flow\">\n<h2 class=\"wp-block-heading\">Premium-Catering-Teller Gro\u00dfhandel Merkmale:<\/h2>\n\n\n\n<ul class=\"wp-block-list\">\n<li><strong>Elegantes ovales Design: <\/strong>Diese Catering-Teller Gro\u00dfhandel nehmen eine glatte ovale Design, das einfach und elegant ist, und kann Sch\u00f6nheit zu verschiedenen Gerichten hinzuzuf\u00fcgen. Es ist sehr geeignet f\u00fcr die Verbesserung der gesamten Essenserlebnis von Banketten, Restaurants und Hotels.<\/li>\n\n\n\n<li><strong>Mercerisierte Textur Dekoration: <\/strong>Unsere Porzellanteller haben eine mercerisierte Textur auf dem Teller, mit einer glatten und zarten Oberfl\u00e4che. Der weiche Glanz l\u00e4sst den Teller hochwertiger aussehen und verleiht dem gedeckten Tisch einen Hauch von Luxus, was eine ideale Wahl f\u00fcr alle Arten von gehobenen Anl\u00e4ssen ist.<\/li>\n\n\n\n<li><strong>Praktische Gr\u00f6\u00dfenauswahl: <\/strong>Unsere Catering-Teller Gro\u00dfhandel sind in zwei Gr\u00f6\u00dfen von 8,5 Zoll und 10,5 Zoll, die f\u00fcr eine Vielzahl von Bed\u00fcrfnissen von Vorspeisen bis hin zu Hauptgerichten geeignet sind, das Hinzuf\u00fcgen von Flexibilit\u00e4t zu Catering-Services, so dass verschiedene Gerichte k\u00f6nnen perfekt pr\u00e4sentiert werden.<\/li>\n\n\n\n<li><strong>Hochwertiges wei\u00dfes Porzellanmaterial: <\/strong>Diese Porzellanteller sind aus hochwertigem wei\u00dfem Porzellan gefertigt, das langlebig und kratzfest, leicht zu reinigen und sp\u00fclmaschinenfest ist. Sie eignen sich f\u00fcr den h\u00e4ufigen Gebrauch in stark frequentierten Gastst\u00e4tten und sind leicht zu pflegen.<\/li>\n<\/ul>\n<\/div>\n\n\n\n<div class=\"wp-block-column is-vertically-aligned-center is-layout-flow wp-block-column-is-layout-flow\"><div class=\"wp-block-image\">\n<figure class=\"aligncenter size-full is-resized\"><img fetchpriority=\"high\" decoding=\"async\" width=\"750\" height=\"750\" src=\"https:\/\/www.yongjianceramic.com\/wp-content\/uploads\/2024\/10\/Oval-Shape-Catering-Plates-Wholesale-White-Porcelain-Plates-Bulk-2.webp\" alt=\"Ovale Form Catering-Platten Gro\u00dfhandel, wei\u00dfe Porzellanteller Bulk-2\" class=\"wp-image-3690\" style=\"width:404px;height:auto\" srcset=\"https:\/\/www.yongjianceramic.com\/wp-content\/uploads\/2024\/10\/Oval-Shape-Catering-Plates-Wholesale-White-Porcelain-Plates-Bulk-2.webp 750w, https:\/\/www.yongjianceramic.com\/wp-content\/uploads\/2024\/10\/Oval-Shape-Catering-Plates-Wholesale-White-Porcelain-Plates-Bulk-2-300x300.webp 300w, https:\/\/www.yongjianceramic.com\/wp-content\/uploads\/2024\/10\/Oval-Shape-Catering-Plates-Wholesale-White-Porcelain-Plates-Bulk-2-150x150.webp 150w, https:\/\/www.yongjianceramic.com\/wp-content\/uploads\/2024\/10\/Oval-Shape-Catering-Plates-Wholesale-White-Porcelain-Plates-Bulk-2-12x12.webp 12w, https:\/\/www.yongjianceramic.com\/wp-content\/uploads\/2024\/10\/Oval-Shape-Catering-Plates-Wholesale-White-Porcelain-Plates-Bulk-2-285x285.webp 285w, https:\/\/www.yongjianceramic.com\/wp-content\/uploads\/2024\/10\/Oval-Shape-Catering-Plates-Wholesale-White-Porcelain-Plates-Bulk-2-270x270.webp 270w, https:\/\/www.yongjianceramic.com\/wp-content\/uploads\/2024\/10\/Oval-Shape-Catering-Plates-Wholesale-White-Porcelain-Plates-Bulk-2-540x540.webp 540w, https:\/\/www.yongjianceramic.com\/wp-content\/uploads\/2024\/10\/Oval-Shape-Catering-Plates-Wholesale-White-Porcelain-Plates-Bulk-2-660x660.webp 660w\" sizes=\"(max-width: 750px) 100vw, 750px\" \/><\/figure>\n<\/div><\/div>\n<\/div>","protected":false},"excerpt":{"rendered":"<p>Willkommen zum Kauf Porzellanteller bulk. Diese Catering-Teller Gro\u00dfhandel kombiniert elegante Seide Textur mit klassischen ovalen Design, das Hinzuf\u00fcgen exquisite visuelle Effekte auf dem Esstisch. Es ist ideal f\u00fcr High-End-Anl\u00e4sse wie Bankette, Restaurants und Hotels.<\/p>\n<table style=\"border-collapse: collapse; width: 322.02pt;\" border=\"0\" width=\"322\" cellspacing=\"0\" cellpadding=\"0\">\n<tbody>\n<tr style=\"height: 17.60pt;\">\n<td class=\"et3\" style=\"height: 17.60pt; width: 120.25pt;\" width=\"120\" height=\"17\">Hersteller<\/td>\n<td class=\"et3\" style=\"width: 202.30pt;\" width=\"202\">Yongjian<\/td>\n<\/tr>\n<tr style=\"height: 18.00pt;\">\n<td class=\"et3\" style=\"height: 18.00pt;\" height=\"18\">Modell Nr.<\/td>\n<td class=\"et4\" style=\"width: 202.30pt;\" width=\"202\">YJ-076<\/td>\n<\/tr>\n<tr style=\"height: 18.00pt;\">\n<td class=\"et3\" style=\"height: 18.00pt;\" height=\"18\">Produkttyp<\/td>\n<td class=\"et4\" style=\"width: 202.30pt;\" width=\"202\">Servierplatte, tiefer Teller<\/td>\n<\/tr>\n<tr style=\"height: 17.60pt;\">\n<td class=\"et3\" style=\"height: 17.60pt;\" height=\"17\">Material<\/td>\n<td class=\"et3\">Porzellan<\/td>\n<\/tr>\n<tr style=\"height: 17.60pt;\">\n<td class=\"et5\" style=\"height: 17.60pt;\" height=\"17\">Farbe<\/td>\n<td class=\"et3\">Wei\u00df\/ Schwarz<\/td>\n<\/tr>\n<tr style=\"height: 18.00pt;\">\n<td class=\"et3\" style=\"height: 18.00pt;\" height=\"18\">Dimension<\/td>\n<td class=\"et4\" style=\"width: 202.30pt;\" width=\"202\">20*26.5*2.8<\/td>\n<\/tr>\n<tr style=\"height: 17.60pt;\">\n<td class=\"et3\" style=\"height: 17.60pt;\" height=\"17\">MOQ<\/td>\n<td class=\"et3\">500St\u00fcck<\/td>\n<\/tr>\n<tr style=\"height: 17.60pt;\">\n<td class=\"et3\" style=\"height: 17.60pt;\" height=\"17\">Benutzerdefiniert<\/td>\n<td class=\"et3\">Farbe\/Gr\u00f6\u00dfe\/Logo\/Verpackung<\/td>\n<\/tr>\n<\/tbody>\n<\/table>","protected":false},"featured_media":3691,"comment_status":"closed","ping_status":"closed","template":"","meta":{"_acf_changed":false},"product_brand":[],"product_cat":[76,77,62],"product_tag":[96],"class_list":{"0":"post-3688","1":"product","2":"type-product","3":"status-publish","4":"has-post-thumbnail","6":"product_cat-wholesale-serving-platters","7":"product_cat-deep-plates-wholesale","8":"product_cat-ceramic-plates-wholesale","9":"product_tag-black-white-dinnerware-wholesale","11":"first","12":"instock","13":"shipping-taxable","14":"product-type-simple"},"acf":[],"_links":{"self":[{"href":"https:\/\/www.yongjianceramic.com\/de\/wp-json\/wp\/v2\/product\/3688","targetHints":{"allow":["GET"]}}],"collection":[{"href":"https:\/\/www.yongjianceramic.com\/de\/wp-json\/wp\/v2\/product"}],"about":[{"href":"https:\/\/www.yongjianceramic.com\/de\/wp-json\/wp\/v2\/types\/product"}],"replies":[{"embeddable":true,"href":"https:\/\/www.yongjianceramic.com\/de\/wp-json\/wp\/v2\/comments?post=3688"}],"wp:featuredmedia":[{"embeddable":true,"href":"https:\/\/www.yongjianceramic.com\/de\/wp-json\/wp\/v2\/media\/3691"}],"wp:attachment":[{"href":"https:\/\/www.yongjianceramic.com\/de\/wp-json\/wp\/v2\/media?parent=3688"}],"wp:term":[{"taxonomy":"product_brand","embeddable":true,"href":"https:\/\/www.yongjianceramic.com\/de\/wp-json\/wp\/v2\/product_brand?post=3688"},{"taxonomy":"product_cat","embeddable":true,"href":"https:\/\/www.yongjianceramic.com\/de\/wp-json\/wp\/v2\/product_cat?post=3688"},{"taxonomy":"product_tag","embeddable":true,"href":"https:\/\/www.yongjianceramic.com\/de\/wp-json\/wp\/v2\/product_tag?post=3688"}],"curies":[{"name":"wp","href":"https:\/\/api.w.org\/{rel}","templated":true}]}}