{"id":3696,"date":"2024-10-29T01:41:01","date_gmt":"2024-10-29T01:41:01","guid":{"rendered":"https:\/\/www.yongjianceramic.com\/?post_type=product&#038;p=3696"},"modified":"2024-10-29T01:52:08","modified_gmt":"2024-10-29T01:52:08","slug":"wholesale-plates-for-catering","status":"publish","type":"product","link":"https:\/\/www.yongjianceramic.com\/de\/produkt\/wholesale-plates-for-catering\/","title":{"rendered":"13,5 Zoll Oval Gro\u00dfhandel Teller f\u00fcr Catering, Bulk China Abendessen Teller"},"content":{"rendered":"<div class=\"wp-block-columns is-layout-flex wp-container-core-columns-is-layout-9d6595d7 wp-block-columns-is-layout-flex\">\n<div class=\"wp-block-column is-layout-flow wp-block-column-is-layout-flow\">\n<h2 class=\"wp-block-heading\">Premium-Gro\u00dfhandel-Platten f\u00fcr Catering Merkmale:<\/h2>\n\n\n\n<ul class=\"wp-block-list\">\n<li><strong>Elegantes ovales Design:<\/strong> Unsere Gro\u00dfhandelsteller f\u00fcr die Gastronomie haben ein elegantes ovales Design, das mehr Platz f\u00fcr die Pr\u00e4sentation verschiedener Gerichte bietet. Es ist eine ideale Wahl f\u00fcr High-End-Orte wie Restaurants, Bankette und Hotels plating.<\/li>\n\n\n\n<li><strong>Bequeme und praktische Griffe: <\/strong>Unsere gro\u00dfen Porzellanteller sind mit Griffen versehen, die sich leicht aufheben und bewegen lassen, was nicht nur die Effizienz beim Servieren von Speisen verbessert, sondern auch die Sch\u00f6nheit der Pr\u00e4sentation der Gerichte unterstreicht. Es ist eine durchdachte Wahl f\u00fcr Catering-Dienstleistungen.<\/li>\n\n\n\n<li><strong>Klassisches Schwarz und Wei\u00df: <\/strong>Diese Gro\u00dfhandelsteller f\u00fcr die Gastronomie sind in den Farben Schwarz und Wei\u00df erh\u00e4ltlich, die den Anforderungen moderner, minimalistischer Tische und klassischer, eleganter Esszimmeratmosph\u00e4ren gerecht werden und sich leicht mit einer Vielzahl von Anl\u00e4ssen und Dekorationsstilen kombinieren lassen.<\/li>\n\n\n\n<li><strong>Gro\u00dfes Format und vielseitig einsetzbar: <\/strong>Unsere gro\u00dfen Porzellanteller haben eine Gr\u00f6\u00dfe von 13,5 Zoll, die sich zum Servieren einer Vielzahl von Gerichten wie Hauptgerichten, Platten und Vorspeisen eignet. Es ist ein Allround-Teller Wahl in Catering-Dienstleistungen.<\/li>\n<\/ul>\n<\/div>\n\n\n\n<div class=\"wp-block-column is-vertically-aligned-center is-layout-flow wp-block-column-is-layout-flow\"><div class=\"wp-block-image\">\n<figure class=\"aligncenter size-full is-resized\"><img fetchpriority=\"high\" decoding=\"async\" width=\"750\" height=\"750\" src=\"https:\/\/www.yongjianceramic.com\/wp-content\/uploads\/2024\/10\/13.5-Inch-Oval-Wholesale-Plates-For-Catering-Bulk-China-Dinner-Plates-3.webp\" alt=\"13,5 Zoll Oval Gro\u00dfhandel Teller f\u00fcr Catering, Bulk China Abendessen Teller-3\" class=\"wp-image-3699\" style=\"width:404px;height:auto\" srcset=\"https:\/\/www.yongjianceramic.com\/wp-content\/uploads\/2024\/10\/13.5-Inch-Oval-Wholesale-Plates-For-Catering-Bulk-China-Dinner-Plates-3.webp 750w, https:\/\/www.yongjianceramic.com\/wp-content\/uploads\/2024\/10\/13.5-Inch-Oval-Wholesale-Plates-For-Catering-Bulk-China-Dinner-Plates-3-300x300.webp 300w, https:\/\/www.yongjianceramic.com\/wp-content\/uploads\/2024\/10\/13.5-Inch-Oval-Wholesale-Plates-For-Catering-Bulk-China-Dinner-Plates-3-150x150.webp 150w, https:\/\/www.yongjianceramic.com\/wp-content\/uploads\/2024\/10\/13.5-Inch-Oval-Wholesale-Plates-For-Catering-Bulk-China-Dinner-Plates-3-12x12.webp 12w, https:\/\/www.yongjianceramic.com\/wp-content\/uploads\/2024\/10\/13.5-Inch-Oval-Wholesale-Plates-For-Catering-Bulk-China-Dinner-Plates-3-285x285.webp 285w, https:\/\/www.yongjianceramic.com\/wp-content\/uploads\/2024\/10\/13.5-Inch-Oval-Wholesale-Plates-For-Catering-Bulk-China-Dinner-Plates-3-270x270.webp 270w, https:\/\/www.yongjianceramic.com\/wp-content\/uploads\/2024\/10\/13.5-Inch-Oval-Wholesale-Plates-For-Catering-Bulk-China-Dinner-Plates-3-540x540.webp 540w, https:\/\/www.yongjianceramic.com\/wp-content\/uploads\/2024\/10\/13.5-Inch-Oval-Wholesale-Plates-For-Catering-Bulk-China-Dinner-Plates-3-660x660.webp 660w\" sizes=\"(max-width: 750px) 100vw, 750px\" \/><\/figure>\n<\/div><\/div>\n<\/div>\n\n\n\n<p><\/p>","protected":false},"excerpt":{"rendered":"<p>Willkommen in der Masse Porzellan Essteller kaufen. Unsere 13,5-Zoll-ovale Gro\u00dfhandel Teller f\u00fcr die Gastronomie kommen mit einem bequemen Griff-Design und sind in zwei klassischen Farben, schwarz und wei\u00df, so dass sie f\u00fcr eine Vielzahl von Gelegenheiten zum Essen geeignet. Die gro\u00dfe Gr\u00f6\u00dfe Design bietet mehr Platz f\u00fcr die Anzeige plating, so dass es eine High-End-Wahl f\u00fcr die Verbesserung der Catering-Service Erfahrung.<\/p>\n<table style=\"border-collapse: collapse; width: 309.02pt;\" border=\"0\" width=\"309\" cellspacing=\"0\" cellpadding=\"0\">\n<tbody>\n<tr style=\"height: 17.60pt;\">\n<td class=\"et3\" style=\"height: 17.60pt; width: 120.25pt;\" width=\"120\" height=\"17\">Hersteller<\/td>\n<td class=\"et3\" style=\"width: 189.25pt;\" width=\"189\">Yongjian<\/td>\n<\/tr>\n<tr style=\"height: 18.00pt;\">\n<td class=\"et3\" style=\"height: 18.00pt;\" height=\"18\">Modell Nr.<\/td>\n<td class=\"et4\" style=\"width: 189.25pt;\" width=\"189\">YJ-077<\/td>\n<\/tr>\n<tr style=\"height: 17.60pt;\">\n<td class=\"et3\" style=\"height: 17.60pt;\" height=\"17\">Produkttyp<\/td>\n<td class=\"et3\">Servierplatte, Speiseteller<\/td>\n<\/tr>\n<tr style=\"height: 17.60pt;\">\n<td class=\"et3\" style=\"height: 17.60pt;\" height=\"17\">Material<\/td>\n<td class=\"et3\">Porzellan<\/td>\n<\/tr>\n<tr style=\"height: 17.60pt;\">\n<td class=\"et5\" style=\"height: 17.60pt;\" height=\"17\">Farbe<\/td>\n<td class=\"et3\">Wei\u00df\/ Schwarz<\/td>\n<\/tr>\n<tr style=\"height: 18.00pt;\">\n<td class=\"et3\" style=\"height: 18.00pt;\" height=\"18\">Dimension<\/td>\n<td class=\"et4\" style=\"width: 189.25pt;\" width=\"189\">18.4*34*4<\/td>\n<\/tr>\n<tr style=\"height: 17.60pt;\">\n<td class=\"et3\" style=\"height: 17.60pt;\" height=\"17\">MOQ<\/td>\n<td class=\"et3\">500St\u00fcck<\/td>\n<\/tr>\n<tr style=\"height: 17.60pt;\">\n<td class=\"et3\" style=\"height: 17.60pt;\" height=\"17\">Benutzerdefiniert<\/td>\n<td class=\"et3\">Farbe\/Gr\u00f6\u00dfe\/Logo\/Verpackung<\/td>\n<\/tr>\n<\/tbody>\n<\/table>","protected":false},"featured_media":3697,"comment_status":"closed","ping_status":"closed","template":"","meta":{"_acf_changed":false},"product_brand":[],"product_cat":[76,62],"product_tag":[96],"class_list":{"0":"post-3696","1":"product","2":"type-product","3":"status-publish","4":"has-post-thumbnail","6":"product_cat-wholesale-serving-platters","7":"product_cat-ceramic-plates-wholesale","8":"product_tag-black-white-dinnerware-wholesale","10":"first","11":"instock","12":"shipping-taxable","13":"product-type-simple"},"acf":[],"_links":{"self":[{"href":"https:\/\/www.yongjianceramic.com\/de\/wp-json\/wp\/v2\/product\/3696","targetHints":{"allow":["GET"]}}],"collection":[{"href":"https:\/\/www.yongjianceramic.com\/de\/wp-json\/wp\/v2\/product"}],"about":[{"href":"https:\/\/www.yongjianceramic.com\/de\/wp-json\/wp\/v2\/types\/product"}],"replies":[{"embeddable":true,"href":"https:\/\/www.yongjianceramic.com\/de\/wp-json\/wp\/v2\/comments?post=3696"}],"wp:featuredmedia":[{"embeddable":true,"href":"https:\/\/www.yongjianceramic.com\/de\/wp-json\/wp\/v2\/media\/3697"}],"wp:attachment":[{"href":"https:\/\/www.yongjianceramic.com\/de\/wp-json\/wp\/v2\/media?parent=3696"}],"wp:term":[{"taxonomy":"product_brand","embeddable":true,"href":"https:\/\/www.yongjianceramic.com\/de\/wp-json\/wp\/v2\/product_brand?post=3696"},{"taxonomy":"product_cat","embeddable":true,"href":"https:\/\/www.yongjianceramic.com\/de\/wp-json\/wp\/v2\/product_cat?post=3696"},{"taxonomy":"product_tag","embeddable":true,"href":"https:\/\/www.yongjianceramic.com\/de\/wp-json\/wp\/v2\/product_tag?post=3696"}],"curies":[{"name":"wp","href":"https:\/\/api.w.org\/{rel}","templated":true}]}}