{"id":3724,"date":"2024-10-29T06:10:32","date_gmt":"2024-10-29T06:10:32","guid":{"rendered":"https:\/\/www.yongjianceramic.com\/?post_type=product&#038;p=3724"},"modified":"2025-03-20T12:07:22","modified_gmt":"2025-03-20T04:07:22","slug":"ceramic-dishes-wholesale","status":"publish","type":"product","link":"https:\/\/www.yongjianceramic.com\/de\/produkt\/ceramic-dishes-wholesale\/","title":{"rendered":"Keramikgeschirr Gro\u00dfhandel mit Griffen, Bulk Casserole Dishes"},"content":{"rendered":"<div class=\"wp-block-columns is-layout-flex wp-container-core-columns-is-layout-9d6595d7 wp-block-columns-is-layout-flex\">\n<div class=\"wp-block-column is-layout-flow wp-block-column-is-layout-flow\">\n<h2 class=\"wp-block-heading\">Premium-Keramikgeschirr Gro\u00dfhandel Merkmale:<\/h2>\n\n\n\n<ul class=\"wp-block-list\">\n<li><strong>Geeignet f\u00fcr eine Vielzahl von Gerichten:<\/strong> Unsere Keramikgeschirr Gro\u00dfhandel sind in zwei Gr\u00f6\u00dfen, 8,8 Zoll und 10 Zoll, die von moderater Gr\u00f6\u00dfe und geeignet f\u00fcr eine Vielzahl von Kochen Bed\u00fcrfnisse wie Backen, Braten, Schmoren, etc. sind, ob es t\u00e4glich Familie Mahlzeiten oder Catering-Pl\u00e4tze.<\/li>\n\n\n\n<li><strong>Komfortables Griffdesign: <\/strong>Diese gro\u00dfvolumigen Auflaufformen sind mit einem Griff ausgestattet, der f\u00fcr mehr Stabilit\u00e4t und Komfort beim Wechsel zwischen Ofen und Esstisch sorgt, die Gefahr des Ausrutschens vermeidet und die Sicherheit und den Komfort bei der Verwendung verbessert.<\/li>\n\n\n\n<li><strong>Elegantes Schwarz und Wei\u00df: <\/strong>Dieses Keramikgeschirr im Gro\u00dfhandel ist in den Farben Schwarz und Wei\u00df erh\u00e4ltlich. Es ist schlicht und elegant und passt zu allen Arten von Tischen und K\u00fcchenstilen, ohne dabei an Funktionalit\u00e4t einzub\u00fc\u00dfen.<\/li>\n\n\n\n<li><strong>Hochtemperaturbest\u00e4ndig und leicht zu reinigen: <\/strong>Unsere gro\u00dfen Auflaufformen sind hitzebest\u00e4ndig und k\u00f6nnen direkt im Ofen oder in der Mikrowelle verwendet werden. Die Oberfl\u00e4che ist glatt und leicht zu reinigen und kann in der Sp\u00fclmaschine gereinigt werden, was f\u00fcr den t\u00e4glichen, h\u00e4ufigen Gebrauch geeignet ist und Reinigungszeit spart.<\/li>\n<\/ul>\n<\/div>\n\n\n\n<div class=\"wp-block-column is-vertically-aligned-center is-layout-flow wp-block-column-is-layout-flow\"><div class=\"wp-block-image\">\n<figure class=\"aligncenter size-full\"><img fetchpriority=\"high\" decoding=\"async\" width=\"750\" height=\"750\" src=\"https:\/\/www.yongjianceramic.com\/wp-content\/uploads\/2024\/10\/Ceramic-Dishes-Wholesale-With-Handles-Bulk-Casserole-Dishes-2.png\" alt=\"Keramische Gerichte Gro\u00dfhandel mit Griffen, Bulk Casserole Dishes-2\" class=\"wp-image-3726\" srcset=\"https:\/\/www.yongjianceramic.com\/wp-content\/uploads\/2024\/10\/Ceramic-Dishes-Wholesale-With-Handles-Bulk-Casserole-Dishes-2.png 750w, https:\/\/www.yongjianceramic.com\/wp-content\/uploads\/2024\/10\/Ceramic-Dishes-Wholesale-With-Handles-Bulk-Casserole-Dishes-2-300x300.png 300w, https:\/\/www.yongjianceramic.com\/wp-content\/uploads\/2024\/10\/Ceramic-Dishes-Wholesale-With-Handles-Bulk-Casserole-Dishes-2-150x150.png 150w, https:\/\/www.yongjianceramic.com\/wp-content\/uploads\/2024\/10\/Ceramic-Dishes-Wholesale-With-Handles-Bulk-Casserole-Dishes-2-12x12.png 12w, https:\/\/www.yongjianceramic.com\/wp-content\/uploads\/2024\/10\/Ceramic-Dishes-Wholesale-With-Handles-Bulk-Casserole-Dishes-2-285x285.png 285w, https:\/\/www.yongjianceramic.com\/wp-content\/uploads\/2024\/10\/Ceramic-Dishes-Wholesale-With-Handles-Bulk-Casserole-Dishes-2-270x270.png 270w, https:\/\/www.yongjianceramic.com\/wp-content\/uploads\/2024\/10\/Ceramic-Dishes-Wholesale-With-Handles-Bulk-Casserole-Dishes-2-540x540.png 540w, https:\/\/www.yongjianceramic.com\/wp-content\/uploads\/2024\/10\/Ceramic-Dishes-Wholesale-With-Handles-Bulk-Casserole-Dishes-2-660x660.png 660w\" sizes=\"(max-width: 750px) 100vw, 750px\" \/><\/figure>\n<\/div><\/div>\n<\/div>","protected":false},"excerpt":{"rendered":"<p>Willkommen zum Kauf von Keramikgeschirr im Gro\u00dfhandel. Unsere Bulk-Auflaufformen mit Griffen haben klassische schwarze und wei\u00dfe Farben und sind in 8,8-Zoll und 10-Zoll-Gr\u00f6\u00dfen erh\u00e4ltlich. Sie sind f\u00fcr eine Vielzahl von Kochzwecken geeignet und sind sowohl sch\u00f6n als auch praktisch. Hochwertiges Keramikmaterial ist hitzebest\u00e4ndig und leicht zu reinigen, was es zu einem idealen Utensil f\u00fcr Haushalte und Restaurants macht.<\/p>\n<table style=\"border-collapse: collapse; width: 309.02pt;\" border=\"0\" width=\"309\" cellspacing=\"0\" cellpadding=\"0\">\n<tbody>\n<tr style=\"height: 17.60pt;\">\n<td class=\"et3\" style=\"height: 17.60pt; width: 120.25pt;\" width=\"120\" height=\"17\">Hersteller<\/td>\n<td class=\"et3\" style=\"width: 189.25pt;\" width=\"189\">Yongjian<\/td>\n<\/tr>\n<tr style=\"height: 18.00pt;\">\n<td class=\"et3\" style=\"height: 18.00pt;\" height=\"18\">Modell Nr.<\/td>\n<td class=\"et4\" style=\"width: 189.25pt;\" width=\"189\">YJ-079\/YJ-080<\/td>\n<\/tr>\n<tr style=\"height: 17.60pt;\">\n<td class=\"et3\" style=\"height: 17.60pt;\" height=\"17\">Produkttyp<\/td>\n<td class=\"et3\">Servierplatte, tiefer Teller<\/td>\n<\/tr>\n<tr style=\"height: 17.60pt;\">\n<td class=\"et3\" style=\"height: 17.60pt;\" height=\"17\">Material<\/td>\n<td class=\"et3\">Porzellan<\/td>\n<\/tr>\n<tr style=\"height: 17.60pt;\">\n<td class=\"et5\" style=\"height: 17.60pt;\" height=\"17\">Farbe<\/td>\n<td class=\"et3\">Wei\u00df\/ Schwarz<\/td>\n<\/tr>\n<tr style=\"height: 36.00pt;\">\n<td class=\"et3\" style=\"height: 36.00pt;\" height=\"36\">Dimension<\/td>\n<td class=\"et4\" style=\"width: 189.25pt;\" width=\"189\">8,8 Zoll: 13,5*22*4,2<br \/>10 Zoll: 14,5*25*4,5<\/td>\n<\/tr>\n<tr style=\"height: 17.60pt;\">\n<td class=\"et3\" style=\"height: 17.60pt;\" height=\"17\">MOQ<\/td>\n<td class=\"et3\">500St\u00fcck<\/td>\n<\/tr>\n<tr style=\"height: 17.60pt;\">\n<td class=\"et3\" style=\"height: 17.60pt;\" height=\"17\">Benutzerdefiniert<\/td>\n<td class=\"et3\">Farbe\/Gr\u00f6\u00dfe\/Logo\/Verpackung<\/td>\n<\/tr>\n<\/tbody>\n<\/table>\n<p>&nbsp;<\/p>","protected":false},"featured_media":3727,"comment_status":"closed","ping_status":"closed","template":"","meta":{"_acf_changed":false},"product_brand":[],"product_cat":[99,62],"product_tag":[96],"class_list":{"0":"post-3724","1":"product","2":"type-product","3":"status-publish","4":"has-post-thumbnail","6":"product_cat-baking-dishes-wholesale","7":"product_cat-ceramic-plates-wholesale","8":"product_tag-black-white-dinnerware-wholesale","10":"first","11":"instock","12":"shipping-taxable","13":"product-type-simple"},"acf":[],"_links":{"self":[{"href":"https:\/\/www.yongjianceramic.com\/de\/wp-json\/wp\/v2\/product\/3724","targetHints":{"allow":["GET"]}}],"collection":[{"href":"https:\/\/www.yongjianceramic.com\/de\/wp-json\/wp\/v2\/product"}],"about":[{"href":"https:\/\/www.yongjianceramic.com\/de\/wp-json\/wp\/v2\/types\/product"}],"replies":[{"embeddable":true,"href":"https:\/\/www.yongjianceramic.com\/de\/wp-json\/wp\/v2\/comments?post=3724"}],"wp:featuredmedia":[{"embeddable":true,"href":"https:\/\/www.yongjianceramic.com\/de\/wp-json\/wp\/v2\/media\/3727"}],"wp:attachment":[{"href":"https:\/\/www.yongjianceramic.com\/de\/wp-json\/wp\/v2\/media?parent=3724"}],"wp:term":[{"taxonomy":"product_brand","embeddable":true,"href":"https:\/\/www.yongjianceramic.com\/de\/wp-json\/wp\/v2\/product_brand?post=3724"},{"taxonomy":"product_cat","embeddable":true,"href":"https:\/\/www.yongjianceramic.com\/de\/wp-json\/wp\/v2\/product_cat?post=3724"},{"taxonomy":"product_tag","embeddable":true,"href":"https:\/\/www.yongjianceramic.com\/de\/wp-json\/wp\/v2\/product_tag?post=3724"}],"curies":[{"name":"wp","href":"https:\/\/api.w.org\/{rel}","templated":true}]}}