{"id":3744,"date":"2024-10-31T17:22:29","date_gmt":"2024-10-31T09:22:29","guid":{"rendered":"https:\/\/www.yongjianceramic.com\/?post_type=product&#038;p=3744"},"modified":"2024-10-31T17:49:03","modified_gmt":"2024-10-31T09:49:03","slug":"dinnerware-plates-wholesale","status":"publish","type":"product","link":"https:\/\/www.yongjianceramic.com\/de\/produkt\/dinnerware-plates-wholesale\/","title":{"rendered":"8-Zoll Deep Dinnerware Teller Gro\u00dfhandel, Catering Gro\u00dfhandel Geschirr"},"content":{"rendered":"<div class=\"wp-block-columns is-layout-flex wp-container-core-columns-is-layout-9d6595d7 wp-block-columns-is-layout-flex\">\n<div class=\"wp-block-column is-layout-flow wp-block-column-is-layout-flow\">\n<h2 class=\"wp-block-heading\">Premium Dinnerware Teller Gro\u00dfhandel Merkmale:<\/h2>\n\n\n\n<ul class=\"wp-block-list\">\n<li><strong>Klassisches Mehrzweckdesign: <\/strong>Dieses 8-Zoll tiefe Geschirr ist perfekt f\u00fcr Suppen, Salate, Pasta und andere Gerichte, ob es ein Buffet, Bankett oder t\u00e4gliches Essen ist, kann es verschiedene Bed\u00fcrfnisse erf\u00fcllen.<\/li>\n\n\n\n<li><strong>Langlebiges und hochwertiges Material: <\/strong>Unsere Catering-Gro\u00dfhandel Geschirr ist aus hochwertiger Keramik, die Platte ist robust und langlebig, nicht leicht zu knacken oder zu zerkratzen, und kann langfristige h\u00e4ufigen Gebrauch standhalten.<\/li>\n\n\n\n<li><strong>Gl\u00e4nzendes Glasurmuster: <\/strong>Die glatte, strahlend wei\u00dfe Glasur unseres Gro\u00dfhandelsgeschirrs ist nicht nur elegant, sondern hat auch eine ausgezeichnete Antifouling- und Anti-Kratz-Leistung, ist leicht zu reinigen und zu pflegen, und der Glanz bleibt auch bei h\u00e4ufigem Gebrauch so lange wie neu. Die bleifreie, ungiftige und umweltfreundliche Glasur gew\u00e4hrleistet die Sicherheit und Gesundheit des Geschirrs, geeignet f\u00fcr alle Arten von Catering-Anl\u00e4ssen.<\/li>\n\n\n\n<li><strong>Unterst\u00fctzung von Gro\u00dfeink\u00e4ufen und ma\u00dfgeschneiderten Dienstleistungen: <\/strong>Wir bieten Gro\u00dfhandel und ma\u00dfgeschneiderte Dienstleistungen f\u00fcr Catering-Gro\u00dfhandel Geschirr, und kann die Gr\u00f6\u00dfe, Logo-Druck, etc. nach Kundenwunsch, die f\u00fcr gro\u00dfe Kauf Bed\u00fcrfnisse der Gastronomie, Bankette, Veranstalter, etc. geeignet ist.<\/li>\n<\/ul>\n<\/div>\n\n\n\n<div class=\"wp-block-column is-vertically-aligned-center is-layout-flow wp-block-column-is-layout-flow\"><div class=\"wp-block-image\">\n<figure class=\"aligncenter size-full\"><img fetchpriority=\"high\" decoding=\"async\" width=\"750\" height=\"750\" src=\"https:\/\/www.yongjianceramic.com\/wp-content\/uploads\/2024\/10\/8-inch-Deep-Dinnerware-Plates-Wholesale-Catering-Wholesale-Crockery-5.webp\" alt=\"8-Zoll Deep Dinnerware Teller Gro\u00dfhandel, Catering Gro\u00dfhandel Geschirr-5\" class=\"wp-image-3749\" srcset=\"https:\/\/www.yongjianceramic.com\/wp-content\/uploads\/2024\/10\/8-inch-Deep-Dinnerware-Plates-Wholesale-Catering-Wholesale-Crockery-5.webp 750w, https:\/\/www.yongjianceramic.com\/wp-content\/uploads\/2024\/10\/8-inch-Deep-Dinnerware-Plates-Wholesale-Catering-Wholesale-Crockery-5-300x300.webp 300w, https:\/\/www.yongjianceramic.com\/wp-content\/uploads\/2024\/10\/8-inch-Deep-Dinnerware-Plates-Wholesale-Catering-Wholesale-Crockery-5-150x150.webp 150w, https:\/\/www.yongjianceramic.com\/wp-content\/uploads\/2024\/10\/8-inch-Deep-Dinnerware-Plates-Wholesale-Catering-Wholesale-Crockery-5-12x12.webp 12w, https:\/\/www.yongjianceramic.com\/wp-content\/uploads\/2024\/10\/8-inch-Deep-Dinnerware-Plates-Wholesale-Catering-Wholesale-Crockery-5-285x285.webp 285w, https:\/\/www.yongjianceramic.com\/wp-content\/uploads\/2024\/10\/8-inch-Deep-Dinnerware-Plates-Wholesale-Catering-Wholesale-Crockery-5-270x270.webp 270w, https:\/\/www.yongjianceramic.com\/wp-content\/uploads\/2024\/10\/8-inch-Deep-Dinnerware-Plates-Wholesale-Catering-Wholesale-Crockery-5-540x540.webp 540w, https:\/\/www.yongjianceramic.com\/wp-content\/uploads\/2024\/10\/8-inch-Deep-Dinnerware-Plates-Wholesale-Catering-Wholesale-Crockery-5-660x660.webp 660w\" sizes=\"(max-width: 750px) 100vw, 750px\" \/><\/figure>\n<\/div><\/div>\n<\/div>","protected":false},"excerpt":{"rendered":"<p>Willkommen in der Gastronomie Gro\u00dfhandel Geschirr zu kaufen. Diese 8-Zoll tiefe Geschirrplatten Gro\u00dfhandel, mit seinem klassischen Design und gl\u00e4nzend wei\u00dfen Glasur, bietet eine High-End und praktische Wahl f\u00fcr die Gastronomie. Das hochwertige Keramikmaterial sorgt f\u00fcr Langlebigkeit, und die glatte Oberfl\u00e4che ist leicht zu reinigen, die Erf\u00fcllung der vielf\u00e4ltigen Bed\u00fcrfnisse von Restaurants, Hotels und Bankette.<\/p>\n<table style=\"border-collapse: collapse; width: 309.02pt;\" border=\"0\" width=\"309\" cellspacing=\"0\" cellpadding=\"0\">\n<tbody>\n<tr style=\"height: 17.60pt;\">\n<td class=\"et3\" style=\"height: 17.60pt; width: 120.25pt;\" width=\"120\" height=\"17\">Hersteller<\/td>\n<td class=\"et3\" style=\"width: 189.25pt;\" width=\"189\">Yongjian<\/td>\n<\/tr>\n<tr style=\"height: 18.00pt;\">\n<td class=\"et3\" style=\"height: 18.00pt;\" height=\"18\">Modell Nr.<\/td>\n<td class=\"et4\" style=\"width: 189.25pt;\" width=\"189\">YJ-080<\/td>\n<\/tr>\n<tr style=\"height: 17.60pt;\">\n<td class=\"et3\" style=\"height: 17.60pt;\" height=\"17\">Produkttyp<\/td>\n<td class=\"et3\">Servierplatte, tiefer Teller<\/td>\n<\/tr>\n<tr style=\"height: 17.60pt;\">\n<td class=\"et3\" style=\"height: 17.60pt;\" height=\"17\">Material<\/td>\n<td class=\"et3\">Porzellan<\/td>\n<\/tr>\n<tr style=\"height: 17.60pt;\">\n<td class=\"et5\" style=\"height: 17.60pt;\" height=\"17\">Farbe<\/td>\n<td class=\"et3\">Wei\u00df<\/td>\n<\/tr>\n<tr style=\"height: 18.00pt;\">\n<td class=\"et3\" style=\"height: 18.00pt;\" height=\"18\">Dimension<\/td>\n<td class=\"et4\" style=\"width: 189.25pt;\" width=\"189\">20.5*20.5*4<\/td>\n<\/tr>\n<tr style=\"height: 17.60pt;\">\n<td class=\"et3\" style=\"height: 17.60pt;\" height=\"17\">MOQ<\/td>\n<td class=\"et3\">500St\u00fcck<\/td>\n<\/tr>\n<tr style=\"height: 17.60pt;\">\n<td class=\"et3\" style=\"height: 17.60pt;\" height=\"17\">Benutzerdefiniert<\/td>\n<td class=\"et3\">Farbe\/Gr\u00f6\u00dfe\/Logo\/Verpackung<\/td>\n<\/tr>\n<\/tbody>\n<\/table>","protected":false},"featured_media":3746,"comment_status":"closed","ping_status":"closed","template":"","meta":{"_acf_changed":false},"product_brand":[],"product_cat":[77,62,76],"product_tag":[96],"class_list":{"0":"post-3744","1":"product","2":"type-product","3":"status-publish","4":"has-post-thumbnail","6":"product_cat-deep-plates-wholesale","7":"product_cat-ceramic-plates-wholesale","8":"product_cat-wholesale-serving-platters","9":"product_tag-black-white-dinnerware-wholesale","11":"first","12":"instock","13":"shipping-taxable","14":"product-type-simple"},"acf":[],"_links":{"self":[{"href":"https:\/\/www.yongjianceramic.com\/de\/wp-json\/wp\/v2\/product\/3744","targetHints":{"allow":["GET"]}}],"collection":[{"href":"https:\/\/www.yongjianceramic.com\/de\/wp-json\/wp\/v2\/product"}],"about":[{"href":"https:\/\/www.yongjianceramic.com\/de\/wp-json\/wp\/v2\/types\/product"}],"replies":[{"embeddable":true,"href":"https:\/\/www.yongjianceramic.com\/de\/wp-json\/wp\/v2\/comments?post=3744"}],"wp:featuredmedia":[{"embeddable":true,"href":"https:\/\/www.yongjianceramic.com\/de\/wp-json\/wp\/v2\/media\/3746"}],"wp:attachment":[{"href":"https:\/\/www.yongjianceramic.com\/de\/wp-json\/wp\/v2\/media?parent=3744"}],"wp:term":[{"taxonomy":"product_brand","embeddable":true,"href":"https:\/\/www.yongjianceramic.com\/de\/wp-json\/wp\/v2\/product_brand?post=3744"},{"taxonomy":"product_cat","embeddable":true,"href":"https:\/\/www.yongjianceramic.com\/de\/wp-json\/wp\/v2\/product_cat?post=3744"},{"taxonomy":"product_tag","embeddable":true,"href":"https:\/\/www.yongjianceramic.com\/de\/wp-json\/wp\/v2\/product_tag?post=3744"}],"curies":[{"name":"wp","href":"https:\/\/api.w.org\/{rel}","templated":true}]}}