{"id":3751,"date":"2024-10-31T17:54:51","date_gmt":"2024-10-31T09:54:51","guid":{"rendered":"https:\/\/www.yongjianceramic.com\/?post_type=product&#038;p=3751"},"modified":"2024-10-31T18:07:11","modified_gmt":"2024-10-31T10:07:11","slug":"wholesale-ceramic-plates","status":"publish","type":"product","link":"https:\/\/www.yongjianceramic.com\/de\/produkt\/wholesale-ceramic-plates\/","title":{"rendered":"Gro\u00dfhandel Keramik-Platten, Blume Form tief Abendessen Platte Bulk"},"content":{"rendered":"<div class=\"wp-block-columns is-layout-flex wp-container-core-columns-is-layout-9d6595d7 wp-block-columns-is-layout-flex\">\n<div class=\"wp-block-column is-layout-flow wp-block-column-is-layout-flow\">\n<h2 class=\"wp-block-heading\">Premium-Gro\u00dfhandel Keramik-Platten Merkmale:<\/h2>\n\n\n\n<ul class=\"wp-block-list\">\n<li><strong>Elegante Blumenform: <\/strong>Diese Gro\u00dfhandels-Keramikteller sind in einer einzigartigen Blumenform mit einem leicht gewellten Rand gestaltet und verleihen dem Esstisch einen Hauch von Kunst. Die exquisite Form macht nicht nur das Essen attraktiver, sondern bringt auch Farbe auf den gedeckten Tisch, so dass es eine gute Wahl, um das Esserlebnis zu verbessern.<\/li>\n\n\n\n<li><strong>Mehrere Gr\u00f6\u00dfenoptionen: <\/strong>Dieser tiefe Speiseteller ist in drei verschiedenen Gr\u00f6\u00dfen erh\u00e4ltlich, um den unterschiedlichen Bed\u00fcrfnissen beim Essen gerecht zu werden. Er kann zum Servieren einer Vielzahl von Gerichten wie Vorspeisen, Hauptgerichten und Desserts verwendet werden. Die verschiedenen Gr\u00f6\u00dfen eignen sich f\u00fcr unterschiedliche Gerichte und Essenssituationen und k\u00f6nnen flexibel an die Bed\u00fcrfnisse von Restaurants, Hotels und Banketten angepasst werden.<\/li>\n\n\n\n<li><strong>Hochwertige Keramik und exquisite Glasur: <\/strong>Unsere Gro\u00dfhandels-Keramikteller sind aus hochwertigen keramischen Rohstoffen hergestellt, und der Tellerk\u00f6rper ist robust und langlebig und kann h\u00e4ufigem Gebrauch standhalten. Die glatte Glasurbehandlung auf der Oberfl\u00e4che ist nicht nur hochwertig und elegant, sondern auch leicht zu reinigen und zu pflegen, so dass sie f\u00fcr lange Zeit so hell wie neu bleibt und die allgemeine Sch\u00f6nheit der Essgelegenheit verbessert.<\/li>\n\n\n\n<li><strong>Gro\u00dfauftr\u00e4ge und ma\u00dfgeschneiderte Dienstleistungen: <\/strong>Unsere keramischen Essteller in gro\u00dfen Mengen unterst\u00fctzen die Beschaffung im Gro\u00dfhandel und ma\u00dfgeschneiderte Dienstleistungen, die sich f\u00fcr gro\u00dfe Catering-Unternehmen oder den Bedarf von Veranstaltungen eignen. Bieten Sie personalisierte Dienstleistungen wie Gr\u00f6\u00dfe und Logo-Druck nach Kundenwunsch.<\/li>\n<\/ul>\n<\/div>\n\n\n\n<div class=\"wp-block-column is-vertically-aligned-center is-layout-flow wp-block-column-is-layout-flow\"><div class=\"wp-block-image\">\n<figure class=\"aligncenter size-full\"><img fetchpriority=\"high\" decoding=\"async\" width=\"750\" height=\"750\" src=\"https:\/\/www.yongjianceramic.com\/wp-content\/uploads\/2024\/10\/Wholesale-Ceramic-Plates-Flower-Shape-Deep-Dinner-Plate-Bulk-4.webp\" alt=\"Gro\u00dfhandel Keramik-Platten, Blume Form tief Abendessen Teller Bulk-4\" class=\"wp-image-3755\" srcset=\"https:\/\/www.yongjianceramic.com\/wp-content\/uploads\/2024\/10\/Wholesale-Ceramic-Plates-Flower-Shape-Deep-Dinner-Plate-Bulk-4.webp 750w, https:\/\/www.yongjianceramic.com\/wp-content\/uploads\/2024\/10\/Wholesale-Ceramic-Plates-Flower-Shape-Deep-Dinner-Plate-Bulk-4-300x300.webp 300w, https:\/\/www.yongjianceramic.com\/wp-content\/uploads\/2024\/10\/Wholesale-Ceramic-Plates-Flower-Shape-Deep-Dinner-Plate-Bulk-4-150x150.webp 150w, https:\/\/www.yongjianceramic.com\/wp-content\/uploads\/2024\/10\/Wholesale-Ceramic-Plates-Flower-Shape-Deep-Dinner-Plate-Bulk-4-12x12.webp 12w, https:\/\/www.yongjianceramic.com\/wp-content\/uploads\/2024\/10\/Wholesale-Ceramic-Plates-Flower-Shape-Deep-Dinner-Plate-Bulk-4-285x285.webp 285w, https:\/\/www.yongjianceramic.com\/wp-content\/uploads\/2024\/10\/Wholesale-Ceramic-Plates-Flower-Shape-Deep-Dinner-Plate-Bulk-4-270x270.webp 270w, https:\/\/www.yongjianceramic.com\/wp-content\/uploads\/2024\/10\/Wholesale-Ceramic-Plates-Flower-Shape-Deep-Dinner-Plate-Bulk-4-540x540.webp 540w, https:\/\/www.yongjianceramic.com\/wp-content\/uploads\/2024\/10\/Wholesale-Ceramic-Plates-Flower-Shape-Deep-Dinner-Plate-Bulk-4-660x660.webp 660w\" sizes=\"(max-width: 750px) 100vw, 750px\" \/><\/figure>\n<\/div><\/div>\n<\/div>","protected":false},"excerpt":{"rendered":"<p>Willkommen im Gro\u00dfhandel Keramik Teller zu kaufen. Diese blumenf\u00f6rmige tiefe Essteller lose ist in drei Gr\u00f6\u00dfen erh\u00e4ltlich. Die elegante Blumenform und die helle Glasur machen ihn sowohl praktisch als auch sch\u00f6n. Das hochwertige Keramikmaterial sorgt f\u00fcr Langlebigkeit und eignet sich f\u00fcr alle Arten von Essensszenen. Es unterst\u00fctzt Gro\u00dfhandel und kundenspezifische Dienstleistungen und ist eine ideale Wahl f\u00fcr Restaurants, Hotels und Bankette, so dass die Essenserfahrung mehr Qualit\u00e4t.<\/p>\n<table style=\"border-collapse: collapse; width: 309.02pt;\" border=\"0\" width=\"309\" cellspacing=\"0\" cellpadding=\"0\">\n<tbody>\n<tr style=\"height: 17.60pt;\">\n<td class=\"et3\" style=\"height: 17.60pt; width: 120.25pt;\" width=\"120\" height=\"17\">Hersteller<\/td>\n<td class=\"et3\" style=\"width: 189.25pt;\" width=\"189\">Yongjian<\/td>\n<\/tr>\n<tr style=\"height: 18.00pt;\">\n<td class=\"et3\" style=\"height: 18.00pt;\" height=\"18\">Modell Nr.<\/td>\n<td class=\"et4\" style=\"width: 189.25pt;\" width=\"189\">YJ-081\/YJ-082\/YJ-083<\/td>\n<\/tr>\n<tr style=\"height: 17.60pt;\">\n<td class=\"et3\" style=\"height: 17.60pt;\" height=\"17\">Produkttyp<\/td>\n<td class=\"et3\">Servierplatte, tiefer Teller<\/td>\n<\/tr>\n<tr style=\"height: 17.60pt;\">\n<td class=\"et3\" style=\"height: 17.60pt;\" height=\"17\">Material<\/td>\n<td class=\"et3\">Porzellan<\/td>\n<\/tr>\n<tr style=\"height: 17.60pt;\">\n<td class=\"et5\" style=\"height: 17.60pt;\" height=\"17\">Farbe<\/td>\n<td class=\"et3\">Wei\u00df<\/td>\n<\/tr>\n<tr style=\"height: 53.00pt;\">\n<td class=\"et3\" style=\"height: 53.00pt;\" height=\"53\">Dimension<\/td>\n<td class=\"et4\" style=\"width: 189.25pt;\" width=\"189\">7,5 Zoll:18*18*5,5<br \/>9,5 Zoll:23*23*6<br \/>11,5 Zoll: 28,5*28,5*6,5<\/td>\n<\/tr>\n<tr style=\"height: 17.60pt;\">\n<td class=\"et3\" style=\"height: 17.60pt;\" height=\"17\">MOQ<\/td>\n<td class=\"et3\">500St\u00fcck<\/td>\n<\/tr>\n<tr style=\"height: 17.60pt;\">\n<td class=\"et3\" style=\"height: 17.60pt;\" height=\"17\">Benutzerdefiniert<\/td>\n<td class=\"et3\">Farbe\/Gr\u00f6\u00dfe\/Logo\/Verpackung<\/td>\n<\/tr>\n<\/tbody>\n<\/table>","protected":false},"featured_media":3756,"comment_status":"closed","ping_status":"closed","template":"","meta":{"_acf_changed":false},"product_brand":[],"product_cat":[77,62,76],"product_tag":[96],"class_list":{"0":"post-3751","1":"product","2":"type-product","3":"status-publish","4":"has-post-thumbnail","6":"product_cat-deep-plates-wholesale","7":"product_cat-ceramic-plates-wholesale","8":"product_cat-wholesale-serving-platters","9":"product_tag-black-white-dinnerware-wholesale","11":"first","12":"instock","13":"shipping-taxable","14":"product-type-simple"},"acf":[],"_links":{"self":[{"href":"https:\/\/www.yongjianceramic.com\/de\/wp-json\/wp\/v2\/product\/3751","targetHints":{"allow":["GET"]}}],"collection":[{"href":"https:\/\/www.yongjianceramic.com\/de\/wp-json\/wp\/v2\/product"}],"about":[{"href":"https:\/\/www.yongjianceramic.com\/de\/wp-json\/wp\/v2\/types\/product"}],"replies":[{"embeddable":true,"href":"https:\/\/www.yongjianceramic.com\/de\/wp-json\/wp\/v2\/comments?post=3751"}],"wp:featuredmedia":[{"embeddable":true,"href":"https:\/\/www.yongjianceramic.com\/de\/wp-json\/wp\/v2\/media\/3756"}],"wp:attachment":[{"href":"https:\/\/www.yongjianceramic.com\/de\/wp-json\/wp\/v2\/media?parent=3751"}],"wp:term":[{"taxonomy":"product_brand","embeddable":true,"href":"https:\/\/www.yongjianceramic.com\/de\/wp-json\/wp\/v2\/product_brand?post=3751"},{"taxonomy":"product_cat","embeddable":true,"href":"https:\/\/www.yongjianceramic.com\/de\/wp-json\/wp\/v2\/product_cat?post=3751"},{"taxonomy":"product_tag","embeddable":true,"href":"https:\/\/www.yongjianceramic.com\/de\/wp-json\/wp\/v2\/product_tag?post=3751"}],"curies":[{"name":"wp","href":"https:\/\/api.w.org\/{rel}","templated":true}]}}