{"id":3772,"date":"2024-11-01T09:19:01","date_gmt":"2024-11-01T01:19:01","guid":{"rendered":"https:\/\/www.yongjianceramic.com\/?post_type=product&#038;p=3772"},"modified":"2025-03-01T16:22:53","modified_gmt":"2025-03-01T08:22:53","slug":"serving-bowls-wholesale","status":"publish","type":"product","link":"https:\/\/www.yongjianceramic.com\/de\/produkt\/serving-bowls-wholesale\/","title":{"rendered":"China Servierschalen Gro\u00dfhandel, Restaurant Versorgung Suppenschalen"},"content":{"rendered":"<div class=\"wp-block-columns is-layout-flex wp-container-core-columns-is-layout-9d6595d7 wp-block-columns-is-layout-flex\">\n<div class=\"wp-block-column is-layout-flow wp-block-column-is-layout-flow\">\n<h2 class=\"wp-block-heading\">Premium Servierschalen Gro\u00dfhandel Merkmale:<\/h2>\n\n\n\n<ul class=\"wp-block-list\">\n<li><strong>Hochwertiges keramisches Material: <\/strong>Diese Servierschalen aus dem Gro\u00dfhandel sind aus hochwertiger Keramik gefertigt, die noch kratzfester und hitzebest\u00e4ndiger ist und auch in stark frequentierten Gastronomiebetrieben ihr Aussehen beh\u00e4lt.<\/li>\n\n\n\n<li><strong>Reichhaltige Auswahl an Gr\u00f6\u00dfe und Kapazit\u00e4t:<\/strong> Um den unterschiedlichen Anforderungen an den Service gerecht zu werden, bieten wir Suppenschalen f\u00fcr den Gastronomiebedarf in verschiedenen Gr\u00f6\u00dfen und Fassungsverm\u00f6gen an, von kleinen Suppen bis zu gro\u00dfen Hauptgerichten. Sie k\u00f6nnen einen passenden Beh\u00e4lter haben. Einstellbare Spezifikation Design eignet sich f\u00fcr eine breite Palette von Situationen wie Familie Bankette, Hotel Bankett, und Restaurant-Buffets.<\/li>\n\n\n\n<li><strong>Einfaches und elegantes klassisches Design: <\/strong>Diese Servierschalen Gro\u00dfhandel sind einfach und gro\u00dfz\u00fcgig in Form und glatt in Kontur. Sie k\u00f6nnen genau passen modernen Stil Esstische und kann in der traditionellen chinesischen Esstisch Arrangements verwendet werden, die die allgemeine Sch\u00f6nheit und High-End-Ambiente f\u00fcr das Restaurant bieten kann.<\/li>\n\n\n\n<li><strong>Effiziente Reinigung und einfache Wartung: <\/strong>Diese Suppenschalen f\u00fcr die Gastronomie sind mit einer sanften und glatten Oberfl\u00e4che ausgestattet, die sehr leicht zu reinigen ist und die R\u00fcckst\u00e4nde hartn\u00e4ckiger Flecken reduziert. Design f\u00fcr die Kompatibilit\u00e4t mit kommerziellen Geschirrsp\u00fclern kann die Effizienz der Restaurantbetrieb zu verbessern, die besonders geeignet f\u00fcr langsame Umsatz Catering-Anwendungen ist.<\/li>\n<\/ul>\n<\/div>\n\n\n\n<div class=\"wp-block-column is-vertically-aligned-center is-layout-flow wp-block-column-is-layout-flow\"><div class=\"wp-block-image\">\n<figure class=\"aligncenter size-full\"><img fetchpriority=\"high\" decoding=\"async\" width=\"750\" height=\"750\" src=\"https:\/\/www.yongjianceramic.com\/wp-content\/uploads\/2024\/11\/China-Serving-Bowls-Wholesale-Restaurant-Supply-Soup-Bowls-5.webp\" alt=\"China Servierschalen Gro\u00dfhandel, Restaurant Versorgung Suppenschalen-5\" class=\"wp-image-3778\" srcset=\"https:\/\/www.yongjianceramic.com\/wp-content\/uploads\/2024\/11\/China-Serving-Bowls-Wholesale-Restaurant-Supply-Soup-Bowls-5.webp 750w, https:\/\/www.yongjianceramic.com\/wp-content\/uploads\/2024\/11\/China-Serving-Bowls-Wholesale-Restaurant-Supply-Soup-Bowls-5-300x300.webp 300w, https:\/\/www.yongjianceramic.com\/wp-content\/uploads\/2024\/11\/China-Serving-Bowls-Wholesale-Restaurant-Supply-Soup-Bowls-5-150x150.webp 150w, https:\/\/www.yongjianceramic.com\/wp-content\/uploads\/2024\/11\/China-Serving-Bowls-Wholesale-Restaurant-Supply-Soup-Bowls-5-12x12.webp 12w, https:\/\/www.yongjianceramic.com\/wp-content\/uploads\/2024\/11\/China-Serving-Bowls-Wholesale-Restaurant-Supply-Soup-Bowls-5-285x285.webp 285w, https:\/\/www.yongjianceramic.com\/wp-content\/uploads\/2024\/11\/China-Serving-Bowls-Wholesale-Restaurant-Supply-Soup-Bowls-5-270x270.webp 270w, https:\/\/www.yongjianceramic.com\/wp-content\/uploads\/2024\/11\/China-Serving-Bowls-Wholesale-Restaurant-Supply-Soup-Bowls-5-540x540.webp 540w, https:\/\/www.yongjianceramic.com\/wp-content\/uploads\/2024\/11\/China-Serving-Bowls-Wholesale-Restaurant-Supply-Soup-Bowls-5-660x660.webp 660w\" sizes=\"(max-width: 750px) 100vw, 750px\" \/><\/figure>\n<\/div><\/div>\n<\/div>\n\n\n\n<p><\/p>","protected":false},"excerpt":{"rendered":"<p>Willkommen zum Kauf Restaurant Versorgung Suppenschalen. Unsere Servierschalen im Gro\u00dfhandel sind aus hochwertiger Keramik mit minimalistischem und modischem Aussehen gestaltet. Sie sind von verschiedenen Gr\u00f6\u00dfen und Kapazit\u00e4ten f\u00fcr kleine Suppen und gro\u00dfe Portionen. Sie sind robust und lassen sich leicht abwaschen, was sie zu einer idealen Wahl f\u00fcr Restaurants macht.<\/p>\n<table style=\"border-collapse: collapse; width: 309.02pt;\" border=\"0\" width=\"309\" cellspacing=\"0\" cellpadding=\"0\">\n<tbody>\n<tr style=\"height: 17.60pt;\">\n<td class=\"et3\" style=\"height: 17.60pt; width: 120.25pt;\" width=\"120\" height=\"17\">Hersteller<\/td>\n<td class=\"et3\" style=\"width: 189.25pt;\" width=\"189\">Yongjian<\/td>\n<\/tr>\n<tr style=\"height: 18.00pt;\">\n<td class=\"et3\" style=\"height: 18.00pt;\" height=\"18\">Modell Nr.<\/td>\n<td class=\"et4\" style=\"width: 189.25pt;\" width=\"189\">YJ-084\/YJ-085<\/td>\n<\/tr>\n<tr style=\"height: 17.60pt;\">\n<td class=\"et3\" style=\"height: 17.60pt;\" height=\"17\">Produkttyp<\/td>\n<td class=\"et3\">Suppen- und Ramensch\u00fcsseln, Servier- und Salatsch\u00fcsseln<\/td>\n<\/tr>\n<tr style=\"height: 17.60pt;\">\n<td class=\"et3\" style=\"height: 17.60pt;\" height=\"17\">Material<\/td>\n<td class=\"et3\">Porzellan<\/td>\n<\/tr>\n<tr style=\"height: 17.60pt;\">\n<td class=\"et5\" style=\"height: 17.60pt;\" height=\"17\">Farbe<\/td>\n<td class=\"et3\">Wei\u00df\/ Schwarz<\/td>\n<\/tr>\n<tr style=\"height: 36.00pt;\">\n<td class=\"et3\" style=\"height: 36.00pt;\" height=\"36\">Dimension<\/td>\n<td class=\"et4\" style=\"width: 189.25pt;\" width=\"189\">7,75 Zoll: 19,3*19,3*5,5<br \/>8,75 Zoll:21,8*21,8*6<\/td>\n<\/tr>\n<tr style=\"height: 17.60pt;\">\n<td class=\"et3\" style=\"height: 17.60pt;\" height=\"17\">MOQ<\/td>\n<td class=\"et3\">500St\u00fcck<\/td>\n<\/tr>\n<tr style=\"height: 17.60pt;\">\n<td class=\"et3\" style=\"height: 17.60pt;\" height=\"17\">Benutzerdefiniert<\/td>\n<td class=\"et3\">Farbe\/Gr\u00f6\u00dfe\/Logo\/Verpackung<\/td>\n<\/tr>\n<\/tbody>\n<\/table>","protected":false},"featured_media":3774,"comment_status":"closed","ping_status":"closed","template":"","meta":{"_acf_changed":false},"product_brand":[],"product_cat":[74,63,73],"product_tag":[96],"class_list":{"0":"post-3772","1":"product","2":"type-product","3":"status-publish","4":"has-post-thumbnail","6":"product_cat-bulk-serving-bowls","7":"product_cat-wholesale-bowls","8":"product_cat-bulk-soup-bowls","9":"product_tag-black-white-dinnerware-wholesale","11":"first","12":"instock","13":"shipping-taxable","14":"product-type-simple"},"acf":[],"_links":{"self":[{"href":"https:\/\/www.yongjianceramic.com\/de\/wp-json\/wp\/v2\/product\/3772","targetHints":{"allow":["GET"]}}],"collection":[{"href":"https:\/\/www.yongjianceramic.com\/de\/wp-json\/wp\/v2\/product"}],"about":[{"href":"https:\/\/www.yongjianceramic.com\/de\/wp-json\/wp\/v2\/types\/product"}],"replies":[{"embeddable":true,"href":"https:\/\/www.yongjianceramic.com\/de\/wp-json\/wp\/v2\/comments?post=3772"}],"wp:featuredmedia":[{"embeddable":true,"href":"https:\/\/www.yongjianceramic.com\/de\/wp-json\/wp\/v2\/media\/3774"}],"wp:attachment":[{"href":"https:\/\/www.yongjianceramic.com\/de\/wp-json\/wp\/v2\/media?parent=3772"}],"wp:term":[{"taxonomy":"product_brand","embeddable":true,"href":"https:\/\/www.yongjianceramic.com\/de\/wp-json\/wp\/v2\/product_brand?post=3772"},{"taxonomy":"product_cat","embeddable":true,"href":"https:\/\/www.yongjianceramic.com\/de\/wp-json\/wp\/v2\/product_cat?post=3772"},{"taxonomy":"product_tag","embeddable":true,"href":"https:\/\/www.yongjianceramic.com\/de\/wp-json\/wp\/v2\/product_tag?post=3772"}],"curies":[{"name":"wp","href":"https:\/\/api.w.org\/{rel}","templated":true}]}}