{"id":3783,"date":"2024-11-01T10:06:46","date_gmt":"2024-11-01T02:06:46","guid":{"rendered":"https:\/\/www.yongjianceramic.com\/?post_type=product&#038;p=3783"},"modified":"2024-11-01T10:30:54","modified_gmt":"2024-11-01T02:30:54","slug":"restaurant-soup-bowls-wholesale","status":"publish","type":"product","link":"https:\/\/www.yongjianceramic.com\/de\/produkt\/restaurant-soup-bowls-wholesale\/","title":{"rendered":"10-Zoll-Restaurant Suppenschalen Gro\u00dfhandel, Bulk Gumbo Schalen"},"content":{"rendered":"<div class=\"wp-block-columns is-layout-flex wp-container-core-columns-is-layout-9d6595d7 wp-block-columns-is-layout-flex\">\n<div class=\"wp-block-column is-layout-flow wp-block-column-is-layout-flow\">\n<h2 class=\"wp-block-heading\">Premium Restaurant Suppenschalen Gro\u00dfhandel Merkmale:<\/h2>\n\n\n\n<ul class=\"wp-block-list\">\n<li><strong>Langlebig und rissbest\u00e4ndig: <\/strong>Unsere Restaurant Suppenschalen Gro\u00dfhandel sind aus dickem keramischen Material, das ausgezeichnete Hitzebest\u00e4ndigkeit und Rissfestigkeit, geeignet f\u00fcr langfristige hei\u00dfe Suppen, Eint\u00f6pfe und andere Hochtemperatur-Lebensmittel hat.<\/li>\n\n\n\n<li><strong>Klassisch gro\u00dfe Sch\u00fcsselgr\u00f6\u00dfe:<\/strong> Diese gro\u00dfen Gumbo-Sch\u00fcsseln haben ein gro\u00dfes Fassungsverm\u00f6gen von 10 Zoll, das sich sehr gut f\u00fcr verschiedene Suppen, Eint\u00f6pfe und Spezialsuppen eignet und den G\u00e4sten gen\u00fcgend M\u00f6glichkeiten zum Essen bietet.<\/li>\n\n\n\n<li><strong>Mit Griff-Design, bequemes Servieren und Essen: <\/strong>Diese Restaurant Suppe Schalen Gro\u00dfhandel Schalen sind mit bequemen Griffen an der Seite, die bequem f\u00fcr Kellner zu servieren Gerichte und Kunden zu verwenden ist, und verhindern, dass die Suppe Schalen aus rutscht konzipiert.<\/li>\n\n\n\n<li><strong>Mehrfarbige Auswahl, um die Sch\u00f6nheit des Tisches zu unterstreichen<\/strong>: Wir bieten schwarze und wei\u00dfe Optionen f\u00fcr lose Gumbo-Schalen an, die je nach dem Stil des Restaurants angepasst werden k\u00f6nnen, um die Gesamtsch\u00f6nheit des Tisches zu verbessern und die Tischanordnung im Restaurant vielf\u00e4ltiger und attraktiver zu gestalten.<\/li>\n<\/ul>\n<\/div>\n\n\n\n<div class=\"wp-block-column is-vertically-aligned-center is-layout-flow wp-block-column-is-layout-flow\"><div class=\"wp-block-image\">\n<figure class=\"aligncenter size-full\"><img fetchpriority=\"high\" decoding=\"async\" width=\"790\" height=\"790\" src=\"https:\/\/www.yongjianceramic.com\/wp-content\/uploads\/2024\/11\/Large-Restaurant-Soup-Bowls-Wholesale-Bulk-Gumbo-Bowls-3.webp\" alt=\"Gro\u00dfe Restaurant Suppenschalen Gro\u00dfhandel, Bulk Gumbo Schalen-3\" class=\"wp-image-3786\" srcset=\"https:\/\/www.yongjianceramic.com\/wp-content\/uploads\/2024\/11\/Large-Restaurant-Soup-Bowls-Wholesale-Bulk-Gumbo-Bowls-3.webp 790w, https:\/\/www.yongjianceramic.com\/wp-content\/uploads\/2024\/11\/Large-Restaurant-Soup-Bowls-Wholesale-Bulk-Gumbo-Bowls-3-300x300.webp 300w, https:\/\/www.yongjianceramic.com\/wp-content\/uploads\/2024\/11\/Large-Restaurant-Soup-Bowls-Wholesale-Bulk-Gumbo-Bowls-3-150x150.webp 150w, https:\/\/www.yongjianceramic.com\/wp-content\/uploads\/2024\/11\/Large-Restaurant-Soup-Bowls-Wholesale-Bulk-Gumbo-Bowls-3-768x768.webp 768w, https:\/\/www.yongjianceramic.com\/wp-content\/uploads\/2024\/11\/Large-Restaurant-Soup-Bowls-Wholesale-Bulk-Gumbo-Bowls-3-12x12.webp 12w, https:\/\/www.yongjianceramic.com\/wp-content\/uploads\/2024\/11\/Large-Restaurant-Soup-Bowls-Wholesale-Bulk-Gumbo-Bowls-3-285x285.webp 285w, https:\/\/www.yongjianceramic.com\/wp-content\/uploads\/2024\/11\/Large-Restaurant-Soup-Bowls-Wholesale-Bulk-Gumbo-Bowls-3-270x270.webp 270w, https:\/\/www.yongjianceramic.com\/wp-content\/uploads\/2024\/11\/Large-Restaurant-Soup-Bowls-Wholesale-Bulk-Gumbo-Bowls-3-540x540.webp 540w, https:\/\/www.yongjianceramic.com\/wp-content\/uploads\/2024\/11\/Large-Restaurant-Soup-Bowls-Wholesale-Bulk-Gumbo-Bowls-3-660x660.webp 660w\" sizes=\"(max-width: 790px) 100vw, 790px\" \/><\/figure>\n<\/div><\/div>\n<\/div>\n\n\n\n<p><\/p>","protected":false},"excerpt":{"rendered":"<p>Willkommen im Restaurant Suppenschalen Gro\u00dfhandel zu kaufen. Unsere 10-Zoll-Gumbo-Schalen sind aus strapazierf\u00e4higer Keramik gefertigt und haben einen Griff-Design, das f\u00fcr eine Vielzahl von Gelegenheiten wie hei\u00dfe Suppe und dicke Suppe geeignet ist. Erh\u00e4ltlich in zwei Farben, ist es ein hochwertiges Geschirr f\u00fcr Restaurant und Hotel Bankette.<\/p>\n<table style=\"border-collapse: collapse; width: 309.02pt;\" border=\"0\" width=\"309\" cellspacing=\"0\" cellpadding=\"0\">\n<tbody>\n<tr style=\"height: 17.60pt;\">\n<td class=\"et3\" style=\"height: 17.60pt; width: 120.25pt;\" width=\"120\" height=\"17\">Hersteller<\/td>\n<td class=\"et3\" style=\"width: 189.25pt;\" width=\"189\">Yongjian<\/td>\n<\/tr>\n<tr style=\"height: 18.00pt;\">\n<td class=\"et3\" style=\"height: 18.00pt;\" height=\"18\">Modell Nr.<\/td>\n<td class=\"et4\" style=\"width: 189.25pt;\" width=\"189\">YJ-086<\/td>\n<\/tr>\n<tr style=\"height: 17.60pt;\">\n<td class=\"et3\" style=\"height: 17.60pt;\" height=\"17\">Produkttyp<\/td>\n<td class=\"et3\">Schalen mit Henkel, Servier- und Salatsch\u00fcsseln<\/td>\n<\/tr>\n<tr style=\"height: 17.60pt;\">\n<td class=\"et3\" style=\"height: 17.60pt;\" height=\"17\">Material<\/td>\n<td class=\"et3\">Porzellan<\/td>\n<\/tr>\n<tr style=\"height: 17.60pt;\">\n<td class=\"et5\" style=\"height: 17.60pt;\" height=\"17\">Farbe<\/td>\n<td class=\"et3\">Wei\u00df\/ Schwarz<\/td>\n<\/tr>\n<tr style=\"height: 18.00pt;\">\n<td class=\"et3\" style=\"height: 18.00pt;\" height=\"18\">Dimension<\/td>\n<td class=\"et4\" style=\"width: 189.25pt;\" width=\"189\">21.5*25.5*5.5<\/td>\n<\/tr>\n<tr style=\"height: 17.60pt;\">\n<td class=\"et3\" style=\"height: 17.60pt;\" height=\"17\">MOQ<\/td>\n<td class=\"et3\">500St\u00fcck<\/td>\n<\/tr>\n<tr style=\"height: 17.60pt;\">\n<td class=\"et3\" style=\"height: 17.60pt;\" height=\"17\">Benutzerdefiniert<\/td>\n<td class=\"et3\">Farbe\/Gr\u00f6\u00dfe\/Logo\/Verpackung<\/td>\n<\/tr>\n<\/tbody>\n<\/table>","protected":false},"featured_media":3787,"comment_status":"closed","ping_status":"closed","template":"","meta":{"_acf_changed":false},"product_brand":[],"product_cat":[63,75,74],"product_tag":[96],"class_list":{"0":"post-3783","1":"product","2":"type-product","3":"status-publish","4":"has-post-thumbnail","6":"product_cat-wholesale-bowls","7":"product_cat-handled-bowls-wholesale","8":"product_cat-bulk-serving-bowls","9":"product_tag-black-white-dinnerware-wholesale","11":"first","12":"instock","13":"shipping-taxable","14":"product-type-simple"},"acf":[],"_links":{"self":[{"href":"https:\/\/www.yongjianceramic.com\/de\/wp-json\/wp\/v2\/product\/3783","targetHints":{"allow":["GET"]}}],"collection":[{"href":"https:\/\/www.yongjianceramic.com\/de\/wp-json\/wp\/v2\/product"}],"about":[{"href":"https:\/\/www.yongjianceramic.com\/de\/wp-json\/wp\/v2\/types\/product"}],"replies":[{"embeddable":true,"href":"https:\/\/www.yongjianceramic.com\/de\/wp-json\/wp\/v2\/comments?post=3783"}],"wp:featuredmedia":[{"embeddable":true,"href":"https:\/\/www.yongjianceramic.com\/de\/wp-json\/wp\/v2\/media\/3787"}],"wp:attachment":[{"href":"https:\/\/www.yongjianceramic.com\/de\/wp-json\/wp\/v2\/media?parent=3783"}],"wp:term":[{"taxonomy":"product_brand","embeddable":true,"href":"https:\/\/www.yongjianceramic.com\/de\/wp-json\/wp\/v2\/product_brand?post=3783"},{"taxonomy":"product_cat","embeddable":true,"href":"https:\/\/www.yongjianceramic.com\/de\/wp-json\/wp\/v2\/product_cat?post=3783"},{"taxonomy":"product_tag","embeddable":true,"href":"https:\/\/www.yongjianceramic.com\/de\/wp-json\/wp\/v2\/product_tag?post=3783"}],"curies":[{"name":"wp","href":"https:\/\/api.w.org\/{rel}","templated":true}]}}